{"id":12122,"date":"2024-09-06T08:22:00","date_gmt":"2024-09-06T11:22:00","guid":{"rendered":"http:\/\/net.mincarone.com.br\/produto\/12122\/"},"modified":"2026-04-08T17:58:46","modified_gmt":"2026-04-08T20:58:46","slug":"compressor-5h14-24-volts-polia-2a-valeo-514-00014-001","status":"publish","type":"product","link":"https:\/\/mincarone.net\/en\/product\/compressor-5h14-24-volts-polia-2a-valeo-514-00014-001\/","title":{"rendered":"5H14 COMPRESSOR 24 VOLTS 2A PULLEY VALEO 514-00014-001"},"content":{"rendered":"5H14 COMPRESSOR - 6627 (SIMILAR TO SANDEN)\r\n\r\nBRAND: VALEO\r\n\r\nPART NUMBER: 514-00014-001\r\n\r\nVOLTAGE: 24 VOLTS\r\n\r\nPULLEY: 2A\r\n\r\nMOUNT TYPE: EAR MOUNT\r\n\r\nGAS TYPE: R134A\r\n\r\nHOSE EXIT: VERTICAL\r\n\r\nATTENTION \r\n-EXCHANGE THE COMPRESSOR OIL, CHECK THE OIL TYPE UTILIZED ON THE REFRIGERATION SYSTEM (PAG OR POLOIL); \r\n-CLEAN THE SYSTEM WITH R141B BEFORE THE INSTALLATION; \r\n-CHECK THE WORK PRESSURE, IF NECESSARY REPLACE THE EXPANSION VALVE;\r\n-REPLACE THE DRIER FILTER; \r\n-AN EXPERIENT INSTALLER WILL HELP TO PROLONG THE COMPRESSOR LIFESPAN \r\n\r\nMINCARONE RUIZ E CIA. LTDA. SINCE 1985 SERVING THE REFRIGERATED TRANSPORT MARKET\r\n","protected":false},"excerpt":{"rendered":"<p>5H14 COMPRESSOR &#8211; 6627 (SIMILAR TO SANDEN) BRAND: VALEO PART NUMBER: 514-00014-001 VOLTAGE: 24 VOLTS PULLEY: 2A MOUNT TYPE: EAR [&hellip;]<\/p>\n","protected":false},"featured_media":13630,"comment_status":"closed","ping_status":"closed","template":"","meta":{"_acf_changed":false,"site-sidebar-layout":"default","site-content-layout":"","ast-site-content-layout":"default","site-content-style":"default","site-sidebar-style":"default","ast-global-header-display":"","ast-banner-title-visibility":"","ast-main-header-display":"","ast-hfb-above-header-display":"","ast-hfb-below-header-display":"","ast-hfb-mobile-header-display":"","site-post-title":"","ast-breadcrumbs-content":"","ast-featured-img":"","footer-sml-layout":"","ast-disable-related-posts":"","theme-transparent-header-meta":"default","adv-header-id-meta":"","stick-header-meta":"default","header-above-stick-meta":"","header-main-stick-meta":"","header-below-stick-meta":"","astra-migrate-meta-layouts":"set","ast-page-background-enabled":"default","ast-page-background-meta":{"desktop":{"background-color":"var(--ast-global-color-5)","background-image":"","background-repeat":"repeat","background-position":"center center","background-size":"auto","background-attachment":"scroll","background-type":"","background-media":"","overlay-type":"","overlay-color":"","overlay-opacity":"","overlay-gradient":""},"tablet":{"background-color":"","background-image":"","background-repeat":"repeat","background-position":"center center","background-size":"auto","background-attachment":"scroll","background-type":"","background-media":"","overlay-type":"","overlay-color":"","overlay-opacity":"","overlay-gradient":""},"mobile":{"background-color":"","background-image":"","background-repeat":"repeat","background-position":"center center","background-size":"auto","background-attachment":"scroll","background-type":"","background-media":"","overlay-type":"","overlay-color":"","overlay-opacity":"","overlay-gradient":""}},"ast-content-background-meta":{"desktop":{"background-color":"var(--ast-global-color-4)","background-image":"","background-repeat":"repeat","background-position":"center center","background-size":"auto","background-attachment":"scroll","background-type":"","background-media":"","overlay-type":"","overlay-color":"","overlay-opacity":"","overlay-gradient":""},"tablet":{"background-color":"var(--ast-global-color-4)","background-image":"","background-repeat":"repeat","background-position":"center center","background-size":"auto","background-attachment":"scroll","background-type":"","background-media":"","overlay-type":"","overlay-color":"","overlay-opacity":"","overlay-gradient":""},"mobile":{"background-color":"var(--ast-global-color-4)","background-image":"","background-repeat":"repeat","background-position":"center center","background-size":"auto","background-attachment":"scroll","background-type":"","background-media":"","overlay-type":"","overlay-color":"","overlay-opacity":"","overlay-gradient":""}},"_joinchat":[]},"product_brand":[],"product_cat":[20],"product_tag":[],"class_list":{"0":"post-12122","1":"product","2":"type-product","3":"status-publish","4":"has-post-thumbnail","6":"product_cat-compressores","7":"desktop-align-left","8":"tablet-align-left","9":"mobile-align-left","11":"first","12":"instock","13":"shipping-taxable","14":"purchasable","15":"product-type-simple"},"acf":{"titulo_ingles":"5H14 COMPRESSOR 24 VOLTS 2A PULLEY VALEO 514-00014-001","descricao_ingles":"5H14 COMPRESSOR - 6627 (SIMILAR TO SANDEN)\r\n\r\nBRAND: VALEO\r\n\r\nPART NUMBER: 514-00014-001\r\n\r\nVOLTAGE: 24 VOLTS\r\n\r\nPULLEY: 2A\r\n\r\nMOUNT TYPE: EAR MOUNT\r\n\r\nGAS TYPE: R134A\r\n\r\nHOSE EXIT: VERTICAL\r\n\r\nATTENTION \r\n-EXCHANGE THE COMPRESSOR OIL, CHECK THE OIL TYPE UTILIZED ON THE REFRIGERATION SYSTEM (PAG OR POLOIL); \r\n-CLEAN THE SYSTEM WITH R141B BEFORE THE INSTALLATION; \r\n-CHECK THE WORK PRESSURE, IF NECESSARY REPLACE THE EXPANSION VALVE;\r\n-REPLACE THE DRIER FILTER; \r\n-AN EXPERIENT INSTALLER WILL HELP TO PROLONG THE COMPRESSOR LIFESPAN \r\n\r\nMINCARONE RUIZ E CIA. LTDA. SINCE 1985 SERVING THE REFRIGERATED TRANSPORT MARKET\r\n","titulo_espanhol":"COMPRESOR 5H14 24 VOLTIOS POLEA 2A VALEO 514-00014-001","descricao_espanhol":"COMPRESOR 5H14 - 6627 (SIMILAR A SANDEN)\r\n\r\nMARCA: VALEO\r\n\r\nN\u00daMERO DE REPUESTO: 514-00014-001\r\n\r\nVOLTAJE: 24 VOLTIOS\r\n\r\nPOLEA: 2A\r\n\r\nTIPO DE MONTAJE: MONTAJE EN 8 OREJAS\r\n\r\nTIPO DE GAS: R134A\r\n\r\nSALIDA DE LA MANGUERA: VERTICAL\r\n\r\nATENCI\u00d3N\r\n-CAMBIAR EL ACEITE DEL COMPRESOR, VERIFICAR EL TIPO DE ACEITE UTILIZADO EN EL SISTEMA DE REFRIGERACI\u00d3N (PAG O POLOIL);\r\n-LIMPIAR EL SISTEMA CON R141B ANTES DE LA INSTALACI\u00d3N;\r\n-VERIFICAR LA PRESI\u00d3N DE TRABAJO, SI ES NECESARIO REEMPLAZAR LA V\u00c1LVULA DE EXPANSI\u00d3N;\r\n-REEMPLAZAR EL FILTRO SECADOR;\r\n-UN INSTALADOR EXPERIMENTADO AYUDAR\u00c1 A PROLONGAR LA VIDA \u00daTIL DEL COMPRESOR\r\n\r\nMINCARONE RUIZ E CIA. LTDA. DESDE 1985 AL SERVICIO DEL MERCADO DE TRANSPORTE REFRIGERADO"},"_links":{"self":[{"href":"https:\/\/mincarone.net\/en\/wp-json\/wp\/v2\/product\/12122","targetHints":{"allow":["GET"]}}],"collection":[{"href":"https:\/\/mincarone.net\/en\/wp-json\/wp\/v2\/product"}],"about":[{"href":"https:\/\/mincarone.net\/en\/wp-json\/wp\/v2\/types\/product"}],"replies":[{"embeddable":true,"href":"https:\/\/mincarone.net\/en\/wp-json\/wp\/v2\/comments?post=12122"}],"wp:featuredmedia":[{"embeddable":true,"href":"https:\/\/mincarone.net\/en\/wp-json\/wp\/v2\/media\/13630"}],"wp:attachment":[{"href":"https:\/\/mincarone.net\/en\/wp-json\/wp\/v2\/media?parent=12122"}],"wp:term":[{"taxonomy":"product_brand","embeddable":true,"href":"https:\/\/mincarone.net\/en\/wp-json\/wp\/v2\/product_brand?post=12122"},{"taxonomy":"product_cat","embeddable":true,"href":"https:\/\/mincarone.net\/en\/wp-json\/wp\/v2\/product_cat?post=12122"},{"taxonomy":"product_tag","embeddable":true,"href":"https:\/\/mincarone.net\/en\/wp-json\/wp\/v2\/product_tag?post=12122"}],"curies":[{"name":"wp","href":"https:\/\/api.w.org\/{rel}","templated":true}]}}