{"id":1246,"date":"2023-10-10T14:43:12","date_gmt":"2023-10-10T17:43:12","guid":{"rendered":"http:\/\/net.mincarone.com.br\/produto\/rolamento-traseiro-compressor-x214-thermo-king-original\/"},"modified":"2026-04-07T09:35:09","modified_gmt":"2026-04-07T12:35:09","slug":"rolamento-traseiro-compressor-x214-thermo-king-original-220220-22-220","status":"publish","type":"product","link":"https:\/\/mincarone.net\/en\/product\/rolamento-traseiro-compressor-x214-thermo-king-original-220220-22-220\/","title":{"rendered":"BEARING - ROLLER CRANKSHAFT COMPRESSOR X214 THERMO KING 220220 22-220"},"content":{"rendered":"THERMO KING COMPRESSOR X214 ROLLER CRANKSHAFT BEARING\r\n\r\nBRAND: THERMO KING\r\nPART NUMBER: 220220 22-220\r\nAPPLICATION: 2-CYLINDER X214 COMPRESSORS IN MD KD BKD T SERIES EQUIPMENT LIKE T600 T800 AND OTHERS\r\n\r\nMINCARONE RUIZ E CIA. LTDA. SINCE 1985 SERVING THE REFRIGERATED TRANSPORT MARKET\r\n\t\t\r\nTHERMO KING DEALER\r\n","protected":false},"excerpt":{"rendered":"<p>THERMO KING COMPRESSOR X214 ROLLER CRANKSHAFT BEARING BRAND: THERMO KING PART NUMBER: 220220 22-220 APPLICATION: 2-CYLINDER X214 COMPRESSORS IN MD [&hellip;]<\/p>\n","protected":false},"featured_media":2688,"comment_status":"open","ping_status":"closed","template":"","meta":{"_acf_changed":false,"site-sidebar-layout":"default","site-content-layout":"default","ast-site-content-layout":"default","site-content-style":"default","site-sidebar-style":"default","ast-global-header-display":"","ast-banner-title-visibility":"","ast-main-header-display":"","ast-hfb-above-header-display":"","ast-hfb-below-header-display":"","ast-hfb-mobile-header-display":"","site-post-title":"","ast-breadcrumbs-content":"","ast-featured-img":"","footer-sml-layout":"","ast-disable-related-posts":"","theme-transparent-header-meta":"default","adv-header-id-meta":"","stick-header-meta":"default","header-above-stick-meta":"","header-main-stick-meta":"","header-below-stick-meta":"","astra-migrate-meta-layouts":"default","ast-page-background-enabled":"default","ast-page-background-meta":{"desktop":{"background-color":"var(--ast-global-color-5)","background-image":"","background-repeat":"repeat","background-position":"center center","background-size":"auto","background-attachment":"scroll","background-type":"","background-media":"","overlay-type":"","overlay-color":"","overlay-opacity":"","overlay-gradient":""},"tablet":{"background-color":"","background-image":"","background-repeat":"repeat","background-position":"center center","background-size":"auto","background-attachment":"scroll","background-type":"","background-media":"","overlay-type":"","overlay-color":"","overlay-opacity":"","overlay-gradient":""},"mobile":{"background-color":"","background-image":"","background-repeat":"repeat","background-position":"center center","background-size":"auto","background-attachment":"scroll","background-type":"","background-media":"","overlay-type":"","overlay-color":"","overlay-opacity":"","overlay-gradient":""}},"ast-content-background-meta":{"desktop":{"background-color":"var(--ast-global-color-4)","background-image":"","background-repeat":"repeat","background-position":"center center","background-size":"auto","background-attachment":"scroll","background-type":"","background-media":"","overlay-type":"","overlay-color":"","overlay-opacity":"","overlay-gradient":""},"tablet":{"background-color":"var(--ast-global-color-4)","background-image":"","background-repeat":"repeat","background-position":"center center","background-size":"auto","background-attachment":"scroll","background-type":"","background-media":"","overlay-type":"","overlay-color":"","overlay-opacity":"","overlay-gradient":""},"mobile":{"background-color":"var(--ast-global-color-4)","background-image":"","background-repeat":"repeat","background-position":"center center","background-size":"auto","background-attachment":"scroll","background-type":"","background-media":"","overlay-type":"","overlay-color":"","overlay-opacity":"","overlay-gradient":""}},"_joinchat":[]},"product_brand":[],"product_cat":[66],"product_tag":[],"class_list":{"0":"post-1246","1":"product","2":"type-product","3":"status-publish","4":"has-post-thumbnail","6":"product_cat-itens-compressor","7":"desktop-align-left","8":"tablet-align-left","9":"mobile-align-left","11":"first","12":"instock","13":"shipping-taxable","14":"purchasable","15":"product-type-simple"},"acf":{"titulo_ingles":"BEARING - ROLLER CRANKSHAFT COMPRESSOR X214 THERMO KING 220220 22-220","descricao_ingles":"THERMO KING COMPRESSOR X214 ROLLER CRANKSHAFT BEARING\r\n\r\nBRAND: THERMO KING\r\nPART NUMBER: 220220 22-220\r\nAPPLICATION: 2-CYLINDER X214 COMPRESSORS IN MD KD BKD T SERIES EQUIPMENT LIKE T600 T800 AND OTHERS\r\n\r\nMINCARONE RUIZ E CIA. LTDA. SINCE 1985 SERVING THE REFRIGERATED TRANSPORT MARKET\r\n\t\t\r\nTHERMO KING DEALER\r\n","titulo_espanhol":"COJINETE TRASERO - CIG\u00dcE\u00d1AL COMPRESOR X214 THERMO KING 220220 22-220","descricao_espanhol":"COJINETE DE RODILLOS CIG\u00dcE\u00d1AL COMPRESOR X214 THERMO KING\r\n\r\nMARCA: THERMO KING\r\nN\u00daMERO DE REPUESTO: 220220 22-220\r\nAPLICACI\u00d3N: COMPRESORES DE 2 CILINDROS X214 EN EQUIPOS DE LA SERIE MD KD BKD T COMO T600 T800 Y OTROS\r\n\r\nMINCARONE RUIZ E CIA. LTDA. DESDE 1985 AL SERVICIO DEL MERCADO DEL TRANSPORTE REFRIGERADO\r\n\t\r\nCONCESIONARIO THERMO KING\r\n"},"_links":{"self":[{"href":"https:\/\/mincarone.net\/en\/wp-json\/wp\/v2\/product\/1246","targetHints":{"allow":["GET"]}}],"collection":[{"href":"https:\/\/mincarone.net\/en\/wp-json\/wp\/v2\/product"}],"about":[{"href":"https:\/\/mincarone.net\/en\/wp-json\/wp\/v2\/types\/product"}],"replies":[{"embeddable":true,"href":"https:\/\/mincarone.net\/en\/wp-json\/wp\/v2\/comments?post=1246"}],"wp:featuredmedia":[{"embeddable":true,"href":"https:\/\/mincarone.net\/en\/wp-json\/wp\/v2\/media\/2688"}],"wp:attachment":[{"href":"https:\/\/mincarone.net\/en\/wp-json\/wp\/v2\/media?parent=1246"}],"wp:term":[{"taxonomy":"product_brand","embeddable":true,"href":"https:\/\/mincarone.net\/en\/wp-json\/wp\/v2\/product_brand?post=1246"},{"taxonomy":"product_cat","embeddable":true,"href":"https:\/\/mincarone.net\/en\/wp-json\/wp\/v2\/product_cat?post=1246"},{"taxonomy":"product_tag","embeddable":true,"href":"https:\/\/mincarone.net\/en\/wp-json\/wp\/v2\/product_tag?post=1246"}],"curies":[{"name":"wp","href":"https:\/\/api.w.org\/{rel}","templated":true}]}}