{"id":1284,"date":"2023-10-10T14:43:17","date_gmt":"2023-10-10T17:43:17","guid":{"rendered":"http:\/\/net.mincarone.com.br\/produto\/valvula-expansao-thermo-king-ref-616283-modelos-sb-com-etv\/"},"modified":"2026-04-02T17:45:48","modified_gmt":"2026-04-02T20:45:48","slug":"v-lvula-expans-o-thermo-king-ref-616283-61-6283-modelos-sb-com-etv","status":"publish","type":"product","link":"https:\/\/mincarone.net\/en\/product\/v-lvula-expans-o-thermo-king-ref-616283-61-6283-modelos-sb-com-etv\/","title":{"rendered":"EXPANSION VALVE - THERMO KING 61-6283 616283 SB MODELS WITH ETV"},"content":{"rendered":"VALVE EXPANSION THERMO KING\r\n\r\nBRAND: THERMO KING\r\nPART NUMBER: 616283 61-6283 USED TO BE 613767 61-3767 OR 669699 66-9699\r\nMODEL: EQUIPMENT WITH ETV VALVE\r\nREFRIGERANT: R404A\r\nEXPANSION VALVE APPLICATION: SB190 SB200 SB210 SB230 SB310 SB330 AND OTHER MODELS WITH ETV\r\n\r\nMINCARONE RUIZ E CIA. LTDA. SINCE 1985 SERVING THE REFRIGERATED TRANSPORT MARKET\r\n\t\t\r\nTHERMO KING DEALER\r\n","protected":false},"excerpt":{"rendered":"<p>VALVE EXPANSION THERMO KING BRAND: THERMO KING PART NUMBER: 616283 61-6283 USED TO BE 613767 61-3767 OR 669699 66-9699 MODEL: [&hellip;]<\/p>\n","protected":false},"featured_media":4534,"comment_status":"closed","ping_status":"closed","template":"","meta":{"_acf_changed":false,"site-sidebar-layout":"default","site-content-layout":"default","ast-site-content-layout":"default","site-content-style":"default","site-sidebar-style":"default","ast-global-header-display":"","ast-banner-title-visibility":"","ast-main-header-display":"","ast-hfb-above-header-display":"","ast-hfb-below-header-display":"","ast-hfb-mobile-header-display":"","site-post-title":"","ast-breadcrumbs-content":"","ast-featured-img":"","footer-sml-layout":"","ast-disable-related-posts":"","theme-transparent-header-meta":"default","adv-header-id-meta":"","stick-header-meta":"default","header-above-stick-meta":"","header-main-stick-meta":"","header-below-stick-meta":"","astra-migrate-meta-layouts":"set","ast-page-background-enabled":"default","ast-page-background-meta":{"desktop":{"background-color":"var(--ast-global-color-5)","background-image":"","background-repeat":"repeat","background-position":"center center","background-size":"auto","background-attachment":"scroll","background-type":"","background-media":"","overlay-type":"","overlay-color":"","overlay-opacity":"","overlay-gradient":""},"tablet":{"background-color":"","background-image":"","background-repeat":"repeat","background-position":"center center","background-size":"auto","background-attachment":"scroll","background-type":"","background-media":"","overlay-type":"","overlay-color":"","overlay-opacity":"","overlay-gradient":""},"mobile":{"background-color":"","background-image":"","background-repeat":"repeat","background-position":"center center","background-size":"auto","background-attachment":"scroll","background-type":"","background-media":"","overlay-type":"","overlay-color":"","overlay-opacity":"","overlay-gradient":""}},"ast-content-background-meta":{"desktop":{"background-color":"var(--ast-global-color-4)","background-image":"","background-repeat":"repeat","background-position":"center center","background-size":"auto","background-attachment":"scroll","background-type":"","background-media":"","overlay-type":"","overlay-color":"","overlay-opacity":"","overlay-gradient":""},"tablet":{"background-color":"var(--ast-global-color-4)","background-image":"","background-repeat":"repeat","background-position":"center center","background-size":"auto","background-attachment":"scroll","background-type":"","background-media":"","overlay-type":"","overlay-color":"","overlay-opacity":"","overlay-gradient":""},"mobile":{"background-color":"var(--ast-global-color-4)","background-image":"","background-repeat":"repeat","background-position":"center center","background-size":"auto","background-attachment":"scroll","background-type":"","background-media":"","overlay-type":"","overlay-color":"","overlay-opacity":"","overlay-gradient":""}},"_joinchat":[]},"product_brand":[],"product_cat":[70],"product_tag":[],"class_list":{"0":"post-1284","1":"product","2":"type-product","3":"status-publish","4":"has-post-thumbnail","6":"product_cat-valvulas","7":"desktop-align-left","8":"tablet-align-left","9":"mobile-align-left","11":"first","12":"instock","13":"shipping-taxable","14":"purchasable","15":"product-type-simple"},"acf":{"titulo_ingles":"EXPANSION VALVE - THERMO KING 61-6283 616283 SB MODELS WITH ETV","descricao_ingles":"VALVE EXPANSION THERMO KING\r\n\r\nBRAND: THERMO KING\r\nPART NUMBER: 616283 61-6283 USED TO BE 613767 61-3767 OR 669699 66-9699\r\nMODEL: EQUIPMENT WITH ETV VALVE\r\nREFRIGERANT: R404A\r\nEXPANSION VALVE APPLICATION: SB190 SB200 SB210 SB230 SB310 SB330 AND OTHER MODELS WITH ETV\r\n\r\nMINCARONE RUIZ E CIA. LTDA. SINCE 1985 SERVING THE REFRIGERATED TRANSPORT MARKET\r\n\t\t\r\nTHERMO KING DEALER\r\n","titulo_espanhol":"V\u00c1LVULA EXPANSI\u00d3N THERMO KING 61-6283 616283 SB MODELOS CON ETV","descricao_espanhol":"V\u00c1LVULA EXPANSI\u00d3N THERMO KING\r\n\r\nMARCA: THERMO KING\r\nN\u00daMERO DE REPUESTO: 6283 61-6283 ERA 613767 61-3767 ERA 669699 66-9699\r\nMODELO: EQUIPO CON V\u00c1LVULA ETV\r\nREFRIGERANTE: R404A\r\n\r\nAPLICACI\u00d3N DE LA V\u00c1LVULA DE EXPANSI\u00d3N: SB190 SB200 SB210 SB230 SB310 SB330 Y OTROS MODELOS CON ETV\r\n\r\nMINCARONE RUIZ E CIA. LTDA. DESDE 1985 AL SERVICIO DEL MERCADO DEL TRANSPORTE REFRIGERADO\r\n\t\r\nCONCESIONARIO THERMO KING\r\n"},"_links":{"self":[{"href":"https:\/\/mincarone.net\/en\/wp-json\/wp\/v2\/product\/1284","targetHints":{"allow":["GET"]}}],"collection":[{"href":"https:\/\/mincarone.net\/en\/wp-json\/wp\/v2\/product"}],"about":[{"href":"https:\/\/mincarone.net\/en\/wp-json\/wp\/v2\/types\/product"}],"replies":[{"embeddable":true,"href":"https:\/\/mincarone.net\/en\/wp-json\/wp\/v2\/comments?post=1284"}],"wp:featuredmedia":[{"embeddable":true,"href":"https:\/\/mincarone.net\/en\/wp-json\/wp\/v2\/media\/4534"}],"wp:attachment":[{"href":"https:\/\/mincarone.net\/en\/wp-json\/wp\/v2\/media?parent=1284"}],"wp:term":[{"taxonomy":"product_brand","embeddable":true,"href":"https:\/\/mincarone.net\/en\/wp-json\/wp\/v2\/product_brand?post=1284"},{"taxonomy":"product_cat","embeddable":true,"href":"https:\/\/mincarone.net\/en\/wp-json\/wp\/v2\/product_cat?post=1284"},{"taxonomy":"product_tag","embeddable":true,"href":"https:\/\/mincarone.net\/en\/wp-json\/wp\/v2\/product_tag?post=1284"}],"curies":[{"name":"wp","href":"https:\/\/api.w.org\/{rel}","templated":true}]}}