{"id":13959,"date":"2024-11-28T15:46:36","date_gmt":"2024-11-28T18:46:36","guid":{"rendered":"http:\/\/net.mincarone.com.br\/produto\/conexao-mangueira-12-90o-c-ventil-thermo-king-558338\/"},"modified":"2026-04-10T17:45:49","modified_gmt":"2026-04-10T20:45:49","slug":"conex-o-mangueira-12-90-c-ventil-thermo-king-558338-55-8338-v-200-vm-400","status":"publish","type":"product","link":"https:\/\/mincarone.net\/en\/product\/conex-o-mangueira-12-90-c-ventil-thermo-king-558338-55-8338-v-200-vm-400\/","title":{"rendered":"FITTING - ELBOW (SUCTION, #12) THERMO KING 558338 55-8338 V-200 VM-400"},"content":{"rendered":"#12 SUCTION HOSE ELBOW FITTING\r\n\r\nBRAND: THERMO KING\r\nPART NUMBER: 558338 (55-8338)\r\nAPPLICATION: V-200, VM-305, VM-400\r\n\r\n\r\nMINCARONE RUIZ E CIA. LTDA. SINCE 1985 SERVING THE REFRIGERATED TRANSPORT MARKET\r\n\t\t\r\nTHERMO KING DEALER\r\n","protected":false},"excerpt":{"rendered":"<p>#12 SUCTION HOSE ELBOW FITTING BRAND: THERMO KING PART NUMBER: 558338 (55-8338) APPLICATION: V-200, VM-305, VM-400 MINCARONE RUIZ E CIA. [&hellip;]<\/p>\n","protected":false},"featured_media":14661,"comment_status":"closed","ping_status":"closed","template":"","meta":{"_acf_changed":false,"site-sidebar-layout":"default","site-content-layout":"","ast-site-content-layout":"default","site-content-style":"default","site-sidebar-style":"default","ast-global-header-display":"","ast-banner-title-visibility":"","ast-main-header-display":"","ast-hfb-above-header-display":"","ast-hfb-below-header-display":"","ast-hfb-mobile-header-display":"","site-post-title":"","ast-breadcrumbs-content":"","ast-featured-img":"","footer-sml-layout":"","ast-disable-related-posts":"","theme-transparent-header-meta":"default","adv-header-id-meta":"","stick-header-meta":"default","header-above-stick-meta":"","header-main-stick-meta":"","header-below-stick-meta":"","astra-migrate-meta-layouts":"set","ast-page-background-enabled":"default","ast-page-background-meta":{"desktop":{"background-color":"var(--ast-global-color-5)","background-image":"","background-repeat":"repeat","background-position":"center center","background-size":"auto","background-attachment":"scroll","background-type":"","background-media":"","overlay-type":"","overlay-color":"","overlay-opacity":"","overlay-gradient":""},"tablet":{"background-color":"","background-image":"","background-repeat":"repeat","background-position":"center center","background-size":"auto","background-attachment":"scroll","background-type":"","background-media":"","overlay-type":"","overlay-color":"","overlay-opacity":"","overlay-gradient":""},"mobile":{"background-color":"","background-image":"","background-repeat":"repeat","background-position":"center center","background-size":"auto","background-attachment":"scroll","background-type":"","background-media":"","overlay-type":"","overlay-color":"","overlay-opacity":"","overlay-gradient":""}},"ast-content-background-meta":{"desktop":{"background-color":"var(--ast-global-color-4)","background-image":"","background-repeat":"repeat","background-position":"center center","background-size":"auto","background-attachment":"scroll","background-type":"","background-media":"","overlay-type":"","overlay-color":"","overlay-opacity":"","overlay-gradient":""},"tablet":{"background-color":"var(--ast-global-color-4)","background-image":"","background-repeat":"repeat","background-position":"center center","background-size":"auto","background-attachment":"scroll","background-type":"","background-media":"","overlay-type":"","overlay-color":"","overlay-opacity":"","overlay-gradient":""},"mobile":{"background-color":"var(--ast-global-color-4)","background-image":"","background-repeat":"repeat","background-position":"center center","background-size":"auto","background-attachment":"scroll","background-type":"","background-media":"","overlay-type":"","overlay-color":"","overlay-opacity":"","overlay-gradient":""}},"_joinchat":[]},"product_brand":[],"product_cat":[63],"product_tag":[],"class_list":{"0":"post-13959","1":"product","2":"type-product","3":"status-publish","4":"has-post-thumbnail","6":"product_cat-conexoes","7":"desktop-align-left","8":"tablet-align-left","9":"mobile-align-left","11":"first","12":"instock","13":"shipping-taxable","14":"purchasable","15":"product-type-simple"},"acf":{"titulo_ingles":"FITTING - ELBOW (SUCTION, #12) THERMO KING 558338 55-8338 V-200 VM-400","descricao_ingles":"#12 SUCTION HOSE ELBOW FITTING\r\n\r\nBRAND: THERMO KING\r\nPART NUMBER: 558338 (55-8338)\r\nAPPLICATION: V-200, VM-305, VM-400\r\n\r\n\r\nMINCARONE RUIZ E CIA. LTDA. SINCE 1985 SERVING THE REFRIGERATED TRANSPORT MARKET\r\n\t\t\r\nTHERMO KING DEALER\r\n","titulo_espanhol":"CONEXI\u00d3N - CODO (SUCCI\u00d3N, #12) THERMO KING 558338 55-8338 V-200 VM-400","descricao_espanhol":"CONEXI\u00d3N CODO PARA MANGUERA DE SUCCI\u00d3N #12\r\n\r\nMARCA: THERMO KING\r\nN\u00daMERO DE REPUESTO: 558338 (55-8338)\r\nAPLICACI\u00d3N: V-200, VM-305, VM-400\r\n\r\nMINCARONE RUIZ E CIA. LTDA. DESDE 1985 AL SERVICIO DEL MERCADO DEL TRANSPORTE REFRIGERADO\r\n\t\r\nCONCESIONARIO THERMO KING\r\n"},"_links":{"self":[{"href":"https:\/\/mincarone.net\/en\/wp-json\/wp\/v2\/product\/13959","targetHints":{"allow":["GET"]}}],"collection":[{"href":"https:\/\/mincarone.net\/en\/wp-json\/wp\/v2\/product"}],"about":[{"href":"https:\/\/mincarone.net\/en\/wp-json\/wp\/v2\/types\/product"}],"replies":[{"embeddable":true,"href":"https:\/\/mincarone.net\/en\/wp-json\/wp\/v2\/comments?post=13959"}],"wp:featuredmedia":[{"embeddable":true,"href":"https:\/\/mincarone.net\/en\/wp-json\/wp\/v2\/media\/14661"}],"wp:attachment":[{"href":"https:\/\/mincarone.net\/en\/wp-json\/wp\/v2\/media?parent=13959"}],"wp:term":[{"taxonomy":"product_brand","embeddable":true,"href":"https:\/\/mincarone.net\/en\/wp-json\/wp\/v2\/product_brand?post=13959"},{"taxonomy":"product_cat","embeddable":true,"href":"https:\/\/mincarone.net\/en\/wp-json\/wp\/v2\/product_cat?post=13959"},{"taxonomy":"product_tag","embeddable":true,"href":"https:\/\/mincarone.net\/en\/wp-json\/wp\/v2\/product_tag?post=13959"}],"curies":[{"name":"wp","href":"https:\/\/api.w.org\/{rel}","templated":true}]}}