{"id":4078,"date":"2023-11-27T11:20:07","date_gmt":"2023-11-27T14:20:07","guid":{"rendered":"http:\/\/net.mincarone.com.br\/produto\/controlador-valeo-ar-cond-onibus-scb410-sem-aquecimento\/"},"modified":"2026-04-07T09:35:05","modified_gmt":"2026-04-07T12:35:05","slug":"controlador-ar-condicionado-nibus-scb410-sem-aquecimento-valeo-657-010000-04","status":"publish","type":"product","link":"https:\/\/mincarone.net\/en\/product\/controlador-ar-condicionado-nibus-scb410-sem-aquecimento-valeo-657-010000-04\/","title":{"rendered":"CONTROLLER - BUS AIR CONDITIONER SCB410 VALEO 657-010000-04 WITHOUT HEATING"},"content":{"rendered":"SCB410 SW2 BUS AIR CONDITIONER CONTROLLER - NO HEATING, W\/ AIR RENOVATION\r\n\t\r\nBRAND: SPHEROS\/VALEO\r\nPART NUMBER: 657-010000-04\t\r\nMODEL: SCB410\r\nVOLTAGE: 12\/24 VOLTS\r\nAPPLICATION: BUS AND MICRO BUS SPHEROS VALER AIR CONDITIONING SYSTEMS\r\n\r\n\r\nMINCARONE RUIZ E CIA. LTDA. SINCE 1985 SERVING THE REFRIGERATED TRANSPORT MARKET\r\n","protected":false},"excerpt":{"rendered":"<p>SCB410 SW2 BUS AIR CONDITIONER CONTROLLER &#8211; NO HEATING, W\/ AIR RENOVATION BRAND: SPHEROS\/VALEO PART NUMBER: 657-010000-04 MODEL: SCB410 VOLTAGE: [&hellip;]<\/p>\n","protected":false},"featured_media":4404,"comment_status":"closed","ping_status":"closed","template":"","meta":{"_acf_changed":false,"site-sidebar-layout":"default","site-content-layout":"default","ast-site-content-layout":"default","site-content-style":"default","site-sidebar-style":"default","ast-global-header-display":"","ast-banner-title-visibility":"","ast-main-header-display":"","ast-hfb-above-header-display":"","ast-hfb-below-header-display":"","ast-hfb-mobile-header-display":"","site-post-title":"","ast-breadcrumbs-content":"","ast-featured-img":"","footer-sml-layout":"","ast-disable-related-posts":"","theme-transparent-header-meta":"default","adv-header-id-meta":"","stick-header-meta":"default","header-above-stick-meta":"","header-main-stick-meta":"","header-below-stick-meta":"","astra-migrate-meta-layouts":"default","ast-page-background-enabled":"default","ast-page-background-meta":{"desktop":{"background-color":"var(--ast-global-color-5)","background-image":"","background-repeat":"repeat","background-position":"center center","background-size":"auto","background-attachment":"scroll","background-type":"","background-media":"","overlay-type":"","overlay-color":"","overlay-opacity":"","overlay-gradient":""},"tablet":{"background-color":"","background-image":"","background-repeat":"repeat","background-position":"center center","background-size":"auto","background-attachment":"scroll","background-type":"","background-media":"","overlay-type":"","overlay-color":"","overlay-opacity":"","overlay-gradient":""},"mobile":{"background-color":"","background-image":"","background-repeat":"repeat","background-position":"center center","background-size":"auto","background-attachment":"scroll","background-type":"","background-media":"","overlay-type":"","overlay-color":"","overlay-opacity":"","overlay-gradient":""}},"ast-content-background-meta":{"desktop":{"background-color":"var(--ast-global-color-4)","background-image":"","background-repeat":"repeat","background-position":"center center","background-size":"auto","background-attachment":"scroll","background-type":"","background-media":"","overlay-type":"","overlay-color":"","overlay-opacity":"","overlay-gradient":""},"tablet":{"background-color":"var(--ast-global-color-4)","background-image":"","background-repeat":"repeat","background-position":"center center","background-size":"auto","background-attachment":"scroll","background-type":"","background-media":"","overlay-type":"","overlay-color":"","overlay-opacity":"","overlay-gradient":""},"mobile":{"background-color":"var(--ast-global-color-4)","background-image":"","background-repeat":"repeat","background-position":"center center","background-size":"auto","background-attachment":"scroll","background-type":"","background-media":"","overlay-type":"","overlay-color":"","overlay-opacity":"","overlay-gradient":""}},"_joinchat":[]},"product_brand":[],"product_cat":[25],"product_tag":[],"class_list":{"0":"post-4078","1":"product","2":"type-product","3":"status-publish","4":"has-post-thumbnail","6":"product_cat-controladores","7":"desktop-align-left","8":"tablet-align-left","9":"mobile-align-left","11":"first","12":"instock","13":"shipping-taxable","14":"purchasable","15":"product-type-simple"},"acf":{"titulo_ingles":"CONTROLLER - BUS AIR CONDITIONER SCB410 VALEO 657-010000-04 WITHOUT HEATING","descricao_ingles":"SCB410 SW2 BUS AIR CONDITIONER CONTROLLER - NO HEATING, W\/ AIR RENOVATION\r\n\t\r\nBRAND: SPHEROS\/VALEO\r\nPART NUMBER: 657-010000-04\t\r\nMODEL: SCB410\r\nVOLTAGE: 12\/24 VOLTS\r\nAPPLICATION: BUS AND MICRO BUS SPHEROS VALER AIR CONDITIONING SYSTEMS\r\n\r\n\r\nMINCARONE RUIZ E CIA. LTDA. SINCE 1985 SERVING THE REFRIGERATED TRANSPORT MARKET\r\n","titulo_espanhol":"CONTROLADOR - AIRE ACONDICIONADO AUTOBUS SCB410 VALEO 657-010000-04 SIN CALEFACCI\u00d3N","descricao_espanhol":"CONTROLADOR DE AIRE ACONDICIONADO PARA AUTOBUS SCB410 SW2 - SIN CALEFACCI\u00d3N, CON RENOVACI\u00d3N DE AIRE\r\n\r\nMARCA: SPHEROS\/VALEO\r\nN\u00daMERO DE REPUESTO: 657-010000-04\r\nMODELO: SCB410\r\nVOLTAJE: 12\/24 VOLTIOS\r\nAPLICACI\u00d3N: SISTEMAS DE AIRE ACONDICIONADO SPHEROS VALER PARA AUTOBUSES Y MICROBUSES\r\n\r\n\r\nMINCARONE RUIZ E CIA. LTDA. DESDE 1985 AL SERVICIO DEL MERCADO DEL TRANSPORTE REFRIGERADO\r\n"},"_links":{"self":[{"href":"https:\/\/mincarone.net\/en\/wp-json\/wp\/v2\/product\/4078","targetHints":{"allow":["GET"]}}],"collection":[{"href":"https:\/\/mincarone.net\/en\/wp-json\/wp\/v2\/product"}],"about":[{"href":"https:\/\/mincarone.net\/en\/wp-json\/wp\/v2\/types\/product"}],"replies":[{"embeddable":true,"href":"https:\/\/mincarone.net\/en\/wp-json\/wp\/v2\/comments?post=4078"}],"wp:featuredmedia":[{"embeddable":true,"href":"https:\/\/mincarone.net\/en\/wp-json\/wp\/v2\/media\/4404"}],"wp:attachment":[{"href":"https:\/\/mincarone.net\/en\/wp-json\/wp\/v2\/media?parent=4078"}],"wp:term":[{"taxonomy":"product_brand","embeddable":true,"href":"https:\/\/mincarone.net\/en\/wp-json\/wp\/v2\/product_brand?post=4078"},{"taxonomy":"product_cat","embeddable":true,"href":"https:\/\/mincarone.net\/en\/wp-json\/wp\/v2\/product_cat?post=4078"},{"taxonomy":"product_tag","embeddable":true,"href":"https:\/\/mincarone.net\/en\/wp-json\/wp\/v2\/product_tag?post=4078"}],"curies":[{"name":"wp","href":"https:\/\/api.w.org\/{rel}","templated":true}]}}