{"id":5859,"date":"2024-01-02T10:54:13","date_gmt":"2024-01-02T13:54:13","guid":{"rendered":"http:\/\/net.mincarone.com.br\/produto\/5859\/"},"modified":"2026-04-09T17:46:46","modified_gmt":"2026-04-09T20:46:46","slug":"mola-v-lvula-de-estrangulamento-thermo-king-661116-66-1116-sb-super2","status":"publish","type":"product","link":"https:\/\/mincarone.net\/en\/product\/mola-v-lvula-de-estrangulamento-thermo-king-661116-66-1116-sb-super2\/","title":{"rendered":"SPRING - THROTTLING VALVE THERMO KING 661116 66-1116 SB SUPER2"},"content":{"rendered":"THROTTLING VALVE SPRING\r\n\t\r\nBRAND: THERMO KING\t\r\nPART NUMBER: 661116 (66-1116)\r\nAPPLICATION: CF-2, SB-1, SB-2, SB-3, SENTRY, SUPER-2, SNWD, XNWD\r\n\t\t\t\r\n\r\nMINCARONE RUIZ E CIA. LTDA. SINCE 1985 SERVING THE REFRIGERATED TRANSPORT MARKET\r\n\t\t\r\nTHERMO KING DEALER\r\n","protected":false},"excerpt":{"rendered":"<p>THROTTLING VALVE SPRING BRAND: THERMO KING PART NUMBER: 661116 (66-1116) APPLICATION: CF-2, SB-1, SB-2, SB-3, SENTRY, SUPER-2, SNWD, XNWD MINCARONE [&hellip;]<\/p>\n","protected":false},"featured_media":6120,"comment_status":"closed","ping_status":"closed","template":"","meta":{"_acf_changed":false,"site-sidebar-layout":"default","site-content-layout":"default","ast-site-content-layout":"default","site-content-style":"default","site-sidebar-style":"default","ast-global-header-display":"","ast-banner-title-visibility":"","ast-main-header-display":"","ast-hfb-above-header-display":"","ast-hfb-below-header-display":"","ast-hfb-mobile-header-display":"","site-post-title":"","ast-breadcrumbs-content":"","ast-featured-img":"","footer-sml-layout":"","ast-disable-related-posts":"","theme-transparent-header-meta":"default","adv-header-id-meta":"","stick-header-meta":"default","header-above-stick-meta":"","header-main-stick-meta":"","header-below-stick-meta":"","astra-migrate-meta-layouts":"default","ast-page-background-enabled":"default","ast-page-background-meta":{"desktop":{"background-color":"var(--ast-global-color-5)","background-image":"","background-repeat":"repeat","background-position":"center center","background-size":"auto","background-attachment":"scroll","background-type":"","background-media":"","overlay-type":"","overlay-color":"","overlay-opacity":"","overlay-gradient":""},"tablet":{"background-color":"","background-image":"","background-repeat":"repeat","background-position":"center center","background-size":"auto","background-attachment":"scroll","background-type":"","background-media":"","overlay-type":"","overlay-color":"","overlay-opacity":"","overlay-gradient":""},"mobile":{"background-color":"","background-image":"","background-repeat":"repeat","background-position":"center center","background-size":"auto","background-attachment":"scroll","background-type":"","background-media":"","overlay-type":"","overlay-color":"","overlay-opacity":"","overlay-gradient":""}},"ast-content-background-meta":{"desktop":{"background-color":"var(--ast-global-color-4)","background-image":"","background-repeat":"repeat","background-position":"center center","background-size":"auto","background-attachment":"scroll","background-type":"","background-media":"","overlay-type":"","overlay-color":"","overlay-opacity":"","overlay-gradient":""},"tablet":{"background-color":"var(--ast-global-color-4)","background-image":"","background-repeat":"repeat","background-position":"center center","background-size":"auto","background-attachment":"scroll","background-type":"","background-media":"","overlay-type":"","overlay-color":"","overlay-opacity":"","overlay-gradient":""},"mobile":{"background-color":"var(--ast-global-color-4)","background-image":"","background-repeat":"repeat","background-position":"center center","background-size":"auto","background-attachment":"scroll","background-type":"","background-media":"","overlay-type":"","overlay-color":"","overlay-opacity":"","overlay-gradient":""}},"_joinchat":[]},"product_brand":[],"product_cat":[70],"product_tag":[],"class_list":{"0":"post-5859","1":"product","2":"type-product","3":"status-publish","4":"has-post-thumbnail","6":"product_cat-valvulas","7":"desktop-align-left","8":"tablet-align-left","9":"mobile-align-left","11":"first","12":"instock","13":"shipping-taxable","14":"purchasable","15":"product-type-simple"},"acf":{"titulo_ingles":"SPRING - THROTTLING VALVE THERMO KING 661116 66-1116 SB SUPER2","descricao_ingles":"THROTTLING VALVE SPRING\r\n\t\r\nBRAND: THERMO KING\t\r\nPART NUMBER: 661116 (66-1116)\r\nAPPLICATION: CF-2, SB-1, SB-2, SB-3, SENTRY, SUPER-2, SNWD, XNWD\r\n\t\t\t\r\n\r\nMINCARONE RUIZ E CIA. LTDA. SINCE 1985 SERVING THE REFRIGERATED TRANSPORT MARKET\r\n\t\t\r\nTHERMO KING DEALER\r\n","titulo_espanhol":"MUELLE - V\u00c1LVULA ESTRANGULADORA THERMO KING 661116 66-1116 SB SUPER2","descricao_espanhol":"MUELLE DE LA V\u00c1LVULA DE ESTRANGULACI\u00d3N\r\n\r\nMARCA: THERMO KING\r\nN\u00daMERO DE REPUESTO: 661116 (66-1116)\r\nAPLICACI\u00d3N: CF-2, SB-1, SB-2, SB-3, SENTRY, SUPER-2, SNWD, XNWD\r\n\r\n\r\nMINCARONE RUIZ E CIA. LTDA. DESDE 1985 AL SERVICIO DEL MERCADO DEL TRANSPORTE REFRIGERADO\r\n\t\r\nCONCESIONARIO THERMO KING"},"_links":{"self":[{"href":"https:\/\/mincarone.net\/en\/wp-json\/wp\/v2\/product\/5859","targetHints":{"allow":["GET"]}}],"collection":[{"href":"https:\/\/mincarone.net\/en\/wp-json\/wp\/v2\/product"}],"about":[{"href":"https:\/\/mincarone.net\/en\/wp-json\/wp\/v2\/types\/product"}],"replies":[{"embeddable":true,"href":"https:\/\/mincarone.net\/en\/wp-json\/wp\/v2\/comments?post=5859"}],"wp:featuredmedia":[{"embeddable":true,"href":"https:\/\/mincarone.net\/en\/wp-json\/wp\/v2\/media\/6120"}],"wp:attachment":[{"href":"https:\/\/mincarone.net\/en\/wp-json\/wp\/v2\/media?parent=5859"}],"wp:term":[{"taxonomy":"product_brand","embeddable":true,"href":"https:\/\/mincarone.net\/en\/wp-json\/wp\/v2\/product_brand?post=5859"},{"taxonomy":"product_cat","embeddable":true,"href":"https:\/\/mincarone.net\/en\/wp-json\/wp\/v2\/product_cat?post=5859"},{"taxonomy":"product_tag","embeddable":true,"href":"https:\/\/mincarone.net\/en\/wp-json\/wp\/v2\/product_tag?post=5859"}],"curies":[{"name":"wp","href":"https:\/\/api.w.org\/{rel}","templated":true}]}}