{"id":1112,"date":"2023-10-10T14:42:58","date_gmt":"2023-10-10T17:42:58","guid":{"rendered":"http:\/\/net.mincarone.com.br\/produto\/chicote-thermo-king-painel-da-linha-t-para-controlador\/"},"modified":"2026-04-07T09:35:10","modified_gmt":"2026-04-07T12:35:10","slug":"chicote-thermo-king-painel-da-linha-t-para-controlador","status":"publish","type":"product","link":"https:\/\/mincarone.net\/es\/producto\/chicote-thermo-king-painel-da-linha-t-para-controlador\/","title":{"rendered":"CABLES CONTROLADOR SERIE T THERMO KING 420645 42-645"},"content":{"rendered":"CABLERIO CONTROLADOR PREMIUM ORIGINAL THERMO KING T-SERIES\r\n\t\r\nMARCA: THERMO KING\r\nN\u00daMERO DE REPUESTO: 420645 42-645 SOL\u00cdA SER 415813 41-5813\r\nAPLICACI\u00d3N: PANEL CONTROLADOR T600, T800, T1000, T1200 (TODOS LOS EQUIPOS DE LA SERIE T)\r\n\r\n\r\nMINCARONE RUIZ E CIA. LTDA. DESDE 1985 AL SERVICIO DEL MERCADO DEL TRANSPORTE REFRIGERADO\r\n\t\r\nCONCESIONARIO THERMO KING","protected":false},"excerpt":{"rendered":"<p>CABLERIO CONTROLADOR PREMIUM ORIGINAL THERMO KING T-SERIES MARCA: THERMO KING N\u00daMERO DE REPUESTO: 420645 42-645 SOL\u00cdA SER 415813 41-5813 APLICACI\u00d3N: [&hellip;]<\/p>","protected":false},"featured_media":1537,"comment_status":"closed","ping_status":"closed","template":"","meta":{"_acf_changed":false,"site-sidebar-layout":"default","site-content-layout":"default","ast-site-content-layout":"default","site-content-style":"default","site-sidebar-style":"default","ast-global-header-display":"","ast-banner-title-visibility":"","ast-main-header-display":"","ast-hfb-above-header-display":"","ast-hfb-below-header-display":"","ast-hfb-mobile-header-display":"","site-post-title":"","ast-breadcrumbs-content":"","ast-featured-img":"","footer-sml-layout":"","ast-disable-related-posts":"","theme-transparent-header-meta":"default","adv-header-id-meta":"","stick-header-meta":"default","header-above-stick-meta":"","header-main-stick-meta":"","header-below-stick-meta":"","astra-migrate-meta-layouts":"set","ast-page-background-enabled":"default","ast-page-background-meta":{"desktop":{"background-color":"var(--ast-global-color-5)","background-image":"","background-repeat":"repeat","background-position":"center center","background-size":"auto","background-attachment":"scroll","background-type":"","background-media":"","overlay-type":"","overlay-color":"","overlay-opacity":"","overlay-gradient":""},"tablet":{"background-color":"","background-image":"","background-repeat":"repeat","background-position":"center center","background-size":"auto","background-attachment":"scroll","background-type":"","background-media":"","overlay-type":"","overlay-color":"","overlay-opacity":"","overlay-gradient":""},"mobile":{"background-color":"","background-image":"","background-repeat":"repeat","background-position":"center center","background-size":"auto","background-attachment":"scroll","background-type":"","background-media":"","overlay-type":"","overlay-color":"","overlay-opacity":"","overlay-gradient":""}},"ast-content-background-meta":{"desktop":{"background-color":"var(--ast-global-color-4)","background-image":"","background-repeat":"repeat","background-position":"center center","background-size":"auto","background-attachment":"scroll","background-type":"","background-media":"","overlay-type":"","overlay-color":"","overlay-opacity":"","overlay-gradient":""},"tablet":{"background-color":"var(--ast-global-color-4)","background-image":"","background-repeat":"repeat","background-position":"center center","background-size":"auto","background-attachment":"scroll","background-type":"","background-media":"","overlay-type":"","overlay-color":"","overlay-opacity":"","overlay-gradient":""},"mobile":{"background-color":"var(--ast-global-color-4)","background-image":"","background-repeat":"repeat","background-position":"center center","background-size":"auto","background-attachment":"scroll","background-type":"","background-media":"","overlay-type":"","overlay-color":"","overlay-opacity":"","overlay-gradient":""}},"_joinchat":[]},"product_brand":[],"product_cat":[25],"product_tag":[],"class_list":{"0":"post-1112","1":"product","2":"type-product","3":"status-publish","4":"has-post-thumbnail","6":"product_cat-controladores","7":"desktop-align-left","8":"tablet-align-left","9":"mobile-align-left","11":"first","12":"instock","13":"shipping-taxable","14":"purchasable","15":"product-type-simple"},"acf":{"titulo_ingles":"THERMO KING T-SERIES CONTROLLER HARNESS 420645 42-645","descricao_ingles":"ORIGINAL THERMO KING T-SERIES PREMIUM CONTROLLER HARNESS\r\n\t\t\t\r\nBRAND: THERMO KING\r\nPART NUMBER: 420645 42-645 USED TO BE 415813 41-5813\r\nAPPLICATION: T600, T800, T1000, T1200 (ALL OF THE T-SERIES EQUIPMENTS) CONTROLLER PANEL\r\n\t\r\n\t\r\nMINCARONE RUIZ E CIA. LTDA. SINCE 1985 SERVING THE REFRIGERATED TRANSPORT MARKET\r\n\t\t\r\nTHERMO KING DEALER\r\n","titulo_espanhol":"CABLES CONTROLADOR SERIE T THERMO KING 420645 42-645","descricao_espanhol":"CABLERIO CONTROLADOR PREMIUM ORIGINAL THERMO KING T-SERIES\r\n\t\r\nMARCA: THERMO KING\r\nN\u00daMERO DE REPUESTO: 420645 42-645 SOL\u00cdA SER 415813 41-5813\r\nAPLICACI\u00d3N: PANEL CONTROLADOR T600, T800, T1000, T1200 (TODOS LOS EQUIPOS DE LA SERIE T)\r\n\r\n\r\nMINCARONE RUIZ E CIA. LTDA. DESDE 1985 AL SERVICIO DEL MERCADO DEL TRANSPORTE REFRIGERADO\r\n\t\r\nCONCESIONARIO THERMO KING\r\n"},"_links":{"self":[{"href":"https:\/\/mincarone.net\/es\/wp-json\/wp\/v2\/product\/1112","targetHints":{"allow":["GET"]}}],"collection":[{"href":"https:\/\/mincarone.net\/es\/wp-json\/wp\/v2\/product"}],"about":[{"href":"https:\/\/mincarone.net\/es\/wp-json\/wp\/v2\/types\/product"}],"replies":[{"embeddable":true,"href":"https:\/\/mincarone.net\/es\/wp-json\/wp\/v2\/comments?post=1112"}],"wp:featuredmedia":[{"embeddable":true,"href":"https:\/\/mincarone.net\/es\/wp-json\/wp\/v2\/media\/1537"}],"wp:attachment":[{"href":"https:\/\/mincarone.net\/es\/wp-json\/wp\/v2\/media?parent=1112"}],"wp:term":[{"taxonomy":"product_brand","embeddable":true,"href":"https:\/\/mincarone.net\/es\/wp-json\/wp\/v2\/product_brand?post=1112"},{"taxonomy":"product_cat","embeddable":true,"href":"https:\/\/mincarone.net\/es\/wp-json\/wp\/v2\/product_cat?post=1112"},{"taxonomy":"product_tag","embeddable":true,"href":"https:\/\/mincarone.net\/es\/wp-json\/wp\/v2\/product_tag?post=1112"}],"curies":[{"name":"wp","href":"https:\/\/api.w.org\/{rel}","templated":true}]}}