{"id":1114,"date":"2023-10-10T14:42:58","date_gmt":"2023-10-10T17:42:58","guid":{"rendered":"http:\/\/net.mincarone.com.br\/produto\/compressor-thermo-king-tm16xd-12v-polia2a-1021012-v500-v600\/"},"modified":"2026-04-08T17:58:37","modified_gmt":"2026-04-08T20:58:37","slug":"compressor-thermo-king-tm16xd-12v-polia2a-1021012-v500-v600","status":"publish","type":"product","link":"https:\/\/mincarone.net\/es\/producto\/compressor-thermo-king-tm16xd-12v-polia2a-1021012-v500-v600\/","title":{"rendered":"COMPRESOR TM16XD POLEA 2A 12V THERMO KING 1021012 102-1012 V500 V600"},"content":{"rendered":"COMPRESOR TM16XD THERMO KING ORIGINAL\r\n\r\nMARCA: THERMO KING\r\nN\u00daMERO DE REPUESTO: 1021012 102-1012 SOL\u00cdA SER 1020570 102-570\r\nTIPO: TM-16XD\r\nTENSI\u00d3N: 12 VOLTIOS\r\nPOLEA: 2A\r\nGAS REFRIGERANTE: R134A O R404A\r\n\r\n\u00a1ATENCI\u00d3N!\r\n- CAMBIAR ACEITE DEL COMPRESOR, VERIFICAR EL TIPO DE ACEITE EN EL SISTEMA DE REFRIGERACI\u00d3N (PAG O POLOIL)\r\n- LIMPIAR EL SISTEMA CON R141B ANTES DEL CAMBIO DE ACEITE\r\n- COMPROBAR LA PRESI\u00d3N DE TRABAJO, SI ES NECESARIO SUSTITUIR LA V\u00c1LVULA DE EXPANSI\u00d3N\r\n- SUSTITUIR EL FILTRO SECADOR\r\n- BUSQUE UN INSTALADOR EXPERIMENTADO, \u00c9L DETERMINAR\u00c1 LA VIDA \u00daTIL DE LA UNIDAD\r\n\r\nMINCARONE RUIZ E CIA. LTDA. DESDE 1985 AL SERVICIO DEL MERCADO DEL TRANSPORTE REFRIGERADO\r\n\t\r\nCONCESIONARIO THERMO KING","protected":false},"excerpt":{"rendered":"<p>COMPRESOR TM16XD THERMO KING ORIGINAL MARCA: THERMO KING N\u00daMERO DE REPUESTO: 1021012 102-1012 SOL\u00cdA SER 1020570 102-570 TIPO: TM-16XD TENSI\u00d3N: [&hellip;]<\/p>","protected":false},"featured_media":1551,"comment_status":"closed","ping_status":"closed","template":"","meta":{"_acf_changed":false,"site-sidebar-layout":"default","site-content-layout":"default","ast-site-content-layout":"default","site-content-style":"default","site-sidebar-style":"default","ast-global-header-display":"","ast-banner-title-visibility":"","ast-main-header-display":"","ast-hfb-above-header-display":"","ast-hfb-below-header-display":"","ast-hfb-mobile-header-display":"","site-post-title":"","ast-breadcrumbs-content":"","ast-featured-img":"","footer-sml-layout":"","ast-disable-related-posts":"","theme-transparent-header-meta":"default","adv-header-id-meta":"","stick-header-meta":"default","header-above-stick-meta":"","header-main-stick-meta":"","header-below-stick-meta":"","astra-migrate-meta-layouts":"set","ast-page-background-enabled":"default","ast-page-background-meta":{"desktop":{"background-color":"var(--ast-global-color-5)","background-image":"","background-repeat":"repeat","background-position":"center center","background-size":"auto","background-attachment":"scroll","background-type":"","background-media":"","overlay-type":"","overlay-color":"","overlay-opacity":"","overlay-gradient":""},"tablet":{"background-color":"","background-image":"","background-repeat":"repeat","background-position":"center center","background-size":"auto","background-attachment":"scroll","background-type":"","background-media":"","overlay-type":"","overlay-color":"","overlay-opacity":"","overlay-gradient":""},"mobile":{"background-color":"","background-image":"","background-repeat":"repeat","background-position":"center center","background-size":"auto","background-attachment":"scroll","background-type":"","background-media":"","overlay-type":"","overlay-color":"","overlay-opacity":"","overlay-gradient":""}},"ast-content-background-meta":{"desktop":{"background-color":"var(--ast-global-color-4)","background-image":"","background-repeat":"repeat","background-position":"center center","background-size":"auto","background-attachment":"scroll","background-type":"","background-media":"","overlay-type":"","overlay-color":"","overlay-opacity":"","overlay-gradient":""},"tablet":{"background-color":"var(--ast-global-color-4)","background-image":"","background-repeat":"repeat","background-position":"center center","background-size":"auto","background-attachment":"scroll","background-type":"","background-media":"","overlay-type":"","overlay-color":"","overlay-opacity":"","overlay-gradient":""},"mobile":{"background-color":"var(--ast-global-color-4)","background-image":"","background-repeat":"repeat","background-position":"center center","background-size":"auto","background-attachment":"scroll","background-type":"","background-media":"","overlay-type":"","overlay-color":"","overlay-opacity":"","overlay-gradient":""}},"_joinchat":[]},"product_brand":[],"product_cat":[20],"product_tag":[],"class_list":{"0":"post-1114","1":"product","2":"type-product","3":"status-publish","4":"has-post-thumbnail","6":"product_cat-compressores","7":"desktop-align-left","8":"tablet-align-left","9":"mobile-align-left","11":"first","12":"instock","13":"shipping-taxable","14":"purchasable","15":"product-type-simple"},"acf":{"titulo_ingles":"THERMO KING COMPRESSOR TM16XD 12V 2A PULLEY  1021012 102-1012 V500 V600","descricao_ingles":"THERMO KING ORIGINAL TM16XD COMPRESSOR\r\n\t\t\t\r\nBRAND: THERMO KING\r\nPART NUMBER : 1021012 102-1012 USED TO BE 1020570 102-570\r\nTYPE: TM-16XD\t\r\nTENSION: 12 VOLTS\t\r\nPULLEY: 2A\t\r\nREFRIGERANT GAS: R134A OR R404A\r\n\r\nATTENTION!\t\r\n- EXCHANGE THE COMPRESSOR OIL, CHECK THE OIL TYOE IN THE REFRIGERATION SYSTEM (PAG OR POLOIL)\r\n- CLEAN THE SYSTEM WITH R141B BEFORE THE OIL EXCHANGE\r\n- CHECK THE WORKING PRESSURE, IF NECESSARY, REPLACE THE EXPANSION VALVE\r\n- REPLACE THE DRYER FILTER\r\n- LOOK FOR AN EXPERIENCED INSTALLER, HE WILL DETERMINE THE LIFESPAN OF THE UNIT\t\t\r\n\r\nMINCARONE RUIZ E CIA. LTDA. SINCE 1985 SERVING THE REFRIGERATED TRANSPORT MARKET\r\n\t\t\r\nTHERMO KING DEALER\r\n","titulo_espanhol":"COMPRESOR TM16XD POLEA 2A 12V THERMO KING 1021012 102-1012 V500 V600","descricao_espanhol":"COMPRESOR TM16XD THERMO KING ORIGINAL\r\n\r\nMARCA: THERMO KING\r\nN\u00daMERO DE REPUESTO: 1021012 102-1012 SOL\u00cdA SER 1020570 102-570\r\nTIPO: TM-16XD\r\nTENSI\u00d3N: 12 VOLTIOS\r\nPOLEA: 2A\r\nGAS REFRIGERANTE: R134A O R404A\r\n\r\n\u00a1ATENCI\u00d3N!\r\n- CAMBIAR ACEITE DEL COMPRESOR, VERIFICAR EL TIPO DE ACEITE EN EL SISTEMA DE REFRIGERACI\u00d3N (PAG O POLOIL)\r\n- LIMPIAR EL SISTEMA CON R141B ANTES DEL CAMBIO DE ACEITE\r\n- COMPROBAR LA PRESI\u00d3N DE TRABAJO, SI ES NECESARIO SUSTITUIR LA V\u00c1LVULA DE EXPANSI\u00d3N\r\n- SUSTITUIR EL FILTRO SECADOR\r\n- BUSQUE UN INSTALADOR EXPERIMENTADO, \u00c9L DETERMINAR\u00c1 LA VIDA \u00daTIL DE LA UNIDAD\r\n\r\nMINCARONE RUIZ E CIA. LTDA. DESDE 1985 AL SERVICIO DEL MERCADO DEL TRANSPORTE REFRIGERADO\r\n\t\r\nCONCESIONARIO THERMO KING\r\n"},"_links":{"self":[{"href":"https:\/\/mincarone.net\/es\/wp-json\/wp\/v2\/product\/1114","targetHints":{"allow":["GET"]}}],"collection":[{"href":"https:\/\/mincarone.net\/es\/wp-json\/wp\/v2\/product"}],"about":[{"href":"https:\/\/mincarone.net\/es\/wp-json\/wp\/v2\/types\/product"}],"replies":[{"embeddable":true,"href":"https:\/\/mincarone.net\/es\/wp-json\/wp\/v2\/comments?post=1114"}],"wp:featuredmedia":[{"embeddable":true,"href":"https:\/\/mincarone.net\/es\/wp-json\/wp\/v2\/media\/1551"}],"wp:attachment":[{"href":"https:\/\/mincarone.net\/es\/wp-json\/wp\/v2\/media?parent=1114"}],"wp:term":[{"taxonomy":"product_brand","embeddable":true,"href":"https:\/\/mincarone.net\/es\/wp-json\/wp\/v2\/product_brand?post=1114"},{"taxonomy":"product_cat","embeddable":true,"href":"https:\/\/mincarone.net\/es\/wp-json\/wp\/v2\/product_cat?post=1114"},{"taxonomy":"product_tag","embeddable":true,"href":"https:\/\/mincarone.net\/es\/wp-json\/wp\/v2\/product_tag?post=1114"}],"curies":[{"name":"wp","href":"https:\/\/api.w.org\/{rel}","templated":true}]}}