{"id":1117,"date":"2023-10-10T14:42:58","date_gmt":"2023-10-10T17:42:58","guid":{"rendered":"http:\/\/net.mincarone.com.br\/produto\/compressor-semi-hermetico-eletrico-frascold-thermo-king-v500\/"},"modified":"2026-04-09T17:46:48","modified_gmt":"2026-04-09T20:46:48","slug":"compressor-semi-herm-tico-el-trico-frascold-thermo-king-v500","status":"publish","type":"product","link":"https:\/\/mincarone.net\/es\/producto\/compressor-semi-herm-tico-el-trico-frascold-thermo-king-v500\/","title":{"rendered":"COMPRESOR EL\u00c9CTRICO SEMI HERM\u00c9TICO FRASCOLD THERMO KING V500 1021064 102-1064"},"content":{"rendered":"COMPRESOR FRASCOLD ORIGINAL THERMO KING\r\n\r\nN\u00daMERO DE REPUESTO: 1021064 102-1064 ERA 1020858 102-858\r\nMARCA: FASCOLD\r\nTIPO: SEMIHERM\u00c9TICO EL\u00c9CTRICO\r\nMODELO: D2 11Y 3PH\r\nTIPO DE REFRIGERANTE: R134A O R404A\r\nLUBRICACI\u00d3N: 1,2 LITROS DE ACEITE\r\nTIPO DE ACEITE: \u00c9STER POLIOL PARA R134A Y R404A\r\nATENCI\u00d3N: EL COMPRESOR SE PROPORCIONA CON ACEITE PARA ALMACENAMIENTO, CAMBIAR EL ACEITE AL INSTALAR\r\nCICLOS: 60 HZ\r\nTENSI\u00d3N: 220V Y 380V\r\nDESPLAZAMIENTO: 11,3 M3\/HORA\r\nPOTENCIA DEL MOTOR: 2HP\r\nCONSUMO DE AMPERAJE: 11,8 AMPERIOS EN 220 VOLTIOS\r\nRPM: 1450\r\nAPLICACI\u00d3N: EQUIPOS THERMO KING V500 Y SIMILARES\r\n\r\n- CAMBIAR ACEITE DEL COMPRESOR, VERIFICAR EL TIPO DE ACEITE DEL SISTEMA DE REFRIGERACI\u00d3N (PAG O POOLOIL)\r\n- LIMPIAR EL SISTEMA CON R141B ANTES DE SUSTITUIRLO.\r\n- COMPROBAR LAS PRESIONES DE TRABAJO SI ES NECESARIO SUSTITUIR LA V\u00c1LVULA DE EXPANSI\u00d3N.\r\n- CAMBIAR EL FILTRO DESHIDRATADOR\r\n\r\nMINCARONE RUIZ E CIA. LTDA. DESDE 1985 AL SERVICIO DEL MERCADO DEL TRANSPORTE REFRIGERADO\r\n\r\nCONCESIONARIO THERMO KING","protected":false},"excerpt":{"rendered":"<p>COMPRESOR FRASCOLD ORIGINAL THERMO KING N\u00daMERO DE REPUESTO: 1021064 102-1064 ERA 1020858 102-858 MARCA: FASCOLD TIPO: SEMIHERM\u00c9TICO EL\u00c9CTRICO MODELO: D2 [&hellip;]<\/p>","protected":false},"featured_media":1569,"comment_status":"closed","ping_status":"closed","template":"","meta":{"_acf_changed":false,"site-sidebar-layout":"default","site-content-layout":"default","ast-site-content-layout":"default","site-content-style":"default","site-sidebar-style":"default","ast-global-header-display":"","ast-banner-title-visibility":"","ast-main-header-display":"","ast-hfb-above-header-display":"","ast-hfb-below-header-display":"","ast-hfb-mobile-header-display":"","site-post-title":"","ast-breadcrumbs-content":"","ast-featured-img":"","footer-sml-layout":"","ast-disable-related-posts":"","theme-transparent-header-meta":"default","adv-header-id-meta":"","stick-header-meta":"default","header-above-stick-meta":"","header-main-stick-meta":"","header-below-stick-meta":"","astra-migrate-meta-layouts":"set","ast-page-background-enabled":"default","ast-page-background-meta":{"desktop":{"background-color":"var(--ast-global-color-5)","background-image":"","background-repeat":"repeat","background-position":"center center","background-size":"auto","background-attachment":"scroll","background-type":"","background-media":"","overlay-type":"","overlay-color":"","overlay-opacity":"","overlay-gradient":""},"tablet":{"background-color":"","background-image":"","background-repeat":"repeat","background-position":"center center","background-size":"auto","background-attachment":"scroll","background-type":"","background-media":"","overlay-type":"","overlay-color":"","overlay-opacity":"","overlay-gradient":""},"mobile":{"background-color":"","background-image":"","background-repeat":"repeat","background-position":"center center","background-size":"auto","background-attachment":"scroll","background-type":"","background-media":"","overlay-type":"","overlay-color":"","overlay-opacity":"","overlay-gradient":""}},"ast-content-background-meta":{"desktop":{"background-color":"var(--ast-global-color-4)","background-image":"","background-repeat":"repeat","background-position":"center center","background-size":"auto","background-attachment":"scroll","background-type":"","background-media":"","overlay-type":"","overlay-color":"","overlay-opacity":"","overlay-gradient":""},"tablet":{"background-color":"var(--ast-global-color-4)","background-image":"","background-repeat":"repeat","background-position":"center center","background-size":"auto","background-attachment":"scroll","background-type":"","background-media":"","overlay-type":"","overlay-color":"","overlay-opacity":"","overlay-gradient":""},"mobile":{"background-color":"var(--ast-global-color-4)","background-image":"","background-repeat":"repeat","background-position":"center center","background-size":"auto","background-attachment":"scroll","background-type":"","background-media":"","overlay-type":"","overlay-color":"","overlay-opacity":"","overlay-gradient":""}},"_joinchat":[]},"product_brand":[],"product_cat":[20],"product_tag":[],"class_list":{"0":"post-1117","1":"product","2":"type-product","3":"status-publish","4":"has-post-thumbnail","6":"product_cat-compressores","7":"desktop-align-left","8":"tablet-align-left","9":"mobile-align-left","11":"first","12":"instock","13":"shipping-taxable","14":"purchasable","15":"product-type-simple"},"acf":{"titulo_ingles":"SEMI HERMETIC ELECTRICAL COMPRESSOR FRASCOLD THERMO KING V500 1021064 102-1064","descricao_ingles":"THERMO KING ORIGINAL FRASCOLD COMPRESSOR\r\n\r\nPART NUMBER: 1021064 102-1064 USED TO BE 1020858 102-858\r\nBRAND: FASCOLD\r\nTYPE: ELECTRIC SEMI AIR TIGHT\r\nMODEL: D2 11Y 3PH\r\nREFRIGERANT TYPE: R134A OR R404A\r\nLUBRICATION: 1.2 LITER OF OIL\r\nOIL TYPE: POLYOL ESTER FOR R134A AND R404A\r\nATTENTION: COMPRESSOR IS PROVIDED WITH OIL FOR STOCKING, EXCHANGE THE OIL WHEN INSTALLING\r\nCYCLES: 60 HZ\r\nVOLTAGE: 220V AND 380 V\r\nDISPLACEMENT: 11.3 M3\/HOUR\r\nMOTOR POWER: 2HP\r\nAMPERAGE CONSUMPTION: 11.8 AMP IN 220 VOLTS\r\nRPM: 1450\r\nAPPLICATION: V500 THERMO KING EQUIPMENTS AND SIMILAR\r\n\r\n- CHANGE THE COMPRESSOR OIL, CHECK OUT THE TYPE OF OIL IN THE COOLING SYSTEM (PAG OR POOLOIL)\r\n- CLEAN THE SYSTEM WITH R141B BEFORE REPLACEMENT.\r\n- CHECK THE WORK PRESSURES IF NECESSARY REPLACE THE EXPANSION VALVE.\r\n- EXCHANGE THE DEHYDRATOR FILTER\r\n\r\nMINCARONE RUIZ E CIA. LTDA. SINCE 1985 SERVING THE REFRIGERATED TRANSPORT MARKET\r\n\t\t\r\nTHERMO KING DEALER\r\n","titulo_espanhol":"COMPRESOR EL\u00c9CTRICO SEMI HERM\u00c9TICO FRASCOLD THERMO KING V500 1021064 102-1064","descricao_espanhol":"COMPRESOR FRASCOLD ORIGINAL THERMO KING\r\n\r\nN\u00daMERO DE REPUESTO: 1021064 102-1064 ERA 1020858 102-858\r\nMARCA: FASCOLD\r\nTIPO: SEMIHERM\u00c9TICO EL\u00c9CTRICO\r\nMODELO: D2 11Y 3PH\r\nTIPO DE REFRIGERANTE: R134A O R404A\r\nLUBRICACI\u00d3N: 1,2 LITROS DE ACEITE\r\nTIPO DE ACEITE: \u00c9STER POLIOL PARA R134A Y R404A\r\nATENCI\u00d3N: EL COMPRESOR SE PROPORCIONA CON ACEITE PARA ALMACENAMIENTO, CAMBIAR EL ACEITE AL INSTALAR\r\nCICLOS: 60 HZ\r\nTENSI\u00d3N: 220V Y 380V\r\nDESPLAZAMIENTO: 11,3 M3\/HORA\r\nPOTENCIA DEL MOTOR: 2HP\r\nCONSUMO DE AMPERAJE: 11,8 AMPERIOS EN 220 VOLTIOS\r\nRPM: 1450\r\nAPLICACI\u00d3N: EQUIPOS THERMO KING V500 Y SIMILARES\r\n\r\n- CAMBIAR ACEITE DEL COMPRESOR, VERIFICAR EL TIPO DE ACEITE DEL SISTEMA DE REFRIGERACI\u00d3N (PAG O POOLOIL)\r\n- LIMPIAR EL SISTEMA CON R141B ANTES DE SUSTITUIRLO.\r\n- COMPROBAR LAS PRESIONES DE TRABAJO SI ES NECESARIO SUSTITUIR LA V\u00c1LVULA DE EXPANSI\u00d3N.\r\n- CAMBIAR EL FILTRO DESHIDRATADOR\r\n\r\nMINCARONE RUIZ E CIA. LTDA. DESDE 1985 AL SERVICIO DEL MERCADO DEL TRANSPORTE REFRIGERADO\r\n\r\nCONCESIONARIO THERMO KING"},"_links":{"self":[{"href":"https:\/\/mincarone.net\/es\/wp-json\/wp\/v2\/product\/1117","targetHints":{"allow":["GET"]}}],"collection":[{"href":"https:\/\/mincarone.net\/es\/wp-json\/wp\/v2\/product"}],"about":[{"href":"https:\/\/mincarone.net\/es\/wp-json\/wp\/v2\/types\/product"}],"replies":[{"embeddable":true,"href":"https:\/\/mincarone.net\/es\/wp-json\/wp\/v2\/comments?post=1117"}],"wp:featuredmedia":[{"embeddable":true,"href":"https:\/\/mincarone.net\/es\/wp-json\/wp\/v2\/media\/1569"}],"wp:attachment":[{"href":"https:\/\/mincarone.net\/es\/wp-json\/wp\/v2\/media?parent=1117"}],"wp:term":[{"taxonomy":"product_brand","embeddable":true,"href":"https:\/\/mincarone.net\/es\/wp-json\/wp\/v2\/product_brand?post=1117"},{"taxonomy":"product_cat","embeddable":true,"href":"https:\/\/mincarone.net\/es\/wp-json\/wp\/v2\/product_cat?post=1117"},{"taxonomy":"product_tag","embeddable":true,"href":"https:\/\/mincarone.net\/es\/wp-json\/wp\/v2\/product_tag?post=1117"}],"curies":[{"name":"wp","href":"https:\/\/api.w.org\/{rel}","templated":true}]}}