{"id":12031,"date":"2024-09-05T20:43:55","date_gmt":"2024-09-05T23:43:55","guid":{"rendered":"http:\/\/net.mincarone.com.br\/produto\/12031\/"},"modified":"2026-04-08T17:58:35","modified_gmt":"2026-04-08T20:58:35","slug":"pressostato-de-alta-r404-r502-thermo-king-413847-41-3847-t-600-t-800","status":"publish","type":"product","link":"https:\/\/mincarone.net\/es\/producto\/pressostato-de-alta-r404-r502-thermo-king-413847-41-3847-t-600-t-800\/","title":{"rendered":"INTERRUPTOR - HPCO R404 R502 THERMO KING 413847 41-3847 T-600 T-800"},"content":{"rendered":"INTERRUPTOR DE ALTA PRESI\u00d3N - HPCO\r\n\r\nMARCA: THERMO KING\r\nN\u00daMERO DE REPUESTO: 413847 (41-3847)\r\nAPLICACI\u00d3N: T-600, T-680, T-800, T-880, T-1000, T-1080, T-1200, T-1280\r\nGAS: R404 \/ R502\t\r\n41PS17-4\r\n079R24\r\n1088A99G53\r\n3(3)A 240VAC\r\nPMAX-55 BAR PSH\r\n\r\n\r\nMINCARONE RUIZ E CIA. LTDA. DESDE 1985 AL SERVICIO DEL MERCADO DEL TRANSPORTE REFRIGERADO\r\n\t\r\nCONCESIONARIO THERMO KING","protected":false},"excerpt":{"rendered":"<p>INTERRUPTOR DE ALTA PRESI\u00d3N &#8211; HPCO MARCA: THERMO KING N\u00daMERO DE REPUESTO: 413847 (41-3847) APLICACI\u00d3N: T-600, T-680, T-800, T-880, T-1000, [&hellip;]<\/p>","protected":false},"featured_media":12723,"comment_status":"closed","ping_status":"closed","template":"","meta":{"_acf_changed":false,"site-sidebar-layout":"default","site-content-layout":"","ast-site-content-layout":"default","site-content-style":"default","site-sidebar-style":"default","ast-global-header-display":"","ast-banner-title-visibility":"","ast-main-header-display":"","ast-hfb-above-header-display":"","ast-hfb-below-header-display":"","ast-hfb-mobile-header-display":"","site-post-title":"","ast-breadcrumbs-content":"","ast-featured-img":"","footer-sml-layout":"","ast-disable-related-posts":"","theme-transparent-header-meta":"default","adv-header-id-meta":"","stick-header-meta":"default","header-above-stick-meta":"","header-main-stick-meta":"","header-below-stick-meta":"","astra-migrate-meta-layouts":"set","ast-page-background-enabled":"default","ast-page-background-meta":{"desktop":{"background-color":"var(--ast-global-color-5)","background-image":"","background-repeat":"repeat","background-position":"center center","background-size":"auto","background-attachment":"scroll","background-type":"","background-media":"","overlay-type":"","overlay-color":"","overlay-opacity":"","overlay-gradient":""},"tablet":{"background-color":"","background-image":"","background-repeat":"repeat","background-position":"center center","background-size":"auto","background-attachment":"scroll","background-type":"","background-media":"","overlay-type":"","overlay-color":"","overlay-opacity":"","overlay-gradient":""},"mobile":{"background-color":"","background-image":"","background-repeat":"repeat","background-position":"center center","background-size":"auto","background-attachment":"scroll","background-type":"","background-media":"","overlay-type":"","overlay-color":"","overlay-opacity":"","overlay-gradient":""}},"ast-content-background-meta":{"desktop":{"background-color":"var(--ast-global-color-4)","background-image":"","background-repeat":"repeat","background-position":"center center","background-size":"auto","background-attachment":"scroll","background-type":"","background-media":"","overlay-type":"","overlay-color":"","overlay-opacity":"","overlay-gradient":""},"tablet":{"background-color":"var(--ast-global-color-4)","background-image":"","background-repeat":"repeat","background-position":"center center","background-size":"auto","background-attachment":"scroll","background-type":"","background-media":"","overlay-type":"","overlay-color":"","overlay-opacity":"","overlay-gradient":""},"mobile":{"background-color":"var(--ast-global-color-4)","background-image":"","background-repeat":"repeat","background-position":"center center","background-size":"auto","background-attachment":"scroll","background-type":"","background-media":"","overlay-type":"","overlay-color":"","overlay-opacity":"","overlay-gradient":""}},"_joinchat":[]},"product_brand":[],"product_cat":[74],"product_tag":[],"class_list":{"0":"post-12031","1":"product","2":"type-product","3":"status-publish","4":"has-post-thumbnail","6":"product_cat-interruptores","7":"desktop-align-left","8":"tablet-align-left","9":"mobile-align-left","11":"first","12":"outofstock","13":"shipping-taxable","14":"purchasable","15":"product-type-simple"},"acf":{"titulo_ingles":"SWITCH - HPCO R404 R502 THERMO KING 413847 41-3847 T-600 T-800","descricao_ingles":"HIGH PRESSURE SWITCH - HPCO\r\n\t\t\r\nBRAND: THERMO KING\r\nPART NUMBER: 413847 (41-3847)\r\nAPPLICATION: T-600, T-680, T-800, T-880, T-1000, T-1080, T-1200, T-1280\r\nGAS: R404 \/ R502\r\n41PS17-4\t\r\n079R24\t\r\n1088A99G53\r\n3(3)A 240VAC\r\nPMAX-55 BAR PSH\r\n\r\n\r\nMINCARONE RUIZ E CIA. LTDA. SINCE 1985 SERVING THE REFRIGERATED TRANSPORT MARKET\r\n\t\t\r\nTHERMO KING DEALER\r\n","titulo_espanhol":"INTERRUPTOR - HPCO R404 R502 THERMO KING 413847 41-3847 T-600 T-800","descricao_espanhol":"INTERRUPTOR DE ALTA PRESI\u00d3N - HPCO\r\n\r\nMARCA: THERMO KING\r\nN\u00daMERO DE REPUESTO: 413847 (41-3847)\r\nAPLICACI\u00d3N: T-600, T-680, T-800, T-880, T-1000, T-1080, T-1200, T-1280\r\nGAS: R404 \/ R502\t\r\n41PS17-4\r\n079R24\r\n1088A99G53\r\n3(3)A 240VAC\r\nPMAX-55 BAR PSH\r\n\r\n\r\nMINCARONE RUIZ E CIA. LTDA. DESDE 1985 AL SERVICIO DEL MERCADO DEL TRANSPORTE REFRIGERADO\r\n\t\r\nCONCESIONARIO THERMO KING\r\n"},"_links":{"self":[{"href":"https:\/\/mincarone.net\/es\/wp-json\/wp\/v2\/product\/12031","targetHints":{"allow":["GET"]}}],"collection":[{"href":"https:\/\/mincarone.net\/es\/wp-json\/wp\/v2\/product"}],"about":[{"href":"https:\/\/mincarone.net\/es\/wp-json\/wp\/v2\/types\/product"}],"replies":[{"embeddable":true,"href":"https:\/\/mincarone.net\/es\/wp-json\/wp\/v2\/comments?post=12031"}],"wp:featuredmedia":[{"embeddable":true,"href":"https:\/\/mincarone.net\/es\/wp-json\/wp\/v2\/media\/12723"}],"wp:attachment":[{"href":"https:\/\/mincarone.net\/es\/wp-json\/wp\/v2\/media?parent=12031"}],"wp:term":[{"taxonomy":"product_brand","embeddable":true,"href":"https:\/\/mincarone.net\/es\/wp-json\/wp\/v2\/product_brand?post=12031"},{"taxonomy":"product_cat","embeddable":true,"href":"https:\/\/mincarone.net\/es\/wp-json\/wp\/v2\/product_cat?post=12031"},{"taxonomy":"product_tag","embeddable":true,"href":"https:\/\/mincarone.net\/es\/wp-json\/wp\/v2\/product_tag?post=12031"}],"curies":[{"name":"wp","href":"https:\/\/api.w.org\/{rel}","templated":true}]}}