{"id":1205,"date":"2023-10-10T14:43:07","date_gmt":"2023-10-10T17:43:07","guid":{"rendered":"http:\/\/net.mincarone.com.br\/produto\/kit-polia-arruela-thermo-king-sb3-190-210-310-super-2\/"},"modified":"2026-04-07T09:35:11","modified_gmt":"2026-04-07T12:35:11","slug":"kit-polia-arruela-thermo-king-sb3-190-210-310-super-2","status":"publish","type":"product","link":"https:\/\/mincarone.net\/es\/producto\/kit-polia-arruela-thermo-king-sb3-190-210-310-super-2\/","title":{"rendered":"POLEA DE TRANSMISI\u00d3N DEL VENTILADOR - THERMO KING SB3 SB190 SB210 SB310 SUPER-2 70-216"},"content":{"rendered":"POLEA - TRANSMISI\u00d3N DEL VENTILADOR\r\n\r\nMARCA: THERMO KING\r\nN\u00daMERO DE REPUESTO: 700216 70-216\r\nAPLICACI\u00d3N: SB3, SB190, SB210, SB310, SUPER-2\r\nMEDICIONES:\r\nINTERNO - 60MM\r\nEXTERNO - 185MM\r\nESPESOR - 25MM\r\n\r\nMINCARONE RUIZ E CIA. LTDA. DESDE 1985 AL SERVICIO DEL MERCADO DEL TRANSPORTE REFRIGERADO\r\n\t\r\nCONCESIONARIO THERMO KING","protected":false},"excerpt":{"rendered":"<p>POLEA &#8211; TRANSMISI\u00d3N DEL VENTILADOR MARCA: THERMO KING N\u00daMERO DE REPUESTO: 700216 70-216 APLICACI\u00d3N: SB3, SB190, SB210, SB310, SUPER-2 MEDICIONES: [&hellip;]<\/p>","protected":false},"featured_media":4038,"comment_status":"closed","ping_status":"closed","template":"","meta":{"_acf_changed":false,"site-sidebar-layout":"default","site-content-layout":"default","ast-site-content-layout":"default","site-content-style":"default","site-sidebar-style":"default","ast-global-header-display":"","ast-banner-title-visibility":"","ast-main-header-display":"","ast-hfb-above-header-display":"","ast-hfb-below-header-display":"","ast-hfb-mobile-header-display":"","site-post-title":"","ast-breadcrumbs-content":"","ast-featured-img":"","footer-sml-layout":"","ast-disable-related-posts":"","theme-transparent-header-meta":"default","adv-header-id-meta":"","stick-header-meta":"default","header-above-stick-meta":"","header-main-stick-meta":"","header-below-stick-meta":"","astra-migrate-meta-layouts":"default","ast-page-background-enabled":"default","ast-page-background-meta":{"desktop":{"background-color":"var(--ast-global-color-5)","background-image":"","background-repeat":"repeat","background-position":"center center","background-size":"auto","background-attachment":"scroll","background-type":"","background-media":"","overlay-type":"","overlay-color":"","overlay-opacity":"","overlay-gradient":""},"tablet":{"background-color":"","background-image":"","background-repeat":"repeat","background-position":"center center","background-size":"auto","background-attachment":"scroll","background-type":"","background-media":"","overlay-type":"","overlay-color":"","overlay-opacity":"","overlay-gradient":""},"mobile":{"background-color":"","background-image":"","background-repeat":"repeat","background-position":"center center","background-size":"auto","background-attachment":"scroll","background-type":"","background-media":"","overlay-type":"","overlay-color":"","overlay-opacity":"","overlay-gradient":""}},"ast-content-background-meta":{"desktop":{"background-color":"var(--ast-global-color-4)","background-image":"","background-repeat":"repeat","background-position":"center center","background-size":"auto","background-attachment":"scroll","background-type":"","background-media":"","overlay-type":"","overlay-color":"","overlay-opacity":"","overlay-gradient":""},"tablet":{"background-color":"var(--ast-global-color-4)","background-image":"","background-repeat":"repeat","background-position":"center center","background-size":"auto","background-attachment":"scroll","background-type":"","background-media":"","overlay-type":"","overlay-color":"","overlay-opacity":"","overlay-gradient":""},"mobile":{"background-color":"var(--ast-global-color-4)","background-image":"","background-repeat":"repeat","background-position":"center center","background-size":"auto","background-attachment":"scroll","background-type":"","background-media":"","overlay-type":"","overlay-color":"","overlay-opacity":"","overlay-gradient":""}},"_joinchat":[]},"product_brand":[],"product_cat":[89],"product_tag":[],"class_list":{"0":"post-1205","1":"product","2":"type-product","3":"status-publish","4":"has-post-thumbnail","6":"product_cat-itens-diversos","7":"desktop-align-left","8":"tablet-align-left","9":"mobile-align-left","11":"first","12":"instock","13":"shipping-taxable","14":"purchasable","15":"product-type-simple"},"acf":{"titulo_ingles":"PULLEY FAN DRIVE - THERMO KING SB3 SB190 SB210 SB310 SUPER-2 70-216","descricao_ingles":"PULLEY - FAN DRIVE\r\n\t\r\nBRAND: THERMO KING\r\nPART NUMBER: 700216 70-216\r\nAPPLICATION: SB3, SB190, SB210, SB310, SUPER-2\r\nMEASUREMENTS:\r\nINTERNAL - 60MM\r\nEXTERNAL - 185MM\r\nTHICKNESS - 25MM\t\r\n\t\t\r\nMINCARONE RUIZ E CIA. LTDA. SINCE 1985 SERVING THE REFRIGERATED TRANSPORT MARKET\r\n\t\t\r\nTHERMO KING DEALER\r\n","titulo_espanhol":"POLEA DE TRANSMISI\u00d3N DEL VENTILADOR - THERMO KING SB3 SB190 SB210 SB310 SUPER-2 70-216","descricao_espanhol":"POLEA - TRANSMISI\u00d3N DEL VENTILADOR\r\n\r\nMARCA: THERMO KING\r\nN\u00daMERO DE REPUESTO: 700216 70-216\r\nAPLICACI\u00d3N: SB3, SB190, SB210, SB310, SUPER-2\r\nMEDICIONES:\r\nINTERNO - 60MM\r\nEXTERNO - 185MM\r\nESPESOR - 25MM\r\n\r\nMINCARONE RUIZ E CIA. LTDA. DESDE 1985 AL SERVICIO DEL MERCADO DEL TRANSPORTE REFRIGERADO\r\n\t\r\nCONCESIONARIO THERMO KING\r\n"},"_links":{"self":[{"href":"https:\/\/mincarone.net\/es\/wp-json\/wp\/v2\/product\/1205","targetHints":{"allow":["GET"]}}],"collection":[{"href":"https:\/\/mincarone.net\/es\/wp-json\/wp\/v2\/product"}],"about":[{"href":"https:\/\/mincarone.net\/es\/wp-json\/wp\/v2\/types\/product"}],"replies":[{"embeddable":true,"href":"https:\/\/mincarone.net\/es\/wp-json\/wp\/v2\/comments?post=1205"}],"wp:featuredmedia":[{"embeddable":true,"href":"https:\/\/mincarone.net\/es\/wp-json\/wp\/v2\/media\/4038"}],"wp:attachment":[{"href":"https:\/\/mincarone.net\/es\/wp-json\/wp\/v2\/media?parent=1205"}],"wp:term":[{"taxonomy":"product_brand","embeddable":true,"href":"https:\/\/mincarone.net\/es\/wp-json\/wp\/v2\/product_brand?post=1205"},{"taxonomy":"product_cat","embeddable":true,"href":"https:\/\/mincarone.net\/es\/wp-json\/wp\/v2\/product_cat?post=1205"},{"taxonomy":"product_tag","embeddable":true,"href":"https:\/\/mincarone.net\/es\/wp-json\/wp\/v2\/product_tag?post=1205"}],"curies":[{"name":"wp","href":"https:\/\/api.w.org\/{rel}","templated":true}]}}