{"id":1231,"date":"2023-10-10T14:43:10","date_gmt":"2023-10-10T17:43:10","guid":{"rendered":"http:\/\/net.mincarone.com.br\/produto\/regulador-compressor-thermo-king-220784-x214-x426-x430\/"},"modified":"2026-04-07T17:51:14","modified_gmt":"2026-04-07T20:51:14","slug":"regulador-compressor-thermo-king-220784-22-784-x214-x426-x430","status":"publish","type":"product","link":"https:\/\/mincarone.net\/es\/producto\/regulador-compressor-thermo-king-220784-22-784-x214-x426-x430\/","title":{"rendered":"REGULADOR COMPRESOR THERMO KING 220784 X214 X426 X430"},"content":{"rendered":"REGULADOR PRESI\u00d3N ACEITE COMPRESOR THERMO KING\r\nX214, X426, X430\r\n\r\nMARCA: THERMO KING\r\nN\u00daMERO DE REPUESTO: 220784 22-784\r\nAPLICACI\u00d3N: T690, T800, T880, T890, T1090, MD100, MD200, MD300, SB1, SB2, SB3, SENTRY, SUPER2, KD, KD2, MD, MD2, SB190, SB200, SB210, SB230, SB310, SB330, SLX400, LRT\r\n\r\nMINCARONE RUIZ E CIA. LTDA. DESDE 1985 AL SERVICIO DEL MERCADO DEL TRANSPORTE REFRIGERADO\r\n\t\r\nCONCESIONARIO THERMO KING","protected":false},"excerpt":{"rendered":"<p>REGULADOR PRESI\u00d3N ACEITE COMPRESOR THERMO KING X214, X426, X430 MARCA: THERMO KING N\u00daMERO DE REPUESTO: 220784 22-784 APLICACI\u00d3N: T690, T800, [&hellip;]<\/p>","protected":false},"featured_media":2617,"comment_status":"closed","ping_status":"closed","template":"","meta":{"_acf_changed":false,"site-sidebar-layout":"default","site-content-layout":"default","ast-site-content-layout":"default","site-content-style":"default","site-sidebar-style":"default","ast-global-header-display":"","ast-banner-title-visibility":"","ast-main-header-display":"","ast-hfb-above-header-display":"","ast-hfb-below-header-display":"","ast-hfb-mobile-header-display":"","site-post-title":"","ast-breadcrumbs-content":"","ast-featured-img":"","footer-sml-layout":"","ast-disable-related-posts":"","theme-transparent-header-meta":"default","adv-header-id-meta":"","stick-header-meta":"default","header-above-stick-meta":"","header-main-stick-meta":"","header-below-stick-meta":"","astra-migrate-meta-layouts":"default","ast-page-background-enabled":"default","ast-page-background-meta":{"desktop":{"background-color":"var(--ast-global-color-5)","background-image":"","background-repeat":"repeat","background-position":"center center","background-size":"auto","background-attachment":"scroll","background-type":"","background-media":"","overlay-type":"","overlay-color":"","overlay-opacity":"","overlay-gradient":""},"tablet":{"background-color":"","background-image":"","background-repeat":"repeat","background-position":"center center","background-size":"auto","background-attachment":"scroll","background-type":"","background-media":"","overlay-type":"","overlay-color":"","overlay-opacity":"","overlay-gradient":""},"mobile":{"background-color":"","background-image":"","background-repeat":"repeat","background-position":"center center","background-size":"auto","background-attachment":"scroll","background-type":"","background-media":"","overlay-type":"","overlay-color":"","overlay-opacity":"","overlay-gradient":""}},"ast-content-background-meta":{"desktop":{"background-color":"var(--ast-global-color-4)","background-image":"","background-repeat":"repeat","background-position":"center center","background-size":"auto","background-attachment":"scroll","background-type":"","background-media":"","overlay-type":"","overlay-color":"","overlay-opacity":"","overlay-gradient":""},"tablet":{"background-color":"var(--ast-global-color-4)","background-image":"","background-repeat":"repeat","background-position":"center center","background-size":"auto","background-attachment":"scroll","background-type":"","background-media":"","overlay-type":"","overlay-color":"","overlay-opacity":"","overlay-gradient":""},"mobile":{"background-color":"var(--ast-global-color-4)","background-image":"","background-repeat":"repeat","background-position":"center center","background-size":"auto","background-attachment":"scroll","background-type":"","background-media":"","overlay-type":"","overlay-color":"","overlay-opacity":"","overlay-gradient":""}},"_joinchat":[]},"product_brand":[],"product_cat":[66],"product_tag":[],"class_list":{"0":"post-1231","1":"product","2":"type-product","3":"status-publish","4":"has-post-thumbnail","6":"product_cat-itens-compressor","7":"desktop-align-left","8":"tablet-align-left","9":"mobile-align-left","11":"first","12":"instock","13":"shipping-taxable","14":"purchasable","15":"product-type-simple"},"acf":{"titulo_ingles":"REGULATOR COMPRESSOR THERMO KING 220784 22-784 X214 X426 X430","descricao_ingles":"COMPRESSOR OIL PRESSURE REGULATOR THERMO KING\r\nX214, X426, X430\r\n\r\nBRAND: THERMO KING\r\nPART NUMBER: 220784 22-784\r\nAPPLICATION: T690, T800, T880, T890, T1090, MD100, MD200, MD300, SB1, SB2, SB3, SENTRY, SUPER2, KD, KD2, MD, MD2, SB190, SB200, SB210, SB230, SB310, SB330, SLX400, LRT\r\n\t\r\nMINCARONE RUIZ E CIA. LTDA. SINCE 1985 SERVING THE REFRIGERATED TRANSPORT MARKET\r\n\t\t\r\nTHERMO KING DEALER","titulo_espanhol":"REGULADOR COMPRESOR THERMO KING 220784 X214 X426 X430","descricao_espanhol":"REGULADOR PRESI\u00d3N ACEITE COMPRESOR THERMO KING\r\nX214, X426, X430\r\n\r\nMARCA: THERMO KING\r\nN\u00daMERO DE REPUESTO: 220784 22-784\r\nAPLICACI\u00d3N: T690, T800, T880, T890, T1090, MD100, MD200, MD300, SB1, SB2, SB3, SENTRY, SUPER2, KD, KD2, MD, MD2, SB190, SB200, SB210, SB230, SB310, SB330, SLX400, LRT\r\n\r\nMINCARONE RUIZ E CIA. LTDA. DESDE 1985 AL SERVICIO DEL MERCADO DEL TRANSPORTE REFRIGERADO\r\n\t\r\nCONCESIONARIO THERMO KING"},"_links":{"self":[{"href":"https:\/\/mincarone.net\/es\/wp-json\/wp\/v2\/product\/1231","targetHints":{"allow":["GET"]}}],"collection":[{"href":"https:\/\/mincarone.net\/es\/wp-json\/wp\/v2\/product"}],"about":[{"href":"https:\/\/mincarone.net\/es\/wp-json\/wp\/v2\/types\/product"}],"replies":[{"embeddable":true,"href":"https:\/\/mincarone.net\/es\/wp-json\/wp\/v2\/comments?post=1231"}],"wp:featuredmedia":[{"embeddable":true,"href":"https:\/\/mincarone.net\/es\/wp-json\/wp\/v2\/media\/2617"}],"wp:attachment":[{"href":"https:\/\/mincarone.net\/es\/wp-json\/wp\/v2\/media?parent=1231"}],"wp:term":[{"taxonomy":"product_brand","embeddable":true,"href":"https:\/\/mincarone.net\/es\/wp-json\/wp\/v2\/product_brand?post=1231"},{"taxonomy":"product_cat","embeddable":true,"href":"https:\/\/mincarone.net\/es\/wp-json\/wp\/v2\/product_cat?post=1231"},{"taxonomy":"product_tag","embeddable":true,"href":"https:\/\/mincarone.net\/es\/wp-json\/wp\/v2\/product_tag?post=1231"}],"curies":[{"name":"wp","href":"https:\/\/api.w.org\/{rel}","templated":true}]}}