{"id":1262,"date":"2023-10-10T14:43:14","date_gmt":"2023-10-10T17:43:14","guid":{"rendered":"http:\/\/net.mincarone.com.br\/produto\/tampa-grade-frontal-thermo-king-v500-2011-em-diante-988765\/"},"modified":"2026-04-07T09:35:09","modified_gmt":"2026-04-07T12:35:09","slug":"tampa-grade-frontal-thermo-king-v500-2011-em-diante-988765-98-8765","status":"publish","type":"product","link":"https:\/\/mincarone.net\/es\/producto\/tampa-grade-frontal-thermo-king-v500-2011-em-diante-988765-98-8765\/","title":{"rendered":"TAPA DE CONDENSADOR THERMO KING V500 POSTERIOR A 2011 98-8765 988765"},"content":{"rendered":"TAPA FRONTAL PARA EQUIPO V500 POSTERIORES A 2011 THERMO KING\r\n\r\nMARCA: THERMO KING\r\nREFERENCIA THERMO KING: 98-8765 988765\r\nAPLICACI\u00d3N: EQUIPO DE REFRIGERACI\u00d3N, MODELO V500 FABRICADO DESPU\u00c9S DE 2011\r\n\r\nMINCARONE RUIZ E CIA. LTDA. DESDE 1985 AL SERVICIO DEL MERCADO DEL TRANSPORTE REFRIGERADO\r\n\t\r\nCONCESIONARIO THERMO KING","protected":false},"excerpt":{"rendered":"<p>TAPA FRONTAL PARA EQUIPO V500 POSTERIORES A 2011 THERMO KING MARCA: THERMO KING REFERENCIA THERMO KING: 98-8765 988765 APLICACI\u00d3N: EQUIPO [&hellip;]<\/p>","protected":false},"featured_media":2824,"comment_status":"closed","ping_status":"closed","template":"","meta":{"_acf_changed":false,"site-sidebar-layout":"default","site-content-layout":"default","ast-site-content-layout":"default","site-content-style":"default","site-sidebar-style":"default","ast-global-header-display":"","ast-banner-title-visibility":"","ast-main-header-display":"","ast-hfb-above-header-display":"","ast-hfb-below-header-display":"","ast-hfb-mobile-header-display":"","site-post-title":"","ast-breadcrumbs-content":"","ast-featured-img":"","footer-sml-layout":"","ast-disable-related-posts":"","theme-transparent-header-meta":"default","adv-header-id-meta":"","stick-header-meta":"default","header-above-stick-meta":"","header-main-stick-meta":"","header-below-stick-meta":"","astra-migrate-meta-layouts":"default","ast-page-background-enabled":"default","ast-page-background-meta":{"desktop":{"background-color":"var(--ast-global-color-5)","background-image":"","background-repeat":"repeat","background-position":"center center","background-size":"auto","background-attachment":"scroll","background-type":"","background-media":"","overlay-type":"","overlay-color":"","overlay-opacity":"","overlay-gradient":""},"tablet":{"background-color":"","background-image":"","background-repeat":"repeat","background-position":"center center","background-size":"auto","background-attachment":"scroll","background-type":"","background-media":"","overlay-type":"","overlay-color":"","overlay-opacity":"","overlay-gradient":""},"mobile":{"background-color":"","background-image":"","background-repeat":"repeat","background-position":"center center","background-size":"auto","background-attachment":"scroll","background-type":"","background-media":"","overlay-type":"","overlay-color":"","overlay-opacity":"","overlay-gradient":""}},"ast-content-background-meta":{"desktop":{"background-color":"var(--ast-global-color-4)","background-image":"","background-repeat":"repeat","background-position":"center center","background-size":"auto","background-attachment":"scroll","background-type":"","background-media":"","overlay-type":"","overlay-color":"","overlay-opacity":"","overlay-gradient":""},"tablet":{"background-color":"var(--ast-global-color-4)","background-image":"","background-repeat":"repeat","background-position":"center center","background-size":"auto","background-attachment":"scroll","background-type":"","background-media":"","overlay-type":"","overlay-color":"","overlay-opacity":"","overlay-gradient":""},"mobile":{"background-color":"var(--ast-global-color-4)","background-image":"","background-repeat":"repeat","background-position":"center center","background-size":"auto","background-attachment":"scroll","background-type":"","background-media":"","overlay-type":"","overlay-color":"","overlay-opacity":"","overlay-gradient":""}},"_joinchat":[]},"product_brand":[],"product_cat":[89],"product_tag":[],"class_list":{"0":"post-1262","1":"product","2":"type-product","3":"status-publish","4":"has-post-thumbnail","6":"product_cat-itens-diversos","7":"desktop-align-left","8":"tablet-align-left","9":"mobile-align-left","11":"first","12":"instock","13":"shipping-taxable","14":"purchasable","15":"product-type-simple"},"acf":{"titulo_ingles":"CONDENSER COVER THERMO KING V500 AFTER 2011 98-8765 988765","descricao_ingles":"FRONTAL COVER FOR V500 EQUIPMENT AFTER 2011 THERMO KING\r\n\r\nBRAND: THERMO KING\r\nTHERMO KING REFERENCE: 98-8765 988765\r\nAPPLICATION: REFRIGERATION EQUIPMENT, MODEL V500 MANUFACTURED AFTER 2011\r\n\r\nMINCARONE RUIZ E CIA. LTDA. SINCE 1985 SERVING THE REFRIGERATED TRANSPORT MARKET\r\n\t\t\r\nTHERMO KING DEALER\r\n","titulo_espanhol":"TAPA DE CONDENSADOR THERMO KING V500 POSTERIOR A 2011 98-8765 988765","descricao_espanhol":"TAPA FRONTAL PARA EQUIPO V500 POSTERIORES A 2011 THERMO KING\r\n\r\nMARCA: THERMO KING\r\nREFERENCIA THERMO KING: 98-8765 988765\r\nAPLICACI\u00d3N: EQUIPO DE REFRIGERACI\u00d3N, MODELO V500 FABRICADO DESPU\u00c9S DE 2011\r\n\r\nMINCARONE RUIZ E CIA. LTDA. DESDE 1985 AL SERVICIO DEL MERCADO DEL TRANSPORTE REFRIGERADO\r\n\t\r\nCONCESIONARIO THERMO KING\r\n"},"_links":{"self":[{"href":"https:\/\/mincarone.net\/es\/wp-json\/wp\/v2\/product\/1262","targetHints":{"allow":["GET"]}}],"collection":[{"href":"https:\/\/mincarone.net\/es\/wp-json\/wp\/v2\/product"}],"about":[{"href":"https:\/\/mincarone.net\/es\/wp-json\/wp\/v2\/types\/product"}],"replies":[{"embeddable":true,"href":"https:\/\/mincarone.net\/es\/wp-json\/wp\/v2\/comments?post=1262"}],"wp:featuredmedia":[{"embeddable":true,"href":"https:\/\/mincarone.net\/es\/wp-json\/wp\/v2\/media\/2824"}],"wp:attachment":[{"href":"https:\/\/mincarone.net\/es\/wp-json\/wp\/v2\/media?parent=1262"}],"wp:term":[{"taxonomy":"product_brand","embeddable":true,"href":"https:\/\/mincarone.net\/es\/wp-json\/wp\/v2\/product_brand?post=1262"},{"taxonomy":"product_cat","embeddable":true,"href":"https:\/\/mincarone.net\/es\/wp-json\/wp\/v2\/product_cat?post=1262"},{"taxonomy":"product_tag","embeddable":true,"href":"https:\/\/mincarone.net\/es\/wp-json\/wp\/v2\/product_tag?post=1262"}],"curies":[{"name":"wp","href":"https:\/\/api.w.org\/{rel}","templated":true}]}}