{"id":1272,"date":"2023-10-10T14:43:15","date_gmt":"2023-10-10T17:43:15","guid":{"rendered":"http:\/\/net.mincarone.com.br\/produto\/transdutor-de-pressao-thermo-king-sb-transdutor-422827\/"},"modified":"2026-04-07T09:35:11","modified_gmt":"2026-04-07T12:35:11","slug":"transdutor-de-press-o-thermo-king-sb-transdutor-422827-42-2827","status":"publish","type":"product","link":"https:\/\/mincarone.net\/es\/producto\/transdutor-de-press-o-thermo-king-sb-transdutor-422827-42-2827\/","title":{"rendered":"SENSOR TRANSDUCTOR DE PRESI\u00d3N THERMO KING SB 422827 42-2827"},"content":{"rendered":"TRANSDUCTOR DE PRESI\u00d3N THERMO KING\r\n\r\nN\u00daMERO DE REPUESTO: 422827 42-2827 ERA 421309 42-1309 ERA 417959 41-7959 4152504 41-5204 \r\nPRESI\u00d3N: 500 PSI\r\nAPLICACI\u00d3N: EQUIPO THERMO KING, MODELOS SB TODOS Y PRECEDENTES\r\n\r\nMINCARONE RUIZ E CIA. LTDA. DESDE 1985 AL SERVICIO DEL MERCADO DEL TRANSPORTE REFRIGERADO\r\n\t\r\nCONCESIONARIO THERMO KING","protected":false},"excerpt":{"rendered":"<p>TRANSDUCTOR DE PRESI\u00d3N THERMO KING N\u00daMERO DE REPUESTO: 422827 42-2827 ERA 421309 42-1309 ERA 417959 41-7959 4152504 41-5204 PRESI\u00d3N: 500 [&hellip;]<\/p>","protected":false},"featured_media":2886,"comment_status":"closed","ping_status":"closed","template":"","meta":{"_acf_changed":false,"site-sidebar-layout":"default","site-content-layout":"default","ast-site-content-layout":"default","site-content-style":"default","site-sidebar-style":"default","ast-global-header-display":"","ast-banner-title-visibility":"","ast-main-header-display":"","ast-hfb-above-header-display":"","ast-hfb-below-header-display":"","ast-hfb-mobile-header-display":"","site-post-title":"","ast-breadcrumbs-content":"","ast-featured-img":"","footer-sml-layout":"","ast-disable-related-posts":"","theme-transparent-header-meta":"default","adv-header-id-meta":"","stick-header-meta":"default","header-above-stick-meta":"","header-main-stick-meta":"","header-below-stick-meta":"","astra-migrate-meta-layouts":"default","ast-page-background-enabled":"default","ast-page-background-meta":{"desktop":{"background-color":"var(--ast-global-color-5)","background-image":"","background-repeat":"repeat","background-position":"center center","background-size":"auto","background-attachment":"scroll","background-type":"","background-media":"","overlay-type":"","overlay-color":"","overlay-opacity":"","overlay-gradient":""},"tablet":{"background-color":"","background-image":"","background-repeat":"repeat","background-position":"center center","background-size":"auto","background-attachment":"scroll","background-type":"","background-media":"","overlay-type":"","overlay-color":"","overlay-opacity":"","overlay-gradient":""},"mobile":{"background-color":"","background-image":"","background-repeat":"repeat","background-position":"center center","background-size":"auto","background-attachment":"scroll","background-type":"","background-media":"","overlay-type":"","overlay-color":"","overlay-opacity":"","overlay-gradient":""}},"ast-content-background-meta":{"desktop":{"background-color":"var(--ast-global-color-4)","background-image":"","background-repeat":"repeat","background-position":"center center","background-size":"auto","background-attachment":"scroll","background-type":"","background-media":"","overlay-type":"","overlay-color":"","overlay-opacity":"","overlay-gradient":""},"tablet":{"background-color":"var(--ast-global-color-4)","background-image":"","background-repeat":"repeat","background-position":"center center","background-size":"auto","background-attachment":"scroll","background-type":"","background-media":"","overlay-type":"","overlay-color":"","overlay-opacity":"","overlay-gradient":""},"mobile":{"background-color":"var(--ast-global-color-4)","background-image":"","background-repeat":"repeat","background-position":"center center","background-size":"auto","background-attachment":"scroll","background-type":"","background-media":"","overlay-type":"","overlay-color":"","overlay-opacity":"","overlay-gradient":""}},"_joinchat":[]},"product_brand":[],"product_cat":[61],"product_tag":[],"class_list":{"0":"post-1272","1":"product","2":"type-product","3":"status-publish","4":"has-post-thumbnail","6":"product_cat-sensores","7":"desktop-align-left","8":"tablet-align-left","9":"mobile-align-left","11":"first","12":"instock","13":"featured","14":"shipping-taxable","15":"purchasable","16":"product-type-simple"},"acf":{"titulo_ingles":"PRESSURE SENSOR TRANSDUCER THERMO KING SB 422827 42-2827","descricao_ingles":"THERMO KING PRESSURE TRANSDUCER\r\n\r\nPART NUMBER: 422827 42-2827 USED TO BE 421309 42-1309\/ 417959 41-7959\/4152504 41-5204\r\nPRESSURE: 500 PSI\r\nAPPLICATION: THERMO KING EQUIPMENT SB MODELS ALL AND PRECEDENT\r\n\r\nMINCARONE RUIZ E CIA. LTDA. SINCE 1985 SERVING THE REFRIGERATED TRANSPORT MARKET\r\n\t\t\r\nTHERMO KING DEALER\r\n","titulo_espanhol":"SENSOR TRANSDUCTOR DE PRESI\u00d3N THERMO KING SB 422827 42-2827","descricao_espanhol":"TRANSDUCTOR DE PRESI\u00d3N THERMO KING\r\n\r\nN\u00daMERO DE REPUESTO: 422827 42-2827 ERA 421309 42-1309 ERA 417959 41-7959 4152504 41-5204 \r\nPRESI\u00d3N: 500 PSI\r\nAPLICACI\u00d3N: EQUIPO THERMO KING, MODELOS SB TODOS Y PRECEDENTES\r\n\r\nMINCARONE RUIZ E CIA. LTDA. DESDE 1985 AL SERVICIO DEL MERCADO DEL TRANSPORTE REFRIGERADO\r\n\t\r\nCONCESIONARIO THERMO KING\r\n"},"_links":{"self":[{"href":"https:\/\/mincarone.net\/es\/wp-json\/wp\/v2\/product\/1272","targetHints":{"allow":["GET"]}}],"collection":[{"href":"https:\/\/mincarone.net\/es\/wp-json\/wp\/v2\/product"}],"about":[{"href":"https:\/\/mincarone.net\/es\/wp-json\/wp\/v2\/types\/product"}],"replies":[{"embeddable":true,"href":"https:\/\/mincarone.net\/es\/wp-json\/wp\/v2\/comments?post=1272"}],"wp:featuredmedia":[{"embeddable":true,"href":"https:\/\/mincarone.net\/es\/wp-json\/wp\/v2\/media\/2886"}],"wp:attachment":[{"href":"https:\/\/mincarone.net\/es\/wp-json\/wp\/v2\/media?parent=1272"}],"wp:term":[{"taxonomy":"product_brand","embeddable":true,"href":"https:\/\/mincarone.net\/es\/wp-json\/wp\/v2\/product_brand?post=1272"},{"taxonomy":"product_cat","embeddable":true,"href":"https:\/\/mincarone.net\/es\/wp-json\/wp\/v2\/product_cat?post=1272"},{"taxonomy":"product_tag","embeddable":true,"href":"https:\/\/mincarone.net\/es\/wp-json\/wp\/v2\/product_tag?post=1272"}],"curies":[{"name":"wp","href":"https:\/\/api.w.org\/{rel}","templated":true}]}}