{"id":1276,"date":"2023-10-10T14:43:16","date_gmt":"2023-10-10T17:43:16","guid":{"rendered":"http:\/\/net.mincarone.com.br\/produto\/transformador-thermo-king-v500-700va\/"},"modified":"2026-04-09T17:46:50","modified_gmt":"2026-04-09T20:46:50","slug":"transformador-thermo-king-v500-700va-417943-41-7943","status":"publish","type":"product","link":"https:\/\/mincarone.net\/es\/producto\/transformador-thermo-king-v500-700va-417943-41-7943\/","title":{"rendered":"TRANSFORMADOR 700VA  - THERMO KING V500 41-7943 417943"},"content":{"rendered":"TRANSFORMADOR 700VA\r\n\r\nMARCA: THERMO KING\r\nPOTENCIA: 700VA\r\nTENSI\u00d3N: ENTRADA 220\/380 VOLTIOS SALIDA 12\/24 VOLTIOS\r\nN\u00daMERO DE REPUESTO: 41-7943 417943\r\nAPLICACI\u00d3N: V500 Y EQUIPOS DE REFRIGERACI\u00d3N PARA VEH\u00cdCULOS DE TRANSPORTE REFRIGERADOS CON HASTA 5 ELECTROVENTILADORES EN TOTAL. \r\n\r\nMINCARONE RUIZ E CIA. LTDA. DESDE 1985 AL SERVICIO DEL MERCADO DEL TRANSPORTE REFRIGERADO\r\n\t\r\nCONCESIONARIO THERMO KING","protected":false},"excerpt":{"rendered":"<p>TRANSFORMADOR 700VA MARCA: THERMO KING POTENCIA: 700VA TENSI\u00d3N: ENTRADA 220\/380 VOLTIOS SALIDA 12\/24 VOLTIOS N\u00daMERO DE REPUESTO: 41-7943 417943 APLICACI\u00d3N: [&hellip;]<\/p>","protected":false},"featured_media":2918,"comment_status":"open","ping_status":"closed","template":"","meta":{"_acf_changed":false,"site-sidebar-layout":"default","site-content-layout":"default","ast-site-content-layout":"default","site-content-style":"default","site-sidebar-style":"default","ast-global-header-display":"","ast-banner-title-visibility":"","ast-main-header-display":"","ast-hfb-above-header-display":"","ast-hfb-below-header-display":"","ast-hfb-mobile-header-display":"","site-post-title":"","ast-breadcrumbs-content":"","ast-featured-img":"","footer-sml-layout":"","ast-disable-related-posts":"","theme-transparent-header-meta":"default","adv-header-id-meta":"","stick-header-meta":"default","header-above-stick-meta":"","header-main-stick-meta":"","header-below-stick-meta":"","astra-migrate-meta-layouts":"default","ast-page-background-enabled":"default","ast-page-background-meta":{"desktop":{"background-color":"var(--ast-global-color-5)","background-image":"","background-repeat":"repeat","background-position":"center center","background-size":"auto","background-attachment":"scroll","background-type":"","background-media":"","overlay-type":"","overlay-color":"","overlay-opacity":"","overlay-gradient":""},"tablet":{"background-color":"","background-image":"","background-repeat":"repeat","background-position":"center center","background-size":"auto","background-attachment":"scroll","background-type":"","background-media":"","overlay-type":"","overlay-color":"","overlay-opacity":"","overlay-gradient":""},"mobile":{"background-color":"","background-image":"","background-repeat":"repeat","background-position":"center center","background-size":"auto","background-attachment":"scroll","background-type":"","background-media":"","overlay-type":"","overlay-color":"","overlay-opacity":"","overlay-gradient":""}},"ast-content-background-meta":{"desktop":{"background-color":"var(--ast-global-color-4)","background-image":"","background-repeat":"repeat","background-position":"center center","background-size":"auto","background-attachment":"scroll","background-type":"","background-media":"","overlay-type":"","overlay-color":"","overlay-opacity":"","overlay-gradient":""},"tablet":{"background-color":"var(--ast-global-color-4)","background-image":"","background-repeat":"repeat","background-position":"center center","background-size":"auto","background-attachment":"scroll","background-type":"","background-media":"","overlay-type":"","overlay-color":"","overlay-opacity":"","overlay-gradient":""},"mobile":{"background-color":"var(--ast-global-color-4)","background-image":"","background-repeat":"repeat","background-position":"center center","background-size":"auto","background-attachment":"scroll","background-type":"","background-media":"","overlay-type":"","overlay-color":"","overlay-opacity":"","overlay-gradient":""}},"_joinchat":[]},"product_brand":[],"product_cat":[76],"product_tag":[],"class_list":{"0":"post-1276","1":"product","2":"type-product","3":"status-publish","4":"has-post-thumbnail","6":"product_cat-componentes-eletricos","7":"desktop-align-left","8":"tablet-align-left","9":"mobile-align-left","11":"first","12":"instock","13":"shipping-taxable","14":"purchasable","15":"product-type-simple"},"acf":{"titulo_ingles":"TRANSFORMER 700VA - THERMO KING V500 41-7943 417943","descricao_ingles":"TRANSFORMER 700VA\r\n\r\nBRAND: THERMO KING\r\nPOWER: 700VA\r\nVOLTAGE: INPUT 220\/380 VOLTS OUTPUT 12\/24 VOLTS\r\nPART NUMBER: 41-7943 417943\r\nAPPLICATION: V500 AND REFRIGERATION EQUIPMENT FOR REFRIGERATED TRANSPORT VEHICLES WITH UP TO 5 ELECTRO FANS IN TOTAL\r\n\r\nMINCARONE RUIZ E CIA. LTDA. SINCE 1985 SERVING THE REFRIGERATED TRANSPORT MARKET\r\n\t\t\r\nTHERMO KING DEALER\r\n","titulo_espanhol":"TRANSFORMADOR 700VA  - THERMO KING V500 41-7943 417943","descricao_espanhol":"TRANSFORMADOR 700VA\r\n\r\nMARCA: THERMO KING\r\nPOTENCIA: 700VA\r\nTENSI\u00d3N: ENTRADA 220\/380 VOLTIOS SALIDA 12\/24 VOLTIOS\r\nN\u00daMERO DE REPUESTO: 41-7943 417943\r\nAPLICACI\u00d3N: V500 Y EQUIPOS DE REFRIGERACI\u00d3N PARA VEH\u00cdCULOS DE TRANSPORTE REFRIGERADOS CON HASTA 5 ELECTROVENTILADORES EN TOTAL. \r\n\r\nMINCARONE RUIZ E CIA. LTDA. DESDE 1985 AL SERVICIO DEL MERCADO DEL TRANSPORTE REFRIGERADO\r\n\t\r\nCONCESIONARIO THERMO KING\r\n"},"_links":{"self":[{"href":"https:\/\/mincarone.net\/es\/wp-json\/wp\/v2\/product\/1276","targetHints":{"allow":["GET"]}}],"collection":[{"href":"https:\/\/mincarone.net\/es\/wp-json\/wp\/v2\/product"}],"about":[{"href":"https:\/\/mincarone.net\/es\/wp-json\/wp\/v2\/types\/product"}],"replies":[{"embeddable":true,"href":"https:\/\/mincarone.net\/es\/wp-json\/wp\/v2\/comments?post=1276"}],"wp:featuredmedia":[{"embeddable":true,"href":"https:\/\/mincarone.net\/es\/wp-json\/wp\/v2\/media\/2918"}],"wp:attachment":[{"href":"https:\/\/mincarone.net\/es\/wp-json\/wp\/v2\/media?parent=1276"}],"wp:term":[{"taxonomy":"product_brand","embeddable":true,"href":"https:\/\/mincarone.net\/es\/wp-json\/wp\/v2\/product_brand?post=1276"},{"taxonomy":"product_cat","embeddable":true,"href":"https:\/\/mincarone.net\/es\/wp-json\/wp\/v2\/product_cat?post=1276"},{"taxonomy":"product_tag","embeddable":true,"href":"https:\/\/mincarone.net\/es\/wp-json\/wp\/v2\/product_tag?post=1276"}],"curies":[{"name":"wp","href":"https:\/\/api.w.org\/{rel}","templated":true}]}}