{"id":1277,"date":"2023-10-10T14:43:16","date_gmt":"2023-10-10T17:43:16","guid":{"rendered":"http:\/\/net.mincarone.com.br\/produto\/valvula-alivio-seguranca-thermo-king-667392-p-varios-modelos\/"},"modified":"2026-04-07T09:35:12","modified_gmt":"2026-04-07T12:35:12","slug":"v-lvula-alivio-seguran-a-thermo-king-667392-66-7392-p-varios-modelos","status":"publish","type":"product","link":"https:\/\/mincarone.net\/es\/producto\/v-lvula-alivio-seguran-a-thermo-king-667392-66-7392-p-varios-modelos\/","title":{"rendered":"V\u00c1LVULA ALIVIO PRESI\u00d3N THERMO KING 66-7392 667392"},"content":{"rendered":"V\u00c1LVULA ALIVIO PRESI\u00d3N THERMO KING\r\n\r\nMARCA: THERMO KING\r\nN\u00daMERO DE REPUESTO: 667392 66-7392 ERA 666543 66-6543\r\nREFERENCIA OEM: 9177C64G02\r\nAPLICACI\u00d3N: CB S30 S40 SR50 RT MRT LRT Y OTROS MODELOS\r\n\r\nMINCARONE RUIZ E CIA. LTDA. DESDE 1985 AL SERVICIO DEL MERCADO DEL TRANSPORTE REFRIGERADO\r\n\t\r\nCONCESIONARIO THERMO KING","protected":false},"excerpt":{"rendered":"<p>V\u00c1LVULA ALIVIO PRESI\u00d3N THERMO KING MARCA: THERMO KING N\u00daMERO DE REPUESTO: 667392 66-7392 ERA 666543 66-6543 REFERENCIA OEM: 9177C64G02 APLICACI\u00d3N: [&hellip;]<\/p>","protected":false},"featured_media":2924,"comment_status":"open","ping_status":"closed","template":"","meta":{"_acf_changed":false,"site-sidebar-layout":"default","site-content-layout":"default","ast-site-content-layout":"default","site-content-style":"default","site-sidebar-style":"default","ast-global-header-display":"","ast-banner-title-visibility":"","ast-main-header-display":"","ast-hfb-above-header-display":"","ast-hfb-below-header-display":"","ast-hfb-mobile-header-display":"","site-post-title":"","ast-breadcrumbs-content":"","ast-featured-img":"","footer-sml-layout":"","ast-disable-related-posts":"","theme-transparent-header-meta":"default","adv-header-id-meta":"","stick-header-meta":"default","header-above-stick-meta":"","header-main-stick-meta":"","header-below-stick-meta":"","astra-migrate-meta-layouts":"default","ast-page-background-enabled":"default","ast-page-background-meta":{"desktop":{"background-color":"var(--ast-global-color-5)","background-image":"","background-repeat":"repeat","background-position":"center center","background-size":"auto","background-attachment":"scroll","background-type":"","background-media":"","overlay-type":"","overlay-color":"","overlay-opacity":"","overlay-gradient":""},"tablet":{"background-color":"","background-image":"","background-repeat":"repeat","background-position":"center center","background-size":"auto","background-attachment":"scroll","background-type":"","background-media":"","overlay-type":"","overlay-color":"","overlay-opacity":"","overlay-gradient":""},"mobile":{"background-color":"","background-image":"","background-repeat":"repeat","background-position":"center center","background-size":"auto","background-attachment":"scroll","background-type":"","background-media":"","overlay-type":"","overlay-color":"","overlay-opacity":"","overlay-gradient":""}},"ast-content-background-meta":{"desktop":{"background-color":"var(--ast-global-color-4)","background-image":"","background-repeat":"repeat","background-position":"center center","background-size":"auto","background-attachment":"scroll","background-type":"","background-media":"","overlay-type":"","overlay-color":"","overlay-opacity":"","overlay-gradient":""},"tablet":{"background-color":"var(--ast-global-color-4)","background-image":"","background-repeat":"repeat","background-position":"center center","background-size":"auto","background-attachment":"scroll","background-type":"","background-media":"","overlay-type":"","overlay-color":"","overlay-opacity":"","overlay-gradient":""},"mobile":{"background-color":"var(--ast-global-color-4)","background-image":"","background-repeat":"repeat","background-position":"center center","background-size":"auto","background-attachment":"scroll","background-type":"","background-media":"","overlay-type":"","overlay-color":"","overlay-opacity":"","overlay-gradient":""}},"_joinchat":[]},"product_brand":[],"product_cat":[70],"product_tag":[],"class_list":{"0":"post-1277","1":"product","2":"type-product","3":"status-publish","4":"has-post-thumbnail","6":"product_cat-valvulas","7":"desktop-align-left","8":"tablet-align-left","9":"mobile-align-left","11":"first","12":"instock","13":"shipping-taxable","14":"purchasable","15":"product-type-simple"},"acf":{"titulo_ingles":"VALVE PRESSURE RELIEF - THERMO KING 66-7392 667392","descricao_ingles":"PRESSURE RELIEF VALVE\r\n\r\nBRAND: THERMO KING\r\nPART NUMBER: 667392 66-7392 USED TO BE 666543 66-6543\r\nOEM REFERENCE: 9177C64G02\r\nAPPLICATION: CB S30 S40 SR50 RT MRT LRT AND OTHER MODELS\r\n\r\nMINCARONE RUIZ E CIA. LTDA. SINCE 1985 SERVING THE REFRIGERATED TRANSPORT MARKET\r\n\t\t\r\nTHERMO KING DEALER\r\n","titulo_espanhol":"V\u00c1LVULA ALIVIO PRESI\u00d3N THERMO KING 66-7392 667392","descricao_espanhol":"V\u00c1LVULA ALIVIO PRESI\u00d3N THERMO KING\r\n\r\nMARCA: THERMO KING\r\nN\u00daMERO DE REPUESTO: 667392 66-7392 ERA 666543 66-6543\r\nREFERENCIA OEM: 9177C64G02\r\nAPLICACI\u00d3N: CB S30 S40 SR50 RT MRT LRT Y OTROS MODELOS\r\n\r\nMINCARONE RUIZ E CIA. LTDA. DESDE 1985 AL SERVICIO DEL MERCADO DEL TRANSPORTE REFRIGERADO\r\n\t\r\nCONCESIONARIO THERMO KING\r\n"},"_links":{"self":[{"href":"https:\/\/mincarone.net\/es\/wp-json\/wp\/v2\/product\/1277","targetHints":{"allow":["GET"]}}],"collection":[{"href":"https:\/\/mincarone.net\/es\/wp-json\/wp\/v2\/product"}],"about":[{"href":"https:\/\/mincarone.net\/es\/wp-json\/wp\/v2\/types\/product"}],"replies":[{"embeddable":true,"href":"https:\/\/mincarone.net\/es\/wp-json\/wp\/v2\/comments?post=1277"}],"wp:featuredmedia":[{"embeddable":true,"href":"https:\/\/mincarone.net\/es\/wp-json\/wp\/v2\/media\/2924"}],"wp:attachment":[{"href":"https:\/\/mincarone.net\/es\/wp-json\/wp\/v2\/media?parent=1277"}],"wp:term":[{"taxonomy":"product_brand","embeddable":true,"href":"https:\/\/mincarone.net\/es\/wp-json\/wp\/v2\/product_brand?post=1277"},{"taxonomy":"product_cat","embeddable":true,"href":"https:\/\/mincarone.net\/es\/wp-json\/wp\/v2\/product_cat?post=1277"},{"taxonomy":"product_tag","embeddable":true,"href":"https:\/\/mincarone.net\/es\/wp-json\/wp\/v2\/product_tag?post=1277"}],"curies":[{"name":"wp","href":"https:\/\/api.w.org\/{rel}","templated":true}]}}