{"id":1282,"date":"2023-10-10T14:43:16","date_gmt":"2023-10-10T17:43:16","guid":{"rendered":"http:\/\/net.mincarone.com.br\/produto\/valvula-expansao-sporlan-y1238-sse-3-z-thermo-king-sb-619227\/"},"modified":"2026-04-07T09:35:08","modified_gmt":"2026-04-07T12:35:08","slug":"v-lvula-expans-o-sporlan-y1238-sse-3-z-thermo-king-sb-619227-61-9227","status":"publish","type":"product","link":"https:\/\/mincarone.net\/es\/producto\/v-lvula-expans-o-sporlan-y1238-sse-3-z-thermo-king-sb-619227-61-9227\/","title":{"rendered":"V\u00c1LVULA DE EXPANSI\u00d3N SPORLAN Y1238-SSE-3-Z THERMO KING SB 61-9227 619227"},"content":{"rendered":"V\u00c1LVULA DE EXPANSI\u00d3N SPORLAN THERMO KING\r\n\r\nMARCA: SPORLAN \/ THERMO KING\r\nMODELO :Y1238-SSE-3-Z\r\nREFRIGERANTE: R404A R402A\/404A\/452A\/507\r\nN\u00daMERO DE REPUESTO: 61-9227 ERA 61-1900\r\nV\u00c1LVULA DE EXPANSI\u00d3N SPORLAN L PARA EQUIPOS DE REFRIGERACI\u00d3N THERMO KING MODELOS SB190 200 210 230 300 330\r\n\r\nMINCARONE RUIZ E CIA. LTDA. DESDE 1985 AL SERVICIO DEL MERCADO DEL TRANSPORTE REFRIGERADO\r\n\t\r\nCONCESIONARIO THERMO KING","protected":false},"excerpt":{"rendered":"<p>V\u00c1LVULA DE EXPANSI\u00d3N SPORLAN THERMO KING MARCA: SPORLAN \/ THERMO KING MODELO :Y1238-SSE-3-Z REFRIGERANTE: R404A R402A\/404A\/452A\/507 N\u00daMERO DE REPUESTO: 61-9227 [&hellip;]<\/p>","protected":false},"featured_media":2953,"comment_status":"open","ping_status":"closed","template":"","meta":{"_acf_changed":false,"site-sidebar-layout":"default","site-content-layout":"default","ast-site-content-layout":"default","site-content-style":"default","site-sidebar-style":"default","ast-global-header-display":"","ast-banner-title-visibility":"","ast-main-header-display":"","ast-hfb-above-header-display":"","ast-hfb-below-header-display":"","ast-hfb-mobile-header-display":"","site-post-title":"","ast-breadcrumbs-content":"","ast-featured-img":"","footer-sml-layout":"","ast-disable-related-posts":"","theme-transparent-header-meta":"default","adv-header-id-meta":"","stick-header-meta":"default","header-above-stick-meta":"","header-main-stick-meta":"","header-below-stick-meta":"","astra-migrate-meta-layouts":"default","ast-page-background-enabled":"default","ast-page-background-meta":{"desktop":{"background-color":"var(--ast-global-color-5)","background-image":"","background-repeat":"repeat","background-position":"center center","background-size":"auto","background-attachment":"scroll","background-type":"","background-media":"","overlay-type":"","overlay-color":"","overlay-opacity":"","overlay-gradient":""},"tablet":{"background-color":"","background-image":"","background-repeat":"repeat","background-position":"center center","background-size":"auto","background-attachment":"scroll","background-type":"","background-media":"","overlay-type":"","overlay-color":"","overlay-opacity":"","overlay-gradient":""},"mobile":{"background-color":"","background-image":"","background-repeat":"repeat","background-position":"center center","background-size":"auto","background-attachment":"scroll","background-type":"","background-media":"","overlay-type":"","overlay-color":"","overlay-opacity":"","overlay-gradient":""}},"ast-content-background-meta":{"desktop":{"background-color":"var(--ast-global-color-4)","background-image":"","background-repeat":"repeat","background-position":"center center","background-size":"auto","background-attachment":"scroll","background-type":"","background-media":"","overlay-type":"","overlay-color":"","overlay-opacity":"","overlay-gradient":""},"tablet":{"background-color":"var(--ast-global-color-4)","background-image":"","background-repeat":"repeat","background-position":"center center","background-size":"auto","background-attachment":"scroll","background-type":"","background-media":"","overlay-type":"","overlay-color":"","overlay-opacity":"","overlay-gradient":""},"mobile":{"background-color":"var(--ast-global-color-4)","background-image":"","background-repeat":"repeat","background-position":"center center","background-size":"auto","background-attachment":"scroll","background-type":"","background-media":"","overlay-type":"","overlay-color":"","overlay-opacity":"","overlay-gradient":""}},"_joinchat":[]},"product_brand":[],"product_cat":[70],"product_tag":[],"class_list":{"0":"post-1282","1":"product","2":"type-product","3":"status-publish","4":"has-post-thumbnail","6":"product_cat-valvulas","7":"desktop-align-left","8":"tablet-align-left","9":"mobile-align-left","11":"first","12":"instock","13":"shipping-taxable","14":"purchasable","15":"product-type-simple"},"acf":{"titulo_ingles":"EXPANSION VALVE SPORLAN Y1238-SSE-3-Z THERMO KING SB 61-9227 619227","descricao_ingles":"EXPANSION VALVE SPORLAN THERMO KING\r\n\r\nBRAND: SPORLAN \/ THERMO KING\r\nMODEL :Y1238-SSE-3-Z\r\nREFRIGERANT: R404A R402A\/404A\/452A\/507\r\nPART NUMBER: 61-9227 WAS 61-1900\r\nSPORLAN L EXPANSION VALVE FOR THERMO KING REFRIGERATION EQUIPMENT MODELS SB190 200 210 230 300 330\r\n\r\nMINCARONE RUIZ E CIA. LTDA. SINCE 1985 SERVING THE REFRIGERATED TRANSPORT MARKET\r\n\t\t\r\nTHERMO KING DEALER\r\n","titulo_espanhol":"V\u00c1LVULA DE EXPANSI\u00d3N SPORLAN Y1238-SSE-3-Z THERMO KING SB 61-9227 619227","descricao_espanhol":"V\u00c1LVULA DE EXPANSI\u00d3N SPORLAN THERMO KING\r\n\r\nMARCA: SPORLAN \/ THERMO KING\r\nMODELO :Y1238-SSE-3-Z\r\nREFRIGERANTE: R404A R402A\/404A\/452A\/507\r\nN\u00daMERO DE REPUESTO: 61-9227 ERA 61-1900\r\nV\u00c1LVULA DE EXPANSI\u00d3N SPORLAN L PARA EQUIPOS DE REFRIGERACI\u00d3N THERMO KING MODELOS SB190 200 210 230 300 330\r\n\r\nMINCARONE RUIZ E CIA. LTDA. DESDE 1985 AL SERVICIO DEL MERCADO DEL TRANSPORTE REFRIGERADO\r\n\t\r\nCONCESIONARIO THERMO KING\r\n"},"_links":{"self":[{"href":"https:\/\/mincarone.net\/es\/wp-json\/wp\/v2\/product\/1282","targetHints":{"allow":["GET"]}}],"collection":[{"href":"https:\/\/mincarone.net\/es\/wp-json\/wp\/v2\/product"}],"about":[{"href":"https:\/\/mincarone.net\/es\/wp-json\/wp\/v2\/types\/product"}],"replies":[{"embeddable":true,"href":"https:\/\/mincarone.net\/es\/wp-json\/wp\/v2\/comments?post=1282"}],"wp:featuredmedia":[{"embeddable":true,"href":"https:\/\/mincarone.net\/es\/wp-json\/wp\/v2\/media\/2953"}],"wp:attachment":[{"href":"https:\/\/mincarone.net\/es\/wp-json\/wp\/v2\/media?parent=1282"}],"wp:term":[{"taxonomy":"product_brand","embeddable":true,"href":"https:\/\/mincarone.net\/es\/wp-json\/wp\/v2\/product_brand?post=1282"},{"taxonomy":"product_cat","embeddable":true,"href":"https:\/\/mincarone.net\/es\/wp-json\/wp\/v2\/product_cat?post=1282"},{"taxonomy":"product_tag","embeddable":true,"href":"https:\/\/mincarone.net\/es\/wp-json\/wp\/v2\/product_tag?post=1282"}],"curies":[{"name":"wp","href":"https:\/\/api.w.org\/{rel}","templated":true}]}}