{"id":1288,"date":"2023-10-10T14:43:17","date_gmt":"2023-10-10T17:43:17","guid":{"rendered":"http:\/\/net.mincarone.com.br\/produto\/valvula-reguladora-pressao-thermo-king-linha-t-md300-kd2-md2\/"},"modified":"2026-04-07T17:51:08","modified_gmt":"2026-04-07T20:51:08","slug":"v-lvula-reguladora-press-o-thermo-king-linha-t-md300-kd2-md2-614527-61-4527","status":"publish","type":"product","link":"https:\/\/mincarone.net\/es\/producto\/v-lvula-reguladora-press-o-thermo-king-linha-t-md300-kd2-md2-614527-61-4527\/","title":{"rendered":"V\u00c1LVULA DE SUCCI\u00d3N - REGULADOR DE PRESI\u00d3N THERMO KING SERIE T MD300 KD2 MD2 61-4527 614527"},"content":{"rendered":"V\u00c1LVULA REGULADOR DE PRESI\u00d3N ASPIRACI\u00d3N THERMO KING LINHA T\r\n\r\nMARCA: THERMO KING\r\nN\u00daMERO DE REPUESTO: 614527 61-4527 ERA 612990 61-2990\r\nREFERENCIA OEM: 1E53275G01\r\nREFERENCIA DEL FABRICANTE: KVL68 1160\r\nMEDIDAS: TUBO 1\" 1\/4 ENTRADA Y SALIDA 1\"\r\nCARACTER\u00cdSTICAS: 1.4 A 5.1 BAR - 20 A 75 PSIG - PS18 BAR MWP 260 PSIG\r\nAPLICACI\u00d3N: MODELOS UNIVERSAL Y THERMO KING MDII KDII BKD MD100 MD200 MD300 T600 T680 T800R T880R T1000 T1200 OTROS\r\n\r\nMINCARONE RUIZ E CIA. LTDA. DESDE 1985 AL SERVICIO DEL MERCADO DEL TRANSPORTE REFRIGERADO\r\n\t\r\nCONCESIONARIO THERMO KING","protected":false},"excerpt":{"rendered":"<p>V\u00c1LVULA REGULADOR DE PRESI\u00d3N ASPIRACI\u00d3N THERMO KING LINHA T MARCA: THERMO KING N\u00daMERO DE REPUESTO: 614527 61-4527 ERA 612990 61-2990 [&hellip;]<\/p>","protected":false},"featured_media":2985,"comment_status":"closed","ping_status":"closed","template":"","meta":{"_acf_changed":false,"site-sidebar-layout":"default","site-content-layout":"default","ast-site-content-layout":"default","site-content-style":"default","site-sidebar-style":"default","ast-global-header-display":"","ast-banner-title-visibility":"","ast-main-header-display":"","ast-hfb-above-header-display":"","ast-hfb-below-header-display":"","ast-hfb-mobile-header-display":"","site-post-title":"","ast-breadcrumbs-content":"","ast-featured-img":"","footer-sml-layout":"","ast-disable-related-posts":"","theme-transparent-header-meta":"default","adv-header-id-meta":"","stick-header-meta":"default","header-above-stick-meta":"","header-main-stick-meta":"","header-below-stick-meta":"","astra-migrate-meta-layouts":"set","ast-page-background-enabled":"default","ast-page-background-meta":{"desktop":{"background-color":"var(--ast-global-color-5)","background-image":"","background-repeat":"repeat","background-position":"center center","background-size":"auto","background-attachment":"scroll","background-type":"","background-media":"","overlay-type":"","overlay-color":"","overlay-opacity":"","overlay-gradient":""},"tablet":{"background-color":"","background-image":"","background-repeat":"repeat","background-position":"center center","background-size":"auto","background-attachment":"scroll","background-type":"","background-media":"","overlay-type":"","overlay-color":"","overlay-opacity":"","overlay-gradient":""},"mobile":{"background-color":"","background-image":"","background-repeat":"repeat","background-position":"center center","background-size":"auto","background-attachment":"scroll","background-type":"","background-media":"","overlay-type":"","overlay-color":"","overlay-opacity":"","overlay-gradient":""}},"ast-content-background-meta":{"desktop":{"background-color":"var(--ast-global-color-4)","background-image":"","background-repeat":"repeat","background-position":"center center","background-size":"auto","background-attachment":"scroll","background-type":"","background-media":"","overlay-type":"","overlay-color":"","overlay-opacity":"","overlay-gradient":""},"tablet":{"background-color":"var(--ast-global-color-4)","background-image":"","background-repeat":"repeat","background-position":"center center","background-size":"auto","background-attachment":"scroll","background-type":"","background-media":"","overlay-type":"","overlay-color":"","overlay-opacity":"","overlay-gradient":""},"mobile":{"background-color":"var(--ast-global-color-4)","background-image":"","background-repeat":"repeat","background-position":"center center","background-size":"auto","background-attachment":"scroll","background-type":"","background-media":"","overlay-type":"","overlay-color":"","overlay-opacity":"","overlay-gradient":""}},"_joinchat":[]},"product_brand":[],"product_cat":[70],"product_tag":[],"class_list":{"0":"post-1288","1":"product","2":"type-product","3":"status-publish","4":"has-post-thumbnail","6":"product_cat-valvulas","7":"desktop-align-left","8":"tablet-align-left","9":"mobile-align-left","11":"first","12":"instock","13":"shipping-taxable","14":"purchasable","15":"product-type-simple"},"acf":{"titulo_ingles":"SUCTION VALVE - PRESSURE REGULATOR THERMO KING T SERIES MD300 KD2 MD2 61-4527 614527","descricao_ingles":"PRESSURE REGULATOR SUCTION VALVE THERMO KING T SERIES\r\n\r\nBRAND: THERMO KING\r\nPART NUMBER: 614527 61-4527 USED TO BE 612990 61-2990\r\nOEM REFERENCE: 1E53275G01\r\nMANUFACTURER REFERENCE: KVL68 1160\r\nMEASUREMENTS: 1\" 1\/4 PIPE INLET AND 1\" OUTLET\r\nCHARACTERISTICS: 1.4 TO 5.1 BAR - 20 TO 75 PSIG - PS18 BAR MWP 260 PSIG\r\nAPPLICATION: UNIVERSAL AND THERMO KING MODELS MDII KDII BKD MD100 MD200 MD300 T600 T680 T800R T880R T1000 T1200 OTHERS\r\n\r\nMINCARONE RUIZ E CIA. LTDA. SINCE 1985 SERVING THE REFRIGERATED TRANSPORT MARKET\r\n\t\t\r\nTHERMO KING DEALER\r\n","titulo_espanhol":"V\u00c1LVULA DE SUCCI\u00d3N - REGULADOR DE PRESI\u00d3N THERMO KING SERIE T MD300 KD2 MD2 61-4527 614527","descricao_espanhol":"V\u00c1LVULA REGULADOR DE PRESI\u00d3N ASPIRACI\u00d3N THERMO KING LINHA T\r\n\r\nMARCA: THERMO KING\r\nN\u00daMERO DE REPUESTO: 614527 61-4527 ERA 612990 61-2990\r\nREFERENCIA OEM: 1E53275G01\r\nREFERENCIA DEL FABRICANTE: KVL68 1160\r\nMEDIDAS: TUBO 1\" 1\/4 ENTRADA Y SALIDA 1\"\r\nCARACTER\u00cdSTICAS: 1.4 A 5.1 BAR - 20 A 75 PSIG - PS18 BAR MWP 260 PSIG\r\nAPLICACI\u00d3N: MODELOS UNIVERSAL Y THERMO KING MDII KDII BKD MD100 MD200 MD300 T600 T680 T800R T880R T1000 T1200 OTROS\r\n\r\nMINCARONE RUIZ E CIA. LTDA. DESDE 1985 AL SERVICIO DEL MERCADO DEL TRANSPORTE REFRIGERADO\r\n\t\r\nCONCESIONARIO THERMO KING\r\n"},"_links":{"self":[{"href":"https:\/\/mincarone.net\/es\/wp-json\/wp\/v2\/product\/1288","targetHints":{"allow":["GET"]}}],"collection":[{"href":"https:\/\/mincarone.net\/es\/wp-json\/wp\/v2\/product"}],"about":[{"href":"https:\/\/mincarone.net\/es\/wp-json\/wp\/v2\/types\/product"}],"replies":[{"embeddable":true,"href":"https:\/\/mincarone.net\/es\/wp-json\/wp\/v2\/comments?post=1288"}],"wp:featuredmedia":[{"embeddable":true,"href":"https:\/\/mincarone.net\/es\/wp-json\/wp\/v2\/media\/2985"}],"wp:attachment":[{"href":"https:\/\/mincarone.net\/es\/wp-json\/wp\/v2\/media?parent=1288"}],"wp:term":[{"taxonomy":"product_brand","embeddable":true,"href":"https:\/\/mincarone.net\/es\/wp-json\/wp\/v2\/product_brand?post=1288"},{"taxonomy":"product_cat","embeddable":true,"href":"https:\/\/mincarone.net\/es\/wp-json\/wp\/v2\/product_cat?post=1288"},{"taxonomy":"product_tag","embeddable":true,"href":"https:\/\/mincarone.net\/es\/wp-json\/wp\/v2\/product_tag?post=1288"}],"curies":[{"name":"wp","href":"https:\/\/api.w.org\/{rel}","templated":true}]}}