{"id":15613,"date":"2025-08-29T09:55:56","date_gmt":"2025-08-29T12:55:56","guid":{"rendered":"http:\/\/net.mincarone.com.br\/produto\/15613\/"},"modified":"2026-04-10T17:45:52","modified_gmt":"2026-04-10T20:45:52","slug":"thermo-king-612520-61-2520","status":"publish","type":"product","link":"https:\/\/mincarone.net\/es\/producto\/thermo-king-612520-61-2520\/","title":{"rendered":"SOLENOIDE - INYECCI\u00d3N DE L\u00cdQUIDO (24V) THERMO KING 612520 61-2520 V-100 V-300 V-500"},"content":{"rendered":"SOLENOIDE DE INYECCI\u00d3N DE L\u00cdQUIDO DE 24 VOLTIOS\r\n\r\nMARCA: THERMO KING\r\nN\u00daMERO DE REPUESTO: 612520 (61-2520)\r\nAPLICACI\u00d3N: V-100, V-500, V-700, V-400, V-200, V-300\r\n350 PSI\r\n24 VCC\r\nORIFICIO 7\/64\r\n\r\n\r\nMINCARONE RUIZ E CIA. LTDA. DESDE 1985 AL SERVICIO DEL MERCADO DEL TRANSPORTE REFRIGERADO\r\n\t\r\nCONCESIONARIO THERMO KING","protected":false},"excerpt":{"rendered":"<p>SOLENOIDE DE INYECCI\u00d3N DE L\u00cdQUIDO DE 24 VOLTIOS MARCA: THERMO KING N\u00daMERO DE REPUESTO: 612520 (61-2520) APLICACI\u00d3N: V-100, V-500, V-700, [&hellip;]<\/p>","protected":false},"featured_media":16628,"comment_status":"open","ping_status":"closed","template":"","meta":{"_acf_changed":false,"site-sidebar-layout":"default","site-content-layout":"","ast-site-content-layout":"default","site-content-style":"default","site-sidebar-style":"default","ast-global-header-display":"","ast-banner-title-visibility":"","ast-main-header-display":"","ast-hfb-above-header-display":"","ast-hfb-below-header-display":"","ast-hfb-mobile-header-display":"","site-post-title":"","ast-breadcrumbs-content":"","ast-featured-img":"","footer-sml-layout":"","ast-disable-related-posts":"","theme-transparent-header-meta":"default","adv-header-id-meta":"","stick-header-meta":"default","header-above-stick-meta":"","header-main-stick-meta":"","header-below-stick-meta":"","astra-migrate-meta-layouts":"set","ast-page-background-enabled":"default","ast-page-background-meta":{"desktop":{"background-color":"var(--ast-global-color-5)","background-image":"","background-repeat":"repeat","background-position":"center center","background-size":"auto","background-attachment":"scroll","background-type":"","background-media":"","overlay-type":"","overlay-color":"","overlay-opacity":"","overlay-gradient":""},"tablet":{"background-color":"","background-image":"","background-repeat":"repeat","background-position":"center center","background-size":"auto","background-attachment":"scroll","background-type":"","background-media":"","overlay-type":"","overlay-color":"","overlay-opacity":"","overlay-gradient":""},"mobile":{"background-color":"","background-image":"","background-repeat":"repeat","background-position":"center center","background-size":"auto","background-attachment":"scroll","background-type":"","background-media":"","overlay-type":"","overlay-color":"","overlay-opacity":"","overlay-gradient":""}},"ast-content-background-meta":{"desktop":{"background-color":"var(--ast-global-color-4)","background-image":"","background-repeat":"repeat","background-position":"center center","background-size":"auto","background-attachment":"scroll","background-type":"","background-media":"","overlay-type":"","overlay-color":"","overlay-opacity":"","overlay-gradient":""},"tablet":{"background-color":"var(--ast-global-color-4)","background-image":"","background-repeat":"repeat","background-position":"center center","background-size":"auto","background-attachment":"scroll","background-type":"","background-media":"","overlay-type":"","overlay-color":"","overlay-opacity":"","overlay-gradient":""},"mobile":{"background-color":"var(--ast-global-color-4)","background-image":"","background-repeat":"repeat","background-position":"center center","background-size":"auto","background-attachment":"scroll","background-type":"","background-media":"","overlay-type":"","overlay-color":"","overlay-opacity":"","overlay-gradient":""}},"_joinchat":[]},"product_brand":[],"product_cat":[64],"product_tag":[],"class_list":{"0":"post-15613","1":"product","2":"type-product","3":"status-publish","4":"has-post-thumbnail","6":"product_cat-solenoide","7":"desktop-align-left","8":"tablet-align-left","9":"mobile-align-left","11":"first","12":"instock","13":"shipping-taxable","14":"purchasable","15":"product-type-simple"},"acf":{"titulo_ingles":"SOLENOID - LIQUID INJECTION (24V) THERMO KING 612520 61-2520 V-100 V-300 V-500","descricao_ingles":"24 VOLTS LIQUID INJECTION SOLENOID\r\n\r\nBRAND: THERMO KING\r\nPART NUMBER: 612520 (61-2520)\r\nAPPLICATION: V-100, V-500, V-700, V-400, V-200, V-300\r\n350PSI\r\n24VDC\r\nORIFICE 7\/64\r\n\r\n\r\nMINCARONE RUIZ E CIA. LTDA. SINCE 1985 SERVING THE REFRIGERATED TRANSPORT MARKET\r\n\t\t\r\nTHERMO KING DEALER","titulo_espanhol":"SOLENOIDE - INYECCI\u00d3N DE L\u00cdQUIDO (24V) THERMO KING 612520 61-2520 V-100 V-300 V-500","descricao_espanhol":"SOLENOIDE DE INYECCI\u00d3N DE L\u00cdQUIDO DE 24 VOLTIOS\r\n\r\nMARCA: THERMO KING\r\nN\u00daMERO DE REPUESTO: 612520 (61-2520)\r\nAPLICACI\u00d3N: V-100, V-500, V-700, V-400, V-200, V-300\r\n350 PSI\r\n24 VCC\r\nORIFICIO 7\/64\r\n\r\n\r\nMINCARONE RUIZ E CIA. LTDA. DESDE 1985 AL SERVICIO DEL MERCADO DEL TRANSPORTE REFRIGERADO\r\n\t\r\nCONCESIONARIO THERMO KING"},"_links":{"self":[{"href":"https:\/\/mincarone.net\/es\/wp-json\/wp\/v2\/product\/15613","targetHints":{"allow":["GET"]}}],"collection":[{"href":"https:\/\/mincarone.net\/es\/wp-json\/wp\/v2\/product"}],"about":[{"href":"https:\/\/mincarone.net\/es\/wp-json\/wp\/v2\/types\/product"}],"replies":[{"embeddable":true,"href":"https:\/\/mincarone.net\/es\/wp-json\/wp\/v2\/comments?post=15613"}],"wp:featuredmedia":[{"embeddable":true,"href":"https:\/\/mincarone.net\/es\/wp-json\/wp\/v2\/media\/16628"}],"wp:attachment":[{"href":"https:\/\/mincarone.net\/es\/wp-json\/wp\/v2\/media?parent=15613"}],"wp:term":[{"taxonomy":"product_brand","embeddable":true,"href":"https:\/\/mincarone.net\/es\/wp-json\/wp\/v2\/product_brand?post=15613"},{"taxonomy":"product_cat","embeddable":true,"href":"https:\/\/mincarone.net\/es\/wp-json\/wp\/v2\/product_cat?post=15613"},{"taxonomy":"product_tag","embeddable":true,"href":"https:\/\/mincarone.net\/es\/wp-json\/wp\/v2\/product_tag?post=15613"}],"curies":[{"name":"wp","href":"https:\/\/api.w.org\/{rel}","templated":true}]}}