{"id":3364,"date":"2023-11-17T11:48:08","date_gmt":"2023-11-17T14:48:08","guid":{"rendered":"http:\/\/net.mincarone.com.br\/produto\/ventoinha-spal-caracol-duplo-12v-gr-p-spheros-3-velocidades\/"},"modified":"2026-04-07T09:35:07","modified_gmt":"2026-04-07T12:35:07","slug":"ventoinha-spal-caracol-duplo-30000504-009-a40-22-12v","status":"publish","type":"product","link":"https:\/\/mincarone.net\/es\/producto\/ventoinha-spal-caracol-duplo-30000504-009-a40-22-12v\/","title":{"rendered":"VENTILADOR CENTR\u00cdFUGO SPAL - 30000504 009-A40-22 12V"},"content":{"rendered":"VENTILADOR CENTR\u00cdFUGO CEPILLADO\r\n\r\nMARCA: SPAL\r\nVOLTAJE: 12V\r\nTIPO: CENTR\u00cdFUGA - RADIAL\r\nTAMA\u00d1O: 335 MM X 164 MM X 146 MM\r\nSALIDA DE AIRE: 113 MM X 55 MM\r\nN\u00daMERO DE REPUESTO SPAL: 30000504\r\nMODELO SPAL: 009-A40-22 12V GR 3V\r\nCAUDAL DE AIRE: 1030 M3\/H 630 CFM\r\nCONSUMO DE ENERG\u00cdA: 278,40 VATIOS\r\nPESO: 2,45 KG\r\nVELOCIDADES: 03\r\nAPLICACI\u00d3N: DEFROSTER, VENTILACI\u00d3N AUTOMOTRIZ DE 12 VOLTIOS. VOLARE, SPHEROS, VALEO, WEBASTO, CLIMABUSS CONDENSADOR AIRE ACONDICIONADO, OTROS\r\n\t\r\n\r\nMINCARONE RUIZ E CIA. LTDA. DESDE 1985 AL SERVICIO DEL MERCADO DEL TRANSPORTE REFRIGERADO\r\nCONCESIONARIO MASTER SPAL AUTOMOTIVE","protected":false},"excerpt":{"rendered":"<p>VENTILADOR CENTR\u00cdFUGO CEPILLADO MARCA: SPAL VOLTAJE: 12V TIPO: CENTR\u00cdFUGA &#8211; RADIAL TAMA\u00d1O: 335 MM X 164 MM X 146 MM [&hellip;]<\/p>","protected":false},"featured_media":3907,"comment_status":"closed","ping_status":"closed","template":"","meta":{"_acf_changed":false,"site-sidebar-layout":"default","site-content-layout":"default","ast-site-content-layout":"default","site-content-style":"default","site-sidebar-style":"default","ast-global-header-display":"","ast-banner-title-visibility":"","ast-main-header-display":"","ast-hfb-above-header-display":"","ast-hfb-below-header-display":"","ast-hfb-mobile-header-display":"","site-post-title":"","ast-breadcrumbs-content":"","ast-featured-img":"","footer-sml-layout":"","ast-disable-related-posts":"","theme-transparent-header-meta":"default","adv-header-id-meta":"","stick-header-meta":"default","header-above-stick-meta":"","header-main-stick-meta":"","header-below-stick-meta":"","astra-migrate-meta-layouts":"default","ast-page-background-enabled":"default","ast-page-background-meta":{"desktop":{"background-color":"var(--ast-global-color-5)","background-image":"","background-repeat":"repeat","background-position":"center center","background-size":"auto","background-attachment":"scroll","background-type":"","background-media":"","overlay-type":"","overlay-color":"","overlay-opacity":"","overlay-gradient":""},"tablet":{"background-color":"","background-image":"","background-repeat":"repeat","background-position":"center center","background-size":"auto","background-attachment":"scroll","background-type":"","background-media":"","overlay-type":"","overlay-color":"","overlay-opacity":"","overlay-gradient":""},"mobile":{"background-color":"","background-image":"","background-repeat":"repeat","background-position":"center center","background-size":"auto","background-attachment":"scroll","background-type":"","background-media":"","overlay-type":"","overlay-color":"","overlay-opacity":"","overlay-gradient":""}},"ast-content-background-meta":{"desktop":{"background-color":"var(--ast-global-color-4)","background-image":"","background-repeat":"repeat","background-position":"center center","background-size":"auto","background-attachment":"scroll","background-type":"","background-media":"","overlay-type":"","overlay-color":"","overlay-opacity":"","overlay-gradient":""},"tablet":{"background-color":"var(--ast-global-color-4)","background-image":"","background-repeat":"repeat","background-position":"center center","background-size":"auto","background-attachment":"scroll","background-type":"","background-media":"","overlay-type":"","overlay-color":"","overlay-opacity":"","overlay-gradient":""},"mobile":{"background-color":"var(--ast-global-color-4)","background-image":"","background-repeat":"repeat","background-position":"center center","background-size":"auto","background-attachment":"scroll","background-type":"","background-media":"","overlay-type":"","overlay-color":"","overlay-opacity":"","overlay-gradient":""}},"_joinchat":[]},"product_brand":[],"product_cat":[19],"product_tag":[],"class_list":{"0":"post-3364","1":"product","2":"type-product","3":"status-publish","4":"has-post-thumbnail","6":"product_cat-eletroventiladores","7":"desktop-align-left","8":"tablet-align-left","9":"mobile-align-left","11":"first","12":"instock","13":"shipping-taxable","14":"purchasable","15":"product-type-simple"},"acf":{"titulo_ingles":"SPAL CENTRIFUGAL BLOWER - 30000504 009-A40-22 12V","descricao_ingles":"BRUSHED CENTRIFUGAL BLOWER\r\n\r\nBRAND: SPAL \r\nVOLTAGE: 12 V\t\r\nTYPE: CENTRIFUGAL - RADIAL\t\t\r\nSIZE: 335 MM X 164 MM X 146 MM\r\nAIR EXIT: 113 MM X 55 MM\r\nSPAL PART NUMBER: 30000504\r\nSPAL MODEL: 009-A40-22 12V GR 3V\r\nAIRFLOW: 1030 M3\/H 630 CFM\r\nPOWER CONSUMPTION: 278,40 WATTS\r\nWEIGHT: 2,45 KG\t\r\nSPEEDS: 03\r\nAPPLICATION: DEFROSTER, 12 VOLTS AUTOMOTIVE VENTILATION. VOLARE, SPHEROS, VALEO, WEBASTO AND CLIMABUSS AIR CONDITIONER CONDENSER, OTHERS\r\n\r\n\r\nMINCARONE RUIZ E CIA. LTDA. SINCE 1985 SERVING THE REFRIGERATED TRANSPORT MARKET\t\r\nSPAL AUTOMOTIVE MASTER DEALER","titulo_espanhol":"VENTILADOR CENTR\u00cdFUGO SPAL - 30000504 009-A40-22 12V","descricao_espanhol":"VENTILADOR CENTR\u00cdFUGO CEPILLADO\r\n\r\nMARCA: SPAL\r\nVOLTAJE: 12V\r\nTIPO: CENTR\u00cdFUGA - RADIAL\r\nTAMA\u00d1O: 335 MM X 164 MM X 146 MM\r\nSALIDA DE AIRE: 113 MM X 55 MM\r\nN\u00daMERO DE REPUESTO SPAL: 30000504\r\nMODELO SPAL: 009-A40-22 12V GR 3V\r\nCAUDAL DE AIRE: 1030 M3\/H 630 CFM\r\nCONSUMO DE ENERG\u00cdA: 278,40 VATIOS\r\nPESO: 2,45 KG\r\nVELOCIDADES: 03\r\nAPLICACI\u00d3N: DEFROSTER, VENTILACI\u00d3N AUTOMOTRIZ DE 12 VOLTIOS. VOLARE, SPHEROS, VALEO, WEBASTO, CLIMABUSS CONDENSADOR AIRE ACONDICIONADO, OTROS\r\n\t\r\n\r\nMINCARONE RUIZ E CIA. LTDA. DESDE 1985 AL SERVICIO DEL MERCADO DEL TRANSPORTE REFRIGERADO\r\nCONCESIONARIO MASTER SPAL AUTOMOTIVE\r\n"},"_links":{"self":[{"href":"https:\/\/mincarone.net\/es\/wp-json\/wp\/v2\/product\/3364","targetHints":{"allow":["GET"]}}],"collection":[{"href":"https:\/\/mincarone.net\/es\/wp-json\/wp\/v2\/product"}],"about":[{"href":"https:\/\/mincarone.net\/es\/wp-json\/wp\/v2\/types\/product"}],"replies":[{"embeddable":true,"href":"https:\/\/mincarone.net\/es\/wp-json\/wp\/v2\/comments?post=3364"}],"wp:featuredmedia":[{"embeddable":true,"href":"https:\/\/mincarone.net\/es\/wp-json\/wp\/v2\/media\/3907"}],"wp:attachment":[{"href":"https:\/\/mincarone.net\/es\/wp-json\/wp\/v2\/media?parent=3364"}],"wp:term":[{"taxonomy":"product_brand","embeddable":true,"href":"https:\/\/mincarone.net\/es\/wp-json\/wp\/v2\/product_brand?post=3364"},{"taxonomy":"product_cat","embeddable":true,"href":"https:\/\/mincarone.net\/es\/wp-json\/wp\/v2\/product_cat?post=3364"},{"taxonomy":"product_tag","embeddable":true,"href":"https:\/\/mincarone.net\/es\/wp-json\/wp\/v2\/product_tag?post=3364"}],"curies":[{"name":"wp","href":"https:\/\/api.w.org\/{rel}","templated":true}]}}