{"id":3366,"date":"2023-11-17T11:48:08","date_gmt":"2023-11-17T14:48:08","guid":{"rendered":"http:\/\/net.mincarone.com.br\/produto\/ventoinha-caracol-dupla-spal-24v-para-ar-spheros-e-volare\/"},"modified":"2026-04-07T09:35:09","modified_gmt":"2026-04-07T12:35:09","slug":"ventoinha-caracol-dupla-spal-24v-30000550-009-b40-vll-22","status":"publish","type":"product","link":"https:\/\/mincarone.net\/es\/producto\/ventoinha-caracol-dupla-spal-24v-30000550-009-b40-vll-22\/","title":{"rendered":"VENTILADOR CENTR\u00cdFUGO SPAL - SPAL 24V 30000550 009-B40\/VLL-"},"content":{"rendered":"VENTILADOR CENTR\u00cdFUGO DE DOBLE C\u00c1MARA - SIN RESISTENCIA\r\n\r\nMARCA: SPAL\r\nVOLTAJE: 24V\r\nTIPO: CENTR\u00cdFUGA - RADIAL\r\nTAMA\u00d1O: 335 MM X 164 MM X 146 MM\r\nSALIDA DE AIRE: 113 MM X 55 MM\r\nN\u00daMERO DE REPUESTO SPAL: 30000550\r\nCAUDAL DE AIRE: 1.070 M3\/H 631 CFM\r\nCONSUMO DE ENERG\u00cdA: 11 AMPERIOS (264 VATIOS)\r\nMODELO SPAL: 009-B40\/VLL-22\r\nPESO: 2,45 KG\r\nAPLICACI\u00d3N: EVAPORADOR DE AIRE ACONDICIONADO: VOLARE, SPHEROS, VALEO, WEBASTO, CLIMABUSS Y OTROS. DEFROSTER. VENTILACI\u00d3N AUTOMOTRIZ DE 24 VOLTIOS.\t\r\n\r\nMINCARONE RUIZ E CIA. LTDA. DESDE 1985 AL SERVICIO DEL MERCADO DEL TRANSPORTE REFRIGERADO\r\nCONCESIONARIO MASTER SPAL AUTOMOTIVE","protected":false},"excerpt":{"rendered":"<p>VENTILADOR CENTR\u00cdFUGO DE DOBLE C\u00c1MARA &#8211; SIN RESISTENCIA MARCA: SPAL VOLTAJE: 24V TIPO: CENTR\u00cdFUGA &#8211; RADIAL TAMA\u00d1O: 335 MM X [&hellip;]<\/p>","protected":false},"featured_media":3920,"comment_status":"closed","ping_status":"closed","template":"","meta":{"_acf_changed":false,"site-sidebar-layout":"default","site-content-layout":"default","ast-site-content-layout":"default","site-content-style":"default","site-sidebar-style":"default","ast-global-header-display":"","ast-banner-title-visibility":"","ast-main-header-display":"","ast-hfb-above-header-display":"","ast-hfb-below-header-display":"","ast-hfb-mobile-header-display":"","site-post-title":"","ast-breadcrumbs-content":"","ast-featured-img":"","footer-sml-layout":"","ast-disable-related-posts":"","theme-transparent-header-meta":"default","adv-header-id-meta":"","stick-header-meta":"default","header-above-stick-meta":"","header-main-stick-meta":"","header-below-stick-meta":"","astra-migrate-meta-layouts":"default","ast-page-background-enabled":"default","ast-page-background-meta":{"desktop":{"background-color":"var(--ast-global-color-5)","background-image":"","background-repeat":"repeat","background-position":"center center","background-size":"auto","background-attachment":"scroll","background-type":"","background-media":"","overlay-type":"","overlay-color":"","overlay-opacity":"","overlay-gradient":""},"tablet":{"background-color":"","background-image":"","background-repeat":"repeat","background-position":"center center","background-size":"auto","background-attachment":"scroll","background-type":"","background-media":"","overlay-type":"","overlay-color":"","overlay-opacity":"","overlay-gradient":""},"mobile":{"background-color":"","background-image":"","background-repeat":"repeat","background-position":"center center","background-size":"auto","background-attachment":"scroll","background-type":"","background-media":"","overlay-type":"","overlay-color":"","overlay-opacity":"","overlay-gradient":""}},"ast-content-background-meta":{"desktop":{"background-color":"var(--ast-global-color-4)","background-image":"","background-repeat":"repeat","background-position":"center center","background-size":"auto","background-attachment":"scroll","background-type":"","background-media":"","overlay-type":"","overlay-color":"","overlay-opacity":"","overlay-gradient":""},"tablet":{"background-color":"var(--ast-global-color-4)","background-image":"","background-repeat":"repeat","background-position":"center center","background-size":"auto","background-attachment":"scroll","background-type":"","background-media":"","overlay-type":"","overlay-color":"","overlay-opacity":"","overlay-gradient":""},"mobile":{"background-color":"var(--ast-global-color-4)","background-image":"","background-repeat":"repeat","background-position":"center center","background-size":"auto","background-attachment":"scroll","background-type":"","background-media":"","overlay-type":"","overlay-color":"","overlay-opacity":"","overlay-gradient":""}},"_joinchat":[]},"product_brand":[],"product_cat":[19],"product_tag":[],"class_list":{"0":"post-3366","1":"product","2":"type-product","3":"status-publish","4":"has-post-thumbnail","6":"product_cat-eletroventiladores","7":"desktop-align-left","8":"tablet-align-left","9":"mobile-align-left","11":"first","12":"instock","13":"shipping-taxable","14":"purchasable","15":"product-type-simple"},"acf":{"titulo_ingles":"SPAL CENTRIFUGAL BLOWER - SPAL 24V 30000550 009-B40\/VLL-22","descricao_ingles":"DOUBLE CHAMBER CENTRIFUGAL BLOWER - NO RESISTANCE\r\n\t\r\nBRAND: SPAL \r\nVOLTAGE: 24V\t\r\nTYPE: CENTRIFUGAL - RADIAL\r\nSIZE: 335 MM X 164 MM X 146 MM\r\nAIR EXIT: 113 MM X 55 MM\r\nSPAL PART NUMBER: 30000550\r\nAIRFLOW: 1.070 M3\/H 631 CFM\r\nPOWER CONSUMPTION: 11 AMPS (264 WATTS)\r\nSPAL MODEL: 009-B40\/VLL-22\t\r\nWEIGHT: 2,45 KG\t\r\nAPPLICATION: AIR CONDITIONER EVAPORATOR: VOLARE, SPHEROS, VALEO, WEBASTO, CLIMABUSS AND OTHERS. DEFROSTER. 24 VOLTS AUTOMOTIVE VENTILATION. \r\n\r\n\r\nMINCARONE RUIZ E CIA. LTDA. SINCE 1985 SERVING THE REFRIGERATED TRANSPORT MARKET\t\r\nSPAL AUTOMOTIVE MASTER DEALER\r\n","titulo_espanhol":"VENTILADOR CENTR\u00cdFUGO SPAL - SPAL 24V 30000550 009-B40\/VLL-","descricao_espanhol":"VENTILADOR CENTR\u00cdFUGO DE DOBLE C\u00c1MARA - SIN RESISTENCIA\r\n\r\nMARCA: SPAL\r\nVOLTAJE: 24V\r\nTIPO: CENTR\u00cdFUGA - RADIAL\r\nTAMA\u00d1O: 335 MM X 164 MM X 146 MM\r\nSALIDA DE AIRE: 113 MM X 55 MM\r\nN\u00daMERO DE REPUESTO SPAL: 30000550\r\nCAUDAL DE AIRE: 1.070 M3\/H 631 CFM\r\nCONSUMO DE ENERG\u00cdA: 11 AMPERIOS (264 VATIOS)\r\nMODELO SPAL: 009-B40\/VLL-22\r\nPESO: 2,45 KG\r\nAPLICACI\u00d3N: EVAPORADOR DE AIRE ACONDICIONADO: VOLARE, SPHEROS, VALEO, WEBASTO, CLIMABUSS Y OTROS. DEFROSTER. VENTILACI\u00d3N AUTOMOTRIZ DE 24 VOLTIOS.\t\r\n\r\nMINCARONE RUIZ E CIA. LTDA. DESDE 1985 AL SERVICIO DEL MERCADO DEL TRANSPORTE REFRIGERADO\r\nCONCESIONARIO MASTER SPAL AUTOMOTIVE\r\n"},"_links":{"self":[{"href":"https:\/\/mincarone.net\/es\/wp-json\/wp\/v2\/product\/3366","targetHints":{"allow":["GET"]}}],"collection":[{"href":"https:\/\/mincarone.net\/es\/wp-json\/wp\/v2\/product"}],"about":[{"href":"https:\/\/mincarone.net\/es\/wp-json\/wp\/v2\/types\/product"}],"replies":[{"embeddable":true,"href":"https:\/\/mincarone.net\/es\/wp-json\/wp\/v2\/comments?post=3366"}],"wp:featuredmedia":[{"embeddable":true,"href":"https:\/\/mincarone.net\/es\/wp-json\/wp\/v2\/media\/3920"}],"wp:attachment":[{"href":"https:\/\/mincarone.net\/es\/wp-json\/wp\/v2\/media?parent=3366"}],"wp:term":[{"taxonomy":"product_brand","embeddable":true,"href":"https:\/\/mincarone.net\/es\/wp-json\/wp\/v2\/product_brand?post=3366"},{"taxonomy":"product_cat","embeddable":true,"href":"https:\/\/mincarone.net\/es\/wp-json\/wp\/v2\/product_cat?post=3366"},{"taxonomy":"product_tag","embeddable":true,"href":"https:\/\/mincarone.net\/es\/wp-json\/wp\/v2\/product_tag?post=3366"}],"curies":[{"name":"wp","href":"https:\/\/api.w.org\/{rel}","templated":true}]}}