{"id":3368,"date":"2023-11-17T11:48:08","date_gmt":"2023-11-17T14:48:08","guid":{"rendered":"http:\/\/net.mincarone.com.br\/produto\/ventoinha-spal-evaporador-caracol-simples-24v\/"},"modified":"2026-04-07T17:51:19","modified_gmt":"2026-04-07T20:51:19","slug":"ventoinha-spal-24v-30000560-009-b70-74d-evaporador-caracol","status":"publish","type":"product","link":"https:\/\/mincarone.net\/es\/producto\/ventoinha-spal-24v-30000560-009-b70-74d-evaporador-caracol\/","title":{"rendered":"VENTILADOR CENTR\u00cdFUGO SPAL - 30000560 009-B70 24V"},"content":{"rendered":"VENTILADOR CENTR\u00cdFUGO CEPILLADO\r\n\r\nTIPO: CENTR\u00cdFUGA - RADIAL\r\nVOLTAJE: 24V\r\nSALIDA DE AIRE: 113,4 MM X 55 MM\r\nTAMA\u00d1O: 139 MM X 146 MM X 163,9 MM\r\nN\u00daMERO DE REPUESTO SPAL: 30000560\r\nMODELO SPAL: 009-B70-74D\r\nCONSUMO DE ENERG\u00cdA: 10,4 AMPERIOS (125 VATIOS)\r\nCAUDAL DE AIRE: 560 M3\/H 330 CFM\r\nPESO: 1,40 KG\r\nAPLICACI\u00d3N: UNIVERSAL\r\n\r\n\r\nMINCARONE RUIZ E CIA. LTDA. DESDE 1985 AL SERVICIO DEL MERCADO DEL TRANSPORTE REFRIGERADO\r\nCONCESIONARIO MASTER SPAL AUTOMOTIVE","protected":false},"excerpt":{"rendered":"<p>VENTILADOR CENTR\u00cdFUGO CEPILLADO TIPO: CENTR\u00cdFUGA &#8211; RADIAL VOLTAJE: 24V SALIDA DE AIRE: 113,4 MM X 55 MM TAMA\u00d1O: 139 MM [&hellip;]<\/p>","protected":false},"featured_media":3943,"comment_status":"closed","ping_status":"closed","template":"","meta":{"_acf_changed":false,"site-sidebar-layout":"default","site-content-layout":"default","ast-site-content-layout":"default","site-content-style":"default","site-sidebar-style":"default","ast-global-header-display":"","ast-banner-title-visibility":"","ast-main-header-display":"","ast-hfb-above-header-display":"","ast-hfb-below-header-display":"","ast-hfb-mobile-header-display":"","site-post-title":"","ast-breadcrumbs-content":"","ast-featured-img":"","footer-sml-layout":"","ast-disable-related-posts":"","theme-transparent-header-meta":"default","adv-header-id-meta":"","stick-header-meta":"default","header-above-stick-meta":"","header-main-stick-meta":"","header-below-stick-meta":"","astra-migrate-meta-layouts":"default","ast-page-background-enabled":"default","ast-page-background-meta":{"desktop":{"background-color":"var(--ast-global-color-5)","background-image":"","background-repeat":"repeat","background-position":"center center","background-size":"auto","background-attachment":"scroll","background-type":"","background-media":"","overlay-type":"","overlay-color":"","overlay-opacity":"","overlay-gradient":""},"tablet":{"background-color":"","background-image":"","background-repeat":"repeat","background-position":"center center","background-size":"auto","background-attachment":"scroll","background-type":"","background-media":"","overlay-type":"","overlay-color":"","overlay-opacity":"","overlay-gradient":""},"mobile":{"background-color":"","background-image":"","background-repeat":"repeat","background-position":"center center","background-size":"auto","background-attachment":"scroll","background-type":"","background-media":"","overlay-type":"","overlay-color":"","overlay-opacity":"","overlay-gradient":""}},"ast-content-background-meta":{"desktop":{"background-color":"var(--ast-global-color-4)","background-image":"","background-repeat":"repeat","background-position":"center center","background-size":"auto","background-attachment":"scroll","background-type":"","background-media":"","overlay-type":"","overlay-color":"","overlay-opacity":"","overlay-gradient":""},"tablet":{"background-color":"var(--ast-global-color-4)","background-image":"","background-repeat":"repeat","background-position":"center center","background-size":"auto","background-attachment":"scroll","background-type":"","background-media":"","overlay-type":"","overlay-color":"","overlay-opacity":"","overlay-gradient":""},"mobile":{"background-color":"var(--ast-global-color-4)","background-image":"","background-repeat":"repeat","background-position":"center center","background-size":"auto","background-attachment":"scroll","background-type":"","background-media":"","overlay-type":"","overlay-color":"","overlay-opacity":"","overlay-gradient":""}},"_joinchat":[]},"product_brand":[],"product_cat":[19],"product_tag":[],"class_list":{"0":"post-3368","1":"product","2":"type-product","3":"status-publish","4":"has-post-thumbnail","6":"product_cat-eletroventiladores","7":"desktop-align-left","8":"tablet-align-left","9":"mobile-align-left","11":"first","12":"instock","13":"shipping-taxable","14":"purchasable","15":"product-type-simple"},"acf":{"titulo_ingles":"SPAL CENTRIFUGAL BLOWER - 30000560 009-B70 24V","descricao_ingles":"BRUSHED CENTRIFUGAL BLOWER \r\n\r\nTYPE: CENTRIFUGAL - RADIAL\r\nVOLTAGE: 24V\t\r\nAIR EXIT: 113,4 MM X 55 MM\r\nSIZE: 139 MM X 146 MM X 163,9 MM\r\nSPAL PART NUMBER: 30000560\r\nSPAL MODEL: 009-B70-74D\r\nPOWER CONSUMPTION: 10,4 AMPERES (125 WATTS)\r\nAIRFLOW: 560 M3\/H 330 CFM\t\r\nWEIGHT: 1,40 KG\r\nAPPLICATION: UNIVERSAL\r\n\r\n\r\nMINCARONE RUIZ E CIA. LTDA. SINCE 1985 SERVING THE REFRIGERATED TRANSPORT MARKET\t\r\nSPAL AUTOMOTIVE MASTER DEALER\r\n","titulo_espanhol":"VENTILADOR CENTR\u00cdFUGO SPAL - 30000560 009-B70 24V","descricao_espanhol":"VENTILADOR CENTR\u00cdFUGO CEPILLADO\r\n\r\nTIPO: CENTR\u00cdFUGA - RADIAL\r\nVOLTAJE: 24V\r\nSALIDA DE AIRE: 113,4 MM X 55 MM\r\nTAMA\u00d1O: 139 MM X 146 MM X 163,9 MM\r\nN\u00daMERO DE REPUESTO SPAL: 30000560\r\nMODELO SPAL: 009-B70-74D\r\nCONSUMO DE ENERG\u00cdA: 10,4 AMPERIOS (125 VATIOS)\r\nCAUDAL DE AIRE: 560 M3\/H 330 CFM\r\nPESO: 1,40 KG\r\nAPLICACI\u00d3N: UNIVERSAL\r\n\r\n\r\nMINCARONE RUIZ E CIA. LTDA. DESDE 1985 AL SERVICIO DEL MERCADO DEL TRANSPORTE REFRIGERADO\r\nCONCESIONARIO MASTER SPAL AUTOMOTIVE\r\n"},"_links":{"self":[{"href":"https:\/\/mincarone.net\/es\/wp-json\/wp\/v2\/product\/3368","targetHints":{"allow":["GET"]}}],"collection":[{"href":"https:\/\/mincarone.net\/es\/wp-json\/wp\/v2\/product"}],"about":[{"href":"https:\/\/mincarone.net\/es\/wp-json\/wp\/v2\/types\/product"}],"replies":[{"embeddable":true,"href":"https:\/\/mincarone.net\/es\/wp-json\/wp\/v2\/comments?post=3368"}],"wp:featuredmedia":[{"embeddable":true,"href":"https:\/\/mincarone.net\/es\/wp-json\/wp\/v2\/media\/3943"}],"wp:attachment":[{"href":"https:\/\/mincarone.net\/es\/wp-json\/wp\/v2\/media?parent=3368"}],"wp:term":[{"taxonomy":"product_brand","embeddable":true,"href":"https:\/\/mincarone.net\/es\/wp-json\/wp\/v2\/product_brand?post=3368"},{"taxonomy":"product_cat","embeddable":true,"href":"https:\/\/mincarone.net\/es\/wp-json\/wp\/v2\/product_cat?post=3368"},{"taxonomy":"product_tag","embeddable":true,"href":"https:\/\/mincarone.net\/es\/wp-json\/wp\/v2\/product_tag?post=3368"}],"curies":[{"name":"wp","href":"https:\/\/api.w.org\/{rel}","templated":true}]}}