{"id":3379,"date":"2023-11-17T11:48:09","date_gmt":"2023-11-17T14:48:09","guid":{"rendered":"http:\/\/net.mincarone.com.br\/produto\/ventoinha-do-radiador-12v-spal-75-polegadas-aspirante\/"},"modified":"2026-04-07T09:35:13","modified_gmt":"2026-04-07T12:35:13","slug":"eletro-ventilador-spal-30100394-va14-ap11-c-34a-12v-7-5-polegadas-aspirante","status":"publish","type":"product","link":"https:\/\/mincarone.net\/es\/producto\/eletro-ventilador-spal-30100394-va14-ap11-c-34a-12v-7-5-polegadas-aspirante\/","title":{"rendered":"VENTILADOR SPAL - 30100394 VA14-AP11\/C-34A 12V 7,5 PULGADAS ASPIRA"},"content":{"rendered":"VENTILADOR AXIAL CEPILLADO\r\n\r\nMARCA: SPAL\r\nTENSI\u00d3N TV: 12 VOLTIOS\r\nTIPO: ASPIRA\r\nDI\u00c1METRO DE LA HOJA: 7,5 PULGADAS 190 MM\r\nTAMA\u00d1O: 209 MM X 51,10 MM\r\nN\u00daMERO DE REPUESTO SPAL: 30100394\r\nMODELO SPAL: VA14-AP11\/C-34A\r\nCAUDAL DE AIRE: 690 M3\/H 407 CFM\r\nCONSUMO DE ENERG\u00cdA: 8 AMPERIOS (96 VATIOS)\r\nAPLICACI\u00d3N: ENFRIAMIENTO DE BOBINA Y RADIADOR, VENTILACI\u00d3N AUTOMOTRIZ DE 12 VOLTIOS\r\n\r\n\r\nMINCARONE RUIZ E CIA. LTDA. DESDE 1985 AL SERVICIO DEL MERCADO DEL TRANSPORTE REFRIGERADO\r\nCONCESIONARIO MASTER SPAL AUTOMOTIVE","protected":false},"excerpt":{"rendered":"<p>VENTILADOR AXIAL CEPILLADO MARCA: SPAL TENSI\u00d3N TV: 12 VOLTIOS TIPO: ASPIRA DI\u00c1METRO DE LA HOJA: 7,5 PULGADAS 190 MM TAMA\u00d1O: [&hellip;]<\/p>","protected":false},"featured_media":3861,"comment_status":"closed","ping_status":"closed","template":"","meta":{"_acf_changed":false,"site-sidebar-layout":"default","site-content-layout":"default","ast-site-content-layout":"default","site-content-style":"default","site-sidebar-style":"default","ast-global-header-display":"","ast-banner-title-visibility":"","ast-main-header-display":"","ast-hfb-above-header-display":"","ast-hfb-below-header-display":"","ast-hfb-mobile-header-display":"","site-post-title":"","ast-breadcrumbs-content":"","ast-featured-img":"","footer-sml-layout":"","ast-disable-related-posts":"","theme-transparent-header-meta":"default","adv-header-id-meta":"","stick-header-meta":"default","header-above-stick-meta":"","header-main-stick-meta":"","header-below-stick-meta":"","astra-migrate-meta-layouts":"default","ast-page-background-enabled":"default","ast-page-background-meta":{"desktop":{"background-color":"var(--ast-global-color-5)","background-image":"","background-repeat":"repeat","background-position":"center center","background-size":"auto","background-attachment":"scroll","background-type":"","background-media":"","overlay-type":"","overlay-color":"","overlay-opacity":"","overlay-gradient":""},"tablet":{"background-color":"","background-image":"","background-repeat":"repeat","background-position":"center center","background-size":"auto","background-attachment":"scroll","background-type":"","background-media":"","overlay-type":"","overlay-color":"","overlay-opacity":"","overlay-gradient":""},"mobile":{"background-color":"","background-image":"","background-repeat":"repeat","background-position":"center center","background-size":"auto","background-attachment":"scroll","background-type":"","background-media":"","overlay-type":"","overlay-color":"","overlay-opacity":"","overlay-gradient":""}},"ast-content-background-meta":{"desktop":{"background-color":"var(--ast-global-color-4)","background-image":"","background-repeat":"repeat","background-position":"center center","background-size":"auto","background-attachment":"scroll","background-type":"","background-media":"","overlay-type":"","overlay-color":"","overlay-opacity":"","overlay-gradient":""},"tablet":{"background-color":"var(--ast-global-color-4)","background-image":"","background-repeat":"repeat","background-position":"center center","background-size":"auto","background-attachment":"scroll","background-type":"","background-media":"","overlay-type":"","overlay-color":"","overlay-opacity":"","overlay-gradient":""},"mobile":{"background-color":"var(--ast-global-color-4)","background-image":"","background-repeat":"repeat","background-position":"center center","background-size":"auto","background-attachment":"scroll","background-type":"","background-media":"","overlay-type":"","overlay-color":"","overlay-opacity":"","overlay-gradient":""}},"_joinchat":[]},"product_brand":[],"product_cat":[19],"product_tag":[],"class_list":{"0":"post-3379","1":"product","2":"type-product","3":"status-publish","4":"has-post-thumbnail","6":"product_cat-eletroventiladores","7":"desktop-align-left","8":"tablet-align-left","9":"mobile-align-left","11":"first","12":"instock","13":"shipping-taxable","14":"purchasable","15":"product-type-simple"},"acf":{"titulo_ingles":"SPAL FAN - 30100394 VA14-AP11\/C-34A 12V 7,5 INCHES PULL","descricao_ingles":"BRUSHED AXIAL FAN\r\n\r\nBRAND: SPAL\r\nTVOLTAGE: 12 VOLTS\r\nTYPE: PULL\t\r\nBLADE DIAMETER: 7,5 INCHES 190 MM\r\nSIZE: 209 MM X 51,10 MM\r\nSPAL PART NUMBER: 30100394\r\nSPAL MODEL: VA14-AP11\/C-34A\r\nAIRFLOW: 690 M3\/H 407 CFM\r\nPOWER CONSUMPTION: 8 AMPS (96 WATTS)\r\nAPPLICATION: COIL AND RADIATOR COOLING, 12 VOLTS AUTOMOTIVE VENTILATION\r\n\r\nMINCARONE RUIZ E CIA. LTDA. SINCE 1985 SERVING THE REFRIGERATED TRANSPORT MARKET\t\r\nSPAL AUTOMOTIVE MASTER DEALER\r\n","titulo_espanhol":"VENTILADOR SPAL - 30100394 VA14-AP11\/C-34A 12V 7,5 PULGADAS ASPIRA","descricao_espanhol":"VENTILADOR AXIAL CEPILLADO\r\n\r\nMARCA: SPAL\r\nTENSI\u00d3N TV: 12 VOLTIOS\r\nTIPO: ASPIRA\r\nDI\u00c1METRO DE LA HOJA: 7,5 PULGADAS 190 MM\r\nTAMA\u00d1O: 209 MM X 51,10 MM\r\nN\u00daMERO DE REPUESTO SPAL: 30100394\r\nMODELO SPAL: VA14-AP11\/C-34A\r\nCAUDAL DE AIRE: 690 M3\/H 407 CFM\r\nCONSUMO DE ENERG\u00cdA: 8 AMPERIOS (96 VATIOS)\r\nAPLICACI\u00d3N: ENFRIAMIENTO DE BOBINA Y RADIADOR, VENTILACI\u00d3N AUTOMOTRIZ DE 12 VOLTIOS\r\n\r\n\r\nMINCARONE RUIZ E CIA. LTDA. DESDE 1985 AL SERVICIO DEL MERCADO DEL TRANSPORTE REFRIGERADO\r\nCONCESIONARIO MASTER SPAL AUTOMOTIVE"},"_links":{"self":[{"href":"https:\/\/mincarone.net\/es\/wp-json\/wp\/v2\/product\/3379","targetHints":{"allow":["GET"]}}],"collection":[{"href":"https:\/\/mincarone.net\/es\/wp-json\/wp\/v2\/product"}],"about":[{"href":"https:\/\/mincarone.net\/es\/wp-json\/wp\/v2\/types\/product"}],"replies":[{"embeddable":true,"href":"https:\/\/mincarone.net\/es\/wp-json\/wp\/v2\/comments?post=3379"}],"wp:featuredmedia":[{"embeddable":true,"href":"https:\/\/mincarone.net\/es\/wp-json\/wp\/v2\/media\/3861"}],"wp:attachment":[{"href":"https:\/\/mincarone.net\/es\/wp-json\/wp\/v2\/media?parent=3379"}],"wp:term":[{"taxonomy":"product_brand","embeddable":true,"href":"https:\/\/mincarone.net\/es\/wp-json\/wp\/v2\/product_brand?post=3379"},{"taxonomy":"product_cat","embeddable":true,"href":"https:\/\/mincarone.net\/es\/wp-json\/wp\/v2\/product_cat?post=3379"},{"taxonomy":"product_tag","embeddable":true,"href":"https:\/\/mincarone.net\/es\/wp-json\/wp\/v2\/product_tag?post=3379"}],"curies":[{"name":"wp","href":"https:\/\/api.w.org\/{rel}","templated":true}]}}