{"id":4101,"date":"2023-11-27T11:20:12","date_gmt":"2023-11-27T14:20:12","guid":{"rendered":"http:\/\/net.mincarone.com.br\/produto\/valvula-expansao-spheros-e-volare-012-0008-1000-honeywell\/"},"modified":"2026-04-07T09:35:12","modified_gmt":"2026-04-07T12:35:12","slug":"v-lvula-expans-o-spheros-valeo-volare-012-0008-1000-honeywell-toex-e0647","status":"publish","type":"product","link":"https:\/\/mincarone.net\/es\/producto\/v-lvula-expans-o-spheros-valeo-volare-012-0008-1000-honeywell-toex-e0647\/","title":{"rendered":"V\u00c1LVULA DE EXPANSI\u00d3N - SPHEROS VALEO VOLARE 012-0008-1000 HONEYWELL TOEX-E0647"},"content":{"rendered":"V\u00c1V\u00c1LVULA DE EXPANSI\u00d3N DE AIRE ACONDICIONADO VALEO\r\n\r\n3\/8 X 1\/2 X 1\/4 SRO\r\nHONEYWELL TOEX-E0647\r\nR134A\r\n4,5 T\r\nAPLICACI\u00d3N: AEROSPHERE 300, 350, CC300, CC350, CC160, 160T, C170, 170T Y OTROS\r\n\r\nMINCARONE RUIZ E CIA. LTDA. DESDE 1985 AL SERVICIO DEL MERCADO DEL TRANSPORTE REFRIGERADO","protected":false},"excerpt":{"rendered":"<p>V\u00c1V\u00c1LVULA DE EXPANSI\u00d3N DE AIRE ACONDICIONADO VALEO 3\/8 X 1\/2 X 1\/4 SRO HONEYWELL TOEX-E0647 R134A 4,5 T APLICACI\u00d3N: AEROSPHERE [&hellip;]<\/p>","protected":false},"featured_media":4274,"comment_status":"closed","ping_status":"closed","template":"","meta":{"_acf_changed":false,"site-sidebar-layout":"default","site-content-layout":"default","ast-site-content-layout":"default","site-content-style":"default","site-sidebar-style":"default","ast-global-header-display":"","ast-banner-title-visibility":"","ast-main-header-display":"","ast-hfb-above-header-display":"","ast-hfb-below-header-display":"","ast-hfb-mobile-header-display":"","site-post-title":"","ast-breadcrumbs-content":"","ast-featured-img":"","footer-sml-layout":"","ast-disable-related-posts":"","theme-transparent-header-meta":"default","adv-header-id-meta":"","stick-header-meta":"default","header-above-stick-meta":"","header-main-stick-meta":"","header-below-stick-meta":"","astra-migrate-meta-layouts":"set","ast-page-background-enabled":"default","ast-page-background-meta":{"desktop":{"background-color":"var(--ast-global-color-5)","background-image":"","background-repeat":"repeat","background-position":"center center","background-size":"auto","background-attachment":"scroll","background-type":"","background-media":"","overlay-type":"","overlay-color":"","overlay-opacity":"","overlay-gradient":""},"tablet":{"background-color":"","background-image":"","background-repeat":"repeat","background-position":"center center","background-size":"auto","background-attachment":"scroll","background-type":"","background-media":"","overlay-type":"","overlay-color":"","overlay-opacity":"","overlay-gradient":""},"mobile":{"background-color":"","background-image":"","background-repeat":"repeat","background-position":"center center","background-size":"auto","background-attachment":"scroll","background-type":"","background-media":"","overlay-type":"","overlay-color":"","overlay-opacity":"","overlay-gradient":""}},"ast-content-background-meta":{"desktop":{"background-color":"var(--ast-global-color-4)","background-image":"","background-repeat":"repeat","background-position":"center center","background-size":"auto","background-attachment":"scroll","background-type":"","background-media":"","overlay-type":"","overlay-color":"","overlay-opacity":"","overlay-gradient":""},"tablet":{"background-color":"var(--ast-global-color-4)","background-image":"","background-repeat":"repeat","background-position":"center center","background-size":"auto","background-attachment":"scroll","background-type":"","background-media":"","overlay-type":"","overlay-color":"","overlay-opacity":"","overlay-gradient":""},"mobile":{"background-color":"var(--ast-global-color-4)","background-image":"","background-repeat":"repeat","background-position":"center center","background-size":"auto","background-attachment":"scroll","background-type":"","background-media":"","overlay-type":"","overlay-color":"","overlay-opacity":"","overlay-gradient":""}},"_joinchat":[]},"product_brand":[],"product_cat":[70],"product_tag":[],"class_list":{"0":"post-4101","1":"product","2":"type-product","3":"status-publish","4":"has-post-thumbnail","6":"product_cat-valvulas","7":"desktop-align-left","8":"tablet-align-left","9":"mobile-align-left","11":"first","12":"instock","13":"shipping-taxable","14":"purchasable","15":"product-type-simple"},"acf":{"titulo_ingles":"EXPANSION VALVE - SPHEROS VALEO VOLARE 012-0008-1000 HONEYWELL TOEX-E0647","descricao_ingles":"VALEO AIR CONDITIONER EXPANSION VALVE\r\n\t\r\n3\/8 X 1\/2 X 1\/4 ORS\t\t\r\nHONEYWELL TOEX-E0647 \r\nR134A \t\r\n4,5 T\r\nAPPLICATION: AEROSPHERE 300, 350, CC300, CC350, CC160, 160T, C170, 170T AND OTHERS\r\n\r\n\r\nMINCARONE RUIZ E CIA. LTDA. SINCE 1985 SERVING THE REFRIGERATED TRANSPORT MARKET","titulo_espanhol":"V\u00c1LVULA DE EXPANSI\u00d3N - SPHEROS VALEO VOLARE 012-0008-1000 HONEYWELL TOEX-E0647","descricao_espanhol":"V\u00c1V\u00c1LVULA DE EXPANSI\u00d3N DE AIRE ACONDICIONADO VALEO\r\n\r\n3\/8 X 1\/2 X 1\/4 SRO\r\nHONEYWELL TOEX-E0647\r\nR134A\r\n4,5 T\r\nAPLICACI\u00d3N: AEROSPHERE 300, 350, CC300, CC350, CC160, 160T, C170, 170T Y OTROS\r\n\r\nMINCARONE RUIZ E CIA. LTDA. DESDE 1985 AL SERVICIO DEL MERCADO DEL TRANSPORTE REFRIGERADO\r\n"},"_links":{"self":[{"href":"https:\/\/mincarone.net\/es\/wp-json\/wp\/v2\/product\/4101","targetHints":{"allow":["GET"]}}],"collection":[{"href":"https:\/\/mincarone.net\/es\/wp-json\/wp\/v2\/product"}],"about":[{"href":"https:\/\/mincarone.net\/es\/wp-json\/wp\/v2\/types\/product"}],"replies":[{"embeddable":true,"href":"https:\/\/mincarone.net\/es\/wp-json\/wp\/v2\/comments?post=4101"}],"wp:featuredmedia":[{"embeddable":true,"href":"https:\/\/mincarone.net\/es\/wp-json\/wp\/v2\/media\/4274"}],"wp:attachment":[{"href":"https:\/\/mincarone.net\/es\/wp-json\/wp\/v2\/media?parent=4101"}],"wp:term":[{"taxonomy":"product_brand","embeddable":true,"href":"https:\/\/mincarone.net\/es\/wp-json\/wp\/v2\/product_brand?post=4101"},{"taxonomy":"product_cat","embeddable":true,"href":"https:\/\/mincarone.net\/es\/wp-json\/wp\/v2\/product_cat?post=4101"},{"taxonomy":"product_tag","embeddable":true,"href":"https:\/\/mincarone.net\/es\/wp-json\/wp\/v2\/product_tag?post=4101"}],"curies":[{"name":"wp","href":"https:\/\/api.w.org\/{rel}","templated":true}]}}