{"id":4102,"date":"2023-11-27T11:20:12","date_gmt":"2023-11-27T14:20:12","guid":{"rendered":"http:\/\/net.mincarone.com.br\/produto\/w0700022000\/"},"modified":"2026-04-09T17:46:48","modified_gmt":"2026-04-09T20:46:48","slug":"placa-rel-spheros-valeo-dd-piso-globus-valeo-gl-w122-007-00022-000","status":"publish","type":"product","link":"https:\/\/mincarone.net\/es\/producto\/placa-rel-spheros-valeo-dd-piso-globus-valeo-gl-w122-007-00022-000\/","title":{"rendered":"TARJETA ELECTR\u00d3NICA REL\u00c9 - GLOBUS VALEO GL-W122 007-00022-000"},"content":{"rendered":"TARJETA DE REL\u00c9\r\n\r\nMARCA: GLOBUS\r\nN\u00daMERO DE REPUESTO GLOBUS: GL-W122\r\nN\u00daMERO DE REPUESTO VALEO: 017-00022-000\r\nVOLTAJE: 24 VOLTIOS\r\nAPLICACI\u00d3N: AUTOB\u00daS DE DOS PISOS SPHEROS CC430C - MODELO CS\r\n\r\n\r\nMINCARONE RUIZ E CIA. LTDA. DESDE 1985 AL SERVICIO DEL MERCADO DEL TRANSPORTE REFRIGERADO","protected":false},"excerpt":{"rendered":"<p>TARJETA DE REL\u00c9 MARCA: GLOBUS N\u00daMERO DE REPUESTO GLOBUS: GL-W122 N\u00daMERO DE REPUESTO VALEO: 017-00022-000 VOLTAJE: 24 VOLTIOS APLICACI\u00d3N: AUTOB\u00daS [&hellip;]<\/p>","protected":false},"featured_media":4287,"comment_status":"closed","ping_status":"closed","template":"","meta":{"_acf_changed":false,"site-sidebar-layout":"default","site-content-layout":"default","ast-site-content-layout":"default","site-content-style":"default","site-sidebar-style":"default","ast-global-header-display":"","ast-banner-title-visibility":"","ast-main-header-display":"","ast-hfb-above-header-display":"","ast-hfb-below-header-display":"","ast-hfb-mobile-header-display":"","site-post-title":"","ast-breadcrumbs-content":"","ast-featured-img":"","footer-sml-layout":"","ast-disable-related-posts":"","theme-transparent-header-meta":"default","adv-header-id-meta":"","stick-header-meta":"default","header-above-stick-meta":"","header-main-stick-meta":"","header-below-stick-meta":"","astra-migrate-meta-layouts":"set","ast-page-background-enabled":"default","ast-page-background-meta":{"desktop":{"background-color":"var(--ast-global-color-5)","background-image":"","background-repeat":"repeat","background-position":"center center","background-size":"auto","background-attachment":"scroll","background-type":"","background-media":"","overlay-type":"","overlay-color":"","overlay-opacity":"","overlay-gradient":""},"tablet":{"background-color":"","background-image":"","background-repeat":"repeat","background-position":"center center","background-size":"auto","background-attachment":"scroll","background-type":"","background-media":"","overlay-type":"","overlay-color":"","overlay-opacity":"","overlay-gradient":""},"mobile":{"background-color":"","background-image":"","background-repeat":"repeat","background-position":"center center","background-size":"auto","background-attachment":"scroll","background-type":"","background-media":"","overlay-type":"","overlay-color":"","overlay-opacity":"","overlay-gradient":""}},"ast-content-background-meta":{"desktop":{"background-color":"var(--ast-global-color-4)","background-image":"","background-repeat":"repeat","background-position":"center center","background-size":"auto","background-attachment":"scroll","background-type":"","background-media":"","overlay-type":"","overlay-color":"","overlay-opacity":"","overlay-gradient":""},"tablet":{"background-color":"var(--ast-global-color-4)","background-image":"","background-repeat":"repeat","background-position":"center center","background-size":"auto","background-attachment":"scroll","background-type":"","background-media":"","overlay-type":"","overlay-color":"","overlay-opacity":"","overlay-gradient":""},"mobile":{"background-color":"var(--ast-global-color-4)","background-image":"","background-repeat":"repeat","background-position":"center center","background-size":"auto","background-attachment":"scroll","background-type":"","background-media":"","overlay-type":"","overlay-color":"","overlay-opacity":"","overlay-gradient":""}},"_joinchat":[]},"product_brand":[],"product_cat":[76],"product_tag":[],"class_list":{"0":"post-4102","1":"product","2":"type-product","3":"status-publish","4":"has-post-thumbnail","6":"product_cat-componentes-eletricos","7":"desktop-align-left","8":"tablet-align-left","9":"mobile-align-left","11":"first","12":"instock","13":"shipping-taxable","14":"purchasable","15":"product-type-simple"},"acf":{"titulo_ingles":"RELAY BOARD - GLOBUS VALEO GL-W122 007-00022-000","descricao_ingles":"RELAY BOARD\r\n\r\nBRAND: GLOBUS\t\r\nGLOBUS PART NUMBER: GL-W122\r\nVALEO PART NUMBER: 017-00022-000\r\nVOLTAGE: 24 VOLTS\r\nAPPLICATION: SPHEROS DOUBLE DECKER BUS CC430C - CS MODEL\r\n\r\n\r\nMINCARONE RUIZ E CIA. LTDA. SINCE 1985 SERVING THE REFRIGERATED TRANSPORT MARKET\r\n","titulo_espanhol":"TARJETA ELECTR\u00d3NICA REL\u00c9 - GLOBUS VALEO GL-W122 007-00022-000","descricao_espanhol":"TARJETA DE REL\u00c9\r\n\r\nMARCA: GLOBUS\r\nN\u00daMERO DE REPUESTO GLOBUS: GL-W122\r\nN\u00daMERO DE REPUESTO VALEO: 017-00022-000\r\nVOLTAJE: 24 VOLTIOS\r\nAPLICACI\u00d3N: AUTOB\u00daS DE DOS PISOS SPHEROS CC430C - MODELO CS\r\n\r\n\r\nMINCARONE RUIZ E CIA. LTDA. DESDE 1985 AL SERVICIO DEL MERCADO DEL TRANSPORTE REFRIGERADO\r\n"},"_links":{"self":[{"href":"https:\/\/mincarone.net\/es\/wp-json\/wp\/v2\/product\/4102","targetHints":{"allow":["GET"]}}],"collection":[{"href":"https:\/\/mincarone.net\/es\/wp-json\/wp\/v2\/product"}],"about":[{"href":"https:\/\/mincarone.net\/es\/wp-json\/wp\/v2\/types\/product"}],"replies":[{"embeddable":true,"href":"https:\/\/mincarone.net\/es\/wp-json\/wp\/v2\/comments?post=4102"}],"wp:featuredmedia":[{"embeddable":true,"href":"https:\/\/mincarone.net\/es\/wp-json\/wp\/v2\/media\/4287"}],"wp:attachment":[{"href":"https:\/\/mincarone.net\/es\/wp-json\/wp\/v2\/media?parent=4102"}],"wp:term":[{"taxonomy":"product_brand","embeddable":true,"href":"https:\/\/mincarone.net\/es\/wp-json\/wp\/v2\/product_brand?post=4102"},{"taxonomy":"product_cat","embeddable":true,"href":"https:\/\/mincarone.net\/es\/wp-json\/wp\/v2\/product_cat?post=4102"},{"taxonomy":"product_tag","embeddable":true,"href":"https:\/\/mincarone.net\/es\/wp-json\/wp\/v2\/product_tag?post=4102"}],"curies":[{"name":"wp","href":"https:\/\/api.w.org\/{rel}","templated":true}]}}