{"id":4127,"date":"2023-11-27T11:20:17","date_gmt":"2023-11-27T14:20:17","guid":{"rendered":"http:\/\/net.mincarone.com.br\/produto\/w2100082000\/"},"modified":"2026-04-10T17:45:48","modified_gmt":"2026-04-10T20:45:48","slug":"eletro-ventilador-006-b40-22-021-00082-000-24v-thermo-king-valeo","status":"publish","type":"product","link":"https:\/\/mincarone.net\/es\/producto\/eletro-ventilador-006-b40-22-021-00082-000-24v-thermo-king-valeo\/","title":{"rendered":"VENTILADOR CENTR\u00cdFUGO - 006-B40-22 021-00082-000 24V THERMO KING VALEO"},"content":{"rendered":"VENTILADOR CENTR\u00cdFUGO RADIAL\r\n\r\nMARCA: VALEO\r\nN\u00daMERO DE REPUESTO VALEO: 021-00082-000\r\nMODELO: 006-B40-22\r\nTIPO: RADIAL - CENTR\u00cdFUGA - DOBLE\r\nVOLTAJE: 24 VOLTIOS\r\nCAUDAL DE AIRE: 1.100 M3\/H\r\nCONSUMO DE ENERG\u00cdA: 12 AMPERIOS (288 CFM)\r\nRPM: 3.900\r\nVELOCIDADES: 3\r\nTAMA\u00d1O: 350 MM X 140 MM X 167,50 MM\r\nAPLICACI\u00d3N: THERMO KING, CARRIER, ARCO, UNIVERSAL. EVAPORADOR EN AIRE ACONDICIONADO DE AUTOBUSES, DEFROSTER, VENTILACI\u00d3N POR CONDUCTOS, VENTILACI\u00d3N AUTOMOTRIZ EN GENERAL\r\n\r\nMINCARONE RUIZ E CIA. LTDA. DESDE 1985 AL SERVICIO DEL MERCADO DEL TRANSPORTE REFRIGERADO","protected":false},"excerpt":{"rendered":"<p>VENTILADOR CENTR\u00cdFUGO RADIAL MARCA: VALEO N\u00daMERO DE REPUESTO VALEO: 021-00082-000 MODELO: 006-B40-22 TIPO: RADIAL &#8211; CENTR\u00cdFUGA &#8211; DOBLE VOLTAJE: 24 [&hellip;]<\/p>","protected":false},"featured_media":4135,"comment_status":"closed","ping_status":"closed","template":"","meta":{"_acf_changed":false,"site-sidebar-layout":"default","site-content-layout":"default","ast-site-content-layout":"default","site-content-style":"default","site-sidebar-style":"default","ast-global-header-display":"","ast-banner-title-visibility":"","ast-main-header-display":"","ast-hfb-above-header-display":"","ast-hfb-below-header-display":"","ast-hfb-mobile-header-display":"","site-post-title":"","ast-breadcrumbs-content":"","ast-featured-img":"","footer-sml-layout":"","ast-disable-related-posts":"","theme-transparent-header-meta":"default","adv-header-id-meta":"","stick-header-meta":"default","header-above-stick-meta":"","header-main-stick-meta":"","header-below-stick-meta":"","astra-migrate-meta-layouts":"set","ast-page-background-enabled":"default","ast-page-background-meta":{"desktop":{"background-color":"var(--ast-global-color-5)","background-image":"","background-repeat":"repeat","background-position":"center center","background-size":"auto","background-attachment":"scroll","background-type":"","background-media":"","overlay-type":"","overlay-color":"","overlay-opacity":"","overlay-gradient":""},"tablet":{"background-color":"","background-image":"","background-repeat":"repeat","background-position":"center center","background-size":"auto","background-attachment":"scroll","background-type":"","background-media":"","overlay-type":"","overlay-color":"","overlay-opacity":"","overlay-gradient":""},"mobile":{"background-color":"","background-image":"","background-repeat":"repeat","background-position":"center center","background-size":"auto","background-attachment":"scroll","background-type":"","background-media":"","overlay-type":"","overlay-color":"","overlay-opacity":"","overlay-gradient":""}},"ast-content-background-meta":{"desktop":{"background-color":"var(--ast-global-color-4)","background-image":"","background-repeat":"repeat","background-position":"center center","background-size":"auto","background-attachment":"scroll","background-type":"","background-media":"","overlay-type":"","overlay-color":"","overlay-opacity":"","overlay-gradient":""},"tablet":{"background-color":"var(--ast-global-color-4)","background-image":"","background-repeat":"repeat","background-position":"center center","background-size":"auto","background-attachment":"scroll","background-type":"","background-media":"","overlay-type":"","overlay-color":"","overlay-opacity":"","overlay-gradient":""},"mobile":{"background-color":"var(--ast-global-color-4)","background-image":"","background-repeat":"repeat","background-position":"center center","background-size":"auto","background-attachment":"scroll","background-type":"","background-media":"","overlay-type":"","overlay-color":"","overlay-opacity":"","overlay-gradient":""}},"_joinchat":[]},"product_brand":[],"product_cat":[19],"product_tag":[],"class_list":{"0":"post-4127","1":"product","2":"type-product","3":"status-publish","4":"has-post-thumbnail","6":"product_cat-eletroventiladores","7":"desktop-align-left","8":"tablet-align-left","9":"mobile-align-left","11":"first","12":"outofstock","13":"shipping-taxable","14":"purchasable","15":"product-type-simple"},"acf":{"titulo_ingles":"CENTRIFUGAL BLOWER - 006-B40-22 021-00082-000 24V THERMO KING VALEO","descricao_ingles":"RADIAL CENTRIFUGAL BLOWER\r\n\t\t\r\nBRAND: VALEO\t\r\nVALEO PART NUMBER: 021-00082-000\r\nMODEL: 006-B40-22\r\nTYPE: RADIAL - CENTRIFUGAL - DOUBLE\r\nVOLTAGE: 24 VOLTS\r\nAIRFLOW: 1.100 M3\/H\r\nPOWER CONSUMPTION: 12 AMPS (288 CFM)\r\nRPM: 3.900\r\nSPEEDS: 3\r\nSIZE: 350 MM X 140 MM X 167,50 MM\r\nAPPLICATION: THERMO KING, CARRIER, ARCO, UNIVERSAL. BUS AIR CONDITIONER EVAPORATOR, DEFROSTER, DUCT VENTILATION, GENERAL VEHICLES VENTILATION\r\n\r\n\r\nMINCARONE RUIZ E CIA. LTDA. SINCE 1985 SERVING THE REFRIGERATED TRANSPORT MARKET\r\n","titulo_espanhol":"VENTILADOR CENTR\u00cdFUGO - 006-B40-22 021-00082-000 24V THERMO KING VALEO","descricao_espanhol":"VENTILADOR CENTR\u00cdFUGO RADIAL\r\n\r\nMARCA: VALEO\r\nN\u00daMERO DE REPUESTO VALEO: 021-00082-000\r\nMODELO: 006-B40-22\r\nTIPO: RADIAL - CENTR\u00cdFUGA - DOBLE\r\nVOLTAJE: 24 VOLTIOS\r\nCAUDAL DE AIRE: 1.100 M3\/H\r\nCONSUMO DE ENERG\u00cdA: 12 AMPERIOS (288 CFM)\r\nRPM: 3.900\r\nVELOCIDADES: 3\r\nTAMA\u00d1O: 350 MM X 140 MM X 167,50 MM\r\nAPLICACI\u00d3N: THERMO KING, CARRIER, ARCO, UNIVERSAL. EVAPORADOR EN AIRE ACONDICIONADO DE AUTOBUSES, DEFROSTER, VENTILACI\u00d3N POR CONDUCTOS, VENTILACI\u00d3N AUTOMOTRIZ EN GENERAL\r\n\r\nMINCARONE RUIZ E CIA. LTDA. DESDE 1985 AL SERVICIO DEL MERCADO DEL TRANSPORTE REFRIGERADO\r\n"},"_links":{"self":[{"href":"https:\/\/mincarone.net\/es\/wp-json\/wp\/v2\/product\/4127","targetHints":{"allow":["GET"]}}],"collection":[{"href":"https:\/\/mincarone.net\/es\/wp-json\/wp\/v2\/product"}],"about":[{"href":"https:\/\/mincarone.net\/es\/wp-json\/wp\/v2\/types\/product"}],"replies":[{"embeddable":true,"href":"https:\/\/mincarone.net\/es\/wp-json\/wp\/v2\/comments?post=4127"}],"wp:featuredmedia":[{"embeddable":true,"href":"https:\/\/mincarone.net\/es\/wp-json\/wp\/v2\/media\/4135"}],"wp:attachment":[{"href":"https:\/\/mincarone.net\/es\/wp-json\/wp\/v2\/media?parent=4127"}],"wp:term":[{"taxonomy":"product_brand","embeddable":true,"href":"https:\/\/mincarone.net\/es\/wp-json\/wp\/v2\/product_brand?post=4127"},{"taxonomy":"product_cat","embeddable":true,"href":"https:\/\/mincarone.net\/es\/wp-json\/wp\/v2\/product_cat?post=4127"},{"taxonomy":"product_tag","embeddable":true,"href":"https:\/\/mincarone.net\/es\/wp-json\/wp\/v2\/product_tag?post=4127"}],"curies":[{"name":"wp","href":"https:\/\/api.w.org\/{rel}","templated":true}]}}