{"id":4543,"date":"2023-12-11T09:29:14","date_gmt":"2023-12-11T12:29:14","guid":{"rendered":"http:\/\/net.mincarone.com.br\/produto\/bobina-valvula-solenoide-24v-thermo-king-v500-v300\/"},"modified":"2026-04-10T17:45:51","modified_gmt":"2026-04-10T20:45:51","slug":"bobina-v-lvula-solenoide-24v-thermo-king-415051-41-5051-v300-v500","status":"publish","type":"product","link":"https:\/\/mincarone.net\/es\/producto\/bobina-v-lvula-solenoide-24v-thermo-king-415051-41-5051-v300-v500\/","title":{"rendered":"BOBINA - V\u00c1LVULA SOLENOIDE 24V THERMO KING 415051 41-5051 V300 V500"},"content":{"rendered":"BOBINA DE V\u00c1LVULA SOLENOIDE\r\n\r\nMARCA: THERMO KING\r\nN\u00daMERO DE REPUESTO: 415051 (41-5051) SOL\u00cdA SER 415789 (41-5789)\r\nVOLTAJE: 24 VOLTIOS\r\nAPLICACI\u00d3N: V090, V095, V200, V300, V500 (DESPU\u00c9S DEL 01\/07), V600, V700, C250, C350, C450, KV300, B060 Y OTROS. MODELOS ANTIGUOS CON BOBINA DE COBRE Y ALUMINIO\r\n\r\n\r\nMINCARONE RUIZ E CIA. LTDA. DESDE 1985 AL SERVICIO DEL MERCADO DEL TRANSPORTE REFRIGERADO\r\n\t\r\nCONCESIONARIO THERMO KING","protected":false},"excerpt":{"rendered":"<p>BOBINA DE V\u00c1LVULA SOLENOIDE MARCA: THERMO KING N\u00daMERO DE REPUESTO: 415051 (41-5051) SOL\u00cdA SER 415789 (41-5789) VOLTAJE: 24 VOLTIOS APLICACI\u00d3N: [&hellip;]<\/p>","protected":false},"featured_media":5618,"comment_status":"closed","ping_status":"closed","template":"","meta":{"_acf_changed":false,"site-sidebar-layout":"default","site-content-layout":"default","ast-site-content-layout":"default","site-content-style":"default","site-sidebar-style":"default","ast-global-header-display":"","ast-banner-title-visibility":"","ast-main-header-display":"","ast-hfb-above-header-display":"","ast-hfb-below-header-display":"","ast-hfb-mobile-header-display":"","site-post-title":"","ast-breadcrumbs-content":"","ast-featured-img":"","footer-sml-layout":"","ast-disable-related-posts":"","theme-transparent-header-meta":"default","adv-header-id-meta":"","stick-header-meta":"default","header-above-stick-meta":"","header-main-stick-meta":"","header-below-stick-meta":"","astra-migrate-meta-layouts":"default","ast-page-background-enabled":"default","ast-page-background-meta":{"desktop":{"background-color":"var(--ast-global-color-5)","background-image":"","background-repeat":"repeat","background-position":"center center","background-size":"auto","background-attachment":"scroll","background-type":"","background-media":"","overlay-type":"","overlay-color":"","overlay-opacity":"","overlay-gradient":""},"tablet":{"background-color":"","background-image":"","background-repeat":"repeat","background-position":"center center","background-size":"auto","background-attachment":"scroll","background-type":"","background-media":"","overlay-type":"","overlay-color":"","overlay-opacity":"","overlay-gradient":""},"mobile":{"background-color":"","background-image":"","background-repeat":"repeat","background-position":"center center","background-size":"auto","background-attachment":"scroll","background-type":"","background-media":"","overlay-type":"","overlay-color":"","overlay-opacity":"","overlay-gradient":""}},"ast-content-background-meta":{"desktop":{"background-color":"var(--ast-global-color-4)","background-image":"","background-repeat":"repeat","background-position":"center center","background-size":"auto","background-attachment":"scroll","background-type":"","background-media":"","overlay-type":"","overlay-color":"","overlay-opacity":"","overlay-gradient":""},"tablet":{"background-color":"var(--ast-global-color-4)","background-image":"","background-repeat":"repeat","background-position":"center center","background-size":"auto","background-attachment":"scroll","background-type":"","background-media":"","overlay-type":"","overlay-color":"","overlay-opacity":"","overlay-gradient":""},"mobile":{"background-color":"var(--ast-global-color-4)","background-image":"","background-repeat":"repeat","background-position":"center center","background-size":"auto","background-attachment":"scroll","background-type":"","background-media":"","overlay-type":"","overlay-color":"","overlay-opacity":"","overlay-gradient":""}},"_joinchat":[]},"product_brand":[],"product_cat":[64],"product_tag":[],"class_list":{"0":"post-4543","1":"product","2":"type-product","3":"status-publish","4":"has-post-thumbnail","6":"product_cat-solenoide","7":"desktop-align-left","8":"tablet-align-left","9":"mobile-align-left","11":"first","12":"instock","13":"shipping-taxable","14":"purchasable","15":"product-type-simple"},"acf":{"titulo_ingles":"COIL - SOLENOID VALVE 24V THERMO KING 415051 41-5051 V300 V500","descricao_ingles":"SOLENOID VALVE COIL\r\n\r\nBRAND: THERMO KING\r\nPART NUMBER: 415051 (41-5051) USED TO BE 415789 (41-5789)\r\nVOLTAGE: 24 VOLTS\r\nAPPLICATION: V090, V095, V200, V300, V500 (AFTER 07\/01), V600, V700, C250, C350, C450, KV300, B060 AND OTHERS. OLDER MODELS WITH COPPER AND ALUMINUM COIL\r\n\t\r\n\r\nMINCARONE RUIZ E CIA. LTDA. SINCE 1985 SERVING THE REFRIGERATED TRANSPORT MARKET\r\n\t\t\r\nTHERMO KING DEALER\r\n","titulo_espanhol":"BOBINA - V\u00c1LVULA SOLENOIDE 24V THERMO KING 415051 41-5051 V300 V500","descricao_espanhol":"BOBINA DE V\u00c1LVULA SOLENOIDE\r\n\r\nMARCA: THERMO KING\r\nN\u00daMERO DE REPUESTO: 415051 (41-5051) SOL\u00cdA SER 415789 (41-5789)\r\nVOLTAJE: 24 VOLTIOS\r\nAPLICACI\u00d3N: V090, V095, V200, V300, V500 (DESPU\u00c9S DEL 01\/07), V600, V700, C250, C350, C450, KV300, B060 Y OTROS. MODELOS ANTIGUOS CON BOBINA DE COBRE Y ALUMINIO\r\n\r\n\r\nMINCARONE RUIZ E CIA. LTDA. DESDE 1985 AL SERVICIO DEL MERCADO DEL TRANSPORTE REFRIGERADO\r\n\t\r\nCONCESIONARIO THERMO KING\r\n"},"_links":{"self":[{"href":"https:\/\/mincarone.net\/es\/wp-json\/wp\/v2\/product\/4543","targetHints":{"allow":["GET"]}}],"collection":[{"href":"https:\/\/mincarone.net\/es\/wp-json\/wp\/v2\/product"}],"about":[{"href":"https:\/\/mincarone.net\/es\/wp-json\/wp\/v2\/types\/product"}],"replies":[{"embeddable":true,"href":"https:\/\/mincarone.net\/es\/wp-json\/wp\/v2\/comments?post=4543"}],"wp:featuredmedia":[{"embeddable":true,"href":"https:\/\/mincarone.net\/es\/wp-json\/wp\/v2\/media\/5618"}],"wp:attachment":[{"href":"https:\/\/mincarone.net\/es\/wp-json\/wp\/v2\/media?parent=4543"}],"wp:term":[{"taxonomy":"product_brand","embeddable":true,"href":"https:\/\/mincarone.net\/es\/wp-json\/wp\/v2\/product_brand?post=4543"},{"taxonomy":"product_cat","embeddable":true,"href":"https:\/\/mincarone.net\/es\/wp-json\/wp\/v2\/product_cat?post=4543"},{"taxonomy":"product_tag","embeddable":true,"href":"https:\/\/mincarone.net\/es\/wp-json\/wp\/v2\/product_tag?post=4543"}],"curies":[{"name":"wp","href":"https:\/\/api.w.org\/{rel}","templated":true}]}}