{"id":4548,"date":"2023-12-11T09:29:15","date_gmt":"2023-12-11T12:29:15","guid":{"rendered":"http:\/\/net.mincarone.com.br\/produto\/bucha-fixacao-serpentina-cond-thermo-king-t600-800-880-1200\/"},"modified":"2026-04-07T17:51:17","modified_gmt":"2026-04-07T20:51:17","slug":"bucha-fixa-o-serpentina-condensador-thermo-king-512291-51-2291-t600-t800-t880-t1200","status":"publish","type":"product","link":"https:\/\/mincarone.net\/es\/producto\/bucha-fixa-o-serpentina-condensador-thermo-king-512291-51-2291-t600-t800-t880-t1200\/","title":{"rendered":"BUJE FIJACION BOBINA CONDENSADOR THERMO KING 512291 51-2291 T600 T800 T880 T1200"},"content":{"rendered":"BUJE DE FIJACI\u00d3N - BOBINA DEL CONDENSADOR\r\n\r\nMARCA: THERMO KING\r\nN\u00daMERO DE REPUESTO: 512291 (51-2291)\r\nAPLICACI\u00d3N: BOBINA PARA EQUIPOS SERIE T\r\n\r\n\r\nMINCARONE RUIZ E CIA. LTDA. DESDE 1985 AL SERVICIO DEL MERCADO DEL TRANSPORTE REFRIGERADO\r\n\t\r\nCONCESIONARIO THERMO KING","protected":false},"excerpt":{"rendered":"<p>BUJE DE FIJACI\u00d3N &#8211; BOBINA DEL CONDENSADOR MARCA: THERMO KING N\u00daMERO DE REPUESTO: 512291 (51-2291) APLICACI\u00d3N: BOBINA PARA EQUIPOS SERIE [&hellip;]<\/p>","protected":false},"featured_media":5557,"comment_status":"closed","ping_status":"closed","template":"","meta":{"_acf_changed":false,"site-sidebar-layout":"default","site-content-layout":"default","ast-site-content-layout":"default","site-content-style":"default","site-sidebar-style":"default","ast-global-header-display":"","ast-banner-title-visibility":"","ast-main-header-display":"","ast-hfb-above-header-display":"","ast-hfb-below-header-display":"","ast-hfb-mobile-header-display":"","site-post-title":"","ast-breadcrumbs-content":"","ast-featured-img":"","footer-sml-layout":"","ast-disable-related-posts":"","theme-transparent-header-meta":"default","adv-header-id-meta":"","stick-header-meta":"default","header-above-stick-meta":"","header-main-stick-meta":"","header-below-stick-meta":"","astra-migrate-meta-layouts":"default","ast-page-background-enabled":"default","ast-page-background-meta":{"desktop":{"background-color":"var(--ast-global-color-5)","background-image":"","background-repeat":"repeat","background-position":"center center","background-size":"auto","background-attachment":"scroll","background-type":"","background-media":"","overlay-type":"","overlay-color":"","overlay-opacity":"","overlay-gradient":""},"tablet":{"background-color":"","background-image":"","background-repeat":"repeat","background-position":"center center","background-size":"auto","background-attachment":"scroll","background-type":"","background-media":"","overlay-type":"","overlay-color":"","overlay-opacity":"","overlay-gradient":""},"mobile":{"background-color":"","background-image":"","background-repeat":"repeat","background-position":"center center","background-size":"auto","background-attachment":"scroll","background-type":"","background-media":"","overlay-type":"","overlay-color":"","overlay-opacity":"","overlay-gradient":""}},"ast-content-background-meta":{"desktop":{"background-color":"var(--ast-global-color-4)","background-image":"","background-repeat":"repeat","background-position":"center center","background-size":"auto","background-attachment":"scroll","background-type":"","background-media":"","overlay-type":"","overlay-color":"","overlay-opacity":"","overlay-gradient":""},"tablet":{"background-color":"var(--ast-global-color-4)","background-image":"","background-repeat":"repeat","background-position":"center center","background-size":"auto","background-attachment":"scroll","background-type":"","background-media":"","overlay-type":"","overlay-color":"","overlay-opacity":"","overlay-gradient":""},"mobile":{"background-color":"var(--ast-global-color-4)","background-image":"","background-repeat":"repeat","background-position":"center center","background-size":"auto","background-attachment":"scroll","background-type":"","background-media":"","overlay-type":"","overlay-color":"","overlay-opacity":"","overlay-gradient":""}},"_joinchat":[]},"product_brand":[],"product_cat":[83],"product_tag":[],"class_list":{"0":"post-4548","1":"product","2":"type-product","3":"status-publish","4":"has-post-thumbnail","6":"product_cat-rolamentos","7":"desktop-align-left","8":"tablet-align-left","9":"mobile-align-left","11":"first","12":"instock","13":"shipping-taxable","14":"purchasable","15":"product-type-simple"},"acf":{"titulo_ingles":"BUSHING - SNAP-IN THERMO KING 512291 51-2291 T600 T800 T880 T1200","descricao_ingles":"FIXATION BUSHING - CONDENSER COIL\r\n\r\nBRAND: THERMO KING\t\r\nPART NUMBER: 512291 (51-2291)\r\nAPPLICATION: T-SERIES EQUIPMENTS COIL\r\n\t\r\n\r\nMINCARONE RUIZ E CIA. LTDA. SINCE 1985 SERVING THE REFRIGERATED TRANSPORT MARKET\r\n\t\t\r\nTHERMO KING DEALER\r\n","titulo_espanhol":"BUJE FIJACION BOBINA CONDENSADOR THERMO KING 512291 51-2291 T600 T800 T880 T1200","descricao_espanhol":"BUJE DE FIJACI\u00d3N - BOBINA DEL CONDENSADOR\r\n\r\nMARCA: THERMO KING\r\nN\u00daMERO DE REPUESTO: 512291 (51-2291)\r\nAPLICACI\u00d3N: BOBINA PARA EQUIPOS SERIE T\r\n\r\n\r\nMINCARONE RUIZ E CIA. LTDA. DESDE 1985 AL SERVICIO DEL MERCADO DEL TRANSPORTE REFRIGERADO\r\n\t\r\nCONCESIONARIO THERMO KING\r\n"},"_links":{"self":[{"href":"https:\/\/mincarone.net\/es\/wp-json\/wp\/v2\/product\/4548","targetHints":{"allow":["GET"]}}],"collection":[{"href":"https:\/\/mincarone.net\/es\/wp-json\/wp\/v2\/product"}],"about":[{"href":"https:\/\/mincarone.net\/es\/wp-json\/wp\/v2\/types\/product"}],"replies":[{"embeddable":true,"href":"https:\/\/mincarone.net\/es\/wp-json\/wp\/v2\/comments?post=4548"}],"wp:featuredmedia":[{"embeddable":true,"href":"https:\/\/mincarone.net\/es\/wp-json\/wp\/v2\/media\/5557"}],"wp:attachment":[{"href":"https:\/\/mincarone.net\/es\/wp-json\/wp\/v2\/media?parent=4548"}],"wp:term":[{"taxonomy":"product_brand","embeddable":true,"href":"https:\/\/mincarone.net\/es\/wp-json\/wp\/v2\/product_brand?post=4548"},{"taxonomy":"product_cat","embeddable":true,"href":"https:\/\/mincarone.net\/es\/wp-json\/wp\/v2\/product_cat?post=4548"},{"taxonomy":"product_tag","embeddable":true,"href":"https:\/\/mincarone.net\/es\/wp-json\/wp\/v2\/product_tag?post=4548"}],"curies":[{"name":"wp","href":"https:\/\/api.w.org\/{rel}","templated":true}]}}