{"id":4610,"date":"2023-12-11T09:29:26","date_gmt":"2023-12-11T12:29:26","guid":{"rendered":"http:\/\/net.mincarone.com.br\/produto\/pressostato-baixa-pressao-ar-cond-thermo-king-r134a-lrt\/"},"modified":"2026-04-07T09:35:10","modified_gmt":"2026-04-07T12:35:10","slug":"pressostato-baixa-press-o-thermo-king-r134a-ar-condicionado-nibus-448734-44-8734-lrt","status":"publish","type":"product","link":"https:\/\/mincarone.net\/es\/producto\/pressostato-baixa-press-o-thermo-king-r134a-ar-condicionado-nibus-448734-44-8734-lrt\/","title":{"rendered":"INTERRUPTOR - AIRE ACONDICIONADO DE AUTOB\u00daS R134A DE BAJA PRESI\u00d3N THERMO KING 448734 44-8734 LRT"},"content":{"rendered":"INTERRUPTOR DE BAJA PRESI\u00d3N\r\n\r\nMARCA: THERMO KING\r\nN\u00daMERO DE REPUESTO: 448734 44-8734\r\nOEM: 1187A13G06 O 8480C44G08\r\nRACOR: HEMBRA 7\/16\" -20 UNF\r\n20PS341-1 PMAX 17B PSL\r\nIGUAL 444258 (44-4258) \/ 448030 (44-8030) \/ 446132 (44-6132)\r\n5\/11 PSI ABIERTO\r\nABRE 4\/7 CERRAR\r\n\r\n\r\nMINCARONE RUIZ E CIA. LTDA. DESDE 1985 AL SERVICIO DEL MERCADO DEL TRANSPORTE REFRIGERADO\r\n\t\r\nCONCESIONARIO THERMO KING","protected":false},"excerpt":{"rendered":"<p>INTERRUPTOR DE BAJA PRESI\u00d3N MARCA: THERMO KING N\u00daMERO DE REPUESTO: 448734 44-8734 OEM: 1187A13G06 O 8480C44G08 RACOR: HEMBRA 7\/16&#8243; -20 [&hellip;]<\/p>","protected":false},"featured_media":5206,"comment_status":"closed","ping_status":"closed","template":"","meta":{"_acf_changed":false,"site-sidebar-layout":"default","site-content-layout":"default","ast-site-content-layout":"default","site-content-style":"default","site-sidebar-style":"default","ast-global-header-display":"","ast-banner-title-visibility":"","ast-main-header-display":"","ast-hfb-above-header-display":"","ast-hfb-below-header-display":"","ast-hfb-mobile-header-display":"","site-post-title":"","ast-breadcrumbs-content":"","ast-featured-img":"","footer-sml-layout":"","ast-disable-related-posts":"","theme-transparent-header-meta":"default","adv-header-id-meta":"","stick-header-meta":"default","header-above-stick-meta":"","header-main-stick-meta":"","header-below-stick-meta":"","astra-migrate-meta-layouts":"default","ast-page-background-enabled":"default","ast-page-background-meta":{"desktop":{"background-color":"var(--ast-global-color-5)","background-image":"","background-repeat":"repeat","background-position":"center center","background-size":"auto","background-attachment":"scroll","background-type":"","background-media":"","overlay-type":"","overlay-color":"","overlay-opacity":"","overlay-gradient":""},"tablet":{"background-color":"","background-image":"","background-repeat":"repeat","background-position":"center center","background-size":"auto","background-attachment":"scroll","background-type":"","background-media":"","overlay-type":"","overlay-color":"","overlay-opacity":"","overlay-gradient":""},"mobile":{"background-color":"","background-image":"","background-repeat":"repeat","background-position":"center center","background-size":"auto","background-attachment":"scroll","background-type":"","background-media":"","overlay-type":"","overlay-color":"","overlay-opacity":"","overlay-gradient":""}},"ast-content-background-meta":{"desktop":{"background-color":"var(--ast-global-color-4)","background-image":"","background-repeat":"repeat","background-position":"center center","background-size":"auto","background-attachment":"scroll","background-type":"","background-media":"","overlay-type":"","overlay-color":"","overlay-opacity":"","overlay-gradient":""},"tablet":{"background-color":"var(--ast-global-color-4)","background-image":"","background-repeat":"repeat","background-position":"center center","background-size":"auto","background-attachment":"scroll","background-type":"","background-media":"","overlay-type":"","overlay-color":"","overlay-opacity":"","overlay-gradient":""},"mobile":{"background-color":"var(--ast-global-color-4)","background-image":"","background-repeat":"repeat","background-position":"center center","background-size":"auto","background-attachment":"scroll","background-type":"","background-media":"","overlay-type":"","overlay-color":"","overlay-opacity":"","overlay-gradient":""}},"_joinchat":[]},"product_brand":[],"product_cat":[74],"product_tag":[],"class_list":{"0":"post-4610","1":"product","2":"type-product","3":"status-publish","4":"has-post-thumbnail","6":"product_cat-interruptores","7":"desktop-align-left","8":"tablet-align-left","9":"mobile-align-left","11":"first","12":"instock","13":"shipping-taxable","14":"purchasable","15":"product-type-simple"},"acf":{"titulo_ingles":"SWITCH - LOW PRESSURE R134A BUS AIR CONDITIONER THERMO KING 448734 44-8734 LRT","descricao_ingles":"LOW PRESSURE SWITCH\r\n\r\nBRAND: THERMO KING\r\nPART NUMBER: 448734 44-8734\r\nOEM: 1187A13G06 OR 8480C44G08\r\nFITTING: FEMALE 7\/16\" -20 UNF\r\n20PS341-1 PMAX 17B PSL\r\nSAME AS 444258 (44-4258) \/ 448030 (44-8030) \/ 446132 (44-6132)\r\n5\/11 PSI OPEN\r\nABRE 4\/7 CLOSE\r\n\t\r\n\r\nMINCARONE RUIZ E CIA. LTDA. SINCE 1985 SERVING THE REFRIGERATED TRANSPORT MARKET\r\n\t\t\r\nTHERMO KING DEALER\r\n","titulo_espanhol":"INTERRUPTOR - AIRE ACONDICIONADO DE AUTOB\u00daS R134A DE BAJA PRESI\u00d3N THERMO KING 448734 44-8734 LRT","descricao_espanhol":"INTERRUPTOR DE BAJA PRESI\u00d3N\r\n\r\nMARCA: THERMO KING\r\nN\u00daMERO DE REPUESTO: 448734 44-8734\r\nOEM: 1187A13G06 O 8480C44G08\r\nRACOR: HEMBRA 7\/16\" -20 UNF\r\n20PS341-1 PMAX 17B PSL\r\nIGUAL 444258 (44-4258) \/ 448030 (44-8030) \/ 446132 (44-6132)\r\n5\/11 PSI ABIERTO\r\nABRE 4\/7 CERRAR\r\n\r\n\r\nMINCARONE RUIZ E CIA. LTDA. DESDE 1985 AL SERVICIO DEL MERCADO DEL TRANSPORTE REFRIGERADO\r\n\t\r\nCONCESIONARIO THERMO KING\r\n"},"_links":{"self":[{"href":"https:\/\/mincarone.net\/es\/wp-json\/wp\/v2\/product\/4610","targetHints":{"allow":["GET"]}}],"collection":[{"href":"https:\/\/mincarone.net\/es\/wp-json\/wp\/v2\/product"}],"about":[{"href":"https:\/\/mincarone.net\/es\/wp-json\/wp\/v2\/types\/product"}],"replies":[{"embeddable":true,"href":"https:\/\/mincarone.net\/es\/wp-json\/wp\/v2\/comments?post=4610"}],"wp:featuredmedia":[{"embeddable":true,"href":"https:\/\/mincarone.net\/es\/wp-json\/wp\/v2\/media\/5206"}],"wp:attachment":[{"href":"https:\/\/mincarone.net\/es\/wp-json\/wp\/v2\/media?parent=4610"}],"wp:term":[{"taxonomy":"product_brand","embeddable":true,"href":"https:\/\/mincarone.net\/es\/wp-json\/wp\/v2\/product_brand?post=4610"},{"taxonomy":"product_cat","embeddable":true,"href":"https:\/\/mincarone.net\/es\/wp-json\/wp\/v2\/product_cat?post=4610"},{"taxonomy":"product_tag","embeddable":true,"href":"https:\/\/mincarone.net\/es\/wp-json\/wp\/v2\/product_tag?post=4610"}],"curies":[{"name":"wp","href":"https:\/\/api.w.org\/{rel}","templated":true}]}}