{"id":4645,"date":"2023-12-11T09:29:32","date_gmt":"2023-12-11T12:29:32","guid":{"rendered":"http:\/\/net.mincarone.com.br\/produto\/valvula-expansao-thermo-king-linha-t-617365-614885-068u4574\/"},"modified":"2026-04-02T17:45:34","modified_gmt":"2026-04-02T20:45:34","slug":"v-lvula-expans-o-thermo-king-617365-61-7365-614885-61-4885-t880-t1080-t1200-068u4574","status":"publish","type":"product","link":"https:\/\/mincarone.net\/es\/producto\/v-lvula-expans-o-thermo-king-617365-61-7365-614885-61-4885-t880-t1080-t1200-068u4574\/","title":{"rendered":"V\u00c1LVULA DE EXPANSI\u00d3N - THERMO KING 617365 61-7365 614885 61-4885 T880 T1080 T1200 068U4574"},"content":{"rendered":"V\u00c1LVULA DE EXPANSI\u00d3N\r\n\r\nMARCA: DANFOSS - THERMO KING\r\nN\u00daMERO DE REPUESTO: 617365 61-7365 SOL\u00cdA SER 614885 61-4885\r\nTIPO: 068U4574\r\nGAS REFRIGERANTE: R452 Y R404A\r\nAPLICACI\u00d3N: T-1200R, T1080, T880 Y OTROS MODELOS DE LA SERIE\r\n\r\n\r\nMINCARONE RUIZ E CIA. LTDA. DESDE 1985 AL SERVICIO DEL MERCADO DEL TRANSPORTE REFRIGERADO\r\n\t\r\nCONCESIONARIO THERMO KING","protected":false},"excerpt":{"rendered":"<p>V\u00c1LVULA DE EXPANSI\u00d3N MARCA: DANFOSS &#8211; THERMO KING N\u00daMERO DE REPUESTO: 617365 61-7365 SOL\u00cdA SER 614885 61-4885 TIPO: 068U4574 GAS [&hellip;]<\/p>","protected":false},"featured_media":4997,"comment_status":"closed","ping_status":"closed","template":"","meta":{"_acf_changed":false,"site-sidebar-layout":"default","site-content-layout":"default","ast-site-content-layout":"default","site-content-style":"default","site-sidebar-style":"default","ast-global-header-display":"","ast-banner-title-visibility":"","ast-main-header-display":"","ast-hfb-above-header-display":"","ast-hfb-below-header-display":"","ast-hfb-mobile-header-display":"","site-post-title":"","ast-breadcrumbs-content":"","ast-featured-img":"","footer-sml-layout":"","ast-disable-related-posts":"","theme-transparent-header-meta":"default","adv-header-id-meta":"","stick-header-meta":"default","header-above-stick-meta":"","header-main-stick-meta":"","header-below-stick-meta":"","astra-migrate-meta-layouts":"default","ast-page-background-enabled":"default","ast-page-background-meta":{"desktop":{"background-color":"var(--ast-global-color-5)","background-image":"","background-repeat":"repeat","background-position":"center center","background-size":"auto","background-attachment":"scroll","background-type":"","background-media":"","overlay-type":"","overlay-color":"","overlay-opacity":"","overlay-gradient":""},"tablet":{"background-color":"","background-image":"","background-repeat":"repeat","background-position":"center center","background-size":"auto","background-attachment":"scroll","background-type":"","background-media":"","overlay-type":"","overlay-color":"","overlay-opacity":"","overlay-gradient":""},"mobile":{"background-color":"","background-image":"","background-repeat":"repeat","background-position":"center center","background-size":"auto","background-attachment":"scroll","background-type":"","background-media":"","overlay-type":"","overlay-color":"","overlay-opacity":"","overlay-gradient":""}},"ast-content-background-meta":{"desktop":{"background-color":"var(--ast-global-color-4)","background-image":"","background-repeat":"repeat","background-position":"center center","background-size":"auto","background-attachment":"scroll","background-type":"","background-media":"","overlay-type":"","overlay-color":"","overlay-opacity":"","overlay-gradient":""},"tablet":{"background-color":"var(--ast-global-color-4)","background-image":"","background-repeat":"repeat","background-position":"center center","background-size":"auto","background-attachment":"scroll","background-type":"","background-media":"","overlay-type":"","overlay-color":"","overlay-opacity":"","overlay-gradient":""},"mobile":{"background-color":"var(--ast-global-color-4)","background-image":"","background-repeat":"repeat","background-position":"center center","background-size":"auto","background-attachment":"scroll","background-type":"","background-media":"","overlay-type":"","overlay-color":"","overlay-opacity":"","overlay-gradient":""}},"_joinchat":[]},"product_brand":[],"product_cat":[70],"product_tag":[],"class_list":{"0":"post-4645","1":"product","2":"type-product","3":"status-publish","4":"has-post-thumbnail","6":"product_cat-valvulas","7":"desktop-align-left","8":"tablet-align-left","9":"mobile-align-left","11":"first","12":"instock","13":"shipping-taxable","14":"purchasable","15":"product-type-simple"},"acf":{"titulo_ingles":"EXPANSION VALVE - THERMO KING 617365 61-7365 614885 61-4885 T880 T1080 T1200 068U4574","descricao_ingles":"EXPANSION VALVE\r\n\r\nBRAND: DANFOSS - THERMO KING\r\nPART NUMBER: 617365 61-7365 USED TO BE 614885 61-4885\r\nTYPE: 068U4574\r\nREFRIGERANT GAS: R452 AND R404A\r\nAPPLICATION: T-1200R, T1080, T880 AND OTHER T-SERIES MODELS\r\n\t\r\n\r\nMINCARONE RUIZ E CIA. LTDA. SINCE 1985 SERVING THE REFRIGERATED TRANSPORT MARKET\r\n\t\t\r\nTHERMO KING DEALER\r\n","titulo_espanhol":"V\u00c1LVULA DE EXPANSI\u00d3N - THERMO KING 617365 61-7365 614885 61-4885 T880 T1080 T1200 068U4574","descricao_espanhol":"V\u00c1LVULA DE EXPANSI\u00d3N\r\n\r\nMARCA: DANFOSS - THERMO KING\r\nN\u00daMERO DE REPUESTO: 617365 61-7365 SOL\u00cdA SER 614885 61-4885\r\nTIPO: 068U4574\r\nGAS REFRIGERANTE: R452 Y R404A\r\nAPLICACI\u00d3N: T-1200R, T1080, T880 Y OTROS MODELOS DE LA SERIE\r\n\r\n\r\nMINCARONE RUIZ E CIA. LTDA. DESDE 1985 AL SERVICIO DEL MERCADO DEL TRANSPORTE REFRIGERADO\r\n\t\r\nCONCESIONARIO THERMO KING\r\n"},"_links":{"self":[{"href":"https:\/\/mincarone.net\/es\/wp-json\/wp\/v2\/product\/4645","targetHints":{"allow":["GET"]}}],"collection":[{"href":"https:\/\/mincarone.net\/es\/wp-json\/wp\/v2\/product"}],"about":[{"href":"https:\/\/mincarone.net\/es\/wp-json\/wp\/v2\/types\/product"}],"replies":[{"embeddable":true,"href":"https:\/\/mincarone.net\/es\/wp-json\/wp\/v2\/comments?post=4645"}],"wp:featuredmedia":[{"embeddable":true,"href":"https:\/\/mincarone.net\/es\/wp-json\/wp\/v2\/media\/4997"}],"wp:attachment":[{"href":"https:\/\/mincarone.net\/es\/wp-json\/wp\/v2\/media?parent=4645"}],"wp:term":[{"taxonomy":"product_brand","embeddable":true,"href":"https:\/\/mincarone.net\/es\/wp-json\/wp\/v2\/product_brand?post=4645"},{"taxonomy":"product_cat","embeddable":true,"href":"https:\/\/mincarone.net\/es\/wp-json\/wp\/v2\/product_cat?post=4645"},{"taxonomy":"product_tag","embeddable":true,"href":"https:\/\/mincarone.net\/es\/wp-json\/wp\/v2\/product_tag?post=4645"}],"curies":[{"name":"wp","href":"https:\/\/api.w.org\/{rel}","templated":true}]}}