{"id":4665,"date":"2023-12-11T09:29:36","date_gmt":"2023-12-11T12:29:36","guid":{"rendered":"http:\/\/net.mincarone.com.br\/produto\/4665\/"},"modified":"2026-04-09T17:46:51","modified_gmt":"2026-04-09T20:46:51","slug":"tomada-5-pinos-32a-thermo-king-418762-41-8762-a500-slx400-s-rie-t","status":"publish","type":"product","link":"https:\/\/mincarone.net\/es\/producto\/tomada-5-pinos-32a-thermo-king-418762-41-8762-a500-slx400-s-rie-t\/","title":{"rendered":"RECEPT\u00c1CULO - ALIMENTACI\u00d3N 5 PINES 23 AMPS THERMO KING 418762 41-8762 A500 SLX400 T-SERIES"},"content":{"rendered":"RECEPT\u00c1CULO DE ALIMENTACI\u00d3N (380\/3\/50 32A, 3 POLOS + E + N)\r\n\r\nMARCA: THERMO KING\r\nN\u00daMERO DE REPUESTO: 418762 (41-8762) PAR CON 410520 (41-520)\r\nMENNEKES: 412TK\r\nAPLICACI\u00d3N: A500, MD-2, MD-100, SLX400, T-600, T-680, T-690, T-800, T-880, T-890, T-1000, T-1080, T-1090, T-1200, T-1280\r\n\r\nMINCARONE RUIZ E CIA. LTDA. DESDE 1985 AL SERVICIO DEL MERCADO DEL TRANSPORTE REFRIGERADO\r\n\t\r\nCONCESIONARIO THERMO KING","protected":false},"excerpt":{"rendered":"<p>RECEPT\u00c1CULO DE ALIMENTACI\u00d3N (380\/3\/50 32A, 3 POLOS + E + N) MARCA: THERMO KING N\u00daMERO DE REPUESTO: 418762 (41-8762) PAR [&hellip;]<\/p>","protected":false},"featured_media":4897,"comment_status":"closed","ping_status":"closed","template":"","meta":{"_acf_changed":false,"site-sidebar-layout":"default","site-content-layout":"default","ast-site-content-layout":"default","site-content-style":"default","site-sidebar-style":"default","ast-global-header-display":"","ast-banner-title-visibility":"","ast-main-header-display":"","ast-hfb-above-header-display":"","ast-hfb-below-header-display":"","ast-hfb-mobile-header-display":"","site-post-title":"","ast-breadcrumbs-content":"","ast-featured-img":"","footer-sml-layout":"","ast-disable-related-posts":"","theme-transparent-header-meta":"default","adv-header-id-meta":"","stick-header-meta":"default","header-above-stick-meta":"","header-main-stick-meta":"","header-below-stick-meta":"","astra-migrate-meta-layouts":"default","ast-page-background-enabled":"default","ast-page-background-meta":{"desktop":{"background-color":"var(--ast-global-color-5)","background-image":"","background-repeat":"repeat","background-position":"center center","background-size":"auto","background-attachment":"scroll","background-type":"","background-media":"","overlay-type":"","overlay-color":"","overlay-opacity":"","overlay-gradient":""},"tablet":{"background-color":"","background-image":"","background-repeat":"repeat","background-position":"center center","background-size":"auto","background-attachment":"scroll","background-type":"","background-media":"","overlay-type":"","overlay-color":"","overlay-opacity":"","overlay-gradient":""},"mobile":{"background-color":"","background-image":"","background-repeat":"repeat","background-position":"center center","background-size":"auto","background-attachment":"scroll","background-type":"","background-media":"","overlay-type":"","overlay-color":"","overlay-opacity":"","overlay-gradient":""}},"ast-content-background-meta":{"desktop":{"background-color":"var(--ast-global-color-4)","background-image":"","background-repeat":"repeat","background-position":"center center","background-size":"auto","background-attachment":"scroll","background-type":"","background-media":"","overlay-type":"","overlay-color":"","overlay-opacity":"","overlay-gradient":""},"tablet":{"background-color":"var(--ast-global-color-4)","background-image":"","background-repeat":"repeat","background-position":"center center","background-size":"auto","background-attachment":"scroll","background-type":"","background-media":"","overlay-type":"","overlay-color":"","overlay-opacity":"","overlay-gradient":""},"mobile":{"background-color":"var(--ast-global-color-4)","background-image":"","background-repeat":"repeat","background-position":"center center","background-size":"auto","background-attachment":"scroll","background-type":"","background-media":"","overlay-type":"","overlay-color":"","overlay-opacity":"","overlay-gradient":""}},"_joinchat":[]},"product_brand":[],"product_cat":[76],"product_tag":[],"class_list":{"0":"post-4665","1":"product","2":"type-product","3":"status-publish","4":"has-post-thumbnail","6":"product_cat-componentes-eletricos","7":"desktop-align-left","8":"tablet-align-left","9":"mobile-align-left","11":"first","12":"instock","13":"shipping-taxable","14":"purchasable","15":"product-type-simple"},"acf":{"titulo_ingles":"RECEPTACLE - POWER 5 PINS 23 AMPS THERMO KING 418762 41-8762 A500 SLX400 T-SERIES","descricao_ingles":"POWER RECEPTACLE (380\/3\/50 32A, 3 POLE + E + N)\r\n\r\nBRAND: THERMO KING\r\nPART NUMBER: 418762 (41-8762) PAIR WITH 410520 (41-520)\r\nMENNEKES: 412TK\r\nAPPLICATION: A500, MD-2, MD-100, SLX400, T-600, T-680, T-690, T-800, T-880, T-890, T-1000, T-1080, T-1090, T-1200, T-1280\r\n\t\r\n\r\nMINCARONE RUIZ E CIA. LTDA. SINCE 1985 SERVING THE REFRIGERATED TRANSPORT MARKET\r\n\t\t\r\nTHERMO KING DEALER\r\n","titulo_espanhol":"RECEPT\u00c1CULO - ALIMENTACI\u00d3N 5 PINES 23 AMPS THERMO KING 418762 41-8762 A500 SLX400 T-SERIES","descricao_espanhol":"RECEPT\u00c1CULO DE ALIMENTACI\u00d3N (380\/3\/50 32A, 3 POLOS + E + N)\r\n\r\nMARCA: THERMO KING\r\nN\u00daMERO DE REPUESTO: 418762 (41-8762) PAR CON 410520 (41-520)\r\nMENNEKES: 412TK\r\nAPLICACI\u00d3N: A500, MD-2, MD-100, SLX400, T-600, T-680, T-690, T-800, T-880, T-890, T-1000, T-1080, T-1090, T-1200, T-1280\r\n\r\nMINCARONE RUIZ E CIA. LTDA. DESDE 1985 AL SERVICIO DEL MERCADO DEL TRANSPORTE REFRIGERADO\r\n\t\r\nCONCESIONARIO THERMO KING\r\n"},"_links":{"self":[{"href":"https:\/\/mincarone.net\/es\/wp-json\/wp\/v2\/product\/4665","targetHints":{"allow":["GET"]}}],"collection":[{"href":"https:\/\/mincarone.net\/es\/wp-json\/wp\/v2\/product"}],"about":[{"href":"https:\/\/mincarone.net\/es\/wp-json\/wp\/v2\/types\/product"}],"replies":[{"embeddable":true,"href":"https:\/\/mincarone.net\/es\/wp-json\/wp\/v2\/comments?post=4665"}],"wp:featuredmedia":[{"embeddable":true,"href":"https:\/\/mincarone.net\/es\/wp-json\/wp\/v2\/media\/4897"}],"wp:attachment":[{"href":"https:\/\/mincarone.net\/es\/wp-json\/wp\/v2\/media?parent=4665"}],"wp:term":[{"taxonomy":"product_brand","embeddable":true,"href":"https:\/\/mincarone.net\/es\/wp-json\/wp\/v2\/product_brand?post=4665"},{"taxonomy":"product_cat","embeddable":true,"href":"https:\/\/mincarone.net\/es\/wp-json\/wp\/v2\/product_cat?post=4665"},{"taxonomy":"product_tag","embeddable":true,"href":"https:\/\/mincarone.net\/es\/wp-json\/wp\/v2\/product_tag?post=4665"}],"curies":[{"name":"wp","href":"https:\/\/api.w.org\/{rel}","templated":true}]}}