{"id":4673,"date":"2023-12-11T09:29:37","date_gmt":"2023-12-11T12:29:37","guid":{"rendered":"http:\/\/net.mincarone.com.br\/produto\/4673\/"},"modified":"2026-04-07T17:51:08","modified_gmt":"2026-04-07T20:51:08","slug":"v-lvula-injetora-l-quido-thermo-king-616388-61-6388-t680-t880-t1080","status":"publish","type":"product","link":"https:\/\/mincarone.net\/es\/producto\/v-lvula-injetora-l-quido-thermo-king-616388-61-6388-t680-t880-t1080\/","title":{"rendered":"V\u00c1LVULA - INYECCI\u00d3N DE L\u00cdQUIDO THERMO KING 616388 61-6388 T680 T880 T1080"},"content":{"rendered":"V\u00c1LVULA DE INYECCI\u00d3N DE L\u00cdQUIDO\r\n\r\nBOBINA 12V\r\n12,3 VATIOS\r\nTIPO H-23\r\nTIPO DE V\u00c1LVULA: HP1390004 PARKER 350PSI\r\n\r\nMARCA: THERMO KING\r\nN\u00daMERO DE REPUESTO: 616388 (61-6388)\r\nAPLICACI\u00d3N: T680, T880, T1080\r\n\r\n\r\nMINCARONE RUIZ E CIA. LTDA. DESDE 1985 AL SERVICIO DEL MERCADO DEL TRANSPORTE REFRIGERADO\r\n\t\r\nCONCESIONARIO THERMO KING","protected":false},"excerpt":{"rendered":"<p>V\u00c1LVULA DE INYECCI\u00d3N DE L\u00cdQUIDO BOBINA 12V 12,3 VATIOS TIPO H-23 TIPO DE V\u00c1LVULA: HP1390004 PARKER 350PSI MARCA: THERMO KING [&hellip;]<\/p>","protected":false},"featured_media":4877,"comment_status":"closed","ping_status":"closed","template":"","meta":{"_acf_changed":false,"site-sidebar-layout":"default","site-content-layout":"default","ast-site-content-layout":"default","site-content-style":"default","site-sidebar-style":"default","ast-global-header-display":"","ast-banner-title-visibility":"","ast-main-header-display":"","ast-hfb-above-header-display":"","ast-hfb-below-header-display":"","ast-hfb-mobile-header-display":"","site-post-title":"","ast-breadcrumbs-content":"","ast-featured-img":"","footer-sml-layout":"","ast-disable-related-posts":"","theme-transparent-header-meta":"default","adv-header-id-meta":"","stick-header-meta":"default","header-above-stick-meta":"","header-main-stick-meta":"","header-below-stick-meta":"","astra-migrate-meta-layouts":"default","ast-page-background-enabled":"default","ast-page-background-meta":{"desktop":{"background-color":"var(--ast-global-color-5)","background-image":"","background-repeat":"repeat","background-position":"center center","background-size":"auto","background-attachment":"scroll","background-type":"","background-media":"","overlay-type":"","overlay-color":"","overlay-opacity":"","overlay-gradient":""},"tablet":{"background-color":"","background-image":"","background-repeat":"repeat","background-position":"center center","background-size":"auto","background-attachment":"scroll","background-type":"","background-media":"","overlay-type":"","overlay-color":"","overlay-opacity":"","overlay-gradient":""},"mobile":{"background-color":"","background-image":"","background-repeat":"repeat","background-position":"center center","background-size":"auto","background-attachment":"scroll","background-type":"","background-media":"","overlay-type":"","overlay-color":"","overlay-opacity":"","overlay-gradient":""}},"ast-content-background-meta":{"desktop":{"background-color":"var(--ast-global-color-4)","background-image":"","background-repeat":"repeat","background-position":"center center","background-size":"auto","background-attachment":"scroll","background-type":"","background-media":"","overlay-type":"","overlay-color":"","overlay-opacity":"","overlay-gradient":""},"tablet":{"background-color":"var(--ast-global-color-4)","background-image":"","background-repeat":"repeat","background-position":"center center","background-size":"auto","background-attachment":"scroll","background-type":"","background-media":"","overlay-type":"","overlay-color":"","overlay-opacity":"","overlay-gradient":""},"mobile":{"background-color":"var(--ast-global-color-4)","background-image":"","background-repeat":"repeat","background-position":"center center","background-size":"auto","background-attachment":"scroll","background-type":"","background-media":"","overlay-type":"","overlay-color":"","overlay-opacity":"","overlay-gradient":""}},"_joinchat":[]},"product_brand":[],"product_cat":[70],"product_tag":[],"class_list":{"0":"post-4673","1":"product","2":"type-product","3":"status-publish","4":"has-post-thumbnail","6":"product_cat-valvulas","7":"desktop-align-left","8":"tablet-align-left","9":"mobile-align-left","11":"first","12":"instock","13":"shipping-taxable","14":"purchasable","15":"product-type-simple"},"acf":{"titulo_ingles":"VALVE - LIQUID INJECTION THERMO KING 616388 61-6388 T680 T880 T1080","descricao_ingles":"LIQUID INJECTION VALVE\r\n\r\nCOIL 12V\r\n12,3 WATTS\r\nTYPE H-23\t\r\nVALVE TYPE: HP1390004 PARKER 350PSI\r\n\r\nBRAND: THERMO KING\r\nPART NUMBER: 616388 (61-6388)\r\nAPPLICATION: T680, T880, T1080\r\n\r\n\r\nMINCARONE RUIZ E CIA. LTDA. SINCE 1985 SERVING THE REFRIGERATED TRANSPORT MARKET\r\n\t\t\r\nTHERMO KING DEALER\r\n","titulo_espanhol":"V\u00c1LVULA - INYECCI\u00d3N DE L\u00cdQUIDO THERMO KING 616388 61-6388 T680 T880 T1080","descricao_espanhol":"V\u00c1LVULA DE INYECCI\u00d3N DE L\u00cdQUIDO\r\n\r\nBOBINA 12V\r\n12,3 VATIOS\r\nTIPO H-23\r\nTIPO DE V\u00c1LVULA: HP1390004 PARKER 350PSI\r\n\r\nMARCA: THERMO KING\r\nN\u00daMERO DE REPUESTO: 616388 (61-6388)\r\nAPLICACI\u00d3N: T680, T880, T1080\r\n\r\n\r\nMINCARONE RUIZ E CIA. LTDA. DESDE 1985 AL SERVICIO DEL MERCADO DEL TRANSPORTE REFRIGERADO\r\n\t\r\nCONCESIONARIO THERMO KING\r\n"},"_links":{"self":[{"href":"https:\/\/mincarone.net\/es\/wp-json\/wp\/v2\/product\/4673","targetHints":{"allow":["GET"]}}],"collection":[{"href":"https:\/\/mincarone.net\/es\/wp-json\/wp\/v2\/product"}],"about":[{"href":"https:\/\/mincarone.net\/es\/wp-json\/wp\/v2\/types\/product"}],"replies":[{"embeddable":true,"href":"https:\/\/mincarone.net\/es\/wp-json\/wp\/v2\/comments?post=4673"}],"wp:featuredmedia":[{"embeddable":true,"href":"https:\/\/mincarone.net\/es\/wp-json\/wp\/v2\/media\/4877"}],"wp:attachment":[{"href":"https:\/\/mincarone.net\/es\/wp-json\/wp\/v2\/media?parent=4673"}],"wp:term":[{"taxonomy":"product_brand","embeddable":true,"href":"https:\/\/mincarone.net\/es\/wp-json\/wp\/v2\/product_brand?post=4673"},{"taxonomy":"product_cat","embeddable":true,"href":"https:\/\/mincarone.net\/es\/wp-json\/wp\/v2\/product_cat?post=4673"},{"taxonomy":"product_tag","embeddable":true,"href":"https:\/\/mincarone.net\/es\/wp-json\/wp\/v2\/product_tag?post=4673"}],"curies":[{"name":"wp","href":"https:\/\/api.w.org\/{rel}","templated":true}]}}