{"id":4705,"date":"2023-12-11T09:29:43","date_gmt":"2023-12-11T12:29:43","guid":{"rendered":"http:\/\/net.mincarone.com.br\/produto\/4705\/"},"modified":"2026-04-07T09:35:08","modified_gmt":"2026-04-07T12:35:08","slug":"abra-adeira-mangueira-12mm-14mm-thermo-king-555509-55-5509-di2-se2","status":"publish","type":"product","link":"https:\/\/mincarone.net\/es\/producto\/abra-adeira-mangueira-12mm-14mm-thermo-king-555509-55-5509-di2-se2\/","title":{"rendered":"ABRAZADERA - MANGUERA 12MM\/14MM THERMO KING 555509 55-5509 di2 se2"},"content":{"rendered":"ABRAZADERA DE MANGUERA DE INYECCI\u00d3N\r\n\r\nMARCA: THERMO KING\r\nN\u00daMERO DE REPUESTO: 555509 (55-5509)\r\nAPLICACI\u00d3N: MOTORES di2.2 Y se2.2, SB-190, SB-2, SB-3, SENTRY, SUPER-2\r\n\r\n\r\nMINCARONE RUIZ E CIA. LTDA. DESDE 1985 AL SERVICIO DEL MERCADO DEL TRANSPORTE REFRIGERADO\r\n\t\r\nCONCESIONARIO THERMO KING","protected":false},"excerpt":{"rendered":"<p>ABRAZADERA DE MANGUERA DE INYECCI\u00d3N MARCA: THERMO KING N\u00daMERO DE REPUESTO: 555509 (55-5509) APLICACI\u00d3N: MOTORES di2.2 Y se2.2, SB-190, SB-2, [&hellip;]<\/p>","protected":false},"featured_media":5754,"comment_status":"closed","ping_status":"closed","template":"","meta":{"_acf_changed":false,"site-sidebar-layout":"default","site-content-layout":"default","ast-site-content-layout":"default","site-content-style":"default","site-sidebar-style":"default","ast-global-header-display":"","ast-banner-title-visibility":"","ast-main-header-display":"","ast-hfb-above-header-display":"","ast-hfb-below-header-display":"","ast-hfb-mobile-header-display":"","site-post-title":"","ast-breadcrumbs-content":"","ast-featured-img":"","footer-sml-layout":"","ast-disable-related-posts":"","theme-transparent-header-meta":"default","adv-header-id-meta":"","stick-header-meta":"default","header-above-stick-meta":"","header-main-stick-meta":"","header-below-stick-meta":"","astra-migrate-meta-layouts":"default","ast-page-background-enabled":"default","ast-page-background-meta":{"desktop":{"background-color":"var(--ast-global-color-5)","background-image":"","background-repeat":"repeat","background-position":"center center","background-size":"auto","background-attachment":"scroll","background-type":"","background-media":"","overlay-type":"","overlay-color":"","overlay-opacity":"","overlay-gradient":""},"tablet":{"background-color":"","background-image":"","background-repeat":"repeat","background-position":"center center","background-size":"auto","background-attachment":"scroll","background-type":"","background-media":"","overlay-type":"","overlay-color":"","overlay-opacity":"","overlay-gradient":""},"mobile":{"background-color":"","background-image":"","background-repeat":"repeat","background-position":"center center","background-size":"auto","background-attachment":"scroll","background-type":"","background-media":"","overlay-type":"","overlay-color":"","overlay-opacity":"","overlay-gradient":""}},"ast-content-background-meta":{"desktop":{"background-color":"var(--ast-global-color-4)","background-image":"","background-repeat":"repeat","background-position":"center center","background-size":"auto","background-attachment":"scroll","background-type":"","background-media":"","overlay-type":"","overlay-color":"","overlay-opacity":"","overlay-gradient":""},"tablet":{"background-color":"var(--ast-global-color-4)","background-image":"","background-repeat":"repeat","background-position":"center center","background-size":"auto","background-attachment":"scroll","background-type":"","background-media":"","overlay-type":"","overlay-color":"","overlay-opacity":"","overlay-gradient":""},"mobile":{"background-color":"var(--ast-global-color-4)","background-image":"","background-repeat":"repeat","background-position":"center center","background-size":"auto","background-attachment":"scroll","background-type":"","background-media":"","overlay-type":"","overlay-color":"","overlay-opacity":"","overlay-gradient":""}},"_joinchat":[]},"product_brand":[],"product_cat":[78],"product_tag":[],"class_list":{"0":"post-4705","1":"product","2":"type-product","3":"status-publish","4":"has-post-thumbnail","6":"product_cat-mangueiras","7":"desktop-align-left","8":"tablet-align-left","9":"mobile-align-left","11":"first","12":"instock","13":"shipping-taxable","14":"purchasable","15":"product-type-simple"},"acf":{"titulo_ingles":"CLAMP - HOSE 12MM\/14MM THERMO KING 555509 55-5509 di2 se2","descricao_ingles":"INJECTION HOSE CLAMP\r\n\t\r\nBRAND: THERMO KING\r\nPART NUMBER: 555509 (55-5509)\r\nAPPLICATION: di2.2 AND se2.2 ENGINES, SB-190, SB-2, SB-3, SENTRY, SUPER-2\r\n\t\r\n\r\nMINCARONE RUIZ E CIA. LTDA. SINCE 1985 SERVING THE REFRIGERATED TRANSPORT MARKET\r\n\t\t\r\nTHERMO KING DEALER\r\n","titulo_espanhol":"ABRAZADERA - MANGUERA 12MM\/14MM THERMO KING 555509 55-5509 di2 se2","descricao_espanhol":"ABRAZADERA DE MANGUERA DE INYECCI\u00d3N\r\n\r\nMARCA: THERMO KING\r\nN\u00daMERO DE REPUESTO: 555509 (55-5509)\r\nAPLICACI\u00d3N: MOTORES di2.2 Y se2.2, SB-190, SB-2, SB-3, SENTRY, SUPER-2\r\n\r\n\r\nMINCARONE RUIZ E CIA. LTDA. DESDE 1985 AL SERVICIO DEL MERCADO DEL TRANSPORTE REFRIGERADO\r\n\t\r\nCONCESIONARIO THERMO KING\r\n"},"_links":{"self":[{"href":"https:\/\/mincarone.net\/es\/wp-json\/wp\/v2\/product\/4705","targetHints":{"allow":["GET"]}}],"collection":[{"href":"https:\/\/mincarone.net\/es\/wp-json\/wp\/v2\/product"}],"about":[{"href":"https:\/\/mincarone.net\/es\/wp-json\/wp\/v2\/types\/product"}],"replies":[{"embeddable":true,"href":"https:\/\/mincarone.net\/es\/wp-json\/wp\/v2\/comments?post=4705"}],"wp:featuredmedia":[{"embeddable":true,"href":"https:\/\/mincarone.net\/es\/wp-json\/wp\/v2\/media\/5754"}],"wp:attachment":[{"href":"https:\/\/mincarone.net\/es\/wp-json\/wp\/v2\/media?parent=4705"}],"wp:term":[{"taxonomy":"product_brand","embeddable":true,"href":"https:\/\/mincarone.net\/es\/wp-json\/wp\/v2\/product_brand?post=4705"},{"taxonomy":"product_cat","embeddable":true,"href":"https:\/\/mincarone.net\/es\/wp-json\/wp\/v2\/product_cat?post=4705"},{"taxonomy":"product_tag","embeddable":true,"href":"https:\/\/mincarone.net\/es\/wp-json\/wp\/v2\/product_tag?post=4705"}],"curies":[{"name":"wp","href":"https:\/\/api.w.org\/{rel}","templated":true}]}}