{"id":519,"date":"2023-08-07T16:31:01","date_gmt":"2023-08-07T19:31:01","guid":{"rendered":"http:\/\/net.mincarone.com.br\/produto\/filtro-oleo-thermo-king-original-lub-117382-sb-slx-super-2\/"},"modified":"2026-04-07T17:51:19","modified_gmt":"2026-04-07T20:51:19","slug":"filtro-de-leo-thermo-king-117382-11-7382-slx400-super-2","status":"publish","type":"product","link":"https:\/\/mincarone.net\/es\/producto\/filtro-de-leo-thermo-king-117382-11-7382-slx400-super-2\/","title":{"rendered":"FILTRO DE ACEITE DE LUBRICACI\u00d3N THERMO KING 117382 11-7382 SLX400 SUPER-2"},"content":{"rendered":"FILTRO DE ACEITE DE LUBRICACI\u00d3N\r\n\r\nMARCA: THERMO KING\r\nN\u00daMERO DE REPUESTO: 117382 11-7382\r\nOEM: 9175C89G01\r\nTAMA\u00d1O: 180MM X 94MM\r\nCONEXI\u00d3N: 15MM - M26\r\nMODELO: REGULAR 1500H\r\nAPLICACI\u00d3N: MOTOR SENTRY, SUPER-2, SB-3, SB-100 A SB-400, SLX400, TK486\r\n\r\nMINCARONE RUIZ E CIA. LTDA. DESDE 1985 AL SERVICIO DEL MERCADO DEL TRANSPORTE REFRIGERADO\r\n\r\nCONCESIONARIO THERMO KING","protected":false},"excerpt":{"rendered":"<p>FILTRO DE ACEITE DE LUBRICACI\u00d3N MARCA: THERMO KING N\u00daMERO DE REPUESTO: 117382 11-7382 OEM: 9175C89G01 TAMA\u00d1O: 180MM X 94MM CONEXI\u00d3N: [&hellip;]<\/p>","protected":false},"featured_media":1006,"comment_status":"closed","ping_status":"closed","template":"","meta":{"_acf_changed":false,"site-sidebar-layout":"default","site-content-layout":"default","ast-site-content-layout":"default","site-content-style":"default","site-sidebar-style":"default","ast-global-header-display":"","ast-banner-title-visibility":"","ast-main-header-display":"","ast-hfb-above-header-display":"","ast-hfb-below-header-display":"","ast-hfb-mobile-header-display":"","site-post-title":"","ast-breadcrumbs-content":"","ast-featured-img":"","footer-sml-layout":"","ast-disable-related-posts":"","theme-transparent-header-meta":"default","adv-header-id-meta":"","stick-header-meta":"default","header-above-stick-meta":"","header-main-stick-meta":"","header-below-stick-meta":"","astra-migrate-meta-layouts":"set","ast-page-background-enabled":"default","ast-page-background-meta":{"desktop":{"background-color":"var(--ast-global-color-5)","background-image":"","background-repeat":"repeat","background-position":"center center","background-size":"auto","background-attachment":"scroll","background-type":"","background-media":"","overlay-type":"","overlay-color":"","overlay-opacity":"","overlay-gradient":""},"tablet":{"background-color":"","background-image":"","background-repeat":"repeat","background-position":"center center","background-size":"auto","background-attachment":"scroll","background-type":"","background-media":"","overlay-type":"","overlay-color":"","overlay-opacity":"","overlay-gradient":""},"mobile":{"background-color":"","background-image":"","background-repeat":"repeat","background-position":"center center","background-size":"auto","background-attachment":"scroll","background-type":"","background-media":"","overlay-type":"","overlay-color":"","overlay-opacity":"","overlay-gradient":""}},"ast-content-background-meta":{"desktop":{"background-color":"var(--ast-global-color-4)","background-image":"","background-repeat":"repeat","background-position":"center center","background-size":"auto","background-attachment":"scroll","background-type":"","background-media":"","overlay-type":"","overlay-color":"","overlay-opacity":"","overlay-gradient":""},"tablet":{"background-color":"var(--ast-global-color-4)","background-image":"","background-repeat":"repeat","background-position":"center center","background-size":"auto","background-attachment":"scroll","background-type":"","background-media":"","overlay-type":"","overlay-color":"","overlay-opacity":"","overlay-gradient":""},"mobile":{"background-color":"var(--ast-global-color-4)","background-image":"","background-repeat":"repeat","background-position":"center center","background-size":"auto","background-attachment":"scroll","background-type":"","background-media":"","overlay-type":"","overlay-color":"","overlay-opacity":"","overlay-gradient":""}},"_joinchat":[]},"product_brand":[],"product_cat":[24],"product_tag":[],"class_list":{"0":"post-519","1":"product","2":"type-product","3":"status-publish","4":"has-post-thumbnail","6":"product_cat-filtros","7":"desktop-align-left","8":"tablet-align-left","9":"mobile-align-left","11":"first","12":"instock","13":"shipping-taxable","14":"purchasable","15":"product-type-simple"},"acf":{"titulo_ingles":"LUBRICATION OIL FILTER THERMO KING 117382 11-7382 SLX400 SUPER-2","descricao_ingles":"LUBRICATION OIL FITER\r\n\r\nBRAND: THERMO KING\r\nPART NUMBER: 117382 11-7382\r\nOEM: 9175C89G01\r\nSIZE: 180MM X 94MM\r\nCONNECTION: 15MM - M26\r\nMODEL: REGULAR 1500H\r\nAPPLICATION: SENTRY, SUPER-2, SB-3, SB-100 A SB-400, SLX400, TK486 ENGINE\r\n\r\nMINCARONE RUIZ E CIA. LTDA. SINCE 1985 SERVING THE REFRIGERATED TRANSPORT MARKET\r\n\r\nTHERMO KING DEALER","titulo_espanhol":"FILTRO DE ACEITE DE LUBRICACI\u00d3N THERMO KING 117382 11-7382 SLX400 SUPER-2","descricao_espanhol":"FILTRO DE ACEITE DE LUBRICACI\u00d3N\r\n\r\nMARCA: THERMO KING\r\nN\u00daMERO DE REPUESTO: 117382 11-7382\r\nOEM: 9175C89G01\r\nTAMA\u00d1O: 180MM X 94MM\r\nCONEXI\u00d3N: 15MM - M26\r\nMODELO: REGULAR 1500H\r\nAPLICACI\u00d3N: MOTOR SENTRY, SUPER-2, SB-3, SB-100 A SB-400, SLX400, TK486\r\n\r\nMINCARONE RUIZ E CIA. LTDA. DESDE 1985 AL SERVICIO DEL MERCADO DEL TRANSPORTE REFRIGERADO\r\n\r\nCONCESIONARIO THERMO KING"},"_links":{"self":[{"href":"https:\/\/mincarone.net\/es\/wp-json\/wp\/v2\/product\/519","targetHints":{"allow":["GET"]}}],"collection":[{"href":"https:\/\/mincarone.net\/es\/wp-json\/wp\/v2\/product"}],"about":[{"href":"https:\/\/mincarone.net\/es\/wp-json\/wp\/v2\/types\/product"}],"replies":[{"embeddable":true,"href":"https:\/\/mincarone.net\/es\/wp-json\/wp\/v2\/comments?post=519"}],"wp:featuredmedia":[{"embeddable":true,"href":"https:\/\/mincarone.net\/es\/wp-json\/wp\/v2\/media\/1006"}],"wp:attachment":[{"href":"https:\/\/mincarone.net\/es\/wp-json\/wp\/v2\/media?parent=519"}],"wp:term":[{"taxonomy":"product_brand","embeddable":true,"href":"https:\/\/mincarone.net\/es\/wp-json\/wp\/v2\/product_brand?post=519"},{"taxonomy":"product_cat","embeddable":true,"href":"https:\/\/mincarone.net\/es\/wp-json\/wp\/v2\/product_cat?post=519"},{"taxonomy":"product_tag","embeddable":true,"href":"https:\/\/mincarone.net\/es\/wp-json\/wp\/v2\/product_tag?post=519"}],"curies":[{"name":"wp","href":"https:\/\/api.w.org\/{rel}","templated":true}]}}