{"id":582,"date":"2023-08-07T16:32:12","date_gmt":"2023-08-07T19:32:12","guid":{"rendered":"http:\/\/net.mincarone.com.br\/produto\/tampa-valvula-servico-compressor-ar-condicionado-thermo-king\/"},"modified":"2026-04-07T17:51:20","modified_gmt":"2026-04-07T20:51:20","slug":"tampa-v-lvula-servi-o-compressor-ar-condicionado-thermo-king","status":"publish","type":"product","link":"https:\/\/mincarone.net\/es\/producto\/tampa-v-lvula-servi-o-compressor-ar-condicionado-thermo-king\/","title":{"rendered":"TAPA V\u00c1LVULA DE SERVICIO PARA COMPRESORES DE AIRE ACONDICIONADO THERMO KING 662296 66-2296"},"content":{"rendered":"TAP\u00d3N DE V\u00c1LVULA DE SERVICIO PARA COMPRESORES DE AIRE ACONDICIONADO THERMO KING\r\n\r\nMARCA: THERMO KING\r\nN\u00daMERO DE REPUESTO: 66-2296\r\nAPLICACI\u00d3N: V\u00c1LVULAS DE SERVICIO DE SUCCI\u00d3N Y DESCARGA THERMO KING\r\n\r\nMINCARONE RUIZ E CIA. LTDA. DESDE 1985 AL SERVICIO DEL MERCADO DEL TRANSPORTE REFRIGERADO\r\n\r\nCONCESIONARIO THERMO KING","protected":false},"excerpt":{"rendered":"<p>TAP\u00d3N DE V\u00c1LVULA DE SERVICIO PARA COMPRESORES DE AIRE ACONDICIONADO THERMO KING MARCA: THERMO KING N\u00daMERO DE REPUESTO: 66-2296 APLICACI\u00d3N: [&hellip;]<\/p>","protected":false},"featured_media":663,"comment_status":"closed","ping_status":"closed","template":"","meta":{"_acf_changed":false,"site-sidebar-layout":"default","site-content-layout":"default","ast-site-content-layout":"default","site-content-style":"default","site-sidebar-style":"default","ast-global-header-display":"","ast-banner-title-visibility":"","ast-main-header-display":"","ast-hfb-above-header-display":"","ast-hfb-below-header-display":"","ast-hfb-mobile-header-display":"","site-post-title":"","ast-breadcrumbs-content":"","ast-featured-img":"","footer-sml-layout":"","ast-disable-related-posts":"","theme-transparent-header-meta":"default","adv-header-id-meta":"","stick-header-meta":"default","header-above-stick-meta":"","header-main-stick-meta":"","header-below-stick-meta":"","astra-migrate-meta-layouts":"set","ast-page-background-enabled":"default","ast-page-background-meta":{"desktop":{"background-color":"var(--ast-global-color-5)","background-image":"","background-repeat":"repeat","background-position":"center center","background-size":"auto","background-attachment":"scroll","background-type":"","background-media":"","overlay-type":"","overlay-color":"","overlay-opacity":"","overlay-gradient":""},"tablet":{"background-color":"","background-image":"","background-repeat":"repeat","background-position":"center center","background-size":"auto","background-attachment":"scroll","background-type":"","background-media":"","overlay-type":"","overlay-color":"","overlay-opacity":"","overlay-gradient":""},"mobile":{"background-color":"","background-image":"","background-repeat":"repeat","background-position":"center center","background-size":"auto","background-attachment":"scroll","background-type":"","background-media":"","overlay-type":"","overlay-color":"","overlay-opacity":"","overlay-gradient":""}},"ast-content-background-meta":{"desktop":{"background-color":"var(--ast-global-color-4)","background-image":"","background-repeat":"repeat","background-position":"center center","background-size":"auto","background-attachment":"scroll","background-type":"","background-media":"","overlay-type":"","overlay-color":"","overlay-opacity":"","overlay-gradient":""},"tablet":{"background-color":"var(--ast-global-color-4)","background-image":"","background-repeat":"repeat","background-position":"center center","background-size":"auto","background-attachment":"scroll","background-type":"","background-media":"","overlay-type":"","overlay-color":"","overlay-opacity":"","overlay-gradient":""},"mobile":{"background-color":"var(--ast-global-color-4)","background-image":"","background-repeat":"repeat","background-position":"center center","background-size":"auto","background-attachment":"scroll","background-type":"","background-media":"","overlay-type":"","overlay-color":"","overlay-opacity":"","overlay-gradient":""}},"_joinchat":[]},"product_brand":[],"product_cat":[89],"product_tag":[],"class_list":{"0":"post-582","1":"product","2":"type-product","3":"status-publish","4":"has-post-thumbnail","6":"product_cat-itens-diversos","7":"desktop-align-left","8":"tablet-align-left","9":"mobile-align-left","11":"first","12":"instock","13":"shipping-taxable","14":"purchasable","15":"product-type-simple"},"acf":{"titulo_ingles":"SERVICE VALVE COVER THERMO KING AIR CONDITIONING COMPRESSORS 662296 66-2296","descricao_ingles":"SERVICE VALVE COVER FOR THERMO KING AR CONDITIONING COMPRESSORS\r\n\r\nBRAND: THERMO KING\r\nPART NUMBER: 66-2296\r\nAPLICATTION: SUCTION AND DISCHARGE THERMO KING SERVICE VALVES\r\n\r\nMINCARONE RUIZ E CIA. LTDA. SINCE 1985 SERVING THE REFRIGERATED TRANSPORT MARKET\r\n\r\nTHERMO KING DEALER","titulo_espanhol":"TAPA V\u00c1LVULA DE SERVICIO PARA COMPRESORES DE AIRE ACONDICIONADO THERMO KING 662296 66-2296","descricao_espanhol":"TAP\u00d3N DE V\u00c1LVULA DE SERVICIO PARA COMPRESORES DE AIRE ACONDICIONADO THERMO KING\r\n\r\nMARCA: THERMO KING\r\nN\u00daMERO DE REPUESTO: 66-2296\r\nAPLICACI\u00d3N: V\u00c1LVULAS DE SERVICIO DE SUCCI\u00d3N Y DESCARGA THERMO KING\r\n\r\nMINCARONE RUIZ E CIA. LTDA. DESDE 1985 AL SERVICIO DEL MERCADO DEL TRANSPORTE REFRIGERADO\r\n\r\nCONCESIONARIO THERMO KING"},"_links":{"self":[{"href":"https:\/\/mincarone.net\/es\/wp-json\/wp\/v2\/product\/582","targetHints":{"allow":["GET"]}}],"collection":[{"href":"https:\/\/mincarone.net\/es\/wp-json\/wp\/v2\/product"}],"about":[{"href":"https:\/\/mincarone.net\/es\/wp-json\/wp\/v2\/types\/product"}],"replies":[{"embeddable":true,"href":"https:\/\/mincarone.net\/es\/wp-json\/wp\/v2\/comments?post=582"}],"wp:featuredmedia":[{"embeddable":true,"href":"https:\/\/mincarone.net\/es\/wp-json\/wp\/v2\/media\/663"}],"wp:attachment":[{"href":"https:\/\/mincarone.net\/es\/wp-json\/wp\/v2\/media?parent=582"}],"wp:term":[{"taxonomy":"product_brand","embeddable":true,"href":"https:\/\/mincarone.net\/es\/wp-json\/wp\/v2\/product_brand?post=582"},{"taxonomy":"product_cat","embeddable":true,"href":"https:\/\/mincarone.net\/es\/wp-json\/wp\/v2\/product_cat?post=582"},{"taxonomy":"product_tag","embeddable":true,"href":"https:\/\/mincarone.net\/es\/wp-json\/wp\/v2\/product_tag?post=582"}],"curies":[{"name":"wp","href":"https:\/\/api.w.org\/{rel}","templated":true}]}}