{"id":5887,"date":"2024-01-02T10:54:20","date_gmt":"2024-01-02T13:54:20","guid":{"rendered":"http:\/\/net.mincarone.com.br\/produto\/disco-friccao-da-placa-embreagem-compressor-thermo-king-9\/"},"modified":"2026-04-10T17:45:50","modified_gmt":"2026-04-10T20:45:50","slug":"disco-fric-o-da-placa-embreagem-compressor-thermo-king-773101-77-3101","status":"publish","type":"product","link":"https:\/\/mincarone.net\/es\/producto\/disco-fric-o-da-placa-embreagem-compressor-thermo-king-773101-77-3101\/","title":{"rendered":"DISCO DE FRICCI\u00d3N DEL PLATO DE EMBRAGUE DEL COMPRESOR THERMO KING 773101 77-3101"},"content":{"rendered":"PLACA DE FRICCI\u00d3N DEL EMBRAGUE DEL COMPRESOR\r\n\r\nMARCA: THERMO KING\r\nN\u00daMERO DE REPUESTO: 773101 (77-3101) SOL\u00cdA SER 772521 (77-2521) O 772391 (77-2391)\r\nTIPO: 9 PULGADAS\r\nALTURA: 43MM\r\nAPLICACI\u00d3N: X426 Y X430 CON EMBRAGUE DE 9 PULGADAS. GENERALMENTE CON GAS REFRIGERANTE R22 O R407A\r\n\r\n\r\nMINCARONE RUIZ E CIA. LTDA. DESDE 1985 AL SERVICIO DEL MERCADO DEL TRANSPORTE REFRIGERADO\r\n\t\r\nCONCESIONARIO THERMO KING","protected":false},"excerpt":{"rendered":"<p>PLACA DE FRICCI\u00d3N DEL EMBRAGUE DEL COMPRESOR MARCA: THERMO KING N\u00daMERO DE REPUESTO: 773101 (77-3101) SOL\u00cdA SER 772521 (77-2521) O [&hellip;]<\/p>","protected":false},"featured_media":5965,"comment_status":"closed","ping_status":"closed","template":"","meta":{"_acf_changed":false,"site-sidebar-layout":"default","site-content-layout":"default","ast-site-content-layout":"default","site-content-style":"default","site-sidebar-style":"default","ast-global-header-display":"","ast-banner-title-visibility":"","ast-main-header-display":"","ast-hfb-above-header-display":"","ast-hfb-below-header-display":"","ast-hfb-mobile-header-display":"","site-post-title":"","ast-breadcrumbs-content":"","ast-featured-img":"","footer-sml-layout":"","ast-disable-related-posts":"","theme-transparent-header-meta":"default","adv-header-id-meta":"","stick-header-meta":"default","header-above-stick-meta":"","header-main-stick-meta":"","header-below-stick-meta":"","astra-migrate-meta-layouts":"default","ast-page-background-enabled":"default","ast-page-background-meta":{"desktop":{"background-color":"var(--ast-global-color-5)","background-image":"","background-repeat":"repeat","background-position":"center center","background-size":"auto","background-attachment":"scroll","background-type":"","background-media":"","overlay-type":"","overlay-color":"","overlay-opacity":"","overlay-gradient":""},"tablet":{"background-color":"","background-image":"","background-repeat":"repeat","background-position":"center center","background-size":"auto","background-attachment":"scroll","background-type":"","background-media":"","overlay-type":"","overlay-color":"","overlay-opacity":"","overlay-gradient":""},"mobile":{"background-color":"","background-image":"","background-repeat":"repeat","background-position":"center center","background-size":"auto","background-attachment":"scroll","background-type":"","background-media":"","overlay-type":"","overlay-color":"","overlay-opacity":"","overlay-gradient":""}},"ast-content-background-meta":{"desktop":{"background-color":"var(--ast-global-color-4)","background-image":"","background-repeat":"repeat","background-position":"center center","background-size":"auto","background-attachment":"scroll","background-type":"","background-media":"","overlay-type":"","overlay-color":"","overlay-opacity":"","overlay-gradient":""},"tablet":{"background-color":"var(--ast-global-color-4)","background-image":"","background-repeat":"repeat","background-position":"center center","background-size":"auto","background-attachment":"scroll","background-type":"","background-media":"","overlay-type":"","overlay-color":"","overlay-opacity":"","overlay-gradient":""},"mobile":{"background-color":"var(--ast-global-color-4)","background-image":"","background-repeat":"repeat","background-position":"center center","background-size":"auto","background-attachment":"scroll","background-type":"","background-media":"","overlay-type":"","overlay-color":"","overlay-opacity":"","overlay-gradient":""}},"_joinchat":[]},"product_brand":[],"product_cat":[69],"product_tag":[],"class_list":{"0":"post-5887","1":"product","2":"type-product","3":"status-publish","4":"has-post-thumbnail","6":"product_cat-embreagem","7":"desktop-align-left","8":"tablet-align-left","9":"mobile-align-left","11":"first","12":"instock","13":"shipping-taxable","14":"purchasable","15":"product-type-simple"},"acf":{"titulo_ingles":"HUB & ARMATURE - COMPRESSOR CLUTCH THERMO KING 773101 77-3101","descricao_ingles":"COMPRESSOR CLUTCH FRICTION PLATE\r\n\r\nBRAND: THERMO KING\r\nPART NUMBER: 773101 (77-3101) USED TO BE 772521 (77-2521) OR 772391 (77-2391)\r\nTYPE: 9 INCHES\t\r\nHEIGHT: 43MM\r\nAPPLICATION: X426 AND X430 WITH 9 INCHES CLUTCH. USUALLY WITH R22 OR R407A REFRIGERANT GAS\r\n\r\n\r\nMINCARONE RUIZ E CIA. LTDA. SINCE 1985 SERVING THE REFRIGERATED TRANSPORT MARKET\r\n\t\t\r\nTHERMO KING DEALER\r\n","titulo_espanhol":"DISCO DE FRICCI\u00d3N DEL PLATO DE EMBRAGUE DEL COMPRESOR THERMO KING 773101 77-3101","descricao_espanhol":"PLACA DE FRICCI\u00d3N DEL EMBRAGUE DEL COMPRESOR\r\n\r\nMARCA: THERMO KING\r\nN\u00daMERO DE REPUESTO: 773101 (77-3101) SOL\u00cdA SER 772521 (77-2521) O 772391 (77-2391)\r\nTIPO: 9 PULGADAS\r\nALTURA: 43MM\r\nAPLICACI\u00d3N: X426 Y X430 CON EMBRAGUE DE 9 PULGADAS. GENERALMENTE CON GAS REFRIGERANTE R22 O R407A\r\n\r\n\r\nMINCARONE RUIZ E CIA. LTDA. DESDE 1985 AL SERVICIO DEL MERCADO DEL TRANSPORTE REFRIGERADO\r\n\t\r\nCONCESIONARIO THERMO KING\r\n"},"_links":{"self":[{"href":"https:\/\/mincarone.net\/es\/wp-json\/wp\/v2\/product\/5887","targetHints":{"allow":["GET"]}}],"collection":[{"href":"https:\/\/mincarone.net\/es\/wp-json\/wp\/v2\/product"}],"about":[{"href":"https:\/\/mincarone.net\/es\/wp-json\/wp\/v2\/types\/product"}],"replies":[{"embeddable":true,"href":"https:\/\/mincarone.net\/es\/wp-json\/wp\/v2\/comments?post=5887"}],"wp:featuredmedia":[{"embeddable":true,"href":"https:\/\/mincarone.net\/es\/wp-json\/wp\/v2\/media\/5965"}],"wp:attachment":[{"href":"https:\/\/mincarone.net\/es\/wp-json\/wp\/v2\/media?parent=5887"}],"wp:term":[{"taxonomy":"product_brand","embeddable":true,"href":"https:\/\/mincarone.net\/es\/wp-json\/wp\/v2\/product_brand?post=5887"},{"taxonomy":"product_cat","embeddable":true,"href":"https:\/\/mincarone.net\/es\/wp-json\/wp\/v2\/product_cat?post=5887"},{"taxonomy":"product_tag","embeddable":true,"href":"https:\/\/mincarone.net\/es\/wp-json\/wp\/v2\/product_tag?post=5887"}],"curies":[{"name":"wp","href":"https:\/\/api.w.org\/{rel}","templated":true}]}}