{"id":590,"date":"2023-08-07T16:32:19","date_gmt":"2023-08-07T19:32:19","guid":{"rendered":"http:\/\/net.mincarone.com.br\/produto\/correia-thermo-king-t800-t600-eletrico-x-compressor-781822\/"},"modified":"2026-04-07T09:35:12","modified_gmt":"2026-04-07T12:35:12","slug":"correia-thermo-king-t800-t600-eletrico-x-compressor-781822","status":"publish","type":"product","link":"https:\/\/mincarone.net\/es\/producto\/correia-thermo-king-t800-t600-eletrico-x-compressor-781822\/","title":{"rendered":"CORREA THERMO KING T600 T800 COMPRESOR EL\u00c9CTRICO 78-1822 781822"},"content":{"rendered":"CORREA THERMO KING ORIGINAL\r\n\r\nMARCA: THERMO KING\r\nN\u00daMERO DE REPUESTO: 78-1822 781822\r\nAPLICACI\u00d3N: MOTOR EL\u00c9CTRICO PARA COMPRESOR\r\nMODELOS: 6PK DESPU\u00c9S DE 2013 PARA SPECTRUM T590 T600 T680 T800 T880 T800R\r\nTAMBI\u00c9N DISPONEMOS DEL KIT COMPLETO DE CORREAS 20215SP\r\n\r\nMINCARONE RUIZ E CIA. LTDA. DESDE 1985 AL SERVICIO DEL MERCADO DEL TRANSPORTE REFRIGERADO\r\n\r\nCONCESIONARIO THERMO KING","protected":false},"excerpt":{"rendered":"<p>CORREA THERMO KING ORIGINAL MARCA: THERMO KING N\u00daMERO DE REPUESTO: 78-1822 781822 APLICACI\u00d3N: MOTOR EL\u00c9CTRICO PARA COMPRESOR MODELOS: 6PK DESPU\u00c9S [&hellip;]<\/p>","protected":false},"featured_media":1813,"comment_status":"closed","ping_status":"closed","template":"","meta":{"_acf_changed":false,"site-sidebar-layout":"default","site-content-layout":"default","ast-site-content-layout":"default","site-content-style":"default","site-sidebar-style":"default","ast-global-header-display":"","ast-banner-title-visibility":"","ast-main-header-display":"","ast-hfb-above-header-display":"","ast-hfb-below-header-display":"","ast-hfb-mobile-header-display":"","site-post-title":"","ast-breadcrumbs-content":"","ast-featured-img":"","footer-sml-layout":"","ast-disable-related-posts":"","theme-transparent-header-meta":"default","adv-header-id-meta":"","stick-header-meta":"default","header-above-stick-meta":"","header-main-stick-meta":"","header-below-stick-meta":"","astra-migrate-meta-layouts":"set","ast-page-background-enabled":"default","ast-page-background-meta":{"desktop":{"background-color":"var(--ast-global-color-5)","background-image":"","background-repeat":"repeat","background-position":"center center","background-size":"auto","background-attachment":"scroll","background-type":"","background-media":"","overlay-type":"","overlay-color":"","overlay-opacity":"","overlay-gradient":""},"tablet":{"background-color":"","background-image":"","background-repeat":"repeat","background-position":"center center","background-size":"auto","background-attachment":"scroll","background-type":"","background-media":"","overlay-type":"","overlay-color":"","overlay-opacity":"","overlay-gradient":""},"mobile":{"background-color":"","background-image":"","background-repeat":"repeat","background-position":"center center","background-size":"auto","background-attachment":"scroll","background-type":"","background-media":"","overlay-type":"","overlay-color":"","overlay-opacity":"","overlay-gradient":""}},"ast-content-background-meta":{"desktop":{"background-color":"var(--ast-global-color-4)","background-image":"","background-repeat":"repeat","background-position":"center center","background-size":"auto","background-attachment":"scroll","background-type":"","background-media":"","overlay-type":"","overlay-color":"","overlay-opacity":"","overlay-gradient":""},"tablet":{"background-color":"var(--ast-global-color-4)","background-image":"","background-repeat":"repeat","background-position":"center center","background-size":"auto","background-attachment":"scroll","background-type":"","background-media":"","overlay-type":"","overlay-color":"","overlay-opacity":"","overlay-gradient":""},"mobile":{"background-color":"var(--ast-global-color-4)","background-image":"","background-repeat":"repeat","background-position":"center center","background-size":"auto","background-attachment":"scroll","background-type":"","background-media":"","overlay-type":"","overlay-color":"","overlay-opacity":"","overlay-gradient":""}},"_joinchat":[]},"product_brand":[],"product_cat":[60],"product_tag":[],"class_list":{"0":"post-590","1":"product","2":"type-product","3":"status-publish","4":"has-post-thumbnail","6":"product_cat-correias","7":"desktop-align-left","8":"tablet-align-left","9":"mobile-align-left","11":"first","12":"instock","13":"shipping-taxable","14":"purchasable","15":"product-type-simple"},"acf":{"titulo_ingles":"BELT THERMO KING T600 T800 ELECTRIC COMPRESSOR 78-1822 781822","descricao_ingles":"BELT 78-1822 781822 THERMO KING ORIGINAL\r\n\r\nBRAND: THERMO KING\r\nPART NUMBER: 78-1822 781822\r\nAPPLICATION: ELECTRIC MOTOR FOR COMPRESSOR\r\nMODELS: 6PK AFTER 2013 FOR T590 T600 T680 T800 T880 T800R SPECTRUM\r\nWE ALSO HAVE THE FULL BELT KIT 20215SP\r\n\r\nMINCARONE RUIZ E CIA. LTDA. SINCE 1985 SERVING THE REFRIGERATED TRANSPORT MARKET\r\n\r\nTHERMO KING DEALER","titulo_espanhol":"CORREA THERMO KING T600 T800 COMPRESOR EL\u00c9CTRICO 78-1822 781822","descricao_espanhol":"CORREA THERMO KING ORIGINAL\r\n\r\nMARCA: THERMO KING\r\nN\u00daMERO DE REPUESTO: 78-1822 781822\r\nAPLICACI\u00d3N: MOTOR EL\u00c9CTRICO PARA COMPRESOR\r\nMODELOS: 6PK DESPU\u00c9S DE 2013 PARA SPECTRUM T590 T600 T680 T800 T880 T800R\r\nTAMBI\u00c9N DISPONEMOS DEL KIT COMPLETO DE CORREAS 20215SP\r\n\r\nMINCARONE RUIZ E CIA. LTDA. DESDE 1985 AL SERVICIO DEL MERCADO DEL TRANSPORTE REFRIGERADO\r\n\r\nCONCESIONARIO THERMO KING"},"_links":{"self":[{"href":"https:\/\/mincarone.net\/es\/wp-json\/wp\/v2\/product\/590","targetHints":{"allow":["GET"]}}],"collection":[{"href":"https:\/\/mincarone.net\/es\/wp-json\/wp\/v2\/product"}],"about":[{"href":"https:\/\/mincarone.net\/es\/wp-json\/wp\/v2\/types\/product"}],"replies":[{"embeddable":true,"href":"https:\/\/mincarone.net\/es\/wp-json\/wp\/v2\/comments?post=590"}],"wp:featuredmedia":[{"embeddable":true,"href":"https:\/\/mincarone.net\/es\/wp-json\/wp\/v2\/media\/1813"}],"wp:attachment":[{"href":"https:\/\/mincarone.net\/es\/wp-json\/wp\/v2\/media?parent=590"}],"wp:term":[{"taxonomy":"product_brand","embeddable":true,"href":"https:\/\/mincarone.net\/es\/wp-json\/wp\/v2\/product_brand?post=590"},{"taxonomy":"product_cat","embeddable":true,"href":"https:\/\/mincarone.net\/es\/wp-json\/wp\/v2\/product_cat?post=590"},{"taxonomy":"product_tag","embeddable":true,"href":"https:\/\/mincarone.net\/es\/wp-json\/wp\/v2\/product_tag?post=590"}],"curies":[{"name":"wp","href":"https:\/\/api.w.org\/{rel}","templated":true}]}}