{"id":6928,"date":"2024-02-20T14:37:53","date_gmt":"2024-02-20T17:37:53","guid":{"rendered":"http:\/\/net.mincarone.com.br\/produto\/jogo-aneis-pistao-025-thermo-king-yanmar-tk-370-md300-t800\/"},"modified":"2026-04-07T09:35:06","modified_gmt":"2026-04-07T12:35:06","slug":"jogo-aneis-pist-o-0-25-yanmar-tk370-thermo-king-130572-13-572-md300-t800","status":"publish","type":"product","link":"https:\/\/mincarone.net\/es\/producto\/jogo-aneis-pist-o-0-25-yanmar-tk370-thermo-king-130572-13-572-md300-t800\/","title":{"rendered":"JUEGO DE AROS (0,25os) - PIST\u00d3N YANMAR TK370 THERMO KING 130572 13-572 MD300 T800"},"content":{"rendered":"JUEGO DE AROS DE PIST\u00d3N DEL MOTOR YANMAR TK370\r\n\r\nMARCA: THERMO KING\r\nN\u00daMERO DE REPUESTO: 130572 (13-572)\r\nTAMA\u00d1O: 0,25\"\r\nC\u00d3DIGO YANMAR: Y10111\r\nCONTIENE EL JUEGO PARA 1 UNIDAD DE PIST\u00d3N, SE NECESITAN 3 EN EL MOTOR\r\nAPLICACI\u00d3N: MD100, MD200, MD300, T600, T800 Y OTROS\r\n\t\r\n\r\nMINCARONE RUIZ E CIA. LTDA. DESDE 1985 AL SERVICIO DEL MERCADO DEL TRANSPORTE REFRIGERADO\r\n\t\r\nCONCESIONARIO THERMO KING","protected":false},"excerpt":{"rendered":"<p>JUEGO DE AROS DE PIST\u00d3N DEL MOTOR YANMAR TK370 MARCA: THERMO KING N\u00daMERO DE REPUESTO: 130572 (13-572) TAMA\u00d1O: 0,25&#8243; C\u00d3DIGO [&hellip;]<\/p>","protected":false},"featured_media":8203,"comment_status":"closed","ping_status":"closed","template":"","meta":{"_acf_changed":false,"site-sidebar-layout":"default","site-content-layout":"default","ast-site-content-layout":"default","site-content-style":"default","site-sidebar-style":"default","ast-global-header-display":"","ast-banner-title-visibility":"","ast-main-header-display":"","ast-hfb-above-header-display":"","ast-hfb-below-header-display":"","ast-hfb-mobile-header-display":"","site-post-title":"","ast-breadcrumbs-content":"","ast-featured-img":"","footer-sml-layout":"","ast-disable-related-posts":"","theme-transparent-header-meta":"default","adv-header-id-meta":"","stick-header-meta":"default","header-above-stick-meta":"","header-main-stick-meta":"","header-below-stick-meta":"","astra-migrate-meta-layouts":"default","ast-page-background-enabled":"default","ast-page-background-meta":{"desktop":{"background-color":"var(--ast-global-color-5)","background-image":"","background-repeat":"repeat","background-position":"center center","background-size":"auto","background-attachment":"scroll","background-type":"","background-media":"","overlay-type":"","overlay-color":"","overlay-opacity":"","overlay-gradient":""},"tablet":{"background-color":"","background-image":"","background-repeat":"repeat","background-position":"center center","background-size":"auto","background-attachment":"scroll","background-type":"","background-media":"","overlay-type":"","overlay-color":"","overlay-opacity":"","overlay-gradient":""},"mobile":{"background-color":"","background-image":"","background-repeat":"repeat","background-position":"center center","background-size":"auto","background-attachment":"scroll","background-type":"","background-media":"","overlay-type":"","overlay-color":"","overlay-opacity":"","overlay-gradient":""}},"ast-content-background-meta":{"desktop":{"background-color":"var(--ast-global-color-4)","background-image":"","background-repeat":"repeat","background-position":"center center","background-size":"auto","background-attachment":"scroll","background-type":"","background-media":"","overlay-type":"","overlay-color":"","overlay-opacity":"","overlay-gradient":""},"tablet":{"background-color":"var(--ast-global-color-4)","background-image":"","background-repeat":"repeat","background-position":"center center","background-size":"auto","background-attachment":"scroll","background-type":"","background-media":"","overlay-type":"","overlay-color":"","overlay-opacity":"","overlay-gradient":""},"mobile":{"background-color":"var(--ast-global-color-4)","background-image":"","background-repeat":"repeat","background-position":"center center","background-size":"auto","background-attachment":"scroll","background-type":"","background-media":"","overlay-type":"","overlay-color":"","overlay-opacity":"","overlay-gradient":""}},"_joinchat":[]},"product_brand":[],"product_cat":[83],"product_tag":[],"class_list":{"0":"post-6928","1":"product","2":"type-product","3":"status-publish","4":"has-post-thumbnail","6":"product_cat-rolamentos","7":"desktop-align-left","8":"tablet-align-left","9":"mobile-align-left","11":"first","12":"instock","13":"shipping-taxable","14":"purchasable","15":"product-type-simple"},"acf":{"titulo_ingles":"RING SET (0,25os) - PISTON YANMAR TK370 THERMO KING 130572 13-572 MD300 T800","descricao_ingles":"YANMAR TK370 ENGINE PISTON'S RING SET\r\n\r\nBRAND: THERMO KING\r\nPART NUMBER: 130572 (13-572)\r\nSIZE: 0,25\"\t\r\nYANMAR CODE: Y10111\r\nCONTAINS THE SET FOR 1 PISTON UNIT, IS NEEDED 3 ON THE ENGINE\r\nAPPLICATION: MD100, MD200, MD300, T600, T800 AND OTHERS\r\n\r\n\r\nMINCARONE RUIZ E CIA. LTDA. SINCE 1985 SERVING THE REFRIGERATED TRANSPORT MARKET\r\n\t\t\r\nTHERMO KING DEALER\r\n","titulo_espanhol":"JUEGO DE AROS (0,25os) - PIST\u00d3N YANMAR TK370 THERMO KING 130572 13-572 MD300 T800","descricao_espanhol":"JUEGO DE AROS DE PIST\u00d3N DEL MOTOR YANMAR TK370\r\n\r\nMARCA: THERMO KING\r\nN\u00daMERO DE REPUESTO: 130572 (13-572)\r\nTAMA\u00d1O: 0,25\"\r\nC\u00d3DIGO YANMAR: Y10111\r\nCONTIENE EL JUEGO PARA 1 UNIDAD DE PIST\u00d3N, SE NECESITAN 3 EN EL MOTOR\r\nAPLICACI\u00d3N: MD100, MD200, MD300, T600, T800 Y OTROS\r\n\t\r\n\r\nMINCARONE RUIZ E CIA. LTDA. DESDE 1985 AL SERVICIO DEL MERCADO DEL TRANSPORTE REFRIGERADO\r\n\t\r\nCONCESIONARIO THERMO KING\r\n"},"_links":{"self":[{"href":"https:\/\/mincarone.net\/es\/wp-json\/wp\/v2\/product\/6928","targetHints":{"allow":["GET"]}}],"collection":[{"href":"https:\/\/mincarone.net\/es\/wp-json\/wp\/v2\/product"}],"about":[{"href":"https:\/\/mincarone.net\/es\/wp-json\/wp\/v2\/types\/product"}],"replies":[{"embeddable":true,"href":"https:\/\/mincarone.net\/es\/wp-json\/wp\/v2\/comments?post=6928"}],"wp:featuredmedia":[{"embeddable":true,"href":"https:\/\/mincarone.net\/es\/wp-json\/wp\/v2\/media\/8203"}],"wp:attachment":[{"href":"https:\/\/mincarone.net\/es\/wp-json\/wp\/v2\/media?parent=6928"}],"wp:term":[{"taxonomy":"product_brand","embeddable":true,"href":"https:\/\/mincarone.net\/es\/wp-json\/wp\/v2\/product_brand?post=6928"},{"taxonomy":"product_cat","embeddable":true,"href":"https:\/\/mincarone.net\/es\/wp-json\/wp\/v2\/product_cat?post=6928"},{"taxonomy":"product_tag","embeddable":true,"href":"https:\/\/mincarone.net\/es\/wp-json\/wp\/v2\/product_tag?post=6928"}],"curies":[{"name":"wp","href":"https:\/\/api.w.org\/{rel}","templated":true}]}}