{"id":6959,"date":"2024-02-20T14:38:01","date_gmt":"2024-02-20T17:38:01","guid":{"rendered":"http:\/\/net.mincarone.com.br\/produto\/sensor-de-temperatura-ar-condicionado-spheros-e-thermo-king\/"},"modified":"2026-04-07T09:35:13","modified_gmt":"2026-04-07T12:35:13","slug":"sensor-de-temperatura-ar-condicionado-spheros-thermo-king-419086-41-9086","status":"publish","type":"product","link":"https:\/\/mincarone.net\/es\/producto\/sensor-de-temperatura-ar-condicionado-spheros-thermo-king-419086-41-9086\/","title":{"rendered":"SENSOR DE TEMPERATURA - AIRE ACONDICIONADO PARA AUTOB\u00daS SPHEROS \/ THERMO KING 419086 41-9086"},"content":{"rendered":"SENSOR DE TEMPERATURA DEL AIRE ACONDICIONADO DE AUTOB\u00daS\r\n\r\nMARCA: THERMO KING\r\nN\u00daMERO DE REPUESTO: 419086 (41-9086) SOL\u00cdA SER 418499 (41-8499)\r\nOEM: SPHEROS 070-0042-000 \/ THERMO KING 1E56502H01\r\nN\u00daMERO DE REPUESTO GLOBUS: GL-S030 NTC30K\r\nAPLICACI\u00d3N: TODOS LOS MODELOS DE EQUIPOS DE AIRE ACONDICIONADO SPHEROS. THERMO KING LRT COMFORT, LRT SL Y SR50 CON PANELES SMARTAIRE 452104\/ 45-2104 (1E12932G05) Y 452389 \/ 45-2389 (1E61026G01)\r\n\r\n\r\nMINCARONE RUIZ E CIA. LTDA. DESDE 1985 AL SERVICIO DEL MERCADO DEL TRANSPORTE REFRIGERADO\r\n\t\r\nCONCESIONARIO THERMO KING","protected":false},"excerpt":{"rendered":"<p>SENSOR DE TEMPERATURA DEL AIRE ACONDICIONADO DE AUTOB\u00daS MARCA: THERMO KING N\u00daMERO DE REPUESTO: 419086 (41-9086) SOL\u00cdA SER 418499 (41-8499) [&hellip;]<\/p>","protected":false},"featured_media":7986,"comment_status":"closed","ping_status":"closed","template":"","meta":{"_acf_changed":false,"site-sidebar-layout":"default","site-content-layout":"default","ast-site-content-layout":"default","site-content-style":"default","site-sidebar-style":"default","ast-global-header-display":"","ast-banner-title-visibility":"","ast-main-header-display":"","ast-hfb-above-header-display":"","ast-hfb-below-header-display":"","ast-hfb-mobile-header-display":"","site-post-title":"","ast-breadcrumbs-content":"","ast-featured-img":"","footer-sml-layout":"","ast-disable-related-posts":"","theme-transparent-header-meta":"default","adv-header-id-meta":"","stick-header-meta":"default","header-above-stick-meta":"","header-main-stick-meta":"","header-below-stick-meta":"","astra-migrate-meta-layouts":"default","ast-page-background-enabled":"default","ast-page-background-meta":{"desktop":{"background-color":"var(--ast-global-color-5)","background-image":"","background-repeat":"repeat","background-position":"center center","background-size":"auto","background-attachment":"scroll","background-type":"","background-media":"","overlay-type":"","overlay-color":"","overlay-opacity":"","overlay-gradient":""},"tablet":{"background-color":"","background-image":"","background-repeat":"repeat","background-position":"center center","background-size":"auto","background-attachment":"scroll","background-type":"","background-media":"","overlay-type":"","overlay-color":"","overlay-opacity":"","overlay-gradient":""},"mobile":{"background-color":"","background-image":"","background-repeat":"repeat","background-position":"center center","background-size":"auto","background-attachment":"scroll","background-type":"","background-media":"","overlay-type":"","overlay-color":"","overlay-opacity":"","overlay-gradient":""}},"ast-content-background-meta":{"desktop":{"background-color":"var(--ast-global-color-4)","background-image":"","background-repeat":"repeat","background-position":"center center","background-size":"auto","background-attachment":"scroll","background-type":"","background-media":"","overlay-type":"","overlay-color":"","overlay-opacity":"","overlay-gradient":""},"tablet":{"background-color":"var(--ast-global-color-4)","background-image":"","background-repeat":"repeat","background-position":"center center","background-size":"auto","background-attachment":"scroll","background-type":"","background-media":"","overlay-type":"","overlay-color":"","overlay-opacity":"","overlay-gradient":""},"mobile":{"background-color":"var(--ast-global-color-4)","background-image":"","background-repeat":"repeat","background-position":"center center","background-size":"auto","background-attachment":"scroll","background-type":"","background-media":"","overlay-type":"","overlay-color":"","overlay-opacity":"","overlay-gradient":""}},"_joinchat":[]},"product_brand":[],"product_cat":[61],"product_tag":[],"class_list":{"0":"post-6959","1":"product","2":"type-product","3":"status-publish","4":"has-post-thumbnail","6":"product_cat-sensores","7":"desktop-align-left","8":"tablet-align-left","9":"mobile-align-left","11":"first","12":"instock","13":"shipping-taxable","14":"purchasable","15":"product-type-simple"},"acf":{"titulo_ingles":"TEMPERATURE SENSOR - BUS AIR CONDITIONER SPHEROS \/ THERMO KING 419086 41-9086","descricao_ingles":"BUS AIR CONDITIONER TEMPERATURE SENSOR\r\n\r\nBRAND: THERMO KING\r\nPART NUMBER: 419086 (41-9086) USED TO BE 418499 (41-8499)\r\nOEM: SPHEROS 070-0042-000 \/ THERMO KING 1E56502H01\r\nGLOBUS PART NUMBER: GL-S030 NTC30K\r\nAPPLICATION: ALL SPHEROS AIR CONDITIONER EQUIPMENT MODELS. THERMO KING LRT COMFORT, LRT SL AND SR50 WITH SMARTAIRE PANELS 452104\/ 45-2104 (1E12932G05) AND 452389 \/ 45-2389 (1E61026G01)\r\n\t\r\n\r\nMINCARONE RUIZ E CIA. LTDA. SINCE 1985 SERVING THE REFRIGERATED TRANSPORT MARKET\r\n\t\t\r\nTHERMO KING DEALER\r\n","titulo_espanhol":"SENSOR DE TEMPERATURA - AIRE ACONDICIONADO PARA AUTOB\u00daS SPHEROS \/ THERMO KING 419086 41-9086","descricao_espanhol":"SENSOR DE TEMPERATURA DEL AIRE ACONDICIONADO DE AUTOB\u00daS\r\n\r\nMARCA: THERMO KING\r\nN\u00daMERO DE REPUESTO: 419086 (41-9086) SOL\u00cdA SER 418499 (41-8499)\r\nOEM: SPHEROS 070-0042-000 \/ THERMO KING 1E56502H01\r\nN\u00daMERO DE REPUESTO GLOBUS: GL-S030 NTC30K\r\nAPLICACI\u00d3N: TODOS LOS MODELOS DE EQUIPOS DE AIRE ACONDICIONADO SPHEROS. THERMO KING LRT COMFORT, LRT SL Y SR50 CON PANELES SMARTAIRE 452104\/ 45-2104 (1E12932G05) Y 452389 \/ 45-2389 (1E61026G01)\r\n\r\n\r\nMINCARONE RUIZ E CIA. LTDA. DESDE 1985 AL SERVICIO DEL MERCADO DEL TRANSPORTE REFRIGERADO\r\n\t\r\nCONCESIONARIO THERMO KING\r\n"},"_links":{"self":[{"href":"https:\/\/mincarone.net\/es\/wp-json\/wp\/v2\/product\/6959","targetHints":{"allow":["GET"]}}],"collection":[{"href":"https:\/\/mincarone.net\/es\/wp-json\/wp\/v2\/product"}],"about":[{"href":"https:\/\/mincarone.net\/es\/wp-json\/wp\/v2\/types\/product"}],"replies":[{"embeddable":true,"href":"https:\/\/mincarone.net\/es\/wp-json\/wp\/v2\/comments?post=6959"}],"wp:featuredmedia":[{"embeddable":true,"href":"https:\/\/mincarone.net\/es\/wp-json\/wp\/v2\/media\/7986"}],"wp:attachment":[{"href":"https:\/\/mincarone.net\/es\/wp-json\/wp\/v2\/media?parent=6959"}],"wp:term":[{"taxonomy":"product_brand","embeddable":true,"href":"https:\/\/mincarone.net\/es\/wp-json\/wp\/v2\/product_brand?post=6959"},{"taxonomy":"product_cat","embeddable":true,"href":"https:\/\/mincarone.net\/es\/wp-json\/wp\/v2\/product_cat?post=6959"},{"taxonomy":"product_tag","embeddable":true,"href":"https:\/\/mincarone.net\/es\/wp-json\/wp\/v2\/product_tag?post=6959"}],"curies":[{"name":"wp","href":"https:\/\/api.w.org\/{rel}","templated":true}]}}