{"id":6974,"date":"2024-02-20T14:38:05","date_gmt":"2024-02-20T17:38:05","guid":{"rendered":"http:\/\/net.mincarone.com.br\/produto\/6974\/"},"modified":"2026-04-09T17:46:50","modified_gmt":"2026-04-09T20:46:50","slug":"soquete-rele-polarizado-thermo-king-443184-44-3184-lrt-md-sb-super2","status":"publish","type":"product","link":"https:\/\/mincarone.net\/es\/producto\/soquete-rele-polarizado-thermo-king-443184-44-3184-lrt-md-sb-super2\/","title":{"rendered":"ENCHUFE - REL\u00c9 THERMO KING 443184 44-3184 LRT MD SB SUPER2"},"content":{"rendered":"TOMA DE REL\u00c9 POLARIZADO\r\n\r\nMARCA: THERMO KING\r\nN\u00daMERO DE REPUESTO: 443184 (44-3184)\r\nAPLICACI\u00d3N: CB-1, CB-2, CB-3, STB-1, STB-2, STB-3, CF-2, CF-3, LRT, D1, KD-1, MD-1, MD-2, MD-200, SB-1, SB-2, SB-3, SENTRY, SNWD\r\n\r\n\r\nMINCARONE RUIZ E CIA. LTDA. DESDE 1985 AL SERVICIO DEL MERCADO DEL TRANSPORTE REFRIGERADO\r\n\t\r\nCONCESIONARIO THERMO KING","protected":false},"excerpt":{"rendered":"<p>TOMA DE REL\u00c9 POLARIZADO MARCA: THERMO KING N\u00daMERO DE REPUESTO: 443184 (44-3184) APLICACI\u00d3N: CB-1, CB-2, CB-3, STB-1, STB-2, STB-3, CF-2, [&hellip;]<\/p>","protected":false},"featured_media":7912,"comment_status":"closed","ping_status":"closed","template":"","meta":{"_acf_changed":false,"site-sidebar-layout":"default","site-content-layout":"default","ast-site-content-layout":"default","site-content-style":"default","site-sidebar-style":"default","ast-global-header-display":"","ast-banner-title-visibility":"","ast-main-header-display":"","ast-hfb-above-header-display":"","ast-hfb-below-header-display":"","ast-hfb-mobile-header-display":"","site-post-title":"","ast-breadcrumbs-content":"","ast-featured-img":"","footer-sml-layout":"","ast-disable-related-posts":"","theme-transparent-header-meta":"default","adv-header-id-meta":"","stick-header-meta":"default","header-above-stick-meta":"","header-main-stick-meta":"","header-below-stick-meta":"","astra-migrate-meta-layouts":"default","ast-page-background-enabled":"default","ast-page-background-meta":{"desktop":{"background-color":"var(--ast-global-color-5)","background-image":"","background-repeat":"repeat","background-position":"center center","background-size":"auto","background-attachment":"scroll","background-type":"","background-media":"","overlay-type":"","overlay-color":"","overlay-opacity":"","overlay-gradient":""},"tablet":{"background-color":"","background-image":"","background-repeat":"repeat","background-position":"center center","background-size":"auto","background-attachment":"scroll","background-type":"","background-media":"","overlay-type":"","overlay-color":"","overlay-opacity":"","overlay-gradient":""},"mobile":{"background-color":"","background-image":"","background-repeat":"repeat","background-position":"center center","background-size":"auto","background-attachment":"scroll","background-type":"","background-media":"","overlay-type":"","overlay-color":"","overlay-opacity":"","overlay-gradient":""}},"ast-content-background-meta":{"desktop":{"background-color":"var(--ast-global-color-4)","background-image":"","background-repeat":"repeat","background-position":"center center","background-size":"auto","background-attachment":"scroll","background-type":"","background-media":"","overlay-type":"","overlay-color":"","overlay-opacity":"","overlay-gradient":""},"tablet":{"background-color":"var(--ast-global-color-4)","background-image":"","background-repeat":"repeat","background-position":"center center","background-size":"auto","background-attachment":"scroll","background-type":"","background-media":"","overlay-type":"","overlay-color":"","overlay-opacity":"","overlay-gradient":""},"mobile":{"background-color":"var(--ast-global-color-4)","background-image":"","background-repeat":"repeat","background-position":"center center","background-size":"auto","background-attachment":"scroll","background-type":"","background-media":"","overlay-type":"","overlay-color":"","overlay-opacity":"","overlay-gradient":""}},"_joinchat":[]},"product_brand":[],"product_cat":[76],"product_tag":[],"class_list":{"0":"post-6974","1":"product","2":"type-product","3":"status-publish","4":"has-post-thumbnail","6":"product_cat-componentes-eletricos","7":"desktop-align-left","8":"tablet-align-left","9":"mobile-align-left","11":"first","12":"instock","13":"shipping-taxable","14":"purchasable","15":"product-type-simple"},"acf":{"titulo_ingles":"SOCKET - RELAY THERMO KING 443184 44-3184 LRT MD SB SUPER2","descricao_ingles":"POLARIZED RELAY SOCKET\t\r\n\t\t\r\nBRAND: THERMO KING\r\nPART NUMBER: 443184 (44-3184)\r\nAPPLICATION: CB-1, CB-2, CB-3, STB-1, STB-2, STB-3, CF-2, CF-3, LRT, D1, KD-1, MD-1, MD-2, MD-200, SB-1, SB-2, SB-3, SENTRY, SNWD \r\n\r\n\r\nMINCARONE RUIZ E CIA. LTDA. SINCE 1985 SERVING THE REFRIGERATED TRANSPORT MARKET\r\n\t\t\r\nTHERMO KING DEALER","titulo_espanhol":"ENCHUFE - REL\u00c9 THERMO KING 443184 44-3184 LRT MD SB SUPER2","descricao_espanhol":"TOMA DE REL\u00c9 POLARIZADO\r\n\r\nMARCA: THERMO KING\r\nN\u00daMERO DE REPUESTO: 443184 (44-3184)\r\nAPLICACI\u00d3N: CB-1, CB-2, CB-3, STB-1, STB-2, STB-3, CF-2, CF-3, LRT, D1, KD-1, MD-1, MD-2, MD-200, SB-1, SB-2, SB-3, SENTRY, SNWD\r\n\r\n\r\nMINCARONE RUIZ E CIA. LTDA. DESDE 1985 AL SERVICIO DEL MERCADO DEL TRANSPORTE REFRIGERADO\r\n\t\r\nCONCESIONARIO THERMO KING"},"_links":{"self":[{"href":"https:\/\/mincarone.net\/es\/wp-json\/wp\/v2\/product\/6974","targetHints":{"allow":["GET"]}}],"collection":[{"href":"https:\/\/mincarone.net\/es\/wp-json\/wp\/v2\/product"}],"about":[{"href":"https:\/\/mincarone.net\/es\/wp-json\/wp\/v2\/types\/product"}],"replies":[{"embeddable":true,"href":"https:\/\/mincarone.net\/es\/wp-json\/wp\/v2\/comments?post=6974"}],"wp:featuredmedia":[{"embeddable":true,"href":"https:\/\/mincarone.net\/es\/wp-json\/wp\/v2\/media\/7912"}],"wp:attachment":[{"href":"https:\/\/mincarone.net\/es\/wp-json\/wp\/v2\/media?parent=6974"}],"wp:term":[{"taxonomy":"product_brand","embeddable":true,"href":"https:\/\/mincarone.net\/es\/wp-json\/wp\/v2\/product_brand?post=6974"},{"taxonomy":"product_cat","embeddable":true,"href":"https:\/\/mincarone.net\/es\/wp-json\/wp\/v2\/product_cat?post=6974"},{"taxonomy":"product_tag","embeddable":true,"href":"https:\/\/mincarone.net\/es\/wp-json\/wp\/v2\/product_tag?post=6974"}],"curies":[{"name":"wp","href":"https:\/\/api.w.org\/{rel}","templated":true}]}}