{"id":7081,"date":"2024-02-20T14:38:34","date_gmt":"2024-02-20T17:38:34","guid":{"rendered":"http:\/\/net.mincarone.com.br\/produto\/compressor-de-ar-sanden-7h15-modelo-4862-24v-polia-2a\/"},"modified":"2026-04-08T17:58:48","modified_gmt":"2026-04-08T20:58:48","slug":"compressor-de-ar-sanden-7h15-modelo-4862-24v-polia-2a","status":"publish","type":"product","link":"https:\/\/mincarone.net\/es\/producto\/compressor-de-ar-sanden-7h15-modelo-4862-24v-polia-2a\/","title":{"rendered":"COMPRESOR SANDEN 7H15 4862 24 VOLTIOS POLEA 2A"},"content":{"rendered":"COMPRESOR 7H15 24V\r\n\r\nMARCA: SANDEN\r\nTIPO: 7H15\r\nMODELO: 4862\r\nVOLTAJE: 24 VOLTIOS\r\nPOLEA: 2A\r\nTIPO DE GAS REFRIGERANTE: R134A\r\nAPLICACI\u00d3N: AIRE ACONDICIONADO AUTOMOTRIZ, TRANSPORTE DE PASAJEROS, EQUIPOS DE TRANSPORTE REFRIGERADO, OFFROAD, MAQUINARIA AGRICOLA, ETC.\r\n\r\nATENCI\u00d3N\r\n\r\n-CAMBIAR EL ACEITE DEL COMPRESOR, VERIFICAR EL TIPO DE ACEITE UTILIZADO EN EL SISTEMA DE REFRIGERACI\u00d3N (PAG O POLOIL);\r\n-LIMPIAR EL SISTEMA CON R141B ANTES DE LA INSTALACI\u00d3N;\r\n-COMPROBAR LA PRESI\u00d3N DE TRABAJO, SI ES NECESARIO SUSTITUIR LA V\u00c1LVULA DE EXPANSI\u00d3N;\r\n-SUSTITUIR EL FILTRO SECADOR;\r\n-UN INSTALADOR EXPERIMENTADO AYUDAR\u00c1 A PROLONGAR LA VIDA \u00daTIL DEL COMPRESOR.\r\n\r\n\r\nMINCARONE RUIZ E CIA. LTDA. DESDE 1985 AL SERVICIO DEL MERCADO DEL TRANSPORTE REFRIGERADO","protected":false},"excerpt":{"rendered":"<p>COMPRESOR 7H15 24V MARCA: SANDEN TIPO: 7H15 MODELO: 4862 VOLTAJE: 24 VOLTIOS POLEA: 2A TIPO DE GAS REFRIGERANTE: R134A APLICACI\u00d3N: [&hellip;]<\/p>","protected":false},"featured_media":7358,"comment_status":"closed","ping_status":"closed","template":"","meta":{"_acf_changed":false,"site-sidebar-layout":"default","site-content-layout":"default","ast-site-content-layout":"default","site-content-style":"default","site-sidebar-style":"default","ast-global-header-display":"","ast-banner-title-visibility":"","ast-main-header-display":"","ast-hfb-above-header-display":"","ast-hfb-below-header-display":"","ast-hfb-mobile-header-display":"","site-post-title":"","ast-breadcrumbs-content":"","ast-featured-img":"","footer-sml-layout":"","ast-disable-related-posts":"","theme-transparent-header-meta":"default","adv-header-id-meta":"","stick-header-meta":"default","header-above-stick-meta":"","header-main-stick-meta":"","header-below-stick-meta":"","astra-migrate-meta-layouts":"default","ast-page-background-enabled":"default","ast-page-background-meta":{"desktop":{"background-color":"var(--ast-global-color-5)","background-image":"","background-repeat":"repeat","background-position":"center center","background-size":"auto","background-attachment":"scroll","background-type":"","background-media":"","overlay-type":"","overlay-color":"","overlay-opacity":"","overlay-gradient":""},"tablet":{"background-color":"","background-image":"","background-repeat":"repeat","background-position":"center center","background-size":"auto","background-attachment":"scroll","background-type":"","background-media":"","overlay-type":"","overlay-color":"","overlay-opacity":"","overlay-gradient":""},"mobile":{"background-color":"","background-image":"","background-repeat":"repeat","background-position":"center center","background-size":"auto","background-attachment":"scroll","background-type":"","background-media":"","overlay-type":"","overlay-color":"","overlay-opacity":"","overlay-gradient":""}},"ast-content-background-meta":{"desktop":{"background-color":"var(--ast-global-color-4)","background-image":"","background-repeat":"repeat","background-position":"center center","background-size":"auto","background-attachment":"scroll","background-type":"","background-media":"","overlay-type":"","overlay-color":"","overlay-opacity":"","overlay-gradient":""},"tablet":{"background-color":"var(--ast-global-color-4)","background-image":"","background-repeat":"repeat","background-position":"center center","background-size":"auto","background-attachment":"scroll","background-type":"","background-media":"","overlay-type":"","overlay-color":"","overlay-opacity":"","overlay-gradient":""},"mobile":{"background-color":"var(--ast-global-color-4)","background-image":"","background-repeat":"repeat","background-position":"center center","background-size":"auto","background-attachment":"scroll","background-type":"","background-media":"","overlay-type":"","overlay-color":"","overlay-opacity":"","overlay-gradient":""}},"_joinchat":[]},"product_brand":[],"product_cat":[20],"product_tag":[],"class_list":{"0":"post-7081","1":"product","2":"type-product","3":"status-publish","4":"has-post-thumbnail","6":"product_cat-compressores","7":"desktop-align-left","8":"tablet-align-left","9":"mobile-align-left","11":"first","12":"instock","13":"shipping-taxable","14":"purchasable","15":"product-type-simple"},"acf":{"titulo_ingles":"SANDEN 7H15 COMPRESSOR 4862 24 VOLTS 2A PULLEY","descricao_ingles":"7H15 24V COMPRESSOR\r\n\r\nBRAND: SANDEN\t\r\nTYPE: 7H15\t\r\nMODEL: 4862\r\nVOLTAGE: 24 VOLTS\r\nPULLEY: 2A\r\nREFRIGERANT GAS TYPE: R134A\r\nAPPLICATION: AUTOMOTIVE AIR CONDITIONER, PASSENGERS TRANSPORTATION, REFRIGERATED TRANSPORT EQUIPMENTS, OFFROAD, AGRICULTURAL MACHINERY, ETC\r\n\r\nATTENTION\r\n\r\n-EXCHANGE THE COMPRESSOR OIL, CHECK THE OIL TYPE UTILIZED ON THE REFRIGERATION SYSTEM (PAG OR POLOIL);\r\n-CLEAN THE SYSTEM WITH R141B BEFORE THE INSTALLATION;\r\n-CHECK THE WORK PRESSURE, IF NECESSARY REPLACE THE EXPANSION VALVE;\r\n-REPLACE THE DRIER FILTER;\r\n-AN EXPERIENT INSTALLER WILL HELP TO PROLONG THE COMPRESSOR LIFESPAN.\r\n\r\n\r\nMINCARONE RUIZ E CIA. LTDA. SINCE 1985 SERVING THE REFRIGERATED TRANSPORT MARKET\r\n","titulo_espanhol":"COMPRESOR SANDEN 7H15 4862 24 VOLTIOS POLEA 2A","descricao_espanhol":"COMPRESOR 7H15 24V\r\n\r\nMARCA: SANDEN\r\nTIPO: 7H15\r\nMODELO: 4862\r\nVOLTAJE: 24 VOLTIOS\r\nPOLEA: 2A\r\nTIPO DE GAS REFRIGERANTE: R134A\r\nAPLICACI\u00d3N: AIRE ACONDICIONADO AUTOMOTRIZ, TRANSPORTE DE PASAJEROS, EQUIPOS DE TRANSPORTE REFRIGERADO, OFFROAD, MAQUINARIA AGRICOLA, ETC.\r\n\r\nATENCI\u00d3N\r\n\r\n-CAMBIAR EL ACEITE DEL COMPRESOR, VERIFICAR EL TIPO DE ACEITE UTILIZADO EN EL SISTEMA DE REFRIGERACI\u00d3N (PAG O POLOIL);\r\n-LIMPIAR EL SISTEMA CON R141B ANTES DE LA INSTALACI\u00d3N;\r\n-COMPROBAR LA PRESI\u00d3N DE TRABAJO, SI ES NECESARIO SUSTITUIR LA V\u00c1LVULA DE EXPANSI\u00d3N;\r\n-SUSTITUIR EL FILTRO SECADOR;\r\n-UN INSTALADOR EXPERIMENTADO AYUDAR\u00c1 A PROLONGAR LA VIDA \u00daTIL DEL COMPRESOR.\r\n\r\n\r\nMINCARONE RUIZ E CIA. LTDA. DESDE 1985 AL SERVICIO DEL MERCADO DEL TRANSPORTE REFRIGERADO\r\n"},"_links":{"self":[{"href":"https:\/\/mincarone.net\/es\/wp-json\/wp\/v2\/product\/7081","targetHints":{"allow":["GET"]}}],"collection":[{"href":"https:\/\/mincarone.net\/es\/wp-json\/wp\/v2\/product"}],"about":[{"href":"https:\/\/mincarone.net\/es\/wp-json\/wp\/v2\/types\/product"}],"replies":[{"embeddable":true,"href":"https:\/\/mincarone.net\/es\/wp-json\/wp\/v2\/comments?post=7081"}],"wp:featuredmedia":[{"embeddable":true,"href":"https:\/\/mincarone.net\/es\/wp-json\/wp\/v2\/media\/7358"}],"wp:attachment":[{"href":"https:\/\/mincarone.net\/es\/wp-json\/wp\/v2\/media?parent=7081"}],"wp:term":[{"taxonomy":"product_brand","embeddable":true,"href":"https:\/\/mincarone.net\/es\/wp-json\/wp\/v2\/product_brand?post=7081"},{"taxonomy":"product_cat","embeddable":true,"href":"https:\/\/mincarone.net\/es\/wp-json\/wp\/v2\/product_cat?post=7081"},{"taxonomy":"product_tag","embeddable":true,"href":"https:\/\/mincarone.net\/es\/wp-json\/wp\/v2\/product_tag?post=7081"}],"curies":[{"name":"wp","href":"https:\/\/api.w.org\/{rel}","templated":true}]}}