{"id":7114,"date":"2024-02-20T14:38:43","date_gmt":"2024-02-20T17:38:43","guid":{"rendered":"http:\/\/net.mincarone.com.br\/produto\/placa-rele-glt-047-globus-p-spheros-cc300-cc350-0700017000\/"},"modified":"2026-04-07T09:35:10","modified_gmt":"2026-04-07T12:35:10","slug":"placa-rel-glt-047-globus-p-spheros-cc300-cc350-0700017000","status":"publish","type":"product","link":"https:\/\/mincarone.net\/es\/producto\/placa-rel-glt-047-globus-p-spheros-cc300-cc350-0700017000\/","title":{"rendered":"PLACA REL\u00c9 GLT-047 GLOBUS PARA SPHEROS CC300 CC350 0700017000"},"content":{"rendered":"TARJETA DE REL\u00c9\r\n\r\nMARCA: GLOBUS\r\nTIPO: GLT-047\r\nN\u00daMERO DE REPUESTO GLOBUS: GL-R2HGL004\r\nOEM: 017-00017-000\r\nVOLTAJE: 24 VOLTIOS\r\nAPLICACI\u00d3N: MODELOS DE AIRE ACONDICIONADO SPHEROS CC300 Y CC350\r\n\r\n\r\nMINCARONE RUIZ E CIA. LTDA. DESDE 1985 AL SERVICIO DEL MERCADO DEL TRANSPORTE REFRIGERADO","protected":false},"excerpt":{"rendered":"<p>TARJETA DE REL\u00c9 MARCA: GLOBUS TIPO: GLT-047 N\u00daMERO DE REPUESTO GLOBUS: GL-R2HGL004 OEM: 017-00017-000 VOLTAJE: 24 VOLTIOS APLICACI\u00d3N: MODELOS DE [&hellip;]<\/p>","protected":false},"featured_media":7193,"comment_status":"closed","ping_status":"closed","template":"","meta":{"_acf_changed":false,"site-sidebar-layout":"default","site-content-layout":"default","ast-site-content-layout":"default","site-content-style":"default","site-sidebar-style":"default","ast-global-header-display":"","ast-banner-title-visibility":"","ast-main-header-display":"","ast-hfb-above-header-display":"","ast-hfb-below-header-display":"","ast-hfb-mobile-header-display":"","site-post-title":"","ast-breadcrumbs-content":"","ast-featured-img":"","footer-sml-layout":"","ast-disable-related-posts":"","theme-transparent-header-meta":"default","adv-header-id-meta":"","stick-header-meta":"default","header-above-stick-meta":"","header-main-stick-meta":"","header-below-stick-meta":"","astra-migrate-meta-layouts":"default","ast-page-background-enabled":"default","ast-page-background-meta":{"desktop":{"background-color":"var(--ast-global-color-5)","background-image":"","background-repeat":"repeat","background-position":"center center","background-size":"auto","background-attachment":"scroll","background-type":"","background-media":"","overlay-type":"","overlay-color":"","overlay-opacity":"","overlay-gradient":""},"tablet":{"background-color":"","background-image":"","background-repeat":"repeat","background-position":"center center","background-size":"auto","background-attachment":"scroll","background-type":"","background-media":"","overlay-type":"","overlay-color":"","overlay-opacity":"","overlay-gradient":""},"mobile":{"background-color":"","background-image":"","background-repeat":"repeat","background-position":"center center","background-size":"auto","background-attachment":"scroll","background-type":"","background-media":"","overlay-type":"","overlay-color":"","overlay-opacity":"","overlay-gradient":""}},"ast-content-background-meta":{"desktop":{"background-color":"var(--ast-global-color-4)","background-image":"","background-repeat":"repeat","background-position":"center center","background-size":"auto","background-attachment":"scroll","background-type":"","background-media":"","overlay-type":"","overlay-color":"","overlay-opacity":"","overlay-gradient":""},"tablet":{"background-color":"var(--ast-global-color-4)","background-image":"","background-repeat":"repeat","background-position":"center center","background-size":"auto","background-attachment":"scroll","background-type":"","background-media":"","overlay-type":"","overlay-color":"","overlay-opacity":"","overlay-gradient":""},"mobile":{"background-color":"var(--ast-global-color-4)","background-image":"","background-repeat":"repeat","background-position":"center center","background-size":"auto","background-attachment":"scroll","background-type":"","background-media":"","overlay-type":"","overlay-color":"","overlay-opacity":"","overlay-gradient":""}},"_joinchat":[]},"product_brand":[],"product_cat":[25],"product_tag":[],"class_list":{"0":"post-7114","1":"product","2":"type-product","3":"status-publish","4":"has-post-thumbnail","6":"product_cat-controladores","7":"desktop-align-left","8":"tablet-align-left","9":"mobile-align-left","11":"first","12":"instock","13":"shipping-taxable","14":"purchasable","15":"product-type-simple"},"acf":{"titulo_ingles":"RELAY BOARD GLT-047 GLOBUS FOR SPHEROS CC300 CC350 0700017000","descricao_ingles":"RELAY BOARD\r\n\r\nBRAND: GLOBUS\r\nTYPE:  GLT-047 \t\r\nGLOBUS PART NUMBER: GL-R2HGL004\r\nOEM: 017-00017-000\r\nVOLTAGE: 24 VOLTS\r\nAPPLICATION: SPHEROS CC300 AND CC350 AIR CONDITIONER MODELS\r\n\r\n\r\nMINCARONE RUIZ E CIA. LTDA. SINCE 1985 SERVING THE REFRIGERATED TRANSPORT MARKET\r\n","titulo_espanhol":"PLACA REL\u00c9 GLT-047 GLOBUS PARA SPHEROS CC300 CC350 0700017000","descricao_espanhol":"TARJETA DE REL\u00c9\r\n\r\nMARCA: GLOBUS\r\nTIPO: GLT-047\r\nN\u00daMERO DE REPUESTO GLOBUS: GL-R2HGL004\r\nOEM: 017-00017-000\r\nVOLTAJE: 24 VOLTIOS\r\nAPLICACI\u00d3N: MODELOS DE AIRE ACONDICIONADO SPHEROS CC300 Y CC350\r\n\r\n\r\nMINCARONE RUIZ E CIA. LTDA. DESDE 1985 AL SERVICIO DEL MERCADO DEL TRANSPORTE REFRIGERADO\r\n"},"_links":{"self":[{"href":"https:\/\/mincarone.net\/es\/wp-json\/wp\/v2\/product\/7114","targetHints":{"allow":["GET"]}}],"collection":[{"href":"https:\/\/mincarone.net\/es\/wp-json\/wp\/v2\/product"}],"about":[{"href":"https:\/\/mincarone.net\/es\/wp-json\/wp\/v2\/types\/product"}],"replies":[{"embeddable":true,"href":"https:\/\/mincarone.net\/es\/wp-json\/wp\/v2\/comments?post=7114"}],"wp:featuredmedia":[{"embeddable":true,"href":"https:\/\/mincarone.net\/es\/wp-json\/wp\/v2\/media\/7193"}],"wp:attachment":[{"href":"https:\/\/mincarone.net\/es\/wp-json\/wp\/v2\/media?parent=7114"}],"wp:term":[{"taxonomy":"product_brand","embeddable":true,"href":"https:\/\/mincarone.net\/es\/wp-json\/wp\/v2\/product_brand?post=7114"},{"taxonomy":"product_cat","embeddable":true,"href":"https:\/\/mincarone.net\/es\/wp-json\/wp\/v2\/product_cat?post=7114"},{"taxonomy":"product_tag","embeddable":true,"href":"https:\/\/mincarone.net\/es\/wp-json\/wp\/v2\/product_tag?post=7114"}],"curies":[{"name":"wp","href":"https:\/\/api.w.org\/{rel}","templated":true}]}}