{"id":8400,"date":"2024-04-15T13:56:35","date_gmt":"2024-04-15T16:56:35","guid":{"rendered":"http:\/\/net.mincarone.com.br\/produto\/8400\/"},"modified":"2026-04-07T17:51:20","modified_gmt":"2026-04-07T20:51:20","slug":"interruptor-press-o-leo-thermo-king-401655-40-1655-sb210-precedent","status":"publish","type":"product","link":"https:\/\/mincarone.net\/es\/producto\/interruptor-press-o-leo-thermo-king-401655-40-1655-sb210-precedent\/","title":{"rendered":"INTERRUPTOR - PRESI\u00d3N DE ACEITE THERMO KING 401655 40-1655 SB210 PRECEDENT"},"content":{"rendered":"INTERRUPTOR DE PRESI\u00d3N DE ACEITE LUBRICANTE\r\n\r\nMARCA: THERMO KING\r\nN\u00daMERO DE REPUESTO: 401655 (40-1655) SOL\u00cdA SER 417063 (41-7063) Y 410385 (41-385)\r\nAPLICACI\u00d3N: SENTRY, TK6000, MD-II, KD-II, BKD, MD100, MD200, MD300, SBIII, SUPER II, SB190, SB200, SB210, SB230, PRECEDENTE\r\nCONEXI\u00d3N POR UN SOLO CABLE. VIENE CON CONEXI\u00d3N 513762 (51-3762) + INTERRUPTOR 416801 (41-6801)\r\n\r\n\r\nMINCARONE RUIZ E CIA. LTDA. DESDE 1985 AL SERVICIO DEL MERCADO DEL TRANSPORTE REFRIGERADO\r\n\t\r\nCONCESIONARIO THERMO KING","protected":false},"excerpt":{"rendered":"<p>INTERRUPTOR DE PRESI\u00d3N DE ACEITE LUBRICANTE MARCA: THERMO KING N\u00daMERO DE REPUESTO: 401655 (40-1655) SOL\u00cdA SER 417063 (41-7063) Y 410385 [&hellip;]<\/p>","protected":false},"featured_media":8856,"comment_status":"closed","ping_status":"closed","template":"","meta":{"_acf_changed":false,"site-sidebar-layout":"default","site-content-layout":"default","ast-site-content-layout":"default","site-content-style":"default","site-sidebar-style":"default","ast-global-header-display":"","ast-banner-title-visibility":"","ast-main-header-display":"","ast-hfb-above-header-display":"","ast-hfb-below-header-display":"","ast-hfb-mobile-header-display":"","site-post-title":"","ast-breadcrumbs-content":"","ast-featured-img":"","footer-sml-layout":"","ast-disable-related-posts":"","theme-transparent-header-meta":"default","adv-header-id-meta":"","stick-header-meta":"default","header-above-stick-meta":"","header-main-stick-meta":"","header-below-stick-meta":"","astra-migrate-meta-layouts":"set","ast-page-background-enabled":"default","ast-page-background-meta":{"desktop":{"background-color":"var(--ast-global-color-5)","background-image":"","background-repeat":"repeat","background-position":"center center","background-size":"auto","background-attachment":"scroll","background-type":"","background-media":"","overlay-type":"","overlay-color":"","overlay-opacity":"","overlay-gradient":""},"tablet":{"background-color":"","background-image":"","background-repeat":"repeat","background-position":"center center","background-size":"auto","background-attachment":"scroll","background-type":"","background-media":"","overlay-type":"","overlay-color":"","overlay-opacity":"","overlay-gradient":""},"mobile":{"background-color":"","background-image":"","background-repeat":"repeat","background-position":"center center","background-size":"auto","background-attachment":"scroll","background-type":"","background-media":"","overlay-type":"","overlay-color":"","overlay-opacity":"","overlay-gradient":""}},"ast-content-background-meta":{"desktop":{"background-color":"var(--ast-global-color-4)","background-image":"","background-repeat":"repeat","background-position":"center center","background-size":"auto","background-attachment":"scroll","background-type":"","background-media":"","overlay-type":"","overlay-color":"","overlay-opacity":"","overlay-gradient":""},"tablet":{"background-color":"var(--ast-global-color-4)","background-image":"","background-repeat":"repeat","background-position":"center center","background-size":"auto","background-attachment":"scroll","background-type":"","background-media":"","overlay-type":"","overlay-color":"","overlay-opacity":"","overlay-gradient":""},"mobile":{"background-color":"var(--ast-global-color-4)","background-image":"","background-repeat":"repeat","background-position":"center center","background-size":"auto","background-attachment":"scroll","background-type":"","background-media":"","overlay-type":"","overlay-color":"","overlay-opacity":"","overlay-gradient":""}},"_joinchat":[]},"product_brand":[],"product_cat":[74],"product_tag":[],"class_list":{"0":"post-8400","1":"product","2":"type-product","3":"status-publish","4":"has-post-thumbnail","6":"product_cat-interruptores","7":"desktop-align-left","8":"tablet-align-left","9":"mobile-align-left","11":"first","12":"instock","13":"shipping-taxable","14":"purchasable","15":"product-type-simple"},"acf":{"titulo_ingles":"SWITCH - OIL PRESSURE THERMO KING 401655 40-1655 SB210 PRECEDENT","descricao_ingles":"LUBRICANT OIL PRESSURE SWITCH\r\n\r\nBRAND: THERMO KING\r\nPART NUMBER: 401655 (40-1655) USED TO BE 417063 (41-7063) AND 410385 (41-385)\r\nAPPLICATION: SENTRY, TK6000, MD-II, KD-II, BKD, MD100, MD200, MD300, SBIII, SUPER II, SB190, SB200, SB210, SB230, PRECEDENT\r\nCONNECTION BY ONE WIRE ONLY. COMES WITH CONNECTION 513762 (51-3762) + SWITCH 416801 (41-6801)\r\n\r\n\r\nMINCARONE RUIZ E CIA. LTDA. SINCE 1985 SERVING THE REFRIGERATED TRANSPORT MARKET\r\n\t\t\r\nTHERMO KING DEALER\r\n","titulo_espanhol":"INTERRUPTOR - PRESI\u00d3N DE ACEITE THERMO KING 401655 40-1655 SB210 PRECEDENT","descricao_espanhol":"INTERRUPTOR DE PRESI\u00d3N DE ACEITE LUBRICANTE\r\n\r\nMARCA: THERMO KING\r\nN\u00daMERO DE REPUESTO: 401655 (40-1655) SOL\u00cdA SER 417063 (41-7063) Y 410385 (41-385)\r\nAPLICACI\u00d3N: SENTRY, TK6000, MD-II, KD-II, BKD, MD100, MD200, MD300, SBIII, SUPER II, SB190, SB200, SB210, SB230, PRECEDENTE\r\nCONEXI\u00d3N POR UN SOLO CABLE. VIENE CON CONEXI\u00d3N 513762 (51-3762) + INTERRUPTOR 416801 (41-6801)\r\n\r\n\r\nMINCARONE RUIZ E CIA. LTDA. DESDE 1985 AL SERVICIO DEL MERCADO DEL TRANSPORTE REFRIGERADO\r\n\t\r\nCONCESIONARIO THERMO KING\r\n"},"_links":{"self":[{"href":"https:\/\/mincarone.net\/es\/wp-json\/wp\/v2\/product\/8400","targetHints":{"allow":["GET"]}}],"collection":[{"href":"https:\/\/mincarone.net\/es\/wp-json\/wp\/v2\/product"}],"about":[{"href":"https:\/\/mincarone.net\/es\/wp-json\/wp\/v2\/types\/product"}],"replies":[{"embeddable":true,"href":"https:\/\/mincarone.net\/es\/wp-json\/wp\/v2\/comments?post=8400"}],"wp:featuredmedia":[{"embeddable":true,"href":"https:\/\/mincarone.net\/es\/wp-json\/wp\/v2\/media\/8856"}],"wp:attachment":[{"href":"https:\/\/mincarone.net\/es\/wp-json\/wp\/v2\/media?parent=8400"}],"wp:term":[{"taxonomy":"product_brand","embeddable":true,"href":"https:\/\/mincarone.net\/es\/wp-json\/wp\/v2\/product_brand?post=8400"},{"taxonomy":"product_cat","embeddable":true,"href":"https:\/\/mincarone.net\/es\/wp-json\/wp\/v2\/product_cat?post=8400"},{"taxonomy":"product_tag","embeddable":true,"href":"https:\/\/mincarone.net\/es\/wp-json\/wp\/v2\/product_tag?post=8400"}],"curies":[{"name":"wp","href":"https:\/\/api.w.org\/{rel}","templated":true}]}}