{"id":8896,"date":"2024-05-08T08:55:24","date_gmt":"2024-05-08T11:55:24","guid":{"rendered":"http:\/\/net.mincarone.com.br\/produto\/casquilho-biela-std-motor-tk486-thermo-king-130924-sb-super2\/"},"modified":"2026-04-07T17:51:12","modified_gmt":"2026-04-07T20:51:12","slug":"casquilho-std-da-biela-motor-tk486-thermo-king-130924-13-924-sb3-super2","status":"publish","type":"product","link":"https:\/\/mincarone.net\/es\/producto\/casquilho-std-da-biela-motor-tk486-thermo-king-130924-13-924-sb3-super2\/","title":{"rendered":"COJINETE DE BIELA STD MOTOR TK486 130924 13-924 SB3 SUPER2"},"content":{"rendered":"COJINETES DE BIELA (EST\u00c1NDAR)\r\n2 PARTES\r\n\t\r\nMARCA: THERMO KING\r\nN\u00daMERO DE REPUESTO: 130924 (13-924)\r\nAPLICACI\u00d3N: TK486, SB200, SB210, SB230, SB310, SB3, SUPER2, SLX400, A500\r\n\t\r\n\r\nMINCARONE RUIZ E CIA. LTDA. DESDE 1985 AL SERVICIO DEL MERCADO DEL TRANSPORTE REFRIGERADO\r\n\t\r\nCONCESIONARIO THERMO KING","protected":false},"excerpt":{"rendered":"<p>COJINETES DE BIELA (EST\u00c1NDAR) 2 PARTES MARCA: THERMO KING N\u00daMERO DE REPUESTO: 130924 (13-924) APLICACI\u00d3N: TK486, SB200, SB210, SB230, SB310, [&hellip;]<\/p>","protected":false},"featured_media":9157,"comment_status":"closed","ping_status":"closed","template":"","meta":{"_acf_changed":false,"site-sidebar-layout":"default","site-content-layout":"default","ast-site-content-layout":"default","site-content-style":"default","site-sidebar-style":"default","ast-global-header-display":"","ast-banner-title-visibility":"","ast-main-header-display":"","ast-hfb-above-header-display":"","ast-hfb-below-header-display":"","ast-hfb-mobile-header-display":"","site-post-title":"","ast-breadcrumbs-content":"","ast-featured-img":"","footer-sml-layout":"","ast-disable-related-posts":"","theme-transparent-header-meta":"default","adv-header-id-meta":"","stick-header-meta":"default","header-above-stick-meta":"","header-main-stick-meta":"","header-below-stick-meta":"","astra-migrate-meta-layouts":"default","ast-page-background-enabled":"default","ast-page-background-meta":{"desktop":{"background-color":"var(--ast-global-color-5)","background-image":"","background-repeat":"repeat","background-position":"center center","background-size":"auto","background-attachment":"scroll","background-type":"","background-media":"","overlay-type":"","overlay-color":"","overlay-opacity":"","overlay-gradient":""},"tablet":{"background-color":"","background-image":"","background-repeat":"repeat","background-position":"center center","background-size":"auto","background-attachment":"scroll","background-type":"","background-media":"","overlay-type":"","overlay-color":"","overlay-opacity":"","overlay-gradient":""},"mobile":{"background-color":"","background-image":"","background-repeat":"repeat","background-position":"center center","background-size":"auto","background-attachment":"scroll","background-type":"","background-media":"","overlay-type":"","overlay-color":"","overlay-opacity":"","overlay-gradient":""}},"ast-content-background-meta":{"desktop":{"background-color":"var(--ast-global-color-4)","background-image":"","background-repeat":"repeat","background-position":"center center","background-size":"auto","background-attachment":"scroll","background-type":"","background-media":"","overlay-type":"","overlay-color":"","overlay-opacity":"","overlay-gradient":""},"tablet":{"background-color":"var(--ast-global-color-4)","background-image":"","background-repeat":"repeat","background-position":"center center","background-size":"auto","background-attachment":"scroll","background-type":"","background-media":"","overlay-type":"","overlay-color":"","overlay-opacity":"","overlay-gradient":""},"mobile":{"background-color":"var(--ast-global-color-4)","background-image":"","background-repeat":"repeat","background-position":"center center","background-size":"auto","background-attachment":"scroll","background-type":"","background-media":"","overlay-type":"","overlay-color":"","overlay-opacity":"","overlay-gradient":""}},"_joinchat":[]},"product_brand":[],"product_cat":[83],"product_tag":[],"class_list":{"0":"post-8896","1":"product","2":"type-product","3":"status-publish","4":"has-post-thumbnail","6":"product_cat-rolamentos","7":"desktop-align-left","8":"tablet-align-left","9":"mobile-align-left","11":"first","12":"instock","13":"shipping-taxable","14":"purchasable","15":"product-type-simple"},"acf":{"titulo_ingles":"BEARING (STD) - CONNECTING ROD TK486 ENGINE 130924 13-924 SB3 SUPER2","descricao_ingles":"CONNECTING ROD BEARINGS (STD)\r\nSOLD AS 2 HALVES\r\n\t\t\r\nBRAND: THERMO KING\r\nPART NUMBER: 130924 (13-924)\r\nAPPLICATION: TK486, SB200, SB210, SB230, SB310, SB3, SUPER2, SLX400, A500\r\n\r\n\r\nMINCARONE RUIZ E CIA. LTDA. SINCE 1985 SERVING THE REFRIGERATED TRANSPORT MARKET\r\n\t\t\r\nTHERMO KING DEALER\r\n","titulo_espanhol":"COJINETE DE BIELA STD MOTOR TK486 130924 13-924 SB3 SUPER2","descricao_espanhol":"COJINETES DE BIELA (EST\u00c1NDAR)\r\n2 PARTES\r\n\t\r\nMARCA: THERMO KING\r\nN\u00daMERO DE REPUESTO: 130924 (13-924)\r\nAPLICACI\u00d3N: TK486, SB200, SB210, SB230, SB310, SB3, SUPER2, SLX400, A500\r\n\t\r\n\r\nMINCARONE RUIZ E CIA. LTDA. DESDE 1985 AL SERVICIO DEL MERCADO DEL TRANSPORTE REFRIGERADO\r\n\t\r\nCONCESIONARIO THERMO KING\r\n"},"_links":{"self":[{"href":"https:\/\/mincarone.net\/es\/wp-json\/wp\/v2\/product\/8896","targetHints":{"allow":["GET"]}}],"collection":[{"href":"https:\/\/mincarone.net\/es\/wp-json\/wp\/v2\/product"}],"about":[{"href":"https:\/\/mincarone.net\/es\/wp-json\/wp\/v2\/types\/product"}],"replies":[{"embeddable":true,"href":"https:\/\/mincarone.net\/es\/wp-json\/wp\/v2\/comments?post=8896"}],"wp:featuredmedia":[{"embeddable":true,"href":"https:\/\/mincarone.net\/es\/wp-json\/wp\/v2\/media\/9157"}],"wp:attachment":[{"href":"https:\/\/mincarone.net\/es\/wp-json\/wp\/v2\/media?parent=8896"}],"wp:term":[{"taxonomy":"product_brand","embeddable":true,"href":"https:\/\/mincarone.net\/es\/wp-json\/wp\/v2\/product_brand?post=8896"},{"taxonomy":"product_cat","embeddable":true,"href":"https:\/\/mincarone.net\/es\/wp-json\/wp\/v2\/product_cat?post=8896"},{"taxonomy":"product_tag","embeddable":true,"href":"https:\/\/mincarone.net\/es\/wp-json\/wp\/v2\/product_tag?post=8896"}],"curies":[{"name":"wp","href":"https:\/\/api.w.org\/{rel}","templated":true}]}}