{"id":8930,"date":"2024-05-08T08:55:36","date_gmt":"2024-05-08T11:55:36","guid":{"rendered":"http:\/\/net.mincarone.com.br\/produto\/8930\/"},"modified":"2026-04-07T17:51:19","modified_gmt":"2026-04-07T20:51:19","slug":"coxim-anti-vibra-o-28mm-thermo-king-928215-92-8215-sb210-super2","status":"publish","type":"product","link":"https:\/\/mincarone.net\/es\/producto\/coxim-anti-vibra-o-28mm-thermo-king-928215-92-8215-sb210-super2\/","title":{"rendered":"COJINETE DE MONTAJE - ANTIVIBRACI\u00d3N THERMO KING 928215 92-8215 SB210 SUPER2"},"content":{"rendered":"COJINETE DE MONTAJE ANTIVIBRACI\u00d3N 28MM\r\n\r\nMARCA: THERMO KING\r\nN\u00daMERO DE REPUESTO: 928215 (92-8215) SOL\u00cdA SER 927990 (92-7990)\r\nAPLICACI\u00d3N: SB-210, SUPER-2\r\nTAMA\u00d1O:\r\nORIFICIO - 24MM\r\nANCHO - 65MM\r\nALTURA - 28MM\r\n\r\nMINCARONE RUIZ E CIA. LTDA. DESDE 1985 AL SERVICIO DEL MERCADO DEL TRANSPORTE REFRIGERADO\r\n\t\r\nCONCESIONARIO THERMO KING","protected":false},"excerpt":{"rendered":"<p>COJINETE DE MONTAJE ANTIVIBRACI\u00d3N 28MM MARCA: THERMO KING N\u00daMERO DE REPUESTO: 928215 (92-8215) SOL\u00cdA SER 927990 (92-7990) APLICACI\u00d3N: SB-210, SUPER-2 [&hellip;]<\/p>","protected":false},"featured_media":8990,"comment_status":"closed","ping_status":"closed","template":"","meta":{"_acf_changed":false,"site-sidebar-layout":"default","site-content-layout":"default","ast-site-content-layout":"default","site-content-style":"default","site-sidebar-style":"default","ast-global-header-display":"","ast-banner-title-visibility":"","ast-main-header-display":"","ast-hfb-above-header-display":"","ast-hfb-below-header-display":"","ast-hfb-mobile-header-display":"","site-post-title":"","ast-breadcrumbs-content":"","ast-featured-img":"","footer-sml-layout":"","ast-disable-related-posts":"","theme-transparent-header-meta":"default","adv-header-id-meta":"","stick-header-meta":"default","header-above-stick-meta":"","header-main-stick-meta":"","header-below-stick-meta":"","astra-migrate-meta-layouts":"default","ast-page-background-enabled":"default","ast-page-background-meta":{"desktop":{"background-color":"var(--ast-global-color-5)","background-image":"","background-repeat":"repeat","background-position":"center center","background-size":"auto","background-attachment":"scroll","background-type":"","background-media":"","overlay-type":"","overlay-color":"","overlay-opacity":"","overlay-gradient":""},"tablet":{"background-color":"","background-image":"","background-repeat":"repeat","background-position":"center center","background-size":"auto","background-attachment":"scroll","background-type":"","background-media":"","overlay-type":"","overlay-color":"","overlay-opacity":"","overlay-gradient":""},"mobile":{"background-color":"","background-image":"","background-repeat":"repeat","background-position":"center center","background-size":"auto","background-attachment":"scroll","background-type":"","background-media":"","overlay-type":"","overlay-color":"","overlay-opacity":"","overlay-gradient":""}},"ast-content-background-meta":{"desktop":{"background-color":"var(--ast-global-color-4)","background-image":"","background-repeat":"repeat","background-position":"center center","background-size":"auto","background-attachment":"scroll","background-type":"","background-media":"","overlay-type":"","overlay-color":"","overlay-opacity":"","overlay-gradient":""},"tablet":{"background-color":"var(--ast-global-color-4)","background-image":"","background-repeat":"repeat","background-position":"center center","background-size":"auto","background-attachment":"scroll","background-type":"","background-media":"","overlay-type":"","overlay-color":"","overlay-opacity":"","overlay-gradient":""},"mobile":{"background-color":"var(--ast-global-color-4)","background-image":"","background-repeat":"repeat","background-position":"center center","background-size":"auto","background-attachment":"scroll","background-type":"","background-media":"","overlay-type":"","overlay-color":"","overlay-opacity":"","overlay-gradient":""}},"_joinchat":[]},"product_brand":[],"product_cat":[83],"product_tag":[],"class_list":{"0":"post-8930","1":"product","2":"type-product","3":"status-publish","4":"has-post-thumbnail","6":"product_cat-rolamentos","7":"desktop-align-left","8":"tablet-align-left","9":"mobile-align-left","11":"first","12":"instock","13":"shipping-taxable","14":"purchasable","15":"product-type-simple"},"acf":{"titulo_ingles":"MOUNT BEARING - ANTIVIBRATION THERMO KING 928215 92-8215 SB210 SUPER2","descricao_ingles":"ANTIVIBRATION 28MM MOUNT BEARING\r\n\r\nBRAND: THERMO KING\r\nPART NUMBER: 928215 (92-8215) USED TO BE 927990 (92-7990)\r\nAPPLICATION: SB-210, SUPER-2\r\nSIZE:\t\r\nORIFICE - 24MM\r\nWIDTH - 65MM\r\nHEIGHT - 28MM\r\n\r\nMINCARONE RUIZ E CIA. LTDA. SINCE 1985 SERVING THE REFRIGERATED TRANSPORT MARKET\r\n\t\t\r\nTHERMO KING DEALER\r\n","titulo_espanhol":"COJINETE DE MONTAJE - ANTIVIBRACI\u00d3N THERMO KING 928215 92-8215 SB210 SUPER2","descricao_espanhol":"COJINETE DE MONTAJE ANTIVIBRACI\u00d3N 28MM\r\n\r\nMARCA: THERMO KING\r\nN\u00daMERO DE REPUESTO: 928215 (92-8215) SOL\u00cdA SER 927990 (92-7990)\r\nAPLICACI\u00d3N: SB-210, SUPER-2\r\nTAMA\u00d1O:\r\nORIFICIO - 24MM\r\nANCHO - 65MM\r\nALTURA - 28MM\r\n\r\nMINCARONE RUIZ E CIA. LTDA. DESDE 1985 AL SERVICIO DEL MERCADO DEL TRANSPORTE REFRIGERADO\r\n\t\r\nCONCESIONARIO THERMO KING\r\n"},"_links":{"self":[{"href":"https:\/\/mincarone.net\/es\/wp-json\/wp\/v2\/product\/8930","targetHints":{"allow":["GET"]}}],"collection":[{"href":"https:\/\/mincarone.net\/es\/wp-json\/wp\/v2\/product"}],"about":[{"href":"https:\/\/mincarone.net\/es\/wp-json\/wp\/v2\/types\/product"}],"replies":[{"embeddable":true,"href":"https:\/\/mincarone.net\/es\/wp-json\/wp\/v2\/comments?post=8930"}],"wp:featuredmedia":[{"embeddable":true,"href":"https:\/\/mincarone.net\/es\/wp-json\/wp\/v2\/media\/8990"}],"wp:attachment":[{"href":"https:\/\/mincarone.net\/es\/wp-json\/wp\/v2\/media?parent=8930"}],"wp:term":[{"taxonomy":"product_brand","embeddable":true,"href":"https:\/\/mincarone.net\/es\/wp-json\/wp\/v2\/product_brand?post=8930"},{"taxonomy":"product_cat","embeddable":true,"href":"https:\/\/mincarone.net\/es\/wp-json\/wp\/v2\/product_cat?post=8930"},{"taxonomy":"product_tag","embeddable":true,"href":"https:\/\/mincarone.net\/es\/wp-json\/wp\/v2\/product_tag?post=8930"}],"curies":[{"name":"wp","href":"https:\/\/api.w.org\/{rel}","templated":true}]}}