{"id":10034,"date":"2024-07-09T06:53:03","date_gmt":"2024-07-09T09:53:03","guid":{"rendered":"http:\/\/net.mincarone.com.br\/produto\/10034\/"},"modified":"2026-04-09T17:46:38","modified_gmt":"2026-04-09T20:46:38","slug":"tampa-selo-compressor-x214-thermo-king-220743-22-743-t-600-t-800","status":"publish","type":"product","link":"https:\/\/mincarone.net\/pt\/produto\/tampa-selo-compressor-x214-thermo-king-220743-22-743-t-600-t-800\/","title":{"rendered":"TAMPA SELO COMPRESSOR X214 THERMO KING 220743 22-743 T-600 T-800"},"content":{"rendered":"<div>TAMPA DO SELO DO COMPRESSOR X214<\/div>\n<div><\/div>\n<div>MARCA: THERMO KING<\/div>\n<div>REFER\u00caNCIA: 220743 (22-743)<\/div>\n<div>APLICA\u00c7\u00c3O: BKD, KD-1, KD-2, MD-1, MD-2, MD-100, MD-200, MD-300, T-600, T-680, T-800, T-880<\/div>\n<div><\/div>\n<div>MINCARONE RUIZ E CIA. LTDA. DESDE 1985 ATENDENDO O MERCADO DO TRANSPORTE REFRIGERADO<\/div>\n<div><\/div>\n<div>DISTRIBUIDOR\/DEALER THERMO KING<\/div>","protected":false},"excerpt":{"rendered":"<p>TAMPA DO SELO DO COMPRESSOR X214 MARCA: THERMO KING REFER\u00caNCIA: 220743 (22-743) APLICA\u00c7\u00c3O: BKD, KD-1, KD-2, MD-1, MD-2, MD-100, MD-200, [&hellip;]<\/p>","protected":false},"featured_media":10536,"comment_status":"closed","ping_status":"closed","template":"","meta":{"_acf_changed":false,"site-sidebar-layout":"default","site-content-layout":"","ast-site-content-layout":"default","site-content-style":"default","site-sidebar-style":"default","ast-global-header-display":"","ast-banner-title-visibility":"","ast-main-header-display":"","ast-hfb-above-header-display":"","ast-hfb-below-header-display":"","ast-hfb-mobile-header-display":"","site-post-title":"","ast-breadcrumbs-content":"","ast-featured-img":"","footer-sml-layout":"","ast-disable-related-posts":"","theme-transparent-header-meta":"default","adv-header-id-meta":"","stick-header-meta":"default","header-above-stick-meta":"","header-main-stick-meta":"","header-below-stick-meta":"","astra-migrate-meta-layouts":"set","ast-page-background-enabled":"default","ast-page-background-meta":{"desktop":{"background-color":"var(--ast-global-color-5)","background-image":"","background-repeat":"repeat","background-position":"center center","background-size":"auto","background-attachment":"scroll","background-type":"","background-media":"","overlay-type":"","overlay-color":"","overlay-opacity":"","overlay-gradient":""},"tablet":{"background-color":"","background-image":"","background-repeat":"repeat","background-position":"center center","background-size":"auto","background-attachment":"scroll","background-type":"","background-media":"","overlay-type":"","overlay-color":"","overlay-opacity":"","overlay-gradient":""},"mobile":{"background-color":"","background-image":"","background-repeat":"repeat","background-position":"center center","background-size":"auto","background-attachment":"scroll","background-type":"","background-media":"","overlay-type":"","overlay-color":"","overlay-opacity":"","overlay-gradient":""}},"ast-content-background-meta":{"desktop":{"background-color":"var(--ast-global-color-4)","background-image":"","background-repeat":"repeat","background-position":"center center","background-size":"auto","background-attachment":"scroll","background-type":"","background-media":"","overlay-type":"","overlay-color":"","overlay-opacity":"","overlay-gradient":""},"tablet":{"background-color":"var(--ast-global-color-4)","background-image":"","background-repeat":"repeat","background-position":"center center","background-size":"auto","background-attachment":"scroll","background-type":"","background-media":"","overlay-type":"","overlay-color":"","overlay-opacity":"","overlay-gradient":""},"mobile":{"background-color":"var(--ast-global-color-4)","background-image":"","background-repeat":"repeat","background-position":"center center","background-size":"auto","background-attachment":"scroll","background-type":"","background-media":"","overlay-type":"","overlay-color":"","overlay-opacity":"","overlay-gradient":""}},"_joinchat":[]},"product_brand":[],"product_cat":[66],"product_tag":[],"class_list":{"0":"post-10034","1":"product","2":"type-product","3":"status-publish","4":"has-post-thumbnail","6":"product_cat-itens-compressor","7":"desktop-align-left","8":"tablet-align-left","9":"mobile-align-left","11":"first","12":"outofstock","13":"shipping-taxable","14":"purchasable","15":"product-type-simple"},"acf":{"titulo_ingles":"PLATE - COMPRESSOR X214 THERMO KING 220743 22-743 T-600 T-800","descricao_ingles":"X214 COMPRESSOR PLATE\r\n\r\nBRAND: THERMO KING\r\nPART NUMBER: 220743 (22-743)\r\nAPPLICATION: BKD, KD-1, KD-2, MD-1, MD-2, MD-100, MD-200, MD-300, T-600, T-680, T-800, T-880\r\n\r\nMINCARONE RUIZ E CIA. LTDA. SINCE 1985 SERVING THE REFRIGERATED TRANSPORT MARKET\r\n\t\t\r\nTHERMO KING DEALER\r\n","titulo_espanhol":"TAPA DEL SELLO DEL COMPRESOR X214 THERMO KING 220743 22-743 T-600 T-800","descricao_espanhol":"TAPA SELLO DEL COMPRESOR X214\r\n\r\nMARCA: THERMO KING\r\nN\u00daMERO DE REPUESTO: 220743 (22-743)\r\nAPLICACI\u00d3N: BKD, KD-1, KD-2, MD-1, MD-2, MD-100, MD-200, MD-300, T-600, T-680, T-800, T-880\r\n\r\nMINCARONE RUIZ E CIA. LTDA. DESDE 1985 AL SERVICIO DEL MERCADO DEL TRANSPORTE REFRIGERADO\r\n\t\r\nCONCESIONARIO THERMO KING\r\n"},"_links":{"self":[{"href":"https:\/\/mincarone.net\/pt\/wp-json\/wp\/v2\/product\/10034","targetHints":{"allow":["GET"]}}],"collection":[{"href":"https:\/\/mincarone.net\/pt\/wp-json\/wp\/v2\/product"}],"about":[{"href":"https:\/\/mincarone.net\/pt\/wp-json\/wp\/v2\/types\/product"}],"replies":[{"embeddable":true,"href":"https:\/\/mincarone.net\/pt\/wp-json\/wp\/v2\/comments?post=10034"}],"wp:featuredmedia":[{"embeddable":true,"href":"https:\/\/mincarone.net\/pt\/wp-json\/wp\/v2\/media\/10536"}],"wp:attachment":[{"href":"https:\/\/mincarone.net\/pt\/wp-json\/wp\/v2\/media?parent=10034"}],"wp:term":[{"taxonomy":"product_brand","embeddable":true,"href":"https:\/\/mincarone.net\/pt\/wp-json\/wp\/v2\/product_brand?post=10034"},{"taxonomy":"product_cat","embeddable":true,"href":"https:\/\/mincarone.net\/pt\/wp-json\/wp\/v2\/product_cat?post=10034"},{"taxonomy":"product_tag","embeddable":true,"href":"https:\/\/mincarone.net\/pt\/wp-json\/wp\/v2\/product_tag?post=10034"}],"curies":[{"name":"wp","href":"https:\/\/api.w.org\/{rel}","templated":true}]}}