{"id":1100,"date":"2023-10-10T14:42:57","date_gmt":"2023-10-10T17:42:57","guid":{"rendered":"http:\/\/net.mincarone.com.br\/produto\/bobina-valvula-solenoide-24v-thermo-king-v500-v600-042n8679\/"},"modified":"2026-04-10T17:45:54","modified_gmt":"2026-04-10T20:45:54","slug":"bobina-v-lvula-solenoide-24v-thermo-king-v500-v600-042n8679-420582-42-582","status":"publish","type":"product","link":"https:\/\/mincarone.net\/pt\/produto\/bobina-v-lvula-solenoide-24v-thermo-king-v500-v600-042n8679-420582-42-582\/","title":{"rendered":"BOBINA V\u00c1LVULA SOLENOIDE 24V THERMO KING V500 V600 042N8679 420582 42-582"},"content":{"rendered":"<p>BOBINA V\u00c1LVULA SOLENOIDE | THERMO KING ORIGINAL<\/p>\n<p>MARCA: THERMO KING<br \/>\nREFERENCIA THERMO KING: 420582 45-582<br \/>\nREFERENCIA OEM  2E05065G02<br \/>\nREFERENCIA DANFOSS : 042N8679<br \/>\nTENS\u00c3O: 24 VOLTS<br \/>\nCONECTOR : MACHO<br \/>\nCONSUMO : 14W<br \/>\nREFERENCIA BASE V\u00c1LVULA SOLENOIDE: 616110 E 616116<br \/>\nAPLICA\u00c7\u00c3O DA BOBINA V\u00c1LVULA SOLENOIDE DO JET COOL E DA SERPENTIAN DEGELO NOS MODELOS V300 V500 V600 V700 V800 DSR III . MODELOS MODERNOS.<\/p>\n<p>PARA BOBINA 24 VOLTS OU BASE V\u00c1LVULA CONSULTE NOSSA EQUIPE DE VENDEDORES.<br \/>\nALGUNS MODELOS ANTIGOS A V\u00c1LVULA MUDA E SOLENOIDE TAMBEM.<\/p>\n<p>MINCARONE, RUIZ E CIA. LTDA. DESDE 1985 ATENDENDO O MERCADO DO TRANSPORTE REFRIGERADO.<br \/>\nDISTRIBUIDOR DEALER THERMO KING.<\/p>","protected":false},"excerpt":{"rendered":"<p>BOBINA V\u00c1LVULA SOLENOIDE | THERMO KING ORIGINAL MARCA: THERMO KING REFERENCIA THERMO KING: 420582 45-582 REFERENCIA OEM 2E05065G02 REFERENCIA DANFOSS [&hellip;]<\/p>","protected":false},"featured_media":1467,"comment_status":"closed","ping_status":"closed","template":"","meta":{"_acf_changed":false,"site-sidebar-layout":"default","site-content-layout":"default","ast-site-content-layout":"default","site-content-style":"default","site-sidebar-style":"default","ast-global-header-display":"","ast-banner-title-visibility":"","ast-main-header-display":"","ast-hfb-above-header-display":"","ast-hfb-below-header-display":"","ast-hfb-mobile-header-display":"","site-post-title":"","ast-breadcrumbs-content":"","ast-featured-img":"","footer-sml-layout":"","ast-disable-related-posts":"","theme-transparent-header-meta":"default","adv-header-id-meta":"","stick-header-meta":"default","header-above-stick-meta":"","header-main-stick-meta":"","header-below-stick-meta":"","astra-migrate-meta-layouts":"set","ast-page-background-enabled":"default","ast-page-background-meta":{"desktop":{"background-color":"var(--ast-global-color-5)","background-image":"","background-repeat":"repeat","background-position":"center center","background-size":"auto","background-attachment":"scroll","background-type":"","background-media":"","overlay-type":"","overlay-color":"","overlay-opacity":"","overlay-gradient":""},"tablet":{"background-color":"","background-image":"","background-repeat":"repeat","background-position":"center center","background-size":"auto","background-attachment":"scroll","background-type":"","background-media":"","overlay-type":"","overlay-color":"","overlay-opacity":"","overlay-gradient":""},"mobile":{"background-color":"","background-image":"","background-repeat":"repeat","background-position":"center center","background-size":"auto","background-attachment":"scroll","background-type":"","background-media":"","overlay-type":"","overlay-color":"","overlay-opacity":"","overlay-gradient":""}},"ast-content-background-meta":{"desktop":{"background-color":"var(--ast-global-color-4)","background-image":"","background-repeat":"repeat","background-position":"center center","background-size":"auto","background-attachment":"scroll","background-type":"","background-media":"","overlay-type":"","overlay-color":"","overlay-opacity":"","overlay-gradient":""},"tablet":{"background-color":"var(--ast-global-color-4)","background-image":"","background-repeat":"repeat","background-position":"center center","background-size":"auto","background-attachment":"scroll","background-type":"","background-media":"","overlay-type":"","overlay-color":"","overlay-opacity":"","overlay-gradient":""},"mobile":{"background-color":"var(--ast-global-color-4)","background-image":"","background-repeat":"repeat","background-position":"center center","background-size":"auto","background-attachment":"scroll","background-type":"","background-media":"","overlay-type":"","overlay-color":"","overlay-opacity":"","overlay-gradient":""}},"_joinchat":[]},"product_brand":[],"product_cat":[64],"product_tag":[],"class_list":{"0":"post-1100","1":"product","2":"type-product","3":"status-publish","4":"has-post-thumbnail","6":"product_cat-solenoide","7":"desktop-align-left","8":"tablet-align-left","9":"mobile-align-left","11":"first","12":"instock","13":"shipping-taxable","14":"purchasable","15":"product-type-simple"},"acf":{"titulo_ingles":"SOLENOID VALVE 24V COIL THERMO KING 420582 42-582 V500 V600","descricao_ingles":"SOLENOID VALVE COIL\t\r\n\r\nBRAND: THERMO KING\r\nPART NUMBER: 420582 45-582 \r\nOEM: 2E05065G02\t\r\nDANFOSS PART NUMBER: 042N8679\r\nTENSION: 24 VOLTS\t\r\nCONNECTOR: MALE \t\r\nCONSUMPTION : 14W\r\nSOLENOID VALVE BASE PART NUMBER: 616110 61-6110 AND 616116 61-6116\r\nAPPLICATION OF THE JET COOL AND DEFROST SERPENTINA SOLENOID VALVE COIL ON V300 V500 V600 V700 V800 DSR III MODELS. MODERN MODELS.\r\nSOME OLD MODELS HAVE A DIFFERENT VALVE AND A DIFFERENT SOLENOID\r\n\t\t\t\r\nMINCARONE RUIZ E CIA. LTDA. SINCE 1985 SERVING THE REFRIGERATED TRANSPORT MARKET\r\n\t\t\r\nTHERMO KING DEALER\r\n","titulo_espanhol":"BOBINA 24  ELECTROVALVULA SOLENOIDE THERMO KING 420582 42-582 V500 V600","descricao_espanhol":"BOBINA DE V\u00c1LVULA SOLENOIDE\r\n\r\nMARCA: THERMO KING\r\nN\u00daMERO DE REPUESTO: 420582 45-582\r\nOEM: 2E05065G02\r\nN\u00daMERO DE REPUESTO DANFOSS: 042N8679\r\nTENSI\u00d3N: 24 VOLTIOS\r\nCONECTOR: MACHO\r\nCONSUMO : 14W\r\nN\u00daMERO DE REPUESTO DE LA BASE DE LA V\u00c1LVULA SOLENOIDE: 616110 61-6110 Y 616116 61-6116\r\nAPLICACI\u00d3N DE LA BOBINA DE LA ELECTROV\u00c1LVULA SERPENTINA JET COOL Y DEFROST EN LOS MODELOS V300 V500 V600 V700 V800 DSR III. MODELOS MODERNOS.\r\nALGUNOS MODELOS ANTIGUOS TIENEN UNA V\u00c1LVULA DIFERENTE Y UN SOLENOIDE DIFERENTE\t\r\n\r\nMINCARONE RUIZ E CIA. LTDA. DESDE 1985 AL SERVICIO DEL MERCADO DEL TRANSPORTE REFRIGERADO\r\n\t\r\nCONCESIONARIO THERMO KING\r\n"},"_links":{"self":[{"href":"https:\/\/mincarone.net\/pt\/wp-json\/wp\/v2\/product\/1100","targetHints":{"allow":["GET"]}}],"collection":[{"href":"https:\/\/mincarone.net\/pt\/wp-json\/wp\/v2\/product"}],"about":[{"href":"https:\/\/mincarone.net\/pt\/wp-json\/wp\/v2\/types\/product"}],"replies":[{"embeddable":true,"href":"https:\/\/mincarone.net\/pt\/wp-json\/wp\/v2\/comments?post=1100"}],"wp:featuredmedia":[{"embeddable":true,"href":"https:\/\/mincarone.net\/pt\/wp-json\/wp\/v2\/media\/1467"}],"wp:attachment":[{"href":"https:\/\/mincarone.net\/pt\/wp-json\/wp\/v2\/media?parent=1100"}],"wp:term":[{"taxonomy":"product_brand","embeddable":true,"href":"https:\/\/mincarone.net\/pt\/wp-json\/wp\/v2\/product_brand?post=1100"},{"taxonomy":"product_cat","embeddable":true,"href":"https:\/\/mincarone.net\/pt\/wp-json\/wp\/v2\/product_cat?post=1100"},{"taxonomy":"product_tag","embeddable":true,"href":"https:\/\/mincarone.net\/pt\/wp-json\/wp\/v2\/product_tag?post=1100"}],"curies":[{"name":"wp","href":"https:\/\/api.w.org\/{rel}","templated":true}]}}