{"id":1115,"date":"2023-10-10T14:42:58","date_gmt":"2023-10-10T17:42:58","guid":{"rendered":"http:\/\/net.mincarone.com.br\/produto\/compressor-thermo-king-v500-v300-2a-24v-modelo-16xd-r404a\/"},"modified":"2026-04-08T17:58:47","modified_gmt":"2026-04-08T20:58:47","slug":"compressor-thermo-king-v500-v300-2a-24v-modelo-16xd-r404a","status":"publish","type":"product","link":"https:\/\/mincarone.net\/pt\/produto\/compressor-thermo-king-v500-v300-2a-24v-modelo-16xd-r404a\/","title":{"rendered":"COMPRESSOR THERMO KING V500 V300 2A 24V MODELO 16XD R404A"},"content":{"rendered":"<p>COMPRESSOR THERMO KING 16XD 24V POLIA 2A <\/p>\n<p>MARCA: THERMO KING<br \/>\nTIPO: TM16 XD<br \/>\nMODELO: 24 VOLTS<br \/>\nCANAIS DE POLIA: 2A<br \/>\nDI\u00c2METRO DA POLIA: 125MM<br \/>\nTIPO DE REFRIGERANTE: R404A<br \/>\nFIXA\u00c7\u00c3O: 8 ORELHAS<br \/>\nAPLICA\u00c7\u00c3O : V300 V500 V600 V400 V250 E DEMAIS EQUIPAMENTOS ACOPLADOS<\/p>\n<p>O COMPRESSOR THERMO KING TAMBEM \u00c9 APLICADO EM AR CONDICIONADO DE VE\u00cdCULOS, TRANSPORTE DE PASSAGEIROS, VE\u00cdCULOS REFRIGERADOS, EQUIPAMENTOS DE REFRIGERA\u00c7\u00c3O EM BA\u00da FRIGOR\u00cdFICO, MICRO \u00d4NIBUS , CABINE DE CAMINH\u00d5ES, DE TRATORES, VANS, M\u00c1QUINAS FORA DE ESTRADA, ENTRE OUTROS.<\/p>\n<p>CASO QUEIRA ADAPTAR EM CARROS OU OUTRO TIPO DE VE\u00cdCULO, CONSULTE UM MEC\u00c2NICO PARA AUXILIAR.<\/p>","protected":false},"excerpt":{"rendered":"<p>COMPRESSOR THERMO KING 16XD 24V POLIA 2A MARCA: THERMO KING TIPO: TM16 XD MODELO: 24 VOLTS CANAIS DE POLIA: 2A [&hellip;]<\/p>","protected":false},"featured_media":1562,"comment_status":"closed","ping_status":"closed","template":"","meta":{"_acf_changed":false,"site-sidebar-layout":"default","site-content-layout":"default","ast-site-content-layout":"default","site-content-style":"default","site-sidebar-style":"default","ast-global-header-display":"","ast-banner-title-visibility":"","ast-main-header-display":"","ast-hfb-above-header-display":"","ast-hfb-below-header-display":"","ast-hfb-mobile-header-display":"","site-post-title":"","ast-breadcrumbs-content":"","ast-featured-img":"","footer-sml-layout":"","ast-disable-related-posts":"","theme-transparent-header-meta":"default","adv-header-id-meta":"","stick-header-meta":"default","header-above-stick-meta":"","header-main-stick-meta":"","header-below-stick-meta":"","astra-migrate-meta-layouts":"set","ast-page-background-enabled":"default","ast-page-background-meta":{"desktop":{"background-color":"var(--ast-global-color-5)","background-image":"","background-repeat":"repeat","background-position":"center center","background-size":"auto","background-attachment":"scroll","background-type":"","background-media":"","overlay-type":"","overlay-color":"","overlay-opacity":"","overlay-gradient":""},"tablet":{"background-color":"","background-image":"","background-repeat":"repeat","background-position":"center center","background-size":"auto","background-attachment":"scroll","background-type":"","background-media":"","overlay-type":"","overlay-color":"","overlay-opacity":"","overlay-gradient":""},"mobile":{"background-color":"","background-image":"","background-repeat":"repeat","background-position":"center center","background-size":"auto","background-attachment":"scroll","background-type":"","background-media":"","overlay-type":"","overlay-color":"","overlay-opacity":"","overlay-gradient":""}},"ast-content-background-meta":{"desktop":{"background-color":"var(--ast-global-color-4)","background-image":"","background-repeat":"repeat","background-position":"center center","background-size":"auto","background-attachment":"scroll","background-type":"","background-media":"","overlay-type":"","overlay-color":"","overlay-opacity":"","overlay-gradient":""},"tablet":{"background-color":"var(--ast-global-color-4)","background-image":"","background-repeat":"repeat","background-position":"center center","background-size":"auto","background-attachment":"scroll","background-type":"","background-media":"","overlay-type":"","overlay-color":"","overlay-opacity":"","overlay-gradient":""},"mobile":{"background-color":"var(--ast-global-color-4)","background-image":"","background-repeat":"repeat","background-position":"center center","background-size":"auto","background-attachment":"scroll","background-type":"","background-media":"","overlay-type":"","overlay-color":"","overlay-opacity":"","overlay-gradient":""}},"_joinchat":[]},"product_brand":[],"product_cat":[20],"product_tag":[],"class_list":{"0":"post-1115","1":"product","2":"type-product","3":"status-publish","4":"has-post-thumbnail","6":"product_cat-compressores","7":"desktop-align-left","8":"tablet-align-left","9":"mobile-align-left","11":"first","12":"instock","13":"shipping-taxable","14":"purchasable","15":"product-type-simple"},"acf":{"titulo_ingles":"COMPRESSOR 16XD R404A 2A 24V 1021013 102-1013 THERMO KING V300 V500","descricao_ingles":"THERMO KING COMPRESSOR 16XD 24V POLIA 2A \r\n\t\r\nBRAND: THERMO KING\r\nTYPE: TM16 XD\t\t\r\nMODEL: 24 VOLTS\r\nPULLEY CHANNELS: 2A\r\nPULLEY DIAMETER: 125MM\r\nREFRIGERANT TYPE: R404A\r\nFIXATION: 8 SCREWS\r\nAPLICATTION: V300 V500 V600 V400 V250 AND OTHER ATTACHED EQUIPMENTS\r\n\r\nMINCARONE RUIZ E CIA. LTDA. SINCE 1985 SERVING THE REFRIGERATED TRANSPORT MARKET\r\n\t\t\r\nTHERMO KING DEALER\r\n","titulo_espanhol":"COMPRESSOR 16XD R404A 2A 24V 1021013 102-1013 THERMO KING V300 V500","descricao_espanhol":"COMPRESOR THERMO KING 16XD 24V POLIA 2A\r\n\t\r\nMARCA: THERMO KING\r\nTIPO: TM16 XD\r\nMODELO: 24 VOLTIOS\r\nCANALES DE POLEA: 2A\r\nDI\u00c1METRO POLEA: 125MM\r\nTIPO DE REFRIGERANTE: R404A\r\nFIJACI\u00d3N: 8 TORNILLOS\r\nAPLICACI\u00d3N: V300 V500 V600 V400 V250 Y OTROS EQUIPOS ADJUNTOS\r\n\r\n\r\nMINCARONE RUIZ E CIA. LTDA. DESDE 1985 AL SERVICIO DEL MERCADO DEL TRANSPORTE REFRIGERADO\r\n\t\r\nCONCESIONARIO THERMO KING\r\n"},"_links":{"self":[{"href":"https:\/\/mincarone.net\/pt\/wp-json\/wp\/v2\/product\/1115","targetHints":{"allow":["GET"]}}],"collection":[{"href":"https:\/\/mincarone.net\/pt\/wp-json\/wp\/v2\/product"}],"about":[{"href":"https:\/\/mincarone.net\/pt\/wp-json\/wp\/v2\/types\/product"}],"replies":[{"embeddable":true,"href":"https:\/\/mincarone.net\/pt\/wp-json\/wp\/v2\/comments?post=1115"}],"wp:featuredmedia":[{"embeddable":true,"href":"https:\/\/mincarone.net\/pt\/wp-json\/wp\/v2\/media\/1562"}],"wp:attachment":[{"href":"https:\/\/mincarone.net\/pt\/wp-json\/wp\/v2\/media?parent=1115"}],"wp:term":[{"taxonomy":"product_brand","embeddable":true,"href":"https:\/\/mincarone.net\/pt\/wp-json\/wp\/v2\/product_brand?post=1115"},{"taxonomy":"product_cat","embeddable":true,"href":"https:\/\/mincarone.net\/pt\/wp-json\/wp\/v2\/product_cat?post=1115"},{"taxonomy":"product_tag","embeddable":true,"href":"https:\/\/mincarone.net\/pt\/wp-json\/wp\/v2\/product_tag?post=1115"}],"curies":[{"name":"wp","href":"https:\/\/api.w.org\/{rel}","templated":true}]}}