{"id":11173,"date":"2024-08-08T11:32:20","date_gmt":"2024-08-08T14:32:20","guid":{"rendered":"http:\/\/net.mincarone.com.br\/produto\/pressostato-baixa-pressao-articulado-thermo-king-lrt-street\/"},"modified":"2026-04-07T09:35:03","modified_gmt":"2026-04-07T12:35:03","slug":"pressostato-baixa-press-o-thermo-king-414209-41-4209-lrt-street","status":"publish","type":"product","link":"https:\/\/mincarone.net\/pt\/produto\/pressostato-baixa-press-o-thermo-king-414209-41-4209-lrt-street\/","title":{"rendered":"PRESSOSTATO BAIXA PRESS\u00c3O THERMO KING 414209 41-4209 LRT STREET"},"content":{"rendered":"<p>PRESSOSTATO DE BAIXA PRESS\u00c3O<\/p>\n<p>MODELO UNIVERSAL R407A<br \/>\nROSCA: FEMEA<br \/>\nREFER\u00caNCIA THERMO KING: 414209 (41-4209)<br \/>\nREFER\u00caNCIA OEM: 1187A13G21<br \/>\nPOTENCIA: 10-30PSIG 20PS120-19 172R1121<br \/>\nAPLICADO EM AR CONDICIONADO THERMO KING MODELO LRT STREET ARTICULADO COM R407A COM COMPRESSOR S616 PARAFUSO<\/p>\n<p>MINCARONE RUIZ E CIA. LTDA. DESDE 1985 ATENDENDO O MERCADO DO TRANSPORTE REFRIGERADO<\/p>\n<p>DISTRIBUIDOR\/DEALER THERMO KING<\/p>","protected":false},"excerpt":{"rendered":"<p>PRESSOSTATO DE BAIXA PRESS\u00c3O MODELO UNIVERSAL R407A ROSCA: FEMEA REFER\u00caNCIA THERMO KING: 414209 (41-4209) REFER\u00caNCIA OEM: 1187A13G21 POTENCIA: 10-30PSIG 20PS120-19 [&hellip;]<\/p>","protected":false},"featured_media":11441,"comment_status":"closed","ping_status":"closed","template":"","meta":{"_acf_changed":false,"site-sidebar-layout":"default","site-content-layout":"","ast-site-content-layout":"default","site-content-style":"default","site-sidebar-style":"default","ast-global-header-display":"","ast-banner-title-visibility":"","ast-main-header-display":"","ast-hfb-above-header-display":"","ast-hfb-below-header-display":"","ast-hfb-mobile-header-display":"","site-post-title":"","ast-breadcrumbs-content":"","ast-featured-img":"","footer-sml-layout":"","ast-disable-related-posts":"","theme-transparent-header-meta":"default","adv-header-id-meta":"","stick-header-meta":"default","header-above-stick-meta":"","header-main-stick-meta":"","header-below-stick-meta":"","astra-migrate-meta-layouts":"set","ast-page-background-enabled":"default","ast-page-background-meta":{"desktop":{"background-color":"var(--ast-global-color-5)","background-image":"","background-repeat":"repeat","background-position":"center center","background-size":"auto","background-attachment":"scroll","background-type":"","background-media":"","overlay-type":"","overlay-color":"","overlay-opacity":"","overlay-gradient":""},"tablet":{"background-color":"","background-image":"","background-repeat":"repeat","background-position":"center center","background-size":"auto","background-attachment":"scroll","background-type":"","background-media":"","overlay-type":"","overlay-color":"","overlay-opacity":"","overlay-gradient":""},"mobile":{"background-color":"","background-image":"","background-repeat":"repeat","background-position":"center center","background-size":"auto","background-attachment":"scroll","background-type":"","background-media":"","overlay-type":"","overlay-color":"","overlay-opacity":"","overlay-gradient":""}},"ast-content-background-meta":{"desktop":{"background-color":"var(--ast-global-color-4)","background-image":"","background-repeat":"repeat","background-position":"center center","background-size":"auto","background-attachment":"scroll","background-type":"","background-media":"","overlay-type":"","overlay-color":"","overlay-opacity":"","overlay-gradient":""},"tablet":{"background-color":"var(--ast-global-color-4)","background-image":"","background-repeat":"repeat","background-position":"center center","background-size":"auto","background-attachment":"scroll","background-type":"","background-media":"","overlay-type":"","overlay-color":"","overlay-opacity":"","overlay-gradient":""},"mobile":{"background-color":"var(--ast-global-color-4)","background-image":"","background-repeat":"repeat","background-position":"center center","background-size":"auto","background-attachment":"scroll","background-type":"","background-media":"","overlay-type":"","overlay-color":"","overlay-opacity":"","overlay-gradient":""}},"_joinchat":[]},"product_brand":[],"product_cat":[74],"product_tag":[],"class_list":{"0":"post-11173","1":"product","2":"type-product","3":"status-publish","4":"has-post-thumbnail","6":"product_cat-interruptores","7":"desktop-align-left","8":"tablet-align-left","9":"mobile-align-left","11":"first","12":"instock","13":"shipping-taxable","14":"purchasable","15":"product-type-simple"},"acf":{"titulo_ingles":"SWITCH - LOW PRESSURE CUTOUT THERMO KING 414209 41-4209 LRT STREET","descricao_ingles":"LOW PRESSURE SWITCH R407A\r\n\r\nBRAND: THERMO KING\r\nPART NUMBER: 414209 (41-4209)\t\r\nOEM: 1187A13G21\r\nTHREAD: FEMALE\r\n10-30PSIG 20PS120-19 172R1121\r\nAPPLICATION: LRT STREET (ARTICULATED) WITH S616 SCREW COMPRESSOR\r\n\t\r\n\r\nMINCARONE RUIZ E CIA. LTDA. SINCE 1985 SERVING THE REFRIGERATED TRANSPORT MARKET\r\n\t\t\r\nTHERMO KING DEALER","titulo_espanhol":"INTERRUPTOR DE CORTE POR BAJA PRESI\u00d3N THERMO KING 414209 41-4209 LRT STREET","descricao_espanhol":"PRESOSTATO DE BAJA PRESI\u00d3N R407A\r\n\r\nMARCA: THERMO KING\r\nN\u00daMERO DE REPUESTO: 414209 (41-4209)\r\nOEM: 1187A13G21\r\nROSCA: HEMBRA\r\n10-30PSIG 20PS120-19 172R1121\r\nAPLICACI\u00d3N: LRT STREET (ARTICULADA) CON COMPRESOR DE TORNILLO S616\r\n\r\n\r\nMINCARONE RUIZ E CIA. LTDA. DESDE 1985 AL SERVICIO DEL MERCADO DEL TRANSPORTE REFRIGERADO\r\n\t\r\nCONCESIONARIO THERMO KING"},"_links":{"self":[{"href":"https:\/\/mincarone.net\/pt\/wp-json\/wp\/v2\/product\/11173","targetHints":{"allow":["GET"]}}],"collection":[{"href":"https:\/\/mincarone.net\/pt\/wp-json\/wp\/v2\/product"}],"about":[{"href":"https:\/\/mincarone.net\/pt\/wp-json\/wp\/v2\/types\/product"}],"replies":[{"embeddable":true,"href":"https:\/\/mincarone.net\/pt\/wp-json\/wp\/v2\/comments?post=11173"}],"wp:featuredmedia":[{"embeddable":true,"href":"https:\/\/mincarone.net\/pt\/wp-json\/wp\/v2\/media\/11441"}],"wp:attachment":[{"href":"https:\/\/mincarone.net\/pt\/wp-json\/wp\/v2\/media?parent=11173"}],"wp:term":[{"taxonomy":"product_brand","embeddable":true,"href":"https:\/\/mincarone.net\/pt\/wp-json\/wp\/v2\/product_brand?post=11173"},{"taxonomy":"product_cat","embeddable":true,"href":"https:\/\/mincarone.net\/pt\/wp-json\/wp\/v2\/product_cat?post=11173"},{"taxonomy":"product_tag","embeddable":true,"href":"https:\/\/mincarone.net\/pt\/wp-json\/wp\/v2\/product_tag?post=11173"}],"curies":[{"name":"wp","href":"https:\/\/api.w.org\/{rel}","templated":true}]}}