{"id":11203,"date":"2024-08-08T11:32:33","date_gmt":"2024-08-08T14:32:33","guid":{"rendered":"http:\/\/net.mincarone.com.br\/produto\/11203\/"},"modified":"2026-04-09T17:46:45","modified_gmt":"2026-04-09T20:46:45","slug":"parafuso-hh-m10-x1-25-szn-thermo-king-556761-55-6761-sb-iii-super-ii","status":"publish","type":"product","link":"https:\/\/mincarone.net\/pt\/produto\/parafuso-hh-m10-x1-25-szn-thermo-king-556761-55-6761-sb-iii-super-ii\/","title":{"rendered":"PARAFUSO HH M10 X1,25 SZN THERMO KING 556761 55-6761 SB-III SUPER-II"},"content":{"rendered":"<p>PARAFUSO HH M10 X1,25 SZN DA POLIA<\/p>\n<p>MARCA: THERMO KING<br \/>\nREFER\u00caNCIA: 556761 (55-6761)<br \/>\nAPLICA\u00c7\u00c3O: SB-III, Super-II, Sentry, RT-II, SB-190<\/p>\n<p>MINCARONE RUIZ E CIA. LTDA. DESDE 1985 ATENDENDO O MERCADO DO TRANSPORTE REFRIGERADO<\/p>\n<p>DISTRIBUIDOR\/DEALER THERMO KING<\/p>","protected":false},"excerpt":{"rendered":"<p>PARAFUSO HH M10 X1,25 SZN DA POLIA MARCA: THERMO KING REFER\u00caNCIA: 556761 (55-6761) APLICA\u00c7\u00c3O: SB-III, Super-II, Sentry, RT-II, SB-190 MINCARONE [&hellip;]<\/p>","protected":false},"featured_media":13870,"comment_status":"closed","ping_status":"closed","template":"","meta":{"_acf_changed":false,"site-sidebar-layout":"default","site-content-layout":"","ast-site-content-layout":"default","site-content-style":"default","site-sidebar-style":"default","ast-global-header-display":"","ast-banner-title-visibility":"","ast-main-header-display":"","ast-hfb-above-header-display":"","ast-hfb-below-header-display":"","ast-hfb-mobile-header-display":"","site-post-title":"","ast-breadcrumbs-content":"","ast-featured-img":"","footer-sml-layout":"","ast-disable-related-posts":"","theme-transparent-header-meta":"default","adv-header-id-meta":"","stick-header-meta":"default","header-above-stick-meta":"","header-main-stick-meta":"","header-below-stick-meta":"","astra-migrate-meta-layouts":"set","ast-page-background-enabled":"default","ast-page-background-meta":{"desktop":{"background-color":"var(--ast-global-color-5)","background-image":"","background-repeat":"repeat","background-position":"center center","background-size":"auto","background-attachment":"scroll","background-type":"","background-media":"","overlay-type":"","overlay-color":"","overlay-opacity":"","overlay-gradient":""},"tablet":{"background-color":"","background-image":"","background-repeat":"repeat","background-position":"center center","background-size":"auto","background-attachment":"scroll","background-type":"","background-media":"","overlay-type":"","overlay-color":"","overlay-opacity":"","overlay-gradient":""},"mobile":{"background-color":"","background-image":"","background-repeat":"repeat","background-position":"center center","background-size":"auto","background-attachment":"scroll","background-type":"","background-media":"","overlay-type":"","overlay-color":"","overlay-opacity":"","overlay-gradient":""}},"ast-content-background-meta":{"desktop":{"background-color":"var(--ast-global-color-4)","background-image":"","background-repeat":"repeat","background-position":"center center","background-size":"auto","background-attachment":"scroll","background-type":"","background-media":"","overlay-type":"","overlay-color":"","overlay-opacity":"","overlay-gradient":""},"tablet":{"background-color":"var(--ast-global-color-4)","background-image":"","background-repeat":"repeat","background-position":"center center","background-size":"auto","background-attachment":"scroll","background-type":"","background-media":"","overlay-type":"","overlay-color":"","overlay-opacity":"","overlay-gradient":""},"mobile":{"background-color":"var(--ast-global-color-4)","background-image":"","background-repeat":"repeat","background-position":"center center","background-size":"auto","background-attachment":"scroll","background-type":"","background-media":"","overlay-type":"","overlay-color":"","overlay-opacity":"","overlay-gradient":""}},"_joinchat":[]},"product_brand":[],"product_cat":[15],"product_tag":[],"class_list":{"0":"post-11203","1":"product","2":"type-product","3":"status-publish","4":"has-post-thumbnail","6":"product_cat-sem-categoria","7":"desktop-align-left","8":"tablet-align-left","9":"mobile-align-left","11":"first","12":"instock","13":"shipping-taxable","14":"purchasable","15":"product-type-simple"},"acf":{"titulo_ingles":"SCREW HH M10 X1,25 SZN THERMO KING 556761 55-6761 SB-III SUPER-II","descricao_ingles":"PULLEY SCREW (HH M10 X1,25 SZN)\r\n\r\nBRAND: THERMO KING\r\nPART NUMBER: 556761 (55-6761)\r\nAPPLICATION: SB-III, Super-II, Sentry, RT-II, SB-190\r\n\r\n\r\nMINCARONE RUIZ E CIA. LTDA. SINCE 1985 SERVING THE REFRIGERATED TRANSPORT MARKET\r\n\t\t\r\nTHERMO KING DEALER\r\n","titulo_espanhol":"TORNILLO HH M10 X1,25 SZN THERMO KING 556761 55-6761 SB-III SUPER-II","descricao_espanhol":"TORNILLO DE POLEA (HH M10 X1,25 SZN)\r\n\r\nMARCA: THERMO KING\r\nN\u00daMERO DE REPUESTO: 556761 (55-6761)\r\nAPLICACI\u00d3N: SB-III, Super-II, Sentry, RT-II, SB-190\r\n\r\n\r\nMINCARONE RUIZ E CIA. LTDA. DESDE 1985 AL SERVICIO DEL MERCADO DEL TRANSPORTE REFRIGERADO\r\n\t\r\nCONCESIONARIO THERMO KING\r\n"},"_links":{"self":[{"href":"https:\/\/mincarone.net\/pt\/wp-json\/wp\/v2\/product\/11203","targetHints":{"allow":["GET"]}}],"collection":[{"href":"https:\/\/mincarone.net\/pt\/wp-json\/wp\/v2\/product"}],"about":[{"href":"https:\/\/mincarone.net\/pt\/wp-json\/wp\/v2\/types\/product"}],"replies":[{"embeddable":true,"href":"https:\/\/mincarone.net\/pt\/wp-json\/wp\/v2\/comments?post=11203"}],"wp:featuredmedia":[{"embeddable":true,"href":"https:\/\/mincarone.net\/pt\/wp-json\/wp\/v2\/media\/13870"}],"wp:attachment":[{"href":"https:\/\/mincarone.net\/pt\/wp-json\/wp\/v2\/media?parent=11203"}],"wp:term":[{"taxonomy":"product_brand","embeddable":true,"href":"https:\/\/mincarone.net\/pt\/wp-json\/wp\/v2\/product_brand?post=11203"},{"taxonomy":"product_cat","embeddable":true,"href":"https:\/\/mincarone.net\/pt\/wp-json\/wp\/v2\/product_cat?post=11203"},{"taxonomy":"product_tag","embeddable":true,"href":"https:\/\/mincarone.net\/pt\/wp-json\/wp\/v2\/product_tag?post=11203"}],"curies":[{"name":"wp","href":"https:\/\/api.w.org\/{rel}","templated":true}]}}